{"id":667,"date":"2025-02-14T18:16:18","date_gmt":"2025-02-14T10:16:18","guid":{"rendered":"https:\/\/vapsolovape.com\/?post_type=product&#038;p=667"},"modified":"2025-07-14T18:55:46","modified_gmt":"2025-07-14T10:55:46","slug":"fizzy-pandora-12000-kaufen-12k-vape-una-variedad-de-estilos-disponibles","status":"publish","type":"product","link":"https:\/\/vapsolovape.com\/es\/producto\/fizzy-pandora-12000-kaufen-12k-vape-una-variedad-de-estilos-disponibles\/","title":{"rendered":"Fizzy Pandora 12000 Puffs - 12K Vape con M\u00faltiples Opciones de Estilo"},"content":{"rendered":"<div id=\"tab-description\" class=\"woocommerce-Tabs-panel woocommerce-Tabs-panel--description panel entry-content active\" role=\"tabpanel\" aria-labelledby=\"tab-title-description\">\n<p data-start=\"148\" data-end=\"597\">En <strong data-start=\"152\" data-end=\"197\">Fizzy Pandora 12000 Puffs Vape Desechable<\/strong> est\u00e1 dise\u00f1ado para ofrecer una experiencia de vapeo realmente satisfactoria. Perfecto tanto para los usuarios ocasionales como para los entusiastas del vapeo, este innovador dispositivo ofrece una impresionante... <strong data-start=\"367\" data-end=\"383\">12.000 bocanadas<\/strong>El dise\u00f1o elegante y estilizado de la pantalla garantiza un disfrute duradero sin la molestia de tener que sustituirla a menudo. Con su dise\u00f1o elegante y estilizado, el <strong data-start=\"501\" data-end=\"518\">Pandora efervescente<\/strong> destaca entre la multitud, combinando rendimiento con una est\u00e9tica llamativa.<\/p>\n<\/div>\n<figure class=\"wp-caption aligncenter\" style=\"width: 1120px;\" aria-describedby=\"caption-attachment-6142\"><\/figure>\n<p><img loading=\"lazy\" decoding=\"async\" class=\"alignnone size-full wp-image-4792\" src=\"https:\/\/dankstarvapes.com\/wp-content\/uploads\/2024\/11\/Fizzy-Pandora-12000-Puffs-1-scaled.webp\" alt=\"Fizzy Pandora 12000 Puffs (1)\" width=\"2560\" height=\"2560\" title=\"\"><\/p>\n<div id=\"tab-description\" class=\"woocommerce-Tabs-panel woocommerce-Tabs-panel--description panel entry-content active\" role=\"tabpanel\" aria-labelledby=\"tab-title-description\">\n<h2>Fizzy Pandora 12000 Puffs Dise\u00f1o \u00fanico que cautiva<\/h2>\n<p>Una de las caracter\u00edsticas m\u00e1s llamativas del <strong>Fizzy Pandora 12000 Puffs<\/strong> es su dise\u00f1o \u00fanico. Este vape est\u00e1 dise\u00f1ado para ser visualmente atractivo y ergon\u00f3micamente amigable, por lo que es f\u00e1cil de sostener y transportar. Su tama\u00f1o compacto te permite llevarlo a cualquier parte, tanto si sales con amigos como si disfrutas de una tranquila velada en casa. El atractivo est\u00e9tico del Fizzy Pandora se combina con su practicidad, lo que lo convierte en la elecci\u00f3n perfecta para los vapeadores que valoran tanto el estilo como la comodidad.<\/p>\n<h2>Experiencia de vapeo suave y sabrosa<\/h2>\n<p>Equipado con una bobina de malla de alto rendimiento, el <strong>Pandora efervescente <\/strong>ofrece una experiencia de vapeo suave y satisfactoria. El meticuloso dise\u00f1o asegura una suave extracci\u00f3n, permiti\u00e9ndole saborear cada nota de sabor sin ninguna aspereza. Tanto si eliges la refrescante sand\u00eda, el suculento mango o la deliciosa granada, el sabor es rico y lleno de matices, proporcionando una experiencia deliciosa en cada calada. Esta atenci\u00f3n al detalle garantiza que sus sesiones de vapeo no s\u00f3lo sean agradables, sino tambi\u00e9n memorables.<\/p>\n<h1>Fizzy Pandora 12000 Puffs C\u00f3modo para un f\u00e1cil control<\/h1>\n<p>Otra caracter\u00edstica destacada del <strong>Fizzy Pandora 12000 Puffs<\/strong> es su pantalla LCD integrada, que a\u00f1ade una capa de comodidad a su experiencia de vapeo. Esta pantalla le permite controlar f\u00e1cilmente la duraci\u00f3n de la bater\u00eda y la capacidad del e-jugo de un vistazo, eliminando eficazmente las conjeturas que a menudo vienen con los vaporizadores desechables. Por otra parte, con esta caracter\u00edstica f\u00e1cil de usar, usted puede mantenerse informado y preparado para su pr\u00f3xima sesi\u00f3n de vapeo, asegurando que nunca se quede sin inesperadamente. Como resultado, puedes disfrutar de una experiencia de vapeo sin interrupciones, haciendo que el <strong>Fizzy 12000 Puffs<\/strong> una elecci\u00f3n ideal tanto para los vapeadores ocasionales como para los dedicados.<\/p>\n<figure id=\"attachment_6143\" class=\"wp-caption aligncenter\" style=\"width: 2560px;\" aria-describedby=\"caption-attachment-6143\"><img loading=\"lazy\" decoding=\"async\" class=\"alignnone size-full wp-image-4791\" src=\"https:\/\/dankstarvapes.com\/wp-content\/uploads\/2024\/11\/Fizzy-Pandora-12000-Puffs-.webp\" alt=\"\" width=\"1120\" height=\"1260\" title=\"\"><\/figure>\n<h2>Variedad de sabores para satisfacer todos los paladares<\/h2>\n<p>En <strong>Pandora efervescente<\/strong>\u00a0ofrece una impresionante selecci\u00f3n de sabores para todos los gustos. Esto es lo que puedes disfrutar:<\/p>\n<ol>\n<li>Sand\u00eda<\/li>\n<li>Mango<\/li>\n<li>Uva<\/li>\n<li>Granada<\/li>\n<li>Melocot\u00f3n<\/li>\n<li>Ar\u00e1ndano Frambuesa<\/li>\n<li>Naranja Mango Sand\u00eda<\/li>\n<li>Menta helada<\/li>\n<li>Fresa Kiwi Granada<\/li>\n<li>Ar\u00e1ndanos<\/li>\n<li>Fresa<\/li>\n<li>Sand\u00eda Ar\u00e1ndano<\/li>\n<\/ol>\n<p>Cada sabor est\u00e1 elaborado por expertos para ofrecer una experiencia de vapeo fresca y deliciosa. Tanto si te apetece algo afrutado como un refrescante sabor a menta, el <strong>Pandora efervescente <\/strong>tiene un sabor a la altura de tus antojos.<\/p>\n<h2>Potencia fiable para un uso prolongado<\/h2>\n<p>Alimentado por una robusta bater\u00eda de 650mAh, el <strong>Pandora efervescente<\/strong>\u00a0le garantiza la energ\u00eda que necesita para largas sesiones de vapeo. Adem\u00e1s, la generosa capacidad de 20 ml de e-l\u00edquido permite menos recargas, proporcion\u00e1ndole m\u00e1s disfrute y permiti\u00e9ndole centrarse en lo que m\u00e1s le gusta: vapear. Adem\u00e1s, con las concentraciones de sales de nicotina disponibles en 2% y 5%, puedes personalizar f\u00e1cilmente tu experiencia para que se adapte perfectamente a tus preferencias. Esta estudiada combinaci\u00f3n de potencia y capacidad hace que el <strong>Pandora efervescente<\/strong> una opci\u00f3n destacada para los vapeadores que buscan comodidad y satisfacci\u00f3n.<\/p>\n<h2>Fizzy Pandora 12000 Puffs Precios competitivos para todos los vaperos<\/h2>\n<p>En <strong>Fizzy Pandora Vape<\/strong> tiene un precio competitivo, por lo que es una opci\u00f3n asequible para cualquiera que quiera mejorar su experiencia de vapeo. Adem\u00e1s, con su excepcional calidad y rendimiento, este dispositivo ofrece un valor fant\u00e1stico para su dinero. Como resultado, usted puede disfrutar de una experiencia superior vaping sin romper el banco, lo que le permite disfrutar de todos los beneficios de este producto notable, mientras se mantiene dentro de su presupuesto.<\/p>\n<h2>\u00danete a la comunidad Fizzy<\/h2>\n<p>\u00bfEst\u00e1 interesado en distribuir el <strong>Fizzy Pandora 12000 Puffs<\/strong>? Le invitamos a unirse a nuestra comunidad de usuarios y socios satisfechos. Al colaborar con nosotros, puede acceder a un mercado floreciente lleno de productos populares que resuenan entre los vapeadores de todo el mundo. Tanto si eres un minorista como un apasionado del vapeo, unirte a nuestra comunidad te abre las puertas a interesantes oportunidades.<\/p>\n<h2>\u00bfPor qu\u00e9 elegir Fizzy Pandora?<\/h2>\n<p>En resumen <strong>Vape desechable efervescente<\/strong> a\u00fana un dise\u00f1o \u00fanico, un vapeo suave y sabroso y unas pr\u00e1cticas funciones para ofrecer una experiencia inigualable. Con su rendimiento fiable, amplia variedad de sabores y pantalla f\u00e1cil de usar, este vape se est\u00e1 convirtiendo r\u00e1pidamente en un favorito entre los vapeadores. No pierda la oportunidad de elevar su viaje de vapeo-agarrar su <strong>Fizzy Pandora 12000 Puffs<\/strong> hoy mismo y descubra la diferencia.<\/p>\n<p>Explore nuestra colecci\u00f3n y descubra por qu\u00e9 el Vape Fizzy Pandora es la elecci\u00f3n ideal para sus necesidades de vapeo. No s\u00f3lo ofrece un sabor de larga duraci\u00f3n, sino que tambi\u00e9n proporciona comodidad sin esfuerzo y un dise\u00f1o elegante que realmente se destaca. Adem\u00e1s, al unirse a la revoluci\u00f3n Fizzy, puede disfrutar de la mejor experiencia de vapeo, asegur\u00e1ndose de que cada calada sea tan satisfactoria como la anterior. Acepte el cambio y eleve su experiencia de vapeo hoy mismo.<\/p>\n<p><strong>\u00bfPor qu\u00e9 elegirnos?<\/strong><\/p>\n<p>Al elegir la tienda oficial de vapes desechables, puede disfrutar de muchos beneficios:<\/p>\n<ul>\n<li><strong>Canal de venta oficial:<\/strong>\u00a0Garantizamos productos aut\u00e9nticos y un servicio de calidad.<\/li>\n<li><strong>Venta al por mayor y al por menor:<\/strong>\u00a0Ofrecemos opciones de compra flexibles para particulares y mayoristas.<\/li>\n<li><strong>Garant\u00eda de calidad:<\/strong>\u00a0Nuestros productos se someten a rigurosas pruebas de calidad para garantizar su satisfacci\u00f3n.<\/li>\n<li><strong>Env\u00edo a todo el mundo:<\/strong>\u00a0Estamos orgullosos de enviar nuestros productos a la mayor parte del mundo, para que pueda disfrutar de ellos est\u00e9 donde est\u00e9.<\/li>\n<li><strong>Experiencia en el sector:<\/strong>\u00a0Con m\u00e1s de 8 a\u00f1os de experiencia en el mercado, nos hemos convertido en una opci\u00f3n de confianza y de primera calidad.<\/li>\n<li><strong>Asociaciones a largo plazo:<\/strong>\u00a0Tambi\u00e9n cooperamos con propietarios de tiendas locales en Europa, lo que nos permite responder r\u00e1pidamente a las necesidades del mercado y mantener la frescura de nuestros productos.<\/li>\n<\/ul>\n<p>Elegir nuestros vaporizadores desechables le permite no s\u00f3lo disfrutar de una gran variedad de sabores, sino tambi\u00e9n experimentar un extraordinario viaje de vapeo. Para m\u00e1s informaci\u00f3n, vis\u00edtenos en <a href=\"http:\/\/dankstarvapes.com\" target=\"_blank\" rel=\"noopener\">dankstarvapes.com<\/a>!<\/p>\n<\/div>","protected":false},"excerpt":{"rendered":"<p>The Fizzy Pandora 12000 Puffs Disposable Vape is designed to deliver a truly satisfying vaping experience. Perfect for both casual users and dedicated vaping enthusiasts, this innovative device offers an impressive 12,000 puffs, ensuring long-lasting enjoyment without the hassle of frequent replacements. With its sleek and stylish design, the Fizzy Pandora stands out from the [&#8230;]","protected":false},"featured_media":696,"comment_status":"open","ping_status":"closed","template":"","meta":[],"product_brand":[],"product_cat":[74,75,77,95,73,78,97,71,79,80,81,82,83,84,85,86,87,88,89,90,91,98,16,92],"product_tag":[],"class_list":{"0":"post-667","1":"product","2":"type-product","3":"status-publish","4":"has-post-thumbnail","6":"product_cat-12000-12k-puff-vape","7":"product_cat-2-nicotine-disposable-vape","8":"product_cat-5-nicotine-disposable-vape","9":"product_cat-advanced-vape","10":"product_cat-big-puff-vapes","11":"product_cat-disposable-vape-near-me","12":"product_cat-disposable-vape-with-screen","13":"product_cat-0-5-nicotine-vapes","14":"product_cat-disposable-vapes-in-austria","15":"product_cat-disposable-vapes-in-belgium","16":"product_cat-disposable-vapes-in-france","17":"product_cat-disposable-vapes-in-germany","18":"product_cat-disposable-vapes-in-ltaly","19":"product_cat-disposable-vapes-in-netherlands","20":"product_cat-disposable-vapes-in-norway","21":"product_cat-disposable-vapes-in-poland","22":"product_cat-disposable-vapes-in-portugal","23":"product_cat-disposable-vapes-in-spain","24":"product_cat-disposable-vapes-in-sweden","25":"product_cat-disposable-vapes-in-switzerland","26":"product_cat-disposable-vapes-in-united-states","27":"product_cat-fizzy-vapes","28":"product_cat-uncategorized","29":"product_cat-vape-brands","31":"first","32":"instock","33":"shipping-taxable","34":"purchasable","35":"product-type-variable","36":"has-default-attributes"},"tiered_pricing_type":"fixed","tiered_pricing_fixed_rules":[],"tiered_pricing_product_settings":{"layout":"default","base_unit_name":{"singular":null,"plural":null},"default_variation":null},"tiered_pricing_minimum_quantity":null,"tiered_pricing_roles_data":[],"tiered_pricing_percentage_rules":[],"tiered_pricing_maximum_quantity":null,"tiered_pricing_quantity_step":null,"_links":{"self":[{"href":"https:\/\/vapsolovape.com\/es\/wp-json\/wp\/v2\/product\/667","targetHints":{"allow":["GET"]}}],"collection":[{"href":"https:\/\/vapsolovape.com\/es\/wp-json\/wp\/v2\/product"}],"about":[{"href":"https:\/\/vapsolovape.com\/es\/wp-json\/wp\/v2\/types\/product"}],"replies":[{"embeddable":true,"href":"https:\/\/vapsolovape.com\/es\/wp-json\/wp\/v2\/comments?post=667"}],"wp:featuredmedia":[{"embeddable":true,"href":"https:\/\/vapsolovape.com\/es\/wp-json\/wp\/v2\/media\/696"}],"wp:attachment":[{"href":"https:\/\/vapsolovape.com\/es\/wp-json\/wp\/v2\/media?parent=667"}],"wp:term":[{"taxonomy":"product_brand","embeddable":true,"href":"https:\/\/vapsolovape.com\/es\/wp-json\/wp\/v2\/product_brand?post=667"},{"taxonomy":"product_cat","embeddable":true,"href":"https:\/\/vapsolovape.com\/es\/wp-json\/wp\/v2\/product_cat?post=667"},{"taxonomy":"product_tag","embeddable":true,"href":"https:\/\/vapsolovape.com\/es\/wp-json\/wp\/v2\/product_tag?post=667"}],"curies":[{"name":"wp","href":"https:\/\/api.w.org\/{rel}","templated":true}]}}