{"id":779,"date":"2025-02-14T18:16:41","date_gmt":"2025-02-14T10:16:41","guid":{"rendered":"https:\/\/vapsolovape.com\/?post_type=product&#038;p=779"},"modified":"2025-02-26T15:48:08","modified_gmt":"2025-02-26T07:48:08","slug":"irex-vape-10000-puffs-vape-desechable-12-sabores","status":"publish","type":"product","link":"https:\/\/vapsolovape.com\/es\/producto\/irex-vape-10000-puffs-vape-desechable-12-sabores\/","title":{"rendered":"IREX Vape 10000 Puffs - 12 opciones de sabor para una experiencia de vapeo duradera"},"content":{"rendered":"<div id=\"tab-description\" class=\"woocommerce-Tabs-panel woocommerce-Tabs-panel--description panel entry-content active\" role=\"tabpanel\" aria-labelledby=\"tab-title-description\">\n<p data-start=\"127\" data-end=\"616\">En <strong data-start=\"131\" data-end=\"167\">IREX Vape 10000 Puffs Desechables<\/strong> ofrece una experiencia de vapeo excepcional con un impresionante <strong data-start=\"227\" data-end=\"243\">10.000 bocanadas<\/strong>. Su dise\u00f1o elegante y port\u00e1til lo convierte en la elecci\u00f3n perfecta para los vapers en movimiento, mientras que el <strong data-start=\"332\" data-end=\"363\">Bater\u00eda recargable de 650 mAh<\/strong> y <strong data-start=\"368\" data-end=\"394\">20 ml de capacidad de e-l\u00edquido<\/strong> garantizan un disfrute duradero. Tanto si eres un principiante como un vapeador experimentado, el <strong data-start=\"481\" data-end=\"494\">IREX Vape<\/strong> establece un nuevo est\u00e1ndar en vapeo desechable para 2024, combinando comodidad, rendimiento y calidad en un dispositivo compacto.<\/p>\n<p data-start=\"48\" data-end=\"125\"><img loading=\"lazy\" decoding=\"async\" class=\"size-full wp-image-4773\" style=\"color: #333333; font-size: 14.4px;\" src=\"https:\/\/dankstarvapes.com\/wp-content\/uploads\/2024\/11\/IREX-Vape-10000-1-scaled.jpg\" alt=\"IREX Vape 10000\" width=\"1810\" height=\"2560\" title=\"\"><\/p>\n<p>IREX Vape 10000<\/p>\n<h2>IREX Vape 10000 PUFFS Incre\u00edble selecci\u00f3n de sabores<\/h2>\n<h3>Explore los sabores \u00fanicos de IREX Vape 10000<\/h3>\n<p>El IREX Vape 10000 PUFFS ofrece una impresionante variedad de 12 sabores, incluyendo el cl\u00e1sico <strong>Menta fresca<\/strong>, refrescante <strong>Sand\u00eda con fresa<\/strong>y tropical <strong>Pi\u00f1a Mango<\/strong>. Cada calada ofrece una experiencia deliciosa, garantizando que cada usuario pueda encontrar su sabor perfecto.<\/p>\n<h2>IREX Vape 10000 Experiencia de vapeo de larga duraci\u00f3n<\/h2>\n<h3>Disfrute de hasta 10000 PUFFS de satisfacci\u00f3n<\/h3>\n<p>Con su excepcional dise\u00f1o, el IREX Vape 10000 PUFFS proporciona hasta 10.000 caladas de placer. Equipado con una bater\u00eda recargable de 650 mAh y una capacidad de 20 ml, los usuarios pueden disfrutar de sesiones de vapeo de larga duraci\u00f3n sin la molestia de reemplazos frecuentes, perfecto para el uso diario.<\/p>\n<h2>IREX Vape 10000 PUFFS Tecnolog\u00eda innovadora y dise\u00f1o inteligente<\/h2>\n<h3>Seguridad y comodidad del nuevo Vape 2024<\/h3>\n<p>El IREX Vape 2024 cuenta con una pantalla inteligente para mostrar la capacidad de energ\u00eda, protecci\u00f3n de tiempo de espera, y una para mayor seguridad. Adem\u00e1s, el modo inteligente de doble cable calefactor permite a los usuarios cambiar entre dos experiencias de inhalaci\u00f3n diferentes. Con el ajuste de flujo de aire inferior, los usuarios pueden personalizar su experiencia vaping para un sabor \u00f3ptimo.<\/p>\n<h2>Embalaje y env\u00edo c\u00f3modos<\/h2>\n<h3>Disfruta de cada calada de IREX Vape con facilidad<\/h3>\n<p>Cada paquete contiene 10 dispositivos IREX 10000 PUFFS, por lo que son f\u00e1ciles de transportar y compartir, perfectos para cualquier ocasi\u00f3n. Con 200 unidades por caja (con un peso de 20 kg), los minoristas pueden gestionar eficazmente el inventario y satisfacer r\u00e1pidamente la demanda del mercado. IREX Vape destaca en la l\u00ednea 2024 como una opci\u00f3n fiable para los entusiastas del vapeo.<\/p>\n<hr \/>\n<p><strong>\u00bfPor qu\u00e9 elegirnos?<\/strong><\/p>\n<p>Al elegir la tienda oficial de vapes desechables, puede disfrutar de muchos beneficios:<\/p>\n<ul>\n<li><strong>Canal de venta oficial:<\/strong>\u00a0Garantizamos productos aut\u00e9nticos y un servicio de calidad.<\/li>\n<li><strong>Venta al por mayor y al por menor:<\/strong>\u00a0Ofrecemos opciones de compra flexibles para particulares y mayoristas.<\/li>\n<li><strong>Garant\u00eda de calidad:<\/strong>\u00a0Nuestros productos se someten a rigurosas pruebas de calidad para garantizar su satisfacci\u00f3n.<\/li>\n<li><strong>Env\u00edo a todo el mundo:<\/strong>\u00a0Estamos orgullosos de enviar nuestros productos a la mayor parte del mundo, para que pueda disfrutar de ellos est\u00e9 donde est\u00e9.<\/li>\n<li><strong>Experiencia en el sector:<\/strong>\u00a0Con m\u00e1s de 8 a\u00f1os de experiencia en el mercado, nos hemos convertido en una opci\u00f3n de confianza y de primera calidad.<\/li>\n<li><strong>Asociaciones a largo plazo:<\/strong>\u00a0Tambi\u00e9n cooperamos con propietarios de tiendas locales en Europa, lo que nos permite responder r\u00e1pidamente a las necesidades del mercado y mantener la frescura de nuestros productos.<\/li>\n<\/ul>\n<p>Elegir nuestros vaporizadores desechables le permite no s\u00f3lo disfrutar de una gran variedad de sabores, sino tambi\u00e9n experimentar un extraordinario viaje de vapeo. Para m\u00e1s informaci\u00f3n, vis\u00edtenos en <a href=\"http:\/\/dankstarvapes.com\" target=\"_blank\" rel=\"noopener\">dankstarvapes.com<\/a>!<\/p>\n<\/div>","protected":false},"excerpt":{"rendered":"<p>The IREX Vape 10000 Puffs Disposable offers an outstanding vaping experience with an impressive 10,000 puffs. Its sleek, portable design makes it the perfect choice for vapers on the go, while the 650mAh rechargeable battery and 20ml e-liquid capacity ensure long-lasting enjoyment. Whether you&#8217;re a beginner or an experienced vaper, the IREX Vape sets a [&#8230;]","protected":false},"featured_media":793,"comment_status":"open","ping_status":"closed","template":"","meta":[],"product_brand":[],"product_cat":[99,75,77,95,73,78,97,71,79,80,81,82,83,84,85,86,87,88,89,90,91,101,16,92],"product_tag":[],"class_list":{"0":"post-779","1":"product","2":"type-product","3":"status-publish","4":"has-post-thumbnail","6":"product_cat-10000-10k-puff-vape","7":"product_cat-2-nicotine-disposable-vape","8":"product_cat-5-nicotine-disposable-vape","9":"product_cat-advanced-vape","10":"product_cat-big-puff-vapes","11":"product_cat-disposable-vape-near-me","12":"product_cat-disposable-vape-with-screen","13":"product_cat-0-5-nicotine-vapes","14":"product_cat-disposable-vapes-in-austria","15":"product_cat-disposable-vapes-in-belgium","16":"product_cat-disposable-vapes-in-france","17":"product_cat-disposable-vapes-in-germany","18":"product_cat-disposable-vapes-in-ltaly","19":"product_cat-disposable-vapes-in-netherlands","20":"product_cat-disposable-vapes-in-norway","21":"product_cat-disposable-vapes-in-poland","22":"product_cat-disposable-vapes-in-portugal","23":"product_cat-disposable-vapes-in-spain","24":"product_cat-disposable-vapes-in-sweden","25":"product_cat-disposable-vapes-in-switzerland","26":"product_cat-disposable-vapes-in-united-states","27":"product_cat-irex-vape","28":"product_cat-uncategorized","29":"product_cat-vape-brands","31":"first","32":"instock","33":"shipping-taxable","34":"purchasable","35":"product-type-variable","36":"has-default-attributes"},"tiered_pricing_type":"fixed","tiered_pricing_fixed_rules":[],"tiered_pricing_product_settings":{"layout":"default","base_unit_name":{"singular":null,"plural":null},"default_variation":null},"tiered_pricing_minimum_quantity":null,"tiered_pricing_roles_data":[],"tiered_pricing_percentage_rules":[],"tiered_pricing_maximum_quantity":null,"tiered_pricing_quantity_step":null,"_links":{"self":[{"href":"https:\/\/vapsolovape.com\/es\/wp-json\/wp\/v2\/product\/779","targetHints":{"allow":["GET"]}}],"collection":[{"href":"https:\/\/vapsolovape.com\/es\/wp-json\/wp\/v2\/product"}],"about":[{"href":"https:\/\/vapsolovape.com\/es\/wp-json\/wp\/v2\/types\/product"}],"replies":[{"embeddable":true,"href":"https:\/\/vapsolovape.com\/es\/wp-json\/wp\/v2\/comments?post=779"}],"wp:featuredmedia":[{"embeddable":true,"href":"https:\/\/vapsolovape.com\/es\/wp-json\/wp\/v2\/media\/793"}],"wp:attachment":[{"href":"https:\/\/vapsolovape.com\/es\/wp-json\/wp\/v2\/media?parent=779"}],"wp:term":[{"taxonomy":"product_brand","embeddable":true,"href":"https:\/\/vapsolovape.com\/es\/wp-json\/wp\/v2\/product_brand?post=779"},{"taxonomy":"product_cat","embeddable":true,"href":"https:\/\/vapsolovape.com\/es\/wp-json\/wp\/v2\/product_cat?post=779"},{"taxonomy":"product_tag","embeddable":true,"href":"https:\/\/vapsolovape.com\/es\/wp-json\/wp\/v2\/product_tag?post=779"}],"curies":[{"name":"wp","href":"https:\/\/api.w.org\/{rel}","templated":true}]}}