{"id":841,"date":"2025-02-14T18:16:58","date_gmt":"2025-02-14T10:16:58","guid":{"rendered":"https:\/\/vapsolovape.com\/?post_type=product&#038;p=841"},"modified":"2025-02-26T15:32:59","modified_gmt":"2025-02-26T07:32:59","slug":"irex-vape-32000-caladas-vape-desechable-super-gran-capacidad","status":"publish","type":"product","link":"https:\/\/vapsolovape.com\/es\/producto\/irex-vape-32000-caladas-vape-desechable-super-gran-capacidad\/","title":{"rendered":"IREX Vape 32000 Puffs - Capacidad m\u00e1xima para un disfrute duradero"},"content":{"rendered":"<div id=\"tab-description\" class=\"woocommerce-Tabs-panel woocommerce-Tabs-panel--description panel entry-content active\" role=\"tabpanel\" aria-labelledby=\"tab-title-description\">\n<p data-start=\"134\" data-end=\"468\">En <strong data-start=\"138\" data-end=\"179\">IREX VAPE 32000 Puffs Vape Desechable<\/strong> es un dispositivo revolucionario dise\u00f1ado para los vapeadores que exigen calidad y comodidad. Con una impresionante <strong data-start=\"286\" data-end=\"301\">32000 bocanadas<\/strong>Adem\u00e1s, cuenta con una de las mayores capacidades del mercado, lo que le permite disfrutar de sus sabores favoritos durante mucho tiempo sin necesidad de sustituirlos con frecuencia.<\/p>\n<p data-start=\"470\" data-end=\"848\">Construido con una potente bater\u00eda y un generoso dep\u00f3sito de e-l\u00edquido, el <strong data-start=\"539\" data-end=\"552\">IREX VAPE<\/strong> garantiza un rendimiento duradero y un suministro de sabor rico y consistente. Su dise\u00f1o elegante y moderno mejora la portabilidad, por lo que es la elecci\u00f3n perfecta para los vapeadores en movimiento. Tanto si prefieres sabores afrutados, mentolados o de tabaco cl\u00e1sico, el <strong data-start=\"793\" data-end=\"806\">IREX VAPE<\/strong> ofrece algo para satisfacer todos los paladares.<\/p>\n<p data-start=\"850\" data-end=\"997\">Experimente el siguiente nivel de vapeo con el <strong data-start=\"895\" data-end=\"936\">IREX VAPE 32000 Puffs Vape Desechable<\/strong> - donde la capacidad excepcional se une a un rendimiento sin precedentes.<\/p>\n<figure id=\"attachment_4764\" aria-describedby=\"caption-attachment-4764\" style=\"width: 1600px\" class=\"wp-caption alignnone\"><img loading=\"lazy\" decoding=\"async\" class=\"wp-image-4764 size-full\" src=\"https:\/\/dankstarvapes.com\/wp-content\/uploads\/2024\/11\/IREX-VAPE-32000-puffs-2.webp\" alt=\"IREX VAPE 32000 caladas\" width=\"1600\" height=\"1200\" title=\"\"><figcaption id=\"caption-attachment-4764\" class=\"wp-caption-text\">IREX VAPE 32000 caladas<\/figcaption><\/figure>\n<h2>IREX VAPE 32000 Puffs te ofrece una experiencia de vapeo inigualable<\/h2>\n<p>El Vape Desechable 32000 Puffs es una adici\u00f3n excepcional a la industria del vapeo, dise\u00f1ado para ofrecer una experiencia de vapeo notable y prolongada. Con una impresionante capacidad de hasta 32.000 caladas, este vape desechable garantiza que los usuarios puedan disfrutar de sesiones prolongadas sin la molestia de tener que sustituirlo con frecuencia.<\/p>\n<p>Este dispositivo se llena con e-l\u00edquido de alta calidad, ofreciendo un vapor suave y sabroso con cada inhalaci\u00f3n. El IREX VAPE 32000 combina un dise\u00f1o elegante y moderno que es a la vez visualmente atractivo y pr\u00e1ctico. Su cuerpo transparente permite a los usuarios controlar f\u00e1cilmente el nivel de e-l\u00edquido, mientras que su forma garantiza un agarre c\u00f3modo.<\/p>\n<h2>Funciones avanzadas para mayor comodidad del usuario<\/h2>\n<p>Equipado con una pantalla digital, el IREX VAPE proporciona informaci\u00f3n en tiempo real sobre el recuento de caladas y la duraci\u00f3n de la bater\u00eda, a\u00f1adiendo una capa extra de comodidad. Su tama\u00f1o compacto hace que sea f\u00e1cil de llevar, cabiendo c\u00f3modamente en bolsillos o bolsas. El exterior elegante y vibrante est\u00e1 dise\u00f1ado para atraer a los entusiastas del vapeo de todos los \u00e1mbitos de la vida.<\/p>\n<p>El IREX VAPE est\u00e1 dise\u00f1ado para ser f\u00e1cil de usar, con un mecanismo de activaci\u00f3n que elimina la necesidad de botones. Esto lo hace perfecto tanto para principiantes como para vapeadores experimentados. El dispositivo es compatible con el vapeo boca a pulm\u00f3n (MTL), proporcionando una calada suave y satisfactoria, gracias a su tecnolog\u00eda de bobina de malla. Su dise\u00f1o ligero mejora la portabilidad, por lo que es ideal para vapear sobre la marcha.<\/p>\n<h2>32000 Puffs Precios asequibles con ahorros por volumen<\/h2>\n<p>El IREX VAPE 32000 ofrece un precio asequible, por lo que es una opci\u00f3n econ\u00f3mica para los vapers. Cuanto m\u00e1s compre, m\u00e1s ahorrar\u00e1. Con las atractivas opciones de compra al por mayor disponibles, puede abastecerse de su dispositivo favorito mientras disfruta de importantes ahorros.<\/p>\n<h2>IREX VAPE 32000 Sabores<\/h2>\n<p>El IREX VAPE 32000 viene en una variada selecci\u00f3n de diez deliciosos sabores para satisfacer las diferentes preferencias. Cada sabor est\u00e1 dise\u00f1ado para ofrecer una experiencia de vapeo rica y satisfactoria, asegurando que hay algo para todos. Tanto si te gustan los sabores afrutados, refrescantes o cl\u00e1sicos, este vape te tiene cubierto.<\/p>\n<h2>Acerca de IREX VAPE 32000 Puffs<\/h2>\n<p>En resumen, el Vape Desechable 32000 Puffs destaca por su impresionante capacidad, sus funciones f\u00e1ciles de usar y su amplia gama de sabores. Este dispositivo combina a la perfecci\u00f3n la comodidad y el rendimiento, por lo que es la elecci\u00f3n perfecta para cualquier ocasi\u00f3n vaping. Tanto si es un principiante como un vapeador experimentado, el IREX VAPE 32000 le ofrece una experiencia de vapeo agradable y fiable que no querr\u00e1 perderse.<\/p>\n<hr \/>\n<p><strong>\u00bfPor qu\u00e9 elegirnos?<\/strong><\/p>\n<p>Al elegir la tienda oficial de vapes desechables, puede disfrutar de muchos beneficios:<\/p>\n<ul>\n<li><strong>Canal de venta oficial:<\/strong>\u00a0Garantizamos productos aut\u00e9nticos y un servicio de calidad.<\/li>\n<li><strong>Venta al por mayor y al por menor:<\/strong>\u00a0Ofrecemos opciones de compra flexibles para particulares y mayoristas.<\/li>\n<li><strong>Garant\u00eda de calidad:<\/strong>\u00a0Nuestros productos se someten a rigurosas pruebas de calidad para garantizar su satisfacci\u00f3n.<\/li>\n<li><strong>Env\u00edo a todo el mundo:<\/strong>\u00a0Estamos orgullosos de enviar nuestros productos a la mayor parte del mundo, para que pueda disfrutar de ellos est\u00e9 donde est\u00e9.<\/li>\n<li><strong>Experiencia en el sector:<\/strong>\u00a0Con m\u00e1s de 8 a\u00f1os de experiencia en el mercado, nos hemos convertido en una opci\u00f3n de confianza y de primera calidad.<\/li>\n<li><strong>Asociaciones a largo plazo:<\/strong>\u00a0Tambi\u00e9n cooperamos con propietarios de tiendas locales en Europa, lo que nos permite responder r\u00e1pidamente a las necesidades del mercado y mantener la frescura de nuestros productos.<\/li>\n<\/ul>\n<p>Elegir nuestros vaporizadores desechables le permite no s\u00f3lo disfrutar de una gran variedad de sabores, sino tambi\u00e9n experimentar un extraordinario viaje de vapeo. Para m\u00e1s informaci\u00f3n, vis\u00edtenos en <a href=\"http:\/\/dankstarvapes.com\" target=\"_blank\" rel=\"noopener\">dankstarvapes.com<\/a>!<\/p>\n<\/div>","protected":false},"excerpt":{"rendered":"<p>The IREX VAPE 32000 Puffs Disposable Vape is a revolutionary device designed for vapers who demand both quality and convenience. With an impressive 32000 puffs, it boasts one of the largest capacities on the market, allowing you to enjoy your favorite flavors for an extended period without the need for frequent replacements. Built with a [&#8230;]","protected":false},"featured_media":857,"comment_status":"open","ping_status":"closed","template":"","meta":[],"product_brand":[],"product_cat":[75,77,73,100,78,97,71,79,80,81,82,83,84,85,86,87,88,89,90,91,101,16,92],"product_tag":[],"class_list":{"0":"post-841","1":"product","2":"type-product","3":"status-publish","4":"has-post-thumbnail","6":"product_cat-2-nicotine-disposable-vape","7":"product_cat-5-nicotine-disposable-vape","8":"product_cat-big-puff-vapes","9":"product_cat-big-puff-vapes-30000","10":"product_cat-disposable-vape-near-me","11":"product_cat-disposable-vape-with-screen","12":"product_cat-0-5-nicotine-vapes","13":"product_cat-disposable-vapes-in-austria","14":"product_cat-disposable-vapes-in-belgium","15":"product_cat-disposable-vapes-in-france","16":"product_cat-disposable-vapes-in-germany","17":"product_cat-disposable-vapes-in-ltaly","18":"product_cat-disposable-vapes-in-netherlands","19":"product_cat-disposable-vapes-in-norway","20":"product_cat-disposable-vapes-in-poland","21":"product_cat-disposable-vapes-in-portugal","22":"product_cat-disposable-vapes-in-spain","23":"product_cat-disposable-vapes-in-sweden","24":"product_cat-disposable-vapes-in-switzerland","25":"product_cat-disposable-vapes-in-united-states","26":"product_cat-irex-vape","27":"product_cat-uncategorized","28":"product_cat-vape-brands","30":"first","31":"instock","32":"shipping-taxable","33":"purchasable","34":"product-type-variable","35":"has-default-attributes"},"tiered_pricing_type":"fixed","tiered_pricing_fixed_rules":[],"tiered_pricing_product_settings":{"layout":"default","base_unit_name":{"singular":null,"plural":null},"default_variation":null},"tiered_pricing_minimum_quantity":null,"tiered_pricing_roles_data":[],"tiered_pricing_percentage_rules":[],"tiered_pricing_maximum_quantity":null,"tiered_pricing_quantity_step":null,"_links":{"self":[{"href":"https:\/\/vapsolovape.com\/es\/wp-json\/wp\/v2\/product\/841","targetHints":{"allow":["GET"]}}],"collection":[{"href":"https:\/\/vapsolovape.com\/es\/wp-json\/wp\/v2\/product"}],"about":[{"href":"https:\/\/vapsolovape.com\/es\/wp-json\/wp\/v2\/types\/product"}],"replies":[{"embeddable":true,"href":"https:\/\/vapsolovape.com\/es\/wp-json\/wp\/v2\/comments?post=841"}],"wp:featuredmedia":[{"embeddable":true,"href":"https:\/\/vapsolovape.com\/es\/wp-json\/wp\/v2\/media\/857"}],"wp:attachment":[{"href":"https:\/\/vapsolovape.com\/es\/wp-json\/wp\/v2\/media?parent=841"}],"wp:term":[{"taxonomy":"product_brand","embeddable":true,"href":"https:\/\/vapsolovape.com\/es\/wp-json\/wp\/v2\/product_brand?post=841"},{"taxonomy":"product_cat","embeddable":true,"href":"https:\/\/vapsolovape.com\/es\/wp-json\/wp\/v2\/product_cat?post=841"},{"taxonomy":"product_tag","embeddable":true,"href":"https:\/\/vapsolovape.com\/es\/wp-json\/wp\/v2\/product_tag?post=841"}],"curies":[{"name":"wp","href":"https:\/\/api.w.org\/{rel}","templated":true}]}}