{"id":901,"date":"2025-02-14T18:17:14","date_gmt":"2025-02-14T10:17:14","guid":{"rendered":"https:\/\/vapsolovape.com\/?post_type=product&#038;p=901"},"modified":"2025-07-18T19:12:21","modified_gmt":"2025-07-18T11:12:21","slug":"randm-tornado-7000-puffs-50-sabores-vape-desechable","status":"publish","type":"product","link":"https:\/\/vapsolovape.com\/es\/producto\/randm-tornado-7000-puffs-50-sabores-vape-desechable\/","title":{"rendered":"RandM Tornado 7000 Puffs - 50+ Sabores, El Vape Desechable Definitivo"},"content":{"rendered":"<div id=\"tab-description\" class=\"woocommerce-Tabs-panel woocommerce-Tabs-panel--description panel entry-content active\" role=\"tabpanel\" aria-labelledby=\"tab-title-description\">\n<p data-start=\"52\" data-end=\"437\">En <strong data-start=\"56\" data-end=\"84\">RandM Tornado 7000 Puffs<\/strong> ofrece a los usuarios un gran volumen de humo y una experiencia de vapeo excepcional. Un producto de la renombrada <strong data-start=\"182\" data-end=\"197\">Marca RandM<\/strong>Conocido por su alta calidad y excelente rendimiento, este vaporizador desechable es perfecto tanto para principiantes como para vapeadores experimentados. Su dise\u00f1o compacto hace que sea port\u00e1til y f\u00e1cil de llevar, para que pueda disfrutar de su experiencia vaping en cualquier momento y en cualquier lugar.<\/p>\n<p data-start=\"439\" data-end=\"730\">Con tecnolog\u00eda avanzada y una variada gama de sabores, el <strong data-start=\"500\" data-end=\"528\">RandM Tornado 7000 Puffs<\/strong> satisface todos los gustos, garantizando que haya algo para todos. Tanto si buscas una nueva experiencia de vapeo como una soluci\u00f3n c\u00f3moda para llevar, el <strong data-start=\"682\" data-end=\"710\">RandM Tornado 7000 Puffs<\/strong> es una opci\u00f3n ideal.<\/p>\n<figure id=\"attachment_4755\" aria-describedby=\"caption-attachment-4755\" style=\"width: 800px\" class=\"wp-caption alignnone\"><img loading=\"lazy\" decoding=\"async\" class=\"size-full wp-image-4755\" src=\"https:\/\/dankstarvapes.com\/wp-content\/uploads\/2024\/11\/RandM-Tornado-7000-Puffs-1.webp\" alt=\"RandM Tornado 7000 Puffs\" width=\"800\" height=\"800\" title=\"\"><figcaption id=\"caption-attachment-4755\" class=\"wp-caption-text\">RandM Tornado 7000 Puffs<\/figcaption><\/figure>\n<h2>---------------------------------------------------------<br \/>\nRandM Tornado 7000 Caracter\u00edsticas y especificaciones del<\/h2>\n<p>En <strong>RandM Tornado 7000<\/strong> destaca por sus impresionantes especificaciones y su facilidad de uso. Su potente bater\u00eda de 850 mAh garantiza un uso duradero, lo que permite largas sesiones de vapeo sin necesidad de recargas frecuentes, ideal tanto para usuarios ocasionales como habituales.<\/p>\n<p>Adem\u00e1s de su bater\u00eda duradera, el <strong>RandM Tornado 7000<\/strong> incorpora un puerto de carga Type-C. Esta moderna soluci\u00f3n de carga permite recargas r\u00e1pidas, reduciendo significativamente el tiempo de inactividad entre sesiones de vapeo. La comodidad de la conexi\u00f3n Type-C no se puede subestimar, ya que proporciona a los usuarios una forma sencilla y eficiente de cargar su dispositivo, garantizando que puedan mantener sus h\u00e1bitos de vapeo sin interrupciones. Esta combinaci\u00f3n de duraci\u00f3n de la bater\u00eda y velocidad de carga mejora la experiencia general del usuario.<\/p>\n<h2>RandM Tornado 7000 Puffs Vape Desechable Variedad de sabores y opciones de fuerza disponibles<\/h2>\n<p>En <strong>RandM Tornado 7000 Puffs<\/strong> Disposable Vape destaca en el competitivo mercado, principalmente por su impresionante gama de sabores. Con m\u00e1s de 50 opciones \u00fanicas disponibles, este dispositivo asegura que cada usuario encuentre un sabor que coincida con sus preferencias. Para aquellos que disfrutan de lo familiar, el RandM Tornado ofrece sin problemas opciones cl\u00e1sicas como el tabaco y mentol refrescante. Mientras tanto, para aquellos que buscan una experiencia m\u00e1s aventurera, el dispositivo ofrece una emocionante variedad de mezclas de frutas ex\u00f3ticas y , por lo que es perfecto para los vapers deseosos de explorar nuevos y \u00fanicos perfiles de sabor.<\/p>\n<p>Un aspecto notable de la oferta de sabores de Tornado es la calidad y autenticidad de cada opci\u00f3n. Cada calada proporciona una experiencia rica y satisfactoria, con sabores que ofrecen una representaci\u00f3n fiel a la realidad. Tanto si los usuarios prefieren sabores tradicionales como complejas mezclas de frutas, RandM elabora cuidadosamente cada opci\u00f3n para aumentar el placer.<\/p>\n<p>En <strong>Tornado RandM<\/strong> satisface las diferentes preferencias de los usuarios con sus opciones de potencia 2% y 5%. La potencia 2% es ideal para los nuevos usuarios que pasan de los cigarrillos tradicionales, mientras que la 5% proporciona una experiencia m\u00e1s intensa a los vapeadores experimentados. Esta flexibilidad hace del RandM Tornado una opci\u00f3n vers\u00e1til para una amplia gama de usuarios.<\/p>\n<p><strong>Vea m\u00e1s de nuestra serie RandM Tornado:<\/strong><\/p>\n<p class=\"product-title product_title entry-title\">RandM Tornado 7000<\/p>\n<p class=\"product-title product_title entry-title\">RandM Tornado 9000<\/p>\n<p class=\"product-title product_title entry-title\">RandM Tornado 12000<\/p>\n<p class=\"product-title product_title entry-title\">RandM Tornado 15000<\/p>\n<p class=\"product-title product_title entry-title\">RandM Tornado 20000<\/p>\n<p class=\"product-title product_title entry-title\">RandM Tornado 25000<\/p>\n<p class=\"product-title product_title entry-title\">RandM Tornado 30000<\/p>\n<hr \/>\n<p><strong>\u00bfPor qu\u00e9 elegirnos?<\/strong><\/p>\n<p>Al elegir la tienda oficial de vapes desechables, puede disfrutar de muchos beneficios:<\/p>\n<ul>\n<li><strong>Canal de venta oficial:<\/strong>\u00a0Garantizamos productos aut\u00e9nticos y un servicio de calidad.<\/li>\n<li><strong>Venta al por mayor y al por menor:<\/strong>\u00a0Ofrecemos opciones de compra flexibles para particulares y mayoristas.<\/li>\n<li><strong>Garant\u00eda de calidad:<\/strong>\u00a0Nuestros productos se someten a rigurosas pruebas de calidad para garantizar su satisfacci\u00f3n.<\/li>\n<li><strong>Env\u00edo a todo el mundo:<\/strong>\u00a0Estamos orgullosos de enviar nuestros productos a la mayor parte del mundo, para que pueda disfrutar de ellos est\u00e9 donde est\u00e9.<\/li>\n<li><strong>Experiencia en el sector:<\/strong>\u00a0Con m\u00e1s de 8 a\u00f1os de experiencia en el mercado, nos hemos convertido en una opci\u00f3n de confianza y de primera calidad.<\/li>\n<li><strong>Asociaciones a largo plazo:<\/strong>\u00a0Tambi\u00e9n cooperamos con propietarios de tiendas locales en Europa, lo que nos permite responder r\u00e1pidamente a las necesidades del mercado y mantener la frescura de nuestros productos.<\/li>\n<\/ul>\n<p>Elegir nuestros vaporizadores desechables le permite no s\u00f3lo disfrutar de una gran variedad de sabores, sino tambi\u00e9n experimentar un extraordinario viaje de vapeo. Para m\u00e1s informaci\u00f3n, vis\u00edtenos en <a href=\"http:\/\/dankstarvapes.com\" target=\"_blank\" rel=\"noopener\">dankstarvapes.com<\/a>!<\/p>\n<\/div>","protected":false},"excerpt":{"rendered":"<p>The RandM Tornado 7000 Puffs offers users a rich smoke volume and an exceptional vaping experience. A product of the renowned RandM brand, known for its high quality and excellent performance, this disposable vape is perfect for both novice and seasoned vapers. Its compact design makes it portable and easy to carry, so you can [&#8230;]","protected":false},"featured_media":925,"comment_status":"open","ping_status":"closed","template":"","meta":[],"product_brand":[],"product_cat":[75,77,103,73,78,71,79,80,81,82,83,84,85,86,87,88,89,90,91,105,104,134,16,92],"product_tag":[],"class_list":{"0":"post-901","1":"product","2":"type-product","3":"status-publish","4":"has-post-thumbnail","6":"product_cat-2-nicotine-disposable-vape","7":"product_cat-5-nicotine-disposable-vape","8":"product_cat-7000-puff-vape","9":"product_cat-big-puff-vapes","10":"product_cat-disposable-vape-near-me","11":"product_cat-0-5-nicotine-vapes","12":"product_cat-disposable-vapes-in-austria","13":"product_cat-disposable-vapes-in-belgium","14":"product_cat-disposable-vapes-in-france","15":"product_cat-disposable-vapes-in-germany","16":"product_cat-disposable-vapes-in-ltaly","17":"product_cat-disposable-vapes-in-netherlands","18":"product_cat-disposable-vapes-in-norway","19":"product_cat-disposable-vapes-in-poland","20":"product_cat-disposable-vapes-in-portugal","21":"product_cat-disposable-vapes-in-spain","22":"product_cat-disposable-vapes-in-sweden","23":"product_cat-disposable-vapes-in-switzerland","24":"product_cat-disposable-vapes-in-united-states","25":"product_cat-randm-tornado-7000","26":"product_cat-randm-tornado-vape","27":"product_cat-tornado-vape","28":"product_cat-uncategorized","29":"product_cat-vape-brands","31":"first","32":"instock","33":"sale","34":"shipping-taxable","35":"purchasable","36":"product-type-variable","37":"has-default-attributes"},"tiered_pricing_type":"fixed","tiered_pricing_fixed_rules":[],"tiered_pricing_product_settings":{"layout":"default","base_unit_name":{"singular":null,"plural":null},"default_variation":null},"tiered_pricing_minimum_quantity":null,"tiered_pricing_roles_data":[],"tiered_pricing_percentage_rules":[],"tiered_pricing_maximum_quantity":null,"tiered_pricing_quantity_step":null,"_links":{"self":[{"href":"https:\/\/vapsolovape.com\/es\/wp-json\/wp\/v2\/product\/901","targetHints":{"allow":["GET"]}}],"collection":[{"href":"https:\/\/vapsolovape.com\/es\/wp-json\/wp\/v2\/product"}],"about":[{"href":"https:\/\/vapsolovape.com\/es\/wp-json\/wp\/v2\/types\/product"}],"replies":[{"embeddable":true,"href":"https:\/\/vapsolovape.com\/es\/wp-json\/wp\/v2\/comments?post=901"}],"wp:featuredmedia":[{"embeddable":true,"href":"https:\/\/vapsolovape.com\/es\/wp-json\/wp\/v2\/media\/925"}],"wp:attachment":[{"href":"https:\/\/vapsolovape.com\/es\/wp-json\/wp\/v2\/media?parent=901"}],"wp:term":[{"taxonomy":"product_brand","embeddable":true,"href":"https:\/\/vapsolovape.com\/es\/wp-json\/wp\/v2\/product_brand?post=901"},{"taxonomy":"product_cat","embeddable":true,"href":"https:\/\/vapsolovape.com\/es\/wp-json\/wp\/v2\/product_cat?post=901"},{"taxonomy":"product_tag","embeddable":true,"href":"https:\/\/vapsolovape.com\/es\/wp-json\/wp\/v2\/product_tag?post=901"}],"curies":[{"name":"wp","href":"https:\/\/api.w.org\/{rel}","templated":true}]}}