{"id":13,"date":"2025-02-14T15:56:36","date_gmt":"2025-02-14T07:56:36","guid":{"rendered":"https:\/\/vapsolovape.com\/cart\/"},"modified":"2025-03-01T20:27:27","modified_gmt":"2025-03-01T12:27:27","slug":"chariot","status":"publish","type":"page","link":"https:\/\/vapsolovape.com\/fr\/chariot\/","title":{"rendered":"Cart"},"content":{"rendered":"<div data-block-name=\"woocommerce\/cart\" class=\"wp-block-woocommerce-cart alignwide is-loading\">\n<div data-block-name=\"woocommerce\/filled-cart-block\" class=\"wp-block-woocommerce-filled-cart-block\">\n<div data-block-name=\"woocommerce\/cart-items-block\" class=\"wp-block-woocommerce-cart-items-block\">\n<div data-block-name=\"woocommerce\/cart-line-items-block\" class=\"wp-block-woocommerce-cart-line-items-block\"><\/div>\n\n\n\n<div data-block-name=\"woocommerce\/cart-cross-sells-block\" class=\"wp-block-woocommerce-cart-cross-sells-block\">\n<h2 class=\"wp-block-heading has-large-font-size\">Vous pourriez \u00eatre int\u00e9ress\u00e9 par...<\/h2>\n\n\n\n<div data-block-name=\"woocommerce\/cart-cross-sells-products-block\" class=\"wp-block-woocommerce-cart-cross-sells-products-block\"><\/div>\n<\/div>\n<\/div>\n\n\n\n<div data-block-name=\"woocommerce\/cart-totals-block\" class=\"wp-block-woocommerce-cart-totals-block\">\n<div data-block-name=\"woocommerce\/cart-order-summary-block\" class=\"wp-block-woocommerce-cart-order-summary-block\">\n<div data-block-name=\"woocommerce\/cart-order-summary-heading-block\" class=\"wp-block-woocommerce-cart-order-summary-heading-block\"><\/div><div data-block-name=\"woocommerce\/cart-order-summary-coupon-form-block\" class=\"wp-block-woocommerce-cart-order-summary-coupon-form-block\"><\/div><div data-block-name=\"woocommerce\/cart-order-summary-totals-block\" class=\"wp-block-woocommerce-cart-order-summary-totals-block\">\n<div data-block-name=\"woocommerce\/cart-order-summary-subtotal-block\" class=\"wp-block-woocommerce-cart-order-summary-subtotal-block\"><\/div>\n<div data-block-name=\"woocommerce\/cart-order-summary-discount-block\" class=\"wp-block-woocommerce-cart-order-summary-discount-block\"><\/div>\n<div data-block-name=\"woocommerce\/cart-order-summary-fee-block\" class=\"wp-block-woocommerce-cart-order-summary-fee-block\"><\/div>\n<div data-block-name=\"woocommerce\/cart-order-summary-shipping-block\" class=\"wp-block-woocommerce-cart-order-summary-shipping-block\"><\/div>\n<div data-block-name=\"woocommerce\/cart-order-summary-taxes-block\" class=\"wp-block-woocommerce-cart-order-summary-taxes-block\"><\/div><\/div>\n<\/div>\n\n\n\n<div data-block-name=\"woocommerce\/cart-express-payment-block\" class=\"wp-block-woocommerce-cart-express-payment-block\"><\/div>\n\n\n\n<div data-block-name=\"woocommerce\/proceed-to-checkout-block\" class=\"wp-block-woocommerce-proceed-to-checkout-block\"><\/div>\n\n\n\n<div data-block-name=\"woocommerce\/cart-accepted-payment-methods-block\" class=\"wp-block-woocommerce-cart-accepted-payment-methods-block\"><\/div>\n<\/div>\n<\/div>\n\n\n\n<div data-block-name=\"woocommerce\/empty-cart-block\" class=\"wp-block-woocommerce-empty-cart-block\">\n<h2 class=\"wp-block-heading has-text-align-center with-empty-cart-icon wc-block-cart__empty-cart__title\">Votre panier est actuellement vide !<\/h2>\n\n\n\n<hr class=\"wp-block-separator has-alpha-channel-opacity is-style-dots\"\/>\n\n\n\n<h2 class=\"wp-block-heading has-text-align-center\">Nouveau en magasin<\/h2>\n\n\n<div data-block-name=\"woocommerce\/product-new\" data-columns=\"4\" data-rows=\"1\" class=\"wc-block-grid wp-block-product-new wp-block-woocommerce-product-new wc-block-product-new has-4-columns\"><ul class=\"wc-block-grid__products\"><li class=\"wc-block-grid__product\">\n\t\t\t\t<a href=\"https:\/\/vapsolovape.com\/fr\/produit\/randm-uwin-tornado-music-35000-puffsbottom-button\/\" class=\"wc-block-grid__product-link\">\n\t\t\t\t\t<div class=\"wc-block-grid__product-onsale\">\n\t\t\t<span aria-hidden=\"true\" data-no-translation=\"\" data-trp-gettext=\"\">Promo<\/span>\n\t\t\t<span class=\"screen-reader-text\" data-no-translation=\"\" data-trp-gettext=\"\">Produit en promotion<\/span>\n\t\t<\/div>\n\t\t\t\t\t<div class=\"wc-block-grid__product-image\"><img loading=\"lazy\" decoding=\"async\" width=\"510\" height=\"510\" src=\"https:\/\/vapsolovape.com\/wp-content\/uploads\/2025\/07\/E58D95E59BBEE6B5B7E68AA5-510x510.jpg\" class=\"attachment-woocommerce_thumbnail size-woocommerce_thumbnail\" alt=\"RandM UWIN Tornado Music 35000 Puffs(Bottom button)\" srcset=\"https:\/\/vapsolovape.com\/wp-content\/uploads\/2025\/07\/E58D95E59BBEE6B5B7E68AA5-510x510.jpg 510w, https:\/\/vapsolovape.com\/wp-content\/uploads\/2025\/07\/E58D95E59BBEE6B5B7E68AA5-400x400.jpg 400w, https:\/\/vapsolovape.com\/wp-content\/uploads\/2025\/07\/E58D95E59BBEE6B5B7E68AA5-800x800.jpg 800w, https:\/\/vapsolovape.com\/wp-content\/uploads\/2025\/07\/E58D95E59BBEE6B5B7E68AA5-280x280.jpg 280w, https:\/\/vapsolovape.com\/wp-content\/uploads\/2025\/07\/E58D95E59BBEE6B5B7E68AA5-768x768.jpg 768w, https:\/\/vapsolovape.com\/wp-content\/uploads\/2025\/07\/E58D95E59BBEE6B5B7E68AA5-12x12.jpg 12w, https:\/\/vapsolovape.com\/wp-content\/uploads\/2025\/07\/E58D95E59BBEE6B5B7E68AA5-60x60.jpg 60w, https:\/\/vapsolovape.com\/wp-content\/uploads\/2025\/07\/E58D95E59BBEE6B5B7E68AA5-100x100.jpg 100w, https:\/\/vapsolovape.com\/wp-content\/uploads\/2025\/07\/E58D95E59BBEE6B5B7E68AA5.jpg 1000w\" sizes=\"auto, (max-width: 510px) 100vw, 510px\" title=\"\"><\/div>\n\t\t\t\t\t<div class=\"wc-block-grid__product-title\">RandM UWIN Tornado Music 35000 Puffs(Bottom button)<\/div>\n\t\t\t\t<\/a>\n\t\t\t\t<div class=\"wc-block-grid__product-price price\">\t\t<span class=\"tiered-pricing-dynamic-price-wrapper tiered-pricing-dynamic-price-wrapper--variable\" data-display-context=\"shop-loop\" data-price-type=\"dynamic\" data-product-id=\"5435\" data-parent-id=\"5435\">\n\t\t\t<del aria-hidden=\"true\"><span class=\"woocommerce-Price-amount amount\">18,98&nbsp;<span class=\"woocommerce-Price-currencySymbol\">\u20ac<\/span><\/span><\/del> <span class=\"screen-reader-text\" data-no-translation=\"\" data-trp-gettext=\"\">Le prix initial \u00e9tait\u00a0: 18,98&nbsp;&euro;.<\/span><ins aria-hidden=\"true\"><span class=\"woocommerce-Price-amount amount\">12,98&nbsp;<span class=\"woocommerce-Price-currencySymbol\">\u20ac<\/span><\/span><\/ins><span class=\"screen-reader-text\" data-no-translation=\"\" data-trp-gettext=\"\">Le prix actuel est\u00a0: 12,98&nbsp;&euro;.<\/span><\/span><\/div>\n\t\t\t\t\n\t\t\t\t<div class=\"wp-block-button wc-block-grid__product-add-to-cart\"><a href=\"https:\/\/vapsolovape.com\/fr\/produit\/randm-uwin-tornado-music-35000-puffsbottom-button\/\" aria-label=\"S\u00e9lectionner les options pour \u201cRandM UWIN Tornado Music 35000 Puffs(Bottom button)\u201d\" data-quantity=\"1\" data-product_id=\"5435\" data-product_sku=\"randm-uwin-tornado-music-35k-puffs-268787641\" data-price=\"1050\" rel=\"nofollow\" class=\"wp-block-button__link  add_to_cart_button\" data-no-translation=\"\" data-trp-gettext=\"\" data-no-translation-aria-label=\"\">Choix des options<\/a><\/div>\n\t\t\t<\/li><li class=\"wc-block-grid__product\">\n\t\t\t\t<a href=\"https:\/\/vapsolovape.com\/fr\/produit\/uwin-crystal-10000-puffs30-flavours\/\" class=\"wc-block-grid__product-link\">\n\t\t\t\t\t<div class=\"wc-block-grid__product-onsale\">\n\t\t\t<span aria-hidden=\"true\" data-no-translation=\"\" data-trp-gettext=\"\">Promo<\/span>\n\t\t\t<span class=\"screen-reader-text\" data-no-translation=\"\" data-trp-gettext=\"\">Produit en promotion<\/span>\n\t\t<\/div>\n\t\t\t\t\t<div class=\"wc-block-grid__product-image\"><img loading=\"lazy\" decoding=\"async\" width=\"510\" height=\"510\" src=\"https:\/\/vapsolovape.com\/wp-content\/uploads\/2025\/07\/AA-1-510x510.jpg\" class=\"attachment-woocommerce_thumbnail size-woocommerce_thumbnail\" alt=\"Uwin Crystal 10000 Puffs(30 flavours)\" srcset=\"https:\/\/vapsolovape.com\/wp-content\/uploads\/2025\/07\/AA-1-510x510.jpg 510w, https:\/\/vapsolovape.com\/wp-content\/uploads\/2025\/07\/AA-1-400x400.jpg 400w, https:\/\/vapsolovape.com\/wp-content\/uploads\/2025\/07\/AA-1-800x800.jpg 800w, https:\/\/vapsolovape.com\/wp-content\/uploads\/2025\/07\/AA-1-280x280.jpg 280w, https:\/\/vapsolovape.com\/wp-content\/uploads\/2025\/07\/AA-1-768x768.jpg 768w, https:\/\/vapsolovape.com\/wp-content\/uploads\/2025\/07\/AA-1-12x12.jpg 12w, https:\/\/vapsolovape.com\/wp-content\/uploads\/2025\/07\/AA-1-60x60.jpg 60w, https:\/\/vapsolovape.com\/wp-content\/uploads\/2025\/07\/AA-1-100x100.jpg 100w, https:\/\/vapsolovape.com\/wp-content\/uploads\/2025\/07\/AA-1.jpg 1200w\" sizes=\"auto, (max-width: 510px) 100vw, 510px\" title=\"\"><\/div>\n\t\t\t\t\t<div class=\"wc-block-grid__product-title\">Uwin Crystal 10000 Puffs(30 flavours)<\/div>\n\t\t\t\t<\/a>\n\t\t\t\t<div class=\"wc-block-grid__product-price price\">\t\t<span class=\"tiered-pricing-dynamic-price-wrapper tiered-pricing-dynamic-price-wrapper--variable\" data-display-context=\"shop-loop\" data-price-type=\"dynamic\" data-product-id=\"5357\" data-parent-id=\"5357\">\n\t\t\t<del aria-hidden=\"true\"><span class=\"woocommerce-Price-amount amount\">16,21&nbsp;<span class=\"woocommerce-Price-currencySymbol\">\u20ac<\/span><\/span><\/del> <span class=\"screen-reader-text\" data-no-translation=\"\" data-trp-gettext=\"\">Le prix initial \u00e9tait\u00a0: 16,21&nbsp;&euro;.<\/span><ins aria-hidden=\"true\"><span class=\"woocommerce-Price-amount amount\">9,88&nbsp;<span class=\"woocommerce-Price-currencySymbol\">\u20ac<\/span><\/span><\/ins><span class=\"screen-reader-text\" data-no-translation=\"\" data-trp-gettext=\"\">Le prix actuel est\u00a0: 9,88&nbsp;&euro;.<\/span><\/span><\/div>\n\t\t\t\t\n\t\t\t\t<div class=\"wp-block-button wc-block-grid__product-add-to-cart\"><a href=\"https:\/\/vapsolovape.com\/fr\/produit\/uwin-crystal-10000-puffs30-flavours\/\" aria-label=\"S\u00e9lectionner les options pour \u201cUwin Crystal 10000 Puffs(30 flavours)\u201d\" data-quantity=\"1\" data-product_id=\"5357\" data-product_sku=\"uwin-crystal-10000-puffs-268787587\" data-price=\"9.88\" rel=\"nofollow\" class=\"wp-block-button__link  add_to_cart_button\" data-no-translation=\"\" data-trp-gettext=\"\" data-no-translation-aria-label=\"\">Choix des options<\/a><\/div>\n\t\t\t<\/li><li class=\"wc-block-grid__product\">\n\t\t\t\t<a href=\"https:\/\/vapsolovape.com\/fr\/produit\/uwin-shisha-crystal-20000-puffs12-flavours\/\" class=\"wc-block-grid__product-link\">\n\t\t\t\t\t<div class=\"wc-block-grid__product-onsale\">\n\t\t\t<span aria-hidden=\"true\" data-no-translation=\"\" data-trp-gettext=\"\">Promo<\/span>\n\t\t\t<span class=\"screen-reader-text\" data-no-translation=\"\" data-trp-gettext=\"\">Produit en promotion<\/span>\n\t\t<\/div>\n\t\t\t\t\t<div class=\"wc-block-grid__product-image\"><img loading=\"lazy\" decoding=\"async\" width=\"510\" height=\"510\" src=\"https:\/\/vapsolovape.com\/wp-content\/uploads\/2025\/07\/d9b551b0a8d244b7a7a9cec9b64bffb1-510x510.jpg\" class=\"attachment-woocommerce_thumbnail size-woocommerce_thumbnail\" alt=\"Uwin Shisha Crystal 20000 Puffs(12 flavours)\" srcset=\"https:\/\/vapsolovape.com\/wp-content\/uploads\/2025\/07\/d9b551b0a8d244b7a7a9cec9b64bffb1-510x510.jpg 510w, https:\/\/vapsolovape.com\/wp-content\/uploads\/2025\/07\/d9b551b0a8d244b7a7a9cec9b64bffb1-400x400.jpg 400w, https:\/\/vapsolovape.com\/wp-content\/uploads\/2025\/07\/d9b551b0a8d244b7a7a9cec9b64bffb1-800x800.jpg 800w, https:\/\/vapsolovape.com\/wp-content\/uploads\/2025\/07\/d9b551b0a8d244b7a7a9cec9b64bffb1-280x280.jpg 280w, https:\/\/vapsolovape.com\/wp-content\/uploads\/2025\/07\/d9b551b0a8d244b7a7a9cec9b64bffb1-768x768.jpg 768w, https:\/\/vapsolovape.com\/wp-content\/uploads\/2025\/07\/d9b551b0a8d244b7a7a9cec9b64bffb1-12x12.jpg 12w, https:\/\/vapsolovape.com\/wp-content\/uploads\/2025\/07\/d9b551b0a8d244b7a7a9cec9b64bffb1-60x60.jpg 60w, https:\/\/vapsolovape.com\/wp-content\/uploads\/2025\/07\/d9b551b0a8d244b7a7a9cec9b64bffb1-100x100.jpg 100w, https:\/\/vapsolovape.com\/wp-content\/uploads\/2025\/07\/d9b551b0a8d244b7a7a9cec9b64bffb1.jpg 1200w\" sizes=\"auto, (max-width: 510px) 100vw, 510px\" title=\"\"><\/div>\n\t\t\t\t\t<div class=\"wc-block-grid__product-title\">Uwin Shisha Crystal 20000 Puffs(12 flavours)<\/div>\n\t\t\t\t<\/a>\n\t\t\t\t<div class=\"wc-block-grid__product-price price\">\t\t<span class=\"tiered-pricing-dynamic-price-wrapper tiered-pricing-dynamic-price-wrapper--variable\" data-display-context=\"shop-loop\" data-price-type=\"dynamic\" data-product-id=\"5315\" data-parent-id=\"5315\">\n\t\t\t<del aria-hidden=\"true\"><span class=\"woocommerce-Price-amount amount\">17,23&nbsp;<span class=\"woocommerce-Price-currencySymbol\">\u20ac<\/span><\/span><\/del> <span class=\"screen-reader-text\" data-no-translation=\"\" data-trp-gettext=\"\">Le prix initial \u00e9tait\u00a0: 17,23&nbsp;&euro;.<\/span><ins aria-hidden=\"true\"><span class=\"woocommerce-Price-amount amount\">10,50&nbsp;<span class=\"woocommerce-Price-currencySymbol\">\u20ac<\/span><\/span><\/ins><span class=\"screen-reader-text\" data-no-translation=\"\" data-trp-gettext=\"\">Le prix actuel est\u00a0: 10,50&nbsp;&euro;.<\/span><\/span><\/div>\n\t\t\t\t\n\t\t\t\t<div class=\"wp-block-button wc-block-grid__product-add-to-cart\"><a href=\"https:\/\/vapsolovape.com\/fr\/produit\/uwin-shisha-crystal-20000-puffs12-flavours\/\" aria-label=\"S\u00e9lectionner les options pour \u201cUwin Shisha Crystal 20000 Puffs(12 flavours)\u201d\" data-quantity=\"1\" data-product_id=\"5315\" data-product_sku=\"uwin-shisha-crystal-20000-puffs-copy-268786192\" data-price=\"10.5\" rel=\"nofollow\" class=\"wp-block-button__link  add_to_cart_button\" data-no-translation=\"\" data-trp-gettext=\"\" data-no-translation-aria-label=\"\">Choix des options<\/a><\/div>\n\t\t\t<\/li><li class=\"wc-block-grid__product\">\n\t\t\t\t<a href=\"https:\/\/vapsolovape.com\/fr\/produit\/uwin-randm-crystal-twins-40000-puffs15-flavours\/\" class=\"wc-block-grid__product-link\">\n\t\t\t\t\t<div class=\"wc-block-grid__product-onsale\">\n\t\t\t<span aria-hidden=\"true\" data-no-translation=\"\" data-trp-gettext=\"\">Promo<\/span>\n\t\t\t<span class=\"screen-reader-text\" data-no-translation=\"\" data-trp-gettext=\"\">Produit en promotion<\/span>\n\t\t<\/div>\n\t\t\t\t\t<div class=\"wc-block-grid__product-image\"><img loading=\"lazy\" decoding=\"async\" width=\"510\" height=\"510\" src=\"https:\/\/vapsolovape.com\/wp-content\/uploads\/2025\/07\/79858844a972c2f3d0615124ec1609b3-510x510.jpg\" class=\"attachment-woocommerce_thumbnail size-woocommerce_thumbnail\" alt=\"Uwin RandM Crystal Twins 40000 Puffs(15 flavours)\" srcset=\"https:\/\/vapsolovape.com\/wp-content\/uploads\/2025\/07\/79858844a972c2f3d0615124ec1609b3-510x510.jpg 510w, https:\/\/vapsolovape.com\/wp-content\/uploads\/2025\/07\/79858844a972c2f3d0615124ec1609b3-400x400.jpg 400w, https:\/\/vapsolovape.com\/wp-content\/uploads\/2025\/07\/79858844a972c2f3d0615124ec1609b3-800x800.jpg 800w, https:\/\/vapsolovape.com\/wp-content\/uploads\/2025\/07\/79858844a972c2f3d0615124ec1609b3-280x280.jpg 280w, https:\/\/vapsolovape.com\/wp-content\/uploads\/2025\/07\/79858844a972c2f3d0615124ec1609b3-768x768.jpg 768w, https:\/\/vapsolovape.com\/wp-content\/uploads\/2025\/07\/79858844a972c2f3d0615124ec1609b3-12x12.jpg 12w, https:\/\/vapsolovape.com\/wp-content\/uploads\/2025\/07\/79858844a972c2f3d0615124ec1609b3-60x60.jpg 60w, https:\/\/vapsolovape.com\/wp-content\/uploads\/2025\/07\/79858844a972c2f3d0615124ec1609b3-100x100.jpg 100w, https:\/\/vapsolovape.com\/wp-content\/uploads\/2025\/07\/79858844a972c2f3d0615124ec1609b3.jpg 1200w\" sizes=\"auto, (max-width: 510px) 100vw, 510px\" title=\"\"><\/div>\n\t\t\t\t\t<div class=\"wc-block-grid__product-title\">Uwin RandM Crystal Twins 40000 Puffs(15 flavours)<\/div>\n\t\t\t\t<\/a>\n\t\t\t\t<div class=\"wc-block-grid__product-price price\">\t\t<span class=\"tiered-pricing-dynamic-price-wrapper tiered-pricing-dynamic-price-wrapper--variable\" data-display-context=\"shop-loop\" data-price-type=\"dynamic\" data-product-id=\"5265\" data-parent-id=\"5265\">\n\t\t\t<del aria-hidden=\"true\"><span class=\"woocommerce-Price-amount amount\">18,98&nbsp;<span class=\"woocommerce-Price-currencySymbol\">\u20ac<\/span><\/span><\/del> <span class=\"screen-reader-text\" data-no-translation=\"\" data-trp-gettext=\"\">Le prix initial \u00e9tait\u00a0: 18,98&nbsp;&euro;.<\/span><ins aria-hidden=\"true\"><span class=\"woocommerce-Price-amount amount\">12,98&nbsp;<span class=\"woocommerce-Price-currencySymbol\">\u20ac<\/span><\/span><\/ins><span class=\"screen-reader-text\" data-no-translation=\"\" data-trp-gettext=\"\">Le prix actuel est\u00a0: 12,98&nbsp;&euro;.<\/span><\/span><\/div>\n\t\t\t\t\n\t\t\t\t<div class=\"wp-block-button wc-block-grid__product-add-to-cart\"><a href=\"https:\/\/vapsolovape.com\/fr\/produit\/uwin-randm-crystal-twins-40000-puffs15-flavours\/\" aria-label=\"S\u00e9lectionner les options pour \u201cUwin RandM Crystal Twins 40000 Puffs(15 flavours)\u201d\" data-quantity=\"1\" data-product_id=\"5265\" data-product_sku=\"uwin-randm-crystal-twins-40000-puffs-268785905\" data-price=\"12.98\" rel=\"nofollow\" class=\"wp-block-button__link  add_to_cart_button\" data-no-translation=\"\" data-trp-gettext=\"\" data-no-translation-aria-label=\"\">Choix des options<\/a><\/div>\n\t\t\t<\/li><\/ul><\/div><\/div>\n<\/div>","protected":false},"excerpt":{"rendered":"","protected":false},"author":1,"featured_media":0,"parent":0,"menu_order":0,"comment_status":"closed","ping_status":"closed","template":"","meta":{"footnotes":""},"class_list":["post-13","page","type-page","status-publish","hentry"],"_links":{"self":[{"href":"https:\/\/vapsolovape.com\/fr\/wp-json\/wp\/v2\/pages\/13","targetHints":{"allow":["GET"]}}],"collection":[{"href":"https:\/\/vapsolovape.com\/fr\/wp-json\/wp\/v2\/pages"}],"about":[{"href":"https:\/\/vapsolovape.com\/fr\/wp-json\/wp\/v2\/types\/page"}],"author":[{"embeddable":true,"href":"https:\/\/vapsolovape.com\/fr\/wp-json\/wp\/v2\/users\/1"}],"replies":[{"embeddable":true,"href":"https:\/\/vapsolovape.com\/fr\/wp-json\/wp\/v2\/comments?post=13"}],"version-history":[{"count":0,"href":"https:\/\/vapsolovape.com\/fr\/wp-json\/wp\/v2\/pages\/13\/revisions"}],"wp:attachment":[{"href":"https:\/\/vapsolovape.com\/fr\/wp-json\/wp\/v2\/media?parent=13"}],"curies":[{"name":"wp","href":"https:\/\/api.w.org\/{rel}","templated":true}]}}