{"id":4152,"date":"2025-02-24T16:40:33","date_gmt":"2025-02-24T08:40:33","guid":{"rendered":"https:\/\/vapsolovape.com\/?page_id=4152"},"modified":"2025-02-28T18:55:13","modified_gmt":"2025-02-28T10:55:13","slug":"4152-2","status":"publish","type":"page","link":"https:\/\/vapsolovape.com\/fr\/4152-2\/","title":{"rendered":"Nous contacter"},"content":{"rendered":"<div id=\"text-2001212997\" class=\"text\">\n\t\t\n\n<h1 data-start=\"75\" data-end=\"89\"><strong data-start=\"75\" data-end=\"89\">Nous contacter<\/strong><\/h1>\n<p data-start=\"91\" data-end=\"254\">Nous sommes l\u00e0 pour vous aider ! Si vous avez des questions, des demandes ou si vous avez besoin d'aide, n'h\u00e9sitez pas \u00e0 nous contacter. Notre \u00e9quipe est pr\u00eate \u00e0 vous fournir le meilleur service.<\/p>\n<p data-start=\"256\" data-end=\"289\"><strong data-start=\"256\" data-end=\"266\">Courriel :<\/strong><br data-start=\"266\" data-end=\"269\"><a rel=\"noopener\" data-start=\"269\" data-end=\"289\">info@vapsolovape.com<\/a><\/p>\n<p data-start=\"291\" data-end=\"321\"><strong data-start=\"291\" data-end=\"304\">WhatsApp :<\/strong><br data-start=\"304\" data-end=\"307\">+8619068613079<\/p>\n<p data-start=\"323\" data-end=\"359\">Nous attendons avec impatience votre r\u00e9ponse !<\/p>\n\t\t\n<style>\n#text-2001212997 {\n  color: rgb(0,0,0);\n}\n#text-2001212997 > * {\n  color: rgb(0,0,0);\n}\n<\/style>\n\t<\/div>","protected":false},"excerpt":{"rendered":"","protected":false},"author":1,"featured_media":0,"parent":0,"menu_order":0,"comment_status":"closed","ping_status":"closed","template":"","meta":{"footnotes":""},"class_list":["post-4152","page","type-page","status-publish","hentry"],"_links":{"self":[{"href":"https:\/\/vapsolovape.com\/fr\/wp-json\/wp\/v2\/pages\/4152","targetHints":{"allow":["GET"]}}],"collection":[{"href":"https:\/\/vapsolovape.com\/fr\/wp-json\/wp\/v2\/pages"}],"about":[{"href":"https:\/\/vapsolovape.com\/fr\/wp-json\/wp\/v2\/types\/page"}],"author":[{"embeddable":true,"href":"https:\/\/vapsolovape.com\/fr\/wp-json\/wp\/v2\/users\/1"}],"replies":[{"embeddable":true,"href":"https:\/\/vapsolovape.com\/fr\/wp-json\/wp\/v2\/comments?post=4152"}],"version-history":[{"count":0,"href":"https:\/\/vapsolovape.com\/fr\/wp-json\/wp\/v2\/pages\/4152\/revisions"}],"wp:attachment":[{"href":"https:\/\/vapsolovape.com\/fr\/wp-json\/wp\/v2\/media?parent=4152"}],"curies":[{"name":"wp","href":"https:\/\/api.w.org\/{rel}","templated":true}]}}