{"id":1251,"date":"2025-02-14T18:18:41","date_gmt":"2025-02-14T10:18:41","guid":{"rendered":"https:\/\/vapsolovape.com\/?post_type=product&#038;p=1251"},"modified":"2026-03-14T11:26:35","modified_gmt":"2026-03-14T03:26:35","slug":"randm-tornado-20000-puff-20-flavors-creation-innovante","status":"publish","type":"product","link":"https:\/\/vapsolovape.com\/fr\/produit\/randm-tornado-20000-puff-20-flavors-creation-innovante\/","title":{"rendered":"RandM Tornado 20000 Puffs - 20 options d'ar\u00f4mes, une nouvelle innovation en mati\u00e8re de vapotage"},"content":{"rendered":"<div id=\"tab-description\" class=\"woocommerce-Tabs-panel woocommerce-Tabs-panel--description panel entry-content active\" role=\"tabpanel\" aria-labelledby=\"tab-title-description\">\n<div>\n<p data-start=\"112\" data-end=\"540\">Le RandM Tornado 20000 Puff Vape jetable est con\u00e7u pour \u00eatre \u00e0 la fois pratique et performant. Dot\u00e9 d'un \u00e9cran plein convivial sur le c\u00f4t\u00e9 droit, il fournit des informations essentielles en un coup d'\u0153il, ce qui facilite le suivi de votre exp\u00e9rience de vapotage. Aliment\u00e9 par une batterie rechargeable de 850mAh, le Tornado garantit une utilisation de longue dur\u00e9e avec un minimum d'interruptions, ce qui le rend parfait pour les nouveaux venus comme pour les vapoteurs chevronn\u00e9s.<\/p>\n<p data-start=\"542\" data-end=\"893\">Disponible en 20 saveurs uniques, la RandM Tornado offre une infinit\u00e9 d'options pour satisfaire toutes les pr\u00e9f\u00e9rences. Que vous soyez d'humeur pour une saveur tabac classique ou que vous ayez envie d'un m\u00e9lange fruit\u00e9 rafra\u00eechissant, nous avons quelque chose pour tout le monde. Nos produits utilisent des ingr\u00e9dients de haute qualit\u00e9 et une technologie de pointe, ce qui vous garantit la meilleure exp\u00e9rience de vapotage possible.<\/p>\n<p data-start=\"895\" data-end=\"1016\">D\u00e9couvrez notre gamme compl\u00e8te de produits sur notre site web et profitez d'une qualit\u00e9 sup\u00e9rieure et d'un service exceptionnel \u00e0 chaque achat.<\/p>\n<\/div>\n<p><img loading=\"lazy\" decoding=\"async\" class=\"alignnone size-full wp-image-4730\" src=\"https:\/\/dankstarvapes.com\/wp-content\/uploads\/2024\/11\/RandM-Tornado-20000-scaled.webp\" alt=\"RandM Tornado 20000\" width=\"2560\" height=\"1641\" title=\"\"><\/p>\n<h2>________________________________________________________________<\/h2>\n<h2><strong> Tornado 20000 Vape jetable<\/strong>-Explorer les caract\u00e9ristiques de la<\/h2>\n<p>Les <strong>RandM Tornado 20000<\/strong> La vape jetable se distingue dans l'industrie du vapotage, notamment gr\u00e2ce \u00e0 ses caract\u00e9ristiques impressionnantes. En particulier, elle affiche une capacit\u00e9 remarquable de 20 ml, qui permet de tirer jusqu'\u00e0 20 000 bouff\u00e9es. Cette grande capacit\u00e9 se traduit par un nombre r\u00e9duit de recharges, ce qui garantit aux utilisateurs une exp\u00e9rience de vapotage sans faille. Par cons\u00e9quent, il est parfait pour ceux qui pr\u00e9f\u00e8rent les dispositifs de longue dur\u00e9e sans interruption, ce qui en fait un choix id\u00e9al pour les fumeurs inv\u00e9t\u00e9r\u00e9s.<\/p>\n<p>Une autre caract\u00e9ristique importante de la\u00a0 <strong>RandM Tornado 20000<\/strong> est son affichage plein \u00e9cran. Cette conception innovante fournit des informations en temps r\u00e9el sur des param\u00e8tres essentiels tels que l'\u00e9tat de l'alimentation et les niveaux de liquide. Les utilisateurs peuvent facilement surveiller les performances de leur appareil et savoir quand ils doivent le recharger ou quand leur r\u00e9serve d'e-liquide est faible. Ce niveau d'accessibilit\u00e9 am\u00e9liore l'exp\u00e9rience de l'utilisateur, en lui permettant d'utiliser son appareil en connaissance de cause et en favorisant une transition plus douce entre les sessions.<\/p>\n<p>L'appareil est aliment\u00e9 par une batterie rechargeable de 850 mAh, ce qui est particuli\u00e8rement utile pour les personnes actives qui sont toujours en mouvement. Cette batterie robuste permet non seulement d'espacer les recharges, mais aussi d'obtenir des performances constantes tout au long de la dur\u00e9e de vie de l'appareil. Les utilisateurs peuvent ainsi profiter de leurs sessions de vapotage sans craindre de tomber en panne d'\u00e9nergie, ce qui leur permet de savourer leurs saveurs pr\u00e9f\u00e9r\u00e9es sans interruption.<\/p>\n<p><strong>RandM Tornado 20000<\/strong> r\u00e9pond aux diff\u00e9rentes pr\u00e9f\u00e9rences des utilisateurs en proposant des options de niveaux de sel personnalisables, disponibles en 2% et 5%. Cette flexibilit\u00e9 permet aux utilisateurs de choisir leur concentration pr\u00e9f\u00e9r\u00e9e, am\u00e9liorant ainsi la personnalisation de l'exp\u00e9rience de la vape. Ces caract\u00e9ristiques font du RandM Tornado 20000 un concurrent de poids sur le march\u00e9 de la vape jetable. Il s'adresse aussi bien aux nouveaux utilisateurs qu'aux utilisateurs exp\u00e9riment\u00e9s.<\/p>\n<h2>20 saveurs au choix<\/h2>\n<h3>RandM Tornado 20000 Une s\u00e9lection savoureuse : 20 options uniques pour toutes les pr\u00e9f\u00e9rences<\/h3>\n<p><strong>RandM Tornade<\/strong> Disposable Vape se distingue par une gamme impressionnante de 20 saveurs uniques, soigneusement con\u00e7ues pour r\u00e9pondre \u00e0 une vari\u00e9t\u00e9 de pr\u00e9f\u00e9rences parmi les vapoteurs. Cette s\u00e9lection vari\u00e9e garantit qu'il y a quelque chose pour tout le monde, que vous ayez un penchant pour les profils sucr\u00e9s, fruit\u00e9s, menthol\u00e9s ou inspir\u00e9s par les desserts. Chaque saveur renferme son essence, ce qui permet aux vapoteurs de s'immerger dans une exp\u00e9rience agr\u00e9able qui met en valeur les subtilit\u00e9s de chaque bouff\u00e9e.<\/p>\n<h3>RandM Tornado 20000 Ar\u00f4mes Signature : De la fraise classique \u00e0 la mangue tropicale<\/h3>\n<p>Parmi les options les plus populaires, on trouve le Classic Strawberry, qui pr\u00e9sente une d\u00e9licieuse douceur rappelant les fraises fra\u00eechement cueillies. Les amateurs d'agrumes appr\u00e9cieront l'explosion de piquant de la Mangue Tropicale, qui offre une explosion juteuse d'agrumes. <strong>Limonade glac\u00e9e<\/strong> saveur. Il offre une sensation de fra\u00eecheur, parfaite pour les journ\u00e9es chaudes. Une autre option int\u00e9ressante est <strong>Menthol menthol\u00e9<\/strong>Cette saveur est id\u00e9ale pour les vapoteurs qui recherchent la simplicit\u00e9 avec une touche de fra\u00eecheur. Cette saveur est id\u00e9ale pour les vapoteurs qui recherchent la simplicit\u00e9 avec un soup\u00e7on de fra\u00eecheur.<\/p>\n<p>Au-del\u00e0 des saveurs fruit\u00e9es traditionnelles, la <strong>RandM Tornade<\/strong> s'adresse \u00e9galement aux amateurs de desserts. Des saveurs telles que la cr\u00e8me \u00e0 la vanille et le g\u00e2teau au chocolat satisfont les amateurs de sucr\u00e9 en leur procurant des sensations riches et cr\u00e9meuses. La complexit\u00e9 des saveurs se poursuit avec des options comme Mixed Berries et Watermelon Ice, qui m\u00e9langent harmonieusement des \u00e9clats fruit\u00e9s avec des \u00e9l\u00e9ments rafra\u00eechissants subtils. Lorsque les vapoteurs se plongent dans ces offres, ils trouvent souvent des favoris personnels qui \u00e9l\u00e8vent leur exp\u00e9rience de vapotage.<\/p>\n<h3>\u00c9loge des utilisateurs : La diversit\u00e9 des profils et les associations parfaites augmentent la satisfaction<\/h3>\n<p>Les t\u00e9moignages des utilisateurs soulignent la diversit\u00e9 des ar\u00f4mes, et nombre d'entre eux font l'\u00e9loge des profils \u00e9quilibr\u00e9s et du plaisir durable. Beaucoup recommandent \u00e9galement d'associer les saveurs, telles que les notes sucr\u00e9es du <strong>Mangue tropicale<\/strong> avec la touche rafra\u00eechissante de <strong>Menthol menthol\u00e9<\/strong>Ce m\u00e9lange am\u00e9liore l'exp\u00e9rience d'inhalation et met en \u00e9vidence la polyvalence du RandM Tornado. Avec une vaste s\u00e9lection de 20 saveurs, le RandM Tornado augmente la satisfaction de l'utilisateur. C'est un choix incontournable pour les adeptes de la vape qui recherchent la vari\u00e9t\u00e9 et le plaisir.<\/p>\n<p><strong>D\u00e9couvrez la suite de notre s\u00e9rie RandM Tornado :<\/strong><\/p>\n<p class=\"product-title product_title entry-title\">RandM Tornado 7000<\/p>\n<p class=\"product-title product_title entry-title\">RandM Tornado 9000<\/p>\n<p class=\"product-title product_title entry-title\">RandM Tornado 12000<\/p>\n<p class=\"product-title product_title entry-title\">RandM Tornado 15000<\/p>\n<p class=\"product-title product_title entry-title\">RandM Tornado 20000<\/p>\n<p class=\"product-title product_title entry-title\">RandM Tornado 25000<\/p>\n<p class=\"product-title product_title entry-title\">RandM Tornado 30000<\/p>\n<hr \/>\n<p><strong>Pourquoi nous choisir ?<\/strong><\/p>\n<p>En choisissant le magasin officiel de vapes jetables, vous pouvez b\u00e9n\u00e9ficier de nombreux avantages :<\/p>\n<ul>\n<li><strong>Canal de vente officiel :<\/strong>\u00a0Nous garantissons des produits authentiques et un service de qualit\u00e9.<\/li>\n<li><strong>Commerce de gros et de d\u00e9tail :<\/strong>\u00a0Nous proposons des options d'achat flexibles pour les particuliers et les grossistes.<\/li>\n<li><strong>Assurance qualit\u00e9 :<\/strong>\u00a0Nos produits sont soumis \u00e0 des tests de qualit\u00e9 rigoureux pour garantir votre satisfaction.<\/li>\n<li><strong>Exp\u00e9dition dans le monde entier :<\/strong>\u00a0Nous sommes fiers d'exp\u00e9dier nos produits dans la plupart des r\u00e9gions du monde, ce qui vous permet de profiter de nos produits o\u00f9 que vous soyez.<\/li>\n<li><strong>Exp\u00e9rience dans le secteur :<\/strong>\u00a0Avec plus de 8 ans d'exp\u00e9rience sur le march\u00e9, nous sommes devenus un choix de confiance et de premier ordre.<\/li>\n<li><strong>Partenariats \u00e0 long terme :<\/strong>\u00a0Nous coop\u00e9rons \u00e9galement avec les propri\u00e9taires de magasins locaux en Europe, ce qui nous permet de r\u00e9pondre rapidement aux besoins du march\u00e9 et de maintenir la fra\u00eecheur de nos produits.<\/li>\n<\/ul>\n<p>Choisir nos vapes jetables vous permet non seulement de profiter d'une vari\u00e9t\u00e9 de saveurs, mais aussi de vivre une exp\u00e9rience de vapotage extraordinaire. Pour plus d'informations, veuillez nous rendre visite <a href=\"http:\/\/dankstarvapes.com\" target=\"_blank\" rel=\"noopener\">dankstarvapes.com<\/a>!<\/p>\n<\/div>","protected":false},"excerpt":{"rendered":"<p>The RandM Tornado 20000 Puff Disposable Vape is designed for both convenience and performance. Featuring a user-friendly full-screen display on the right side, it provides essential information at a glance, making it easy to monitor your vaping experience. Powered by an 850mAh rechargeable battery, the Tornado ensures long-lasting use with minimal interruptions, making it perfect [&#8230;]","protected":false},"featured_media":1273,"comment_status":"open","ping_status":"closed","template":"","meta":[],"product_brand":[],"product_cat":[75,102,77,95,73,78,97,71,79,80,81,82,83,84,85,86,87,88,89,90,91,110,104,134,16,92],"product_tag":[],"class_list":{"0":"post-1251","1":"product","2":"type-product","3":"status-publish","4":"has-post-thumbnail","6":"product_cat-2-nicotine-disposable-vape","7":"product_cat-20000-20k-puff-vape","8":"product_cat-5-nicotine-disposable-vape","9":"product_cat-advanced-vape","10":"product_cat-big-puff-vapes","11":"product_cat-disposable-vape-near-me","12":"product_cat-disposable-vape-with-screen","13":"product_cat-0-5-nicotine-vapes","14":"product_cat-disposable-vapes-in-austria","15":"product_cat-disposable-vapes-in-belgium","16":"product_cat-disposable-vapes-in-france","17":"product_cat-disposable-vapes-in-germany","18":"product_cat-disposable-vapes-in-ltaly","19":"product_cat-disposable-vapes-in-netherlands","20":"product_cat-disposable-vapes-in-norway","21":"product_cat-disposable-vapes-in-poland","22":"product_cat-disposable-vapes-in-portugal","23":"product_cat-disposable-vapes-in-spain","24":"product_cat-disposable-vapes-in-sweden","25":"product_cat-disposable-vapes-in-switzerland","26":"product_cat-disposable-vapes-in-united-states","27":"product_cat-randm-tornado-20000","28":"product_cat-randm-tornado-vape","29":"product_cat-tornado-vape","30":"product_cat-uncategorized","31":"product_cat-vape-brands","33":"first","34":"instock","35":"sale","36":"shipping-taxable","37":"purchasable","38":"product-type-variable","39":"has-default-attributes"},"tiered_pricing_type":"fixed","tiered_pricing_fixed_rules":[],"tiered_pricing_product_settings":{"layout":"default","base_unit_name":{"singular":null,"plural":null},"default_variation":null},"tiered_pricing_minimum_quantity":null,"tiered_pricing_roles_data":[],"tiered_pricing_percentage_rules":[],"tiered_pricing_maximum_quantity":null,"tiered_pricing_quantity_step":null,"_links":{"self":[{"href":"https:\/\/vapsolovape.com\/fr\/wp-json\/wp\/v2\/product\/1251","targetHints":{"allow":["GET"]}}],"collection":[{"href":"https:\/\/vapsolovape.com\/fr\/wp-json\/wp\/v2\/product"}],"about":[{"href":"https:\/\/vapsolovape.com\/fr\/wp-json\/wp\/v2\/types\/product"}],"replies":[{"embeddable":true,"href":"https:\/\/vapsolovape.com\/fr\/wp-json\/wp\/v2\/comments?post=1251"}],"wp:featuredmedia":[{"embeddable":true,"href":"https:\/\/vapsolovape.com\/fr\/wp-json\/wp\/v2\/media\/1273"}],"wp:attachment":[{"href":"https:\/\/vapsolovape.com\/fr\/wp-json\/wp\/v2\/media?parent=1251"}],"wp:term":[{"taxonomy":"product_brand","embeddable":true,"href":"https:\/\/vapsolovape.com\/fr\/wp-json\/wp\/v2\/product_brand?post=1251"},{"taxonomy":"product_cat","embeddable":true,"href":"https:\/\/vapsolovape.com\/fr\/wp-json\/wp\/v2\/product_cat?post=1251"},{"taxonomy":"product_tag","embeddable":true,"href":"https:\/\/vapsolovape.com\/fr\/wp-json\/wp\/v2\/product_tag?post=1251"}],"curies":[{"name":"wp","href":"https:\/\/api.w.org\/{rel}","templated":true}]}}