{"id":1299,"date":"2025-02-14T18:18:52","date_gmt":"2025-02-14T10:18:52","guid":{"rendered":"https:\/\/vapsolovape.com\/?post_type=product&#038;p=1299"},"modified":"2026-04-03T17:03:38","modified_gmt":"2026-04-03T09:03:38","slug":"randm-tornado-25000-puffs-new-large-capacity-new-release","status":"publish","type":"product","link":"https:\/\/vapsolovape.com\/fr\/produit\/randm-tornado-25000-puffs-new-large-capacity-new-release\/","title":{"rendered":"RandM Tornado 25000 Puffs - Une nouvelle version avec une grande capacit\u00e9 !"},"content":{"rendered":"<div id=\"tab-description\" class=\"woocommerce-Tabs-panel woocommerce-Tabs-panel--description panel entry-content active\" role=\"tabpanel\" aria-labelledby=\"tab-title-description\">\n<div>\n<p data-start=\"106\" data-end=\"451\">Le RandM Tornado 25000 est con\u00e7u pour am\u00e9liorer votre exp\u00e9rience de vapotage gr\u00e2ce \u00e0 des fonctionnalit\u00e9s de pointe. \u00c9quip\u00e9 d'un \u00e9cran TFT haute d\u00e9finition de 1,77 pouce, il fournit des mises \u00e0 jour en temps r\u00e9el sur la puissance de la batterie et les niveaux d'e-liquide. L'affichage plein \u00e9cran rehausse non seulement le look futuriste de l'appareil, mais attire \u00e9galement l'attention des amateurs de vape.<\/p>\n<p data-start=\"453\" data-end=\"734\">Pour simplifier l'activation et am\u00e9liorer le style de l'appareil, le RandM Tornado 25000 introduit un interrupteur tactile innovant. Avec seulement trois pressions, les utilisateurs peuvent facilement passer d'une puissance \u00e0 l'autre, ce qui permet une exp\u00e9rience de vapotage enti\u00e8rement personnalisable et adapt\u00e9e aux pr\u00e9f\u00e9rences de chacun.<\/p>\n<\/div>\n<figure id=\"attachment_3727\" class=\"wp-caption alignnone\" style=\"width: 2560px;\" aria-describedby=\"caption-attachment-3727\">\n<figure id=\"attachment_4724\" aria-describedby=\"caption-attachment-4724\" style=\"width: 1500px\" class=\"wp-caption alignnone\"><img loading=\"lazy\" decoding=\"async\" class=\"wp-image-4724 size-full\" title=\"RandM Tornado 25000\" src=\"https:\/\/dankstarvapes.com\/wp-content\/uploads\/2024\/11\/RandM-Tornado-25000-1-2.webp\" alt=\"RandM Tornado 25000\" width=\"1500\" height=\"968\" \/><figcaption id=\"caption-attachment-4724\" class=\"wp-caption-text\">RandM Tornado 25000<\/figcaption><\/figure><\/figure>\n<h2>__________________________________________________________________________________________<\/h2>\n<h2><strong>Tornade 25000 bouff\u00e9es<\/strong> Vapeurs \u00e0 usage unique - Caract\u00e9ristiques d'affichage avanc\u00e9es<\/h2>\n<h3><strong>\u00c9cran TFT HD<\/strong><\/h3>\n<p>Les <strong>RandM Tornado 25000<\/strong> est dot\u00e9 d'un \u00e9cran qui permet aux utilisateurs de contr\u00f4ler l'autonomie de la batterie et les niveaux d'e-liquide en temps r\u00e9el, \u00e9vitant ainsi les interruptions pendant le vapotage.<\/p>\n<h2><strong>RandM Tornado 25000<\/strong> <strong>Vers une technologie de vapotage plus intelligente<\/strong><\/h2>\n<p>L'affichage innovant du RandM Tornado 25000 Puffs repr\u00e9sente une \u00e9volution vers une technologie de vape plus intelligente. En affichant clairement l'\u00e9tat de la batterie et l'approvisionnement en e-liquide, les utilisateurs peuvent g\u00e9rer leur appareil de mani\u00e8re proactive, garantissant ainsi une exp\u00e9rience sans faille. Cette technologie conviviale am\u00e9liore la commodit\u00e9 et la satisfaction.<\/p>\n<h3><strong>RandM Tornado 25000 : une exp\u00e9rience utilisateur globale am\u00e9lior\u00e9e<\/strong><\/h3>\n<p>En outre, les couleurs vives et la r\u00e9solution claire de l'\u00e9cran TFT am\u00e9liorent consid\u00e9rablement l'exp\u00e9rience globale de l'utilisateur. Le design moderne am\u00e9liore non seulement l'attrait esth\u00e9tique de l'appareil, mais rend \u00e9galement les interactions plus agr\u00e9ables, refl\u00e9tant ainsi l'\u00e9volution de la culture du vapotage. Gr\u00e2ce \u00e0 ces caract\u00e9ristiques, le RandM Tornado 25000 r\u00e9pond aux besoins des vapoteurs novices et exp\u00e9riment\u00e9s.<\/p>\n<h2>Conception et performance centr\u00e9es sur l'utilisateur<\/h2>\n<div class=\"flex max-w-full flex-col flex-grow\">\n<div class=\"min-h-8 text-message flex w-full flex-col items-end gap-2 whitespace-normal break-words [.text-message+&amp;]:mt-5\" dir=\"auto\" data-message-author-role=\"assistant\" data-message-id=\"09d2e216-c814-4342-8249-e19bcd86eec0\" data-message-model-slug=\"gpt-4o\">\n<div class=\"flex w-full flex-col gap-1 empty:hidden first:pt-[3px]\">\n<div class=\"markdown prose w-full break-words dark:prose-invert light\">\n<p>Le RandM Tornado 25000 est sp\u00e9cialement con\u00e7u pour offrir une exp\u00e9rience de vapotage am\u00e9lior\u00e9e. Gr\u00e2ce \u00e0 son interrupteur tactile innovant, les utilisateurs peuvent facilement passer d'un r\u00e9glage de puissance \u00e0 l'autre, ce qui permet des ajustements rapides et sans effort. Cette fonction n'ajoute pas seulement une touche personnalis\u00e9e, mais am\u00e9liore \u00e9galement la commodit\u00e9. En outre, l'accent mis sur la convivialit\u00e9 refl\u00e8te l'engagement de la marque \u00e0 garantir la satisfaction de l'utilisateur, ce qui en fait un choix exceptionnel pour les vapoteurs qui recherchent \u00e0 la fois la facilit\u00e9 et la performance.<\/p>\n<p>Aliment\u00e9 par une robuste batterie rechargeable de 700mAh, l'appareil prend en charge la recharge rapide pour un temps d'arr\u00eat minimal. De plus, les bobines \u00e0 double c\u0153ur et \u00e0 double maille produisent une vapeur et une saveur impressionnantes, pour un r\u00e9sultat satisfaisant. Les r\u00e9glages de flux d'air permettent aux utilisateurs de personnaliser leur exp\u00e9rience, qu'ils pr\u00e9f\u00e8rent un tirage plus serr\u00e9 ou des nuages plus importants. Avec jusqu'\u00e0 25 000 bouff\u00e9es, ce dispositif offre une alternative \u00e9cologique aux produits jetables traditionnels, r\u00e9duisant les d\u00e9chets tout en am\u00e9liorant le contr\u00f4le de l'utilisateur.<\/p>\n<\/div>\n<\/div>\n<\/div>\n<\/div>\n<p><strong>D\u00e9couvrez la suite de notre s\u00e9rie RandM Tornado :<\/strong><\/p>\n<p class=\"product-title product_title entry-title\">RandM Tornado 7000<\/p>\n<p class=\"product-title product_title entry-title\">RandM Tornado 9000<\/p>\n<p class=\"product-title product_title entry-title\">RandM Tornado 12000<\/p>\n<p class=\"product-title product_title entry-title\">RandM Tornado 15000<\/p>\n<p class=\"product-title product_title entry-title\">RandM Tornado 20000<\/p>\n<p class=\"product-title product_title entry-title\">RandM Tornado 25000<\/p>\n<p class=\"product-title product_title entry-title\">RandM Tornado 30000<\/p>\n<hr \/>\n<p><strong>Pourquoi nous choisir ?<\/strong><\/p>\n<p>En choisissant le magasin officiel de vapes jetables, vous pouvez b\u00e9n\u00e9ficier de nombreux avantages :<\/p>\n<ul>\n<li><strong>Canal de vente officiel :<\/strong>\u00a0Nous garantissons des produits authentiques et un service de qualit\u00e9.<\/li>\n<li><strong>Commerce de gros et de d\u00e9tail :<\/strong>\u00a0Nous proposons des options d'achat flexibles pour les particuliers et les grossistes.<\/li>\n<li><strong>Assurance qualit\u00e9 :<\/strong>\u00a0Nos produits sont soumis \u00e0 des tests de qualit\u00e9 rigoureux pour garantir votre satisfaction.<\/li>\n<li><strong>Exp\u00e9dition dans le monde entier :<\/strong>\u00a0Nous sommes fiers d'exp\u00e9dier nos produits dans la plupart des r\u00e9gions du monde, ce qui vous permet de profiter de nos produits o\u00f9 que vous soyez.<\/li>\n<li><strong>Exp\u00e9rience dans le secteur :<\/strong>\u00a0Avec plus de 8 ans d'exp\u00e9rience sur le march\u00e9, nous sommes devenus un choix de confiance et de premier ordre.<\/li>\n<li><strong>Partenariats \u00e0 long terme :<\/strong>\u00a0Nous coop\u00e9rons \u00e9galement avec les propri\u00e9taires de magasins locaux en Europe, ce qui nous permet de r\u00e9pondre rapidement aux besoins du march\u00e9 et de maintenir la fra\u00eecheur de nos produits.<\/li>\n<\/ul>\n<p>Choisir nos vapes jetables vous permet non seulement de profiter d'une vari\u00e9t\u00e9 de saveurs, mais aussi de vivre une exp\u00e9rience de vapotage extraordinaire. Pour plus d'informations, veuillez nous rendre visite <a href=\"http:\/\/dankstarvapes.com\" target=\"_blank\" rel=\"noopener\">dankstarvapes.com<\/a>!<\/p>\n<\/div>","protected":false},"excerpt":{"rendered":"<p>The RandM Tornado 25000 is designed to elevate your vaping experience with cutting-edge features. Equipped with a 1.77-inch high-definition TFT screen, it provides real-time updates on both battery power and e-liquid levels. The full-screen display not only enhances the device\u2019s futuristic look but also grabs the attention of vape enthusiasts. To simplify activation and improve [&#8230;]","protected":false},"featured_media":1308,"comment_status":"open","ping_status":"closed","template":"","meta":[],"product_brand":[],"product_cat":[75,111,77,95,73,78,97,71,79,80,81,82,83,84,85,86,87,88,89,90,91,112,104,134,16,92],"product_tag":[],"class_list":{"0":"post-1299","1":"product","2":"type-product","3":"status-publish","4":"has-post-thumbnail","6":"product_cat-2-nicotine-disposable-vape","7":"product_cat-25000-25k-puff-vape","8":"product_cat-5-nicotine-disposable-vape","9":"product_cat-advanced-vape","10":"product_cat-big-puff-vapes","11":"product_cat-disposable-vape-near-me","12":"product_cat-disposable-vape-with-screen","13":"product_cat-0-5-nicotine-vapes","14":"product_cat-disposable-vapes-in-austria","15":"product_cat-disposable-vapes-in-belgium","16":"product_cat-disposable-vapes-in-france","17":"product_cat-disposable-vapes-in-germany","18":"product_cat-disposable-vapes-in-ltaly","19":"product_cat-disposable-vapes-in-netherlands","20":"product_cat-disposable-vapes-in-norway","21":"product_cat-disposable-vapes-in-poland","22":"product_cat-disposable-vapes-in-portugal","23":"product_cat-disposable-vapes-in-spain","24":"product_cat-disposable-vapes-in-sweden","25":"product_cat-disposable-vapes-in-switzerland","26":"product_cat-disposable-vapes-in-united-states","27":"product_cat-randm-tornado-25000","28":"product_cat-randm-tornado-vape","29":"product_cat-tornado-vape","30":"product_cat-uncategorized","31":"product_cat-vape-brands","33":"first","34":"instock","35":"sale","36":"shipping-taxable","37":"purchasable","38":"product-type-variable","39":"has-default-attributes"},"tiered_pricing_type":"fixed","tiered_pricing_fixed_rules":[],"tiered_pricing_product_settings":{"layout":"default","base_unit_name":{"singular":null,"plural":null},"default_variation":null},"tiered_pricing_minimum_quantity":null,"tiered_pricing_roles_data":[],"tiered_pricing_percentage_rules":[],"tiered_pricing_maximum_quantity":null,"tiered_pricing_quantity_step":null,"_links":{"self":[{"href":"https:\/\/vapsolovape.com\/fr\/wp-json\/wp\/v2\/product\/1299","targetHints":{"allow":["GET"]}}],"collection":[{"href":"https:\/\/vapsolovape.com\/fr\/wp-json\/wp\/v2\/product"}],"about":[{"href":"https:\/\/vapsolovape.com\/fr\/wp-json\/wp\/v2\/types\/product"}],"replies":[{"embeddable":true,"href":"https:\/\/vapsolovape.com\/fr\/wp-json\/wp\/v2\/comments?post=1299"}],"wp:featuredmedia":[{"embeddable":true,"href":"https:\/\/vapsolovape.com\/fr\/wp-json\/wp\/v2\/media\/1308"}],"wp:attachment":[{"href":"https:\/\/vapsolovape.com\/fr\/wp-json\/wp\/v2\/media?parent=1299"}],"wp:term":[{"taxonomy":"product_brand","embeddable":true,"href":"https:\/\/vapsolovape.com\/fr\/wp-json\/wp\/v2\/product_brand?post=1299"},{"taxonomy":"product_cat","embeddable":true,"href":"https:\/\/vapsolovape.com\/fr\/wp-json\/wp\/v2\/product_cat?post=1299"},{"taxonomy":"product_tag","embeddable":true,"href":"https:\/\/vapsolovape.com\/fr\/wp-json\/wp\/v2\/product_tag?post=1299"}],"curies":[{"name":"wp","href":"https:\/\/api.w.org\/{rel}","templated":true}]}}