{"id":1352,"date":"2025-02-14T18:19:06","date_gmt":"2025-02-14T10:19:06","guid":{"rendered":"https:\/\/vapsolovape.com\/?post_type=product&#038;p=1352"},"modified":"2026-03-14T11:27:28","modified_gmt":"2026-03-14T03:27:28","slug":"randm-tornado-30000-puffs-vape-modeles-les-plus-recents-disponibles","status":"publish","type":"product","link":"https:\/\/vapsolovape.com\/fr\/produit\/randm-tornado-30000-puffs-vape-modeles-les-plus-recents-disponibles\/","title":{"rendered":"RandM Tornado 30000 Puffs Vape - D\u00e9couvrez le dernier mod\u00e8le !"},"content":{"rendered":"<div id=\"tab-description\" class=\"woocommerce-Tabs-panel woocommerce-Tabs-panel--description panel entry-content active\" role=\"tabpanel\" aria-labelledby=\"tab-title-description\">\n<p data-start=\"153\" data-end=\"450\">Le RandM Tornado 30000 Music Edition est le dernier n\u00e9 de la c\u00e9l\u00e8bre s\u00e9rie RandM Tornado Vape de 2024. Con\u00e7u pour les amateurs de vape qui exigent qualit\u00e9 et polyvalence, ce dispositif jetable avanc\u00e9 offre une exp\u00e9rience de vapotage exceptionnelle avec des caract\u00e9ristiques con\u00e7ues pour r\u00e9pondre \u00e0 tous vos besoins.<\/p>\n<p><strong>30 000 bouff\u00e9es :<\/strong>\u00a0Jusqu'\u00e0 30 000 bouff\u00e9es pour une exp\u00e9rience de fumage ininterrompue.<\/p>\n<p><strong>Capacit\u00e9 de 25 ml :<\/strong>\u00a0La capacit\u00e9 de 25 ml r\u00e9duit le besoin de recharges, ce qui vous permet de savourer vos saveurs pr\u00e9f\u00e9r\u00e9es plus longtemps.<\/p>\n<p><strong>Batterie int\u00e9gr\u00e9e de 850mAh :<\/strong>\u00a0La puissante batterie de 850mAh permet de fumer en toute confiance tout au long de la journ\u00e9e.<\/p>\n<p><strong>Rechargeable Pratique :<\/strong>\u00a0La conception rechargeable vous permet de le recharger \u00e0 tout moment, ce qui est parfait pour votre mode de vie actif.<\/p>\n<p><strong>Bobine \u00e0 mailles lisses :<\/strong>\u00a0La bobine \u00e0 mailles innovante offre une exp\u00e9rience de vapotage douce et satisfaisante.<\/p>\n<p><strong>Spectacle lumineux RVB\uff1a<\/strong>fonction musicale personnalisable<\/p>\n<p><strong>Niveaux de sel personnalisables :<\/strong>\u00a0Choisissez le sel de nicotine 2% ou 5% selon votre go\u00fbt.<\/p>\n<p><strong>Compact et \u00e9l\u00e9gant :<\/strong>\u00a0Son design ergonomique et \u00e9l\u00e9gant le rend facile \u00e0 utiliser et convient \u00e0 toutes les occasions.<\/p>\n<p><strong>30 saveurs au choix :<\/strong>\u00a0Profitez de 30 saveurs diff\u00e9rentes pour satisfaire les go\u00fbts de chacun.<\/p>\n<p>Vivez l'exp\u00e9rience ultime de la vape avec le RandM Tornado 30000 Music Edition. Am\u00e9liorez votre exp\u00e9rience de vapotage d\u00e8s aujourd'hui !<\/p>\n<hr \/>\n<p><img loading=\"lazy\" decoding=\"async\" class=\"size-full wp-image-4918\" src=\"https:\/\/dankstarvapes.com\/wp-content\/uploads\/2024\/11\/Randm-Tornado-30000-Vapes.webp\" alt=\"Randm Tornado 30000 Vapes\" width=\"1946\" height=\"1876\" title=\"\"><\/p>\n<hr \/>\n<h3><strong>RANDM Tornado 30000 Aper\u00e7u<\/strong><br \/>\n<strong>Derniers mod\u00e8les<\/strong><\/h3>\n<p>La s\u00e9rie RandM Tornado 30000 est la derni\u00e8re vape jetable de grande capacit\u00e9 produite par Fumot. Avec une capacit\u00e9 impressionnante de 30 000 bouff\u00e9es, ce mod\u00e8le a \u00e9t\u00e9 am\u00e9lior\u00e9 pour r\u00e9pondre aux besoins quotidiens des nouveaux clients et de ceux qui reviennent. C'est la vape RandM Tornado la plus r\u00e9cente et la plus grande du march\u00e9.<\/p>\n<h3><strong>RandM Tornado 30000 Excellente capacit\u00e9<\/strong><\/h3>\n<p>Le RandM Tornado 30000 est une excellente vape jetable connue pour sa capacit\u00e9 sup\u00e9rieure. Il s'agit \u00e9galement du dernier mod\u00e8le offrant des options de saveurs am\u00e9lior\u00e9es. De plus, gr\u00e2ce \u00e0 sa batterie int\u00e9gr\u00e9e de 850mAh, les utilisateurs peuvent profiter de l'exp\u00e9rience de la vape sans se soucier d'\u00eatre \u00e0 court d'\u00e9nergie.<\/p>\n<h3><strong>Dein Dampferlebnis, dein Sound<\/strong><\/h3>\n<p>Laissez-vous s\u00e9duire par l'originalit\u00e9 de l'image de marque.\u00a0<strong>Spectacle RGB-Lichtshow<\/strong>\u00a0des\u00a0<strong>Tornade 30000<\/strong>\u00a0La musique de votre choix s'illumine au fil des notes. Si vous activez la fonction musicale, vous transformez votre vaporisateur en un petit disque, id\u00e9al pour les soir\u00e9es ou les promenades en plein air. Vous vous demandez vous-m\u00eame si le spectacle de fum\u00e9e s'active ou s'allume, tout \u00e0 fait dans l'esprit de la sc\u00e8ne.<\/p>\n<h3><strong>RandM Tornado 30000 Options d'ar\u00f4mes am\u00e9lior\u00e9s<\/strong><\/h3>\n<p>La Tornado 30000 am\u00e9liore \u00e9galement la s\u00e9lection des ar\u00f4mes, offrant jusqu'\u00e0 30 ar\u00f4mes au go\u00fbt riche et durable. Avec une s\u00e9lection aussi vari\u00e9e, il y a toujours un ar\u00f4me qui correspond \u00e0 vos pr\u00e9f\u00e9rences.<\/p>\n<p><img loading=\"lazy\" decoding=\"async\" class=\"size-full wp-image-4919\" src=\"https:\/\/dankstarvapes.com\/wp-content\/uploads\/2024\/11\/RandM-Tornado-30000.webp\" alt=\"Randm Tornado 30000 Vapes\" width=\"1946\" height=\"1946\" title=\"\"><\/p>\n<h3><strong>Avantages et exp\u00e9rience utilisateur<\/strong><\/h3>\n<p>Le Tornado 30000 est pl\u00e9biscit\u00e9 par les amateurs de vapotage pour sa commodit\u00e9 et sa durabilit\u00e9. Contrairement aux vapes traditionnelles qui n\u00e9cessitent des recharges et un entretien fr\u00e9quents, le Tornado 30000 \u00e9limine ces inconv\u00e9nients et peut \u00eatre jet\u00e9 une fois termin\u00e9. Son excellente autonomie est con\u00e7ue pour une utilisation tout au long de la journ\u00e9e, garantissant une exp\u00e9rience de vapotage sans souci et sans crainte d'\u00eatre \u00e0 court d'\u00e9nergie. Combin\u00e9e \u00e0 sa grande capacit\u00e9 d'e-liquide, elle surpasse de nombreuses vapes jetables, permettant aux utilisateurs de profiter de leurs saveurs pr\u00e9f\u00e9r\u00e9es plus longtemps et plus facilement.<\/p>\n<p><strong>D\u00e9couvrez la suite de notre s\u00e9rie RandM Tornado :<\/strong><\/p>\n<p class=\"product-title product_title entry-title\">RandM Tornado 7000<\/p>\n<p class=\"product-title product_title entry-title\">RandM Tornado 9000<\/p>\n<p class=\"product-title product_title entry-title\">RandM Tornado 12000<\/p>\n<p class=\"product-title product_title entry-title\">RandM Tornado 15000<\/p>\n<p class=\"product-title product_title entry-title\">RandM Tornado 20000<\/p>\n<p class=\"product-title product_title entry-title\">RandM Tornado 25000<\/p>\n<p class=\"product-title product_title entry-title\">RandM Tornado 30000<\/p>\n<hr \/>\n<p><strong>Pourquoi nous choisir ?<\/strong><\/p>\n<p>En choisissant le magasin officiel de vapes jetables, vous pouvez b\u00e9n\u00e9ficier de nombreux avantages :<\/p>\n<ul>\n<li><strong>Canal de vente officiel :<\/strong>\u00a0Nous garantissons des produits authentiques et un service de qualit\u00e9.<\/li>\n<li><strong>Commerce de gros et de d\u00e9tail :<\/strong>\u00a0Nous proposons des options d'achat flexibles pour les particuliers et les grossistes.<\/li>\n<li><strong>Assurance qualit\u00e9 :<\/strong>\u00a0Nos produits sont soumis \u00e0 des tests de qualit\u00e9 rigoureux pour garantir votre satisfaction.<\/li>\n<li><strong>Exp\u00e9dition dans le monde entier :<\/strong>\u00a0Nous sommes fiers d'exp\u00e9dier nos produits dans la plupart des r\u00e9gions du monde, ce qui vous permet de profiter de nos produits o\u00f9 que vous soyez.<\/li>\n<li><strong>Exp\u00e9rience dans le secteur :<\/strong>\u00a0Avec plus de 8 ans d'exp\u00e9rience sur le march\u00e9, nous sommes devenus un choix de confiance et de premier ordre.<\/li>\n<li><strong>Partenariats \u00e0 long terme :<\/strong>\u00a0Nous coop\u00e9rons \u00e9galement avec les propri\u00e9taires de magasins locaux en Europe, ce qui nous permet de r\u00e9pondre rapidement aux besoins du march\u00e9 et de maintenir la fra\u00eecheur de nos produits.<\/li>\n<\/ul>\n<p>Choisir nos vapes jetables vous permet non seulement de profiter d'une vari\u00e9t\u00e9 de saveurs, mais aussi de vivre une exp\u00e9rience de vapotage extraordinaire. Pour plus d'informations, veuillez nous rendre visite <a href=\"http:\/\/dankstarvapes.com\" target=\"_blank\" rel=\"noopener\">dankstarvapes.com<\/a>!<\/p>\n<\/div>","protected":false},"excerpt":{"rendered":"<p>The RandM Tornado 30000 Music Edition is the newest addition to the renowned RandM Tornado Vape Series of 2024. Crafted for vape enthusiasts who demand quality and versatility, this advanced disposable device delivers an exceptional vaping experience with features designed to meet all your needs. 30,000 Puffs:\u00a0Enjoy up to 30,000 puffs for an uninterrupted smoking [&#8230;]","protected":false},"featured_media":1370,"comment_status":"open","ping_status":"closed","template":"","meta":[],"product_brand":[],"product_cat":[75,77,95,73,100,78,113,71,79,80,81,82,83,84,85,86,87,88,89,90,91,114,104,134,16,92],"product_tag":[],"class_list":{"0":"post-1352","1":"product","2":"type-product","3":"status-publish","4":"has-post-thumbnail","6":"product_cat-2-nicotine-disposable-vape","7":"product_cat-5-nicotine-disposable-vape","8":"product_cat-advanced-vape","9":"product_cat-big-puff-vapes","10":"product_cat-big-puff-vapes-30000","11":"product_cat-disposable-vape-near-me","12":"product_cat-disposable-vape-with-bluetooth-speaker","13":"product_cat-0-5-nicotine-vapes","14":"product_cat-disposable-vapes-in-austria","15":"product_cat-disposable-vapes-in-belgium","16":"product_cat-disposable-vapes-in-france","17":"product_cat-disposable-vapes-in-germany","18":"product_cat-disposable-vapes-in-ltaly","19":"product_cat-disposable-vapes-in-netherlands","20":"product_cat-disposable-vapes-in-norway","21":"product_cat-disposable-vapes-in-poland","22":"product_cat-disposable-vapes-in-portugal","23":"product_cat-disposable-vapes-in-spain","24":"product_cat-disposable-vapes-in-sweden","25":"product_cat-disposable-vapes-in-switzerland","26":"product_cat-disposable-vapes-in-united-states","27":"product_cat-randm-tornado-30000-puff-series","28":"product_cat-randm-tornado-vape","29":"product_cat-tornado-vape","30":"product_cat-uncategorized","31":"product_cat-vape-brands","33":"first","34":"instock","35":"shipping-taxable","36":"purchasable","37":"product-type-variable","38":"has-default-attributes"},"tiered_pricing_type":"fixed","tiered_pricing_fixed_rules":[],"tiered_pricing_product_settings":{"layout":"default","base_unit_name":{"singular":null,"plural":null},"default_variation":null},"tiered_pricing_minimum_quantity":null,"tiered_pricing_roles_data":[],"tiered_pricing_percentage_rules":[],"tiered_pricing_maximum_quantity":null,"tiered_pricing_quantity_step":null,"_links":{"self":[{"href":"https:\/\/vapsolovape.com\/fr\/wp-json\/wp\/v2\/product\/1352","targetHints":{"allow":["GET"]}}],"collection":[{"href":"https:\/\/vapsolovape.com\/fr\/wp-json\/wp\/v2\/product"}],"about":[{"href":"https:\/\/vapsolovape.com\/fr\/wp-json\/wp\/v2\/types\/product"}],"replies":[{"embeddable":true,"href":"https:\/\/vapsolovape.com\/fr\/wp-json\/wp\/v2\/comments?post=1352"}],"wp:featuredmedia":[{"embeddable":true,"href":"https:\/\/vapsolovape.com\/fr\/wp-json\/wp\/v2\/media\/1370"}],"wp:attachment":[{"href":"https:\/\/vapsolovape.com\/fr\/wp-json\/wp\/v2\/media?parent=1352"}],"wp:term":[{"taxonomy":"product_brand","embeddable":true,"href":"https:\/\/vapsolovape.com\/fr\/wp-json\/wp\/v2\/product_brand?post=1352"},{"taxonomy":"product_cat","embeddable":true,"href":"https:\/\/vapsolovape.com\/fr\/wp-json\/wp\/v2\/product_cat?post=1352"},{"taxonomy":"product_tag","embeddable":true,"href":"https:\/\/vapsolovape.com\/fr\/wp-json\/wp\/v2\/product_tag?post=1352"}],"curies":[{"name":"wp","href":"https:\/\/api.w.org\/{rel}","templated":true}]}}