{"id":1421,"date":"2025-02-14T18:19:29","date_gmt":"2025-02-14T10:19:29","guid":{"rendered":"https:\/\/vapsolovape.com\/?post_type=product&#038;p=1421"},"modified":"2025-02-26T14:34:43","modified_gmt":"2025-02-26T06:34:43","slug":"fizzy-luxury-15000-puffs-jetable-vape-online-sales","status":"publish","type":"product","link":"https:\/\/vapsolovape.com\/fr\/produit\/fizzy-luxury-15000-puffs-jetable-vape-online-sales\/","title":{"rendered":"Fizzy Luxury 15000 Puffs Disposable Vape - Shop Online for Premium Vaping"},"content":{"rendered":"<p data-start=\"125\" data-end=\"599\">Le vaporisateur jetable Fizzy Luxury 15000 Puffs offre une exp\u00e9rience de vapotage de haute qualit\u00e9 et de longue dur\u00e9e, avec jusqu'\u00e0 15 000 bouff\u00e9es par appareil. Parfaite pour ceux qui recherchent la commodit\u00e9, des saveurs riches et des performances fiables, cette vape jetable \u00e9l\u00e9gante est con\u00e7ue pour une satisfaction ultime. Avec une g\u00e9n\u00e9reuse capacit\u00e9 d'e-liquide et des options de nicotine 5% et 2%, il r\u00e9pond \u00e0 un large \u00e9ventail de pr\u00e9f\u00e9rences. D\u00e9couvrez le Fizzy Luxury 15000 pour des bouff\u00e9es douces et satisfaisantes \u00e0 chaque fois.<\/p>\n<figure id=\"attachment_6020\" aria-describedby=\"caption-attachment-6020\" style=\"width: 1920px\" class=\"wp-caption alignnone\"><img loading=\"lazy\" decoding=\"async\" class=\"wp-image-6020 size-full\" src=\"https:\/\/dankstarvapes.com\/wp-content\/uploads\/2024\/11\/Fizzy-Luxury-15000-Puffs.webp\" alt=\"Fizzy Luxury 15000\" width=\"1920\" height=\"900\" title=\"\"><figcaption id=\"caption-attachment-6020\" class=\"wp-caption-text\">Fizzy Luxury 15000<\/figcaption><\/figure>\n<hr \/>\n<h2><strong>Caract\u00e9ristiques principales de la Fizzy Luxury 15000 Puffs Vape jetable<\/strong><\/h2>\n<h3><strong>Nombre de bouff\u00e9es in\u00e9gal\u00e9 - Profitez de 15 000 bouff\u00e9es<\/strong><\/h3>\n<p>Avec jusqu'\u00e0 <strong>15 000 bouff\u00e9es<\/strong>, le <strong>Fizzy Luxury 15000 Vape jetable<\/strong> vous permet de tirer le meilleur parti de chaque appareil, r\u00e9duisant ainsi le besoin de remplacements fr\u00e9quents.<\/p>\n<h3><strong>Capacit\u00e9 g\u00e9n\u00e9reuse de E-liquide - 22ml de E-liquide<\/strong><\/h3>\n<p>Chaque dispositif est pr\u00e9-rempli avec <strong>22ml de e-liquide<\/strong>Il est donc possible de l'utiliser plus longtemps sans avoir \u00e0 le recharger. Profitez simplement de sessions de vapotage ininterrompues.<\/p>\n<h3><strong>Options d'intensit\u00e9 de la nicotine - Choisissez 2% ou 5% Nicotine<\/strong><\/h3>\n<p>Pour r\u00e9pondre aux diff\u00e9rentes pr\u00e9f\u00e9rences des utilisateurs, le <strong>Fizzy Luxury 15000<\/strong> offre deux taux de nicotine : <strong>5%<\/strong> pour une exp\u00e9rience forte et satisfaisante, et <strong>2%<\/strong> pour une option plus l\u00e9g\u00e8re.<\/p>\n<hr \/>\n<h2><strong>15 saveurs d\u00e9licieuses - Un go\u00fbt pour chaque vapoteur<\/strong><\/h2>\n<p>Les <strong>Fizzy Luxury 15000 Vape jetable<\/strong> est disponible dans une large gamme de saveurs excitantes, y compris :<\/p>\n<ol>\n<li>Myrtille Framboise<\/li>\n<li>P\u00eache<\/li>\n<li>Raisin<\/li>\n<li>Myrtille<\/li>\n<li>Fraise<\/li>\n<li>Soda \u00e0 la cerise<\/li>\n<li>Limonade \u00e0 la framboise<\/li>\n<li>Pomme acide<\/li>\n<li>Fraise Kiwi Grenade<\/li>\n<li>Citron vert<\/li>\n<li>Fraise et banane<\/li>\n<li>Orange Mangue Past\u00e8que<\/li>\n<li>Red Bull<\/li>\n<li>Limonade rose<\/li>\n<li>Kiwi Fruit de la passion Goyave<\/li>\n<\/ol>\n<p>Chaque ar\u00f4me est con\u00e7u pour offrir une exp\u00e9rience de vapotage riche et agr\u00e9able, parfaite pour tous les types de vapoteurs.<\/p>\n<hr \/>\n<h2><strong>Fonctionnalit\u00e9s avanc\u00e9es pour une exp\u00e9rience de vapotage de premi\u00e8re qualit\u00e9<\/strong><\/h2>\n<h3><strong><img loading=\"lazy\" decoding=\"async\" class=\"alignnone size-full wp-image-6021\" src=\"https:\/\/dankstarvapes.com\/wp-content\/uploads\/2024\/11\/Fizzy-Luxury-15000-Puffs-1-1.webp\" alt=\"\" width=\"1920\" height=\"900\" title=\"\">Fizzy Luxury 15000 Affichage LCD pour plus de commodit\u00e9<\/strong><\/h3>\n<p>Les <strong>Fizzy 15000<\/strong> est dot\u00e9 d'un \u00e9cran LCD int\u00e9gr\u00e9 qui fournit des informations sur l'autonomie de la batterie et le nombre de bouff\u00e9es, afin que vous sachiez toujours quand il est temps de remplacer votre vape ou de la recharger.<\/p>\n<h3><strong>Fizzy Luxury 15000 Chargement rapide avec port Type-C<\/strong><\/h3>\n<p>Pour un temps d'arr\u00eat minimal, le <strong>Fizzy 15000<\/strong> comprend un <strong>Port de charge de type C<\/strong>permettant une recharge rapide et facile \u00e0 tout moment.<\/p>\n<h3><strong>Vaping en douceur - Batterie 650mAh et technologie Mesh Coil<\/strong><\/h3>\n<p>Profitez d'une frappe douce et r\u00e9guli\u00e8re gr\u00e2ce \u00e0 la technologie <strong>Batterie de 650mAh<\/strong> et avanc\u00e9s <strong>technologie des bobines de maille<\/strong>Le syst\u00e8me d'aspiration de l'eau de pluie est un syst\u00e8me d'aspiration de l'eau de pluie, qui offre des performances fiables et une production de vapeur satisfaisante.<\/p>\n<hr \/>\n<h2><strong>Paquet de 10 - Parfait pour partager ou faire des r\u00e9serves<\/strong><\/h2>\n<p>Les <strong>Luxe 15000<\/strong> se pr\u00e9sente en paquets de <strong>10 dispositifs<\/strong>Il s'agit donc d'un produit id\u00e9al \u00e0 partager entre amis ou \u00e0 stocker pour un usage personnel.<\/p>\n<hr \/>\n<h2><strong>Shop Now for Fizzy Luxury 15000 Puffs Disposable Vape<\/strong><\/h2>\n<p>D\u00e9couvrez le meilleur de la vaporisation jetable avec le <strong>Fizzy Luxury 15000 bouff\u00e9es<\/strong>. Que vous soyez novice en mati\u00e8re de vapotage ou utilisateur chevronn\u00e9, cet appareil vous offre une exp\u00e9rience in\u00e9gal\u00e9e. <strong>Commander<\/strong> et b\u00e9n\u00e9ficiez d'une livraison rapide !<\/p>\n<p><strong>Pourquoi nous choisir ?<\/strong><\/p>\n<p>En choisissant le magasin officiel de vapes jetables, vous pouvez b\u00e9n\u00e9ficier de nombreux avantages :<\/p>\n<ul>\n<li><strong>Canal de vente officiel :<\/strong>\u00a0Nous garantissons des produits authentiques et un service de qualit\u00e9.<\/li>\n<li><strong>Commerce de gros et de d\u00e9tail :<\/strong>\u00a0Nous proposons des options d'achat flexibles pour les particuliers et les grossistes.<\/li>\n<li><strong>Assurance qualit\u00e9 :<\/strong>\u00a0Nos produits sont soumis \u00e0 des tests de qualit\u00e9 rigoureux pour garantir votre satisfaction.<\/li>\n<li><strong>Exp\u00e9dition dans le monde entier :<\/strong>\u00a0Nous sommes fiers d'exp\u00e9dier nos produits dans la plupart des r\u00e9gions du monde, ce qui vous permet de profiter de nos produits o\u00f9 que vous soyez.<\/li>\n<li><strong>Exp\u00e9rience dans le secteur :<\/strong>\u00a0Avec plus de 8 ans d'exp\u00e9rience sur le march\u00e9, nous sommes devenus un choix de confiance et de premier ordre.<\/li>\n<li><strong>Partenariats \u00e0 long terme :<\/strong>\u00a0Nous coop\u00e9rons \u00e9galement avec les propri\u00e9taires de magasins locaux en Europe, ce qui nous permet de r\u00e9pondre rapidement aux besoins du march\u00e9 et de maintenir la fra\u00eecheur de nos produits.<\/li>\n<\/ul>\n<p>Choisir nos vapes jetables vous permet non seulement de profiter d'une vari\u00e9t\u00e9 de saveurs, mais aussi de vivre une exp\u00e9rience de vapotage extraordinaire. Pour plus d'informations, veuillez nous rendre visite <a href=\"http:\/\/dankstarvapes.com\" target=\"_blank\" rel=\"noopener\">dankstarvapes.com<\/a>!<\/p>","protected":false},"excerpt":{"rendered":"<p>The Fizzy Luxury 15000 Puffs Disposable Vape offers a high-quality, long-lasting vaping experience, providing up to 15,000 puffs per device. Perfect for those seeking convenience, rich flavors, and reliable performance, this sleek disposable vape is designed for ultimate satisfaction. With a generous e-liquid capacity and options for both 5% and 2% nicotine, it caters to [&#8230;]","protected":false},"featured_media":1434,"comment_status":"open","ping_status":"closed","template":"","meta":[],"product_brand":[],"product_cat":[94,75,77,95,73,78,96,71,79,80,81,82,83,84,85,86,87,88,89,90,91,98,92],"product_tag":[],"class_list":{"0":"post-1421","1":"product","2":"type-product","3":"status-publish","4":"has-post-thumbnail","6":"product_cat-15000-15k-puff-vape","7":"product_cat-2-nicotine-disposable-vape","8":"product_cat-5-nicotine-disposable-vape","9":"product_cat-advanced-vape","10":"product_cat-big-puff-vapes","11":"product_cat-disposable-vape-near-me","12":"product_cat-disposable-vape-with-led-light","13":"product_cat-0-5-nicotine-vapes","14":"product_cat-disposable-vapes-in-austria","15":"product_cat-disposable-vapes-in-belgium","16":"product_cat-disposable-vapes-in-france","17":"product_cat-disposable-vapes-in-germany","18":"product_cat-disposable-vapes-in-ltaly","19":"product_cat-disposable-vapes-in-netherlands","20":"product_cat-disposable-vapes-in-norway","21":"product_cat-disposable-vapes-in-poland","22":"product_cat-disposable-vapes-in-portugal","23":"product_cat-disposable-vapes-in-spain","24":"product_cat-disposable-vapes-in-sweden","25":"product_cat-disposable-vapes-in-switzerland","26":"product_cat-disposable-vapes-in-united-states","27":"product_cat-fizzy-vapes","28":"product_cat-vape-brands","30":"first","31":"instock","32":"shipping-taxable","33":"purchasable","34":"product-type-variable","35":"has-default-attributes"},"tiered_pricing_type":"fixed","tiered_pricing_fixed_rules":[],"tiered_pricing_product_settings":{"layout":"default","base_unit_name":{"singular":null,"plural":null},"default_variation":null},"tiered_pricing_minimum_quantity":null,"tiered_pricing_roles_data":[],"tiered_pricing_percentage_rules":[],"tiered_pricing_maximum_quantity":null,"tiered_pricing_quantity_step":null,"_links":{"self":[{"href":"https:\/\/vapsolovape.com\/fr\/wp-json\/wp\/v2\/product\/1421","targetHints":{"allow":["GET"]}}],"collection":[{"href":"https:\/\/vapsolovape.com\/fr\/wp-json\/wp\/v2\/product"}],"about":[{"href":"https:\/\/vapsolovape.com\/fr\/wp-json\/wp\/v2\/types\/product"}],"replies":[{"embeddable":true,"href":"https:\/\/vapsolovape.com\/fr\/wp-json\/wp\/v2\/comments?post=1421"}],"wp:featuredmedia":[{"embeddable":true,"href":"https:\/\/vapsolovape.com\/fr\/wp-json\/wp\/v2\/media\/1434"}],"wp:attachment":[{"href":"https:\/\/vapsolovape.com\/fr\/wp-json\/wp\/v2\/media?parent=1421"}],"wp:term":[{"taxonomy":"product_brand","embeddable":true,"href":"https:\/\/vapsolovape.com\/fr\/wp-json\/wp\/v2\/product_brand?post=1421"},{"taxonomy":"product_cat","embeddable":true,"href":"https:\/\/vapsolovape.com\/fr\/wp-json\/wp\/v2\/product_cat?post=1421"},{"taxonomy":"product_tag","embeddable":true,"href":"https:\/\/vapsolovape.com\/fr\/wp-json\/wp\/v2\/product_tag?post=1421"}],"curies":[{"name":"wp","href":"https:\/\/api.w.org\/{rel}","templated":true}]}}