{"id":2910,"date":"2025-02-14T18:27:55","date_gmt":"2025-02-14T10:27:55","guid":{"rendered":"https:\/\/vapsolovape.com\/?post_type=product&#038;p=2910"},"modified":"2025-02-24T21:48:43","modified_gmt":"2025-02-24T13:48:43","slug":"vapen-mrs-pro-15000-bouffees-vape-rechargeable-reglable","status":"publish","type":"product","link":"https:\/\/vapsolovape.com\/fr\/produit\/vapen-mrs-pro-15000-bouffees-vape-rechargeable-reglable\/","title":{"rendered":"VAPEN MRS PRO 15000 Puffs Vape - Rechargeable et personnalisable avec des r\u00e9glages ajustables"},"content":{"rendered":"<p data-start=\"144\" data-end=\"428\">Bienvenue sur le site de la <strong data-start=\"159\" data-end=\"193\">VAPEN MRS PRO 15000 Puffs Vape<\/strong>La nouvelle g\u00e9n\u00e9ration de vapoteurs est la solution parfaite pour les vapoteurs qui souhaitent une exp\u00e9rience \u00e9tendue, personnalisable et pleine de saveur. Avec un impressionnant <strong data-start=\"309\" data-end=\"325\">15 000 bouff\u00e9es<\/strong>En outre, ce dispositif offre une satisfaction durable sans qu'il soit n\u00e9cessaire de le recharger ou de le remplacer en permanence.<\/p>\n<p data-start=\"430\" data-end=\"687\">Con\u00e7u avec un <strong data-start=\"446\" data-end=\"479\">puissante batterie rechargeable<\/strong>Le VAPEN MRS PRO vous permet de continuer \u00e0 vaper sans interruption. De plus, avec une gamme de saveurs excitantes \u00e0 choisir, vous profiterez d'une exp\u00e9rience de vapotage unique et personnalis\u00e9e \u00e0 chaque fois que vous le prendrez en main.<\/p>\n<figure id=\"attachment_7759\" aria-describedby=\"caption-attachment-7759\" style=\"width: 800px\" class=\"wp-caption alignnone\"><img loading=\"lazy\" decoding=\"async\" class=\"wp-image-7759 size-large\" src=\"https:\/\/dankstarvapes.com\/wp-content\/uploads\/2024\/12\/VAPEN-Mrs-Pro-15000-Puffs-Digital-Screen-19-800x800.webp\" alt=\"VAPEN Vape 15000 bouff\u00e9es\" width=\"800\" height=\"800\" title=\"\"><figcaption id=\"caption-attachment-7759\" class=\"wp-caption-text\">VAPEN Vape 15000 bouff\u00e9es<\/figcaption><\/figure>\n<h3><strong>Caract\u00e9ristiques principales de VAPEN MRS PRO 15000 Puffs Vape<\/strong><\/h3>\n<ul>\n<li><strong>Jusqu'\u00e0 15 000 bouff\u00e9es :<\/strong> Profitez d'une exp\u00e9rience de vapotage prolong\u00e9e gr\u00e2ce \u00e0 un nombre de bouff\u00e9es \u00e9lev\u00e9, id\u00e9al pour ceux qui souhaitent une satisfaction durable.<\/li>\n<li><strong>Capacit\u00e9 g\u00e9n\u00e9reuse de 24 ml d'e-liquide :<\/strong> Rempli de 24 ml d'e-liquide de qualit\u00e9 sup\u00e9rieure, vous profiterez d'une vape ininterrompue sans avoir besoin de recharges fr\u00e9quentes.<\/li>\n<li><strong>2% Teneur en nicotine :<\/strong> Parfait pour ceux qui pr\u00e9f\u00e8rent une exp\u00e9rience nicotinique \u00e9quilibr\u00e9e et douce, id\u00e9al pour les vapoteurs occasionnels et exp\u00e9riment\u00e9s.<\/li>\n<li><strong>Batterie rechargeable de 850mAh :<\/strong> La puissante batterie rechargeable offre des performances constantes, garantissant que vous tirez le meilleur parti de chaque bouff\u00e9e. Recharge rapide gr\u00e2ce au port de charge de type C.<\/li>\n<li><strong>Noyau d'huile rechargeable :<\/strong> Le syst\u00e8me pratique d'huile rechargeable vous permet de personnaliser votre exp\u00e9rience de vapotage et de r\u00e9duire les d\u00e9chets.<\/li>\n<li><strong>Flux d'air r\u00e9glable :<\/strong> Adaptez votre tirage \u00e0 vos pr\u00e9f\u00e9rences gr\u00e2ce au d\u00e9bit d'air r\u00e9glable, qui vous permet d'obtenir une bouff\u00e9e plus ou moins forte, selon votre humeur.<\/li>\n<li><strong>S\u00e9paration des noyaux d'huile :<\/strong> La technologie avanc\u00e9e de s\u00e9paration des noyaux d'huile garantit une utilisation efficace de l'e-liquide, en am\u00e9liorant la saveur et en minimisant les d\u00e9chets.<\/li>\n<li><strong>12 saveurs passionnantes :<\/strong> Choisissez parmi 12 profils de saveurs uniques et d\u00e9licieux, des m\u00e9langes fruit\u00e9s comme le <strong>Past\u00e8que \u00e0 la fraise<\/strong> pour rafra\u00eechir des options telles que <strong>Glace luxuriante<\/strong>. Parfait pour tous les palais !<\/li>\n<\/ul>\n<hr \/>\n<h3><strong>Pourquoi choisir VAPEN MRS PRO 15000 Puffs Vape ?<\/strong><\/h3>\n<ul>\n<li><strong>Utilisation prolong\u00e9e :<\/strong> Avec jusqu'\u00e0 15 000 bouff\u00e9es, profitez d'une exp\u00e9rience de vapotage de longue dur\u00e9e, id\u00e9ale pour les utilisateurs qui veulent en savoir plus sur leur vaporisateur jetable.<\/li>\n<li><strong>Personnalisation des ar\u00f4mes :<\/strong> D\u00e9couvrez une grande vari\u00e9t\u00e9 d'ar\u00f4mes de premi\u00e8re qualit\u00e9, offrant un go\u00fbt unique \u00e0 chaque bouff\u00e9e.<\/li>\n<li><strong>Commodit\u00e9 et efficacit\u00e9 :<\/strong> La batterie rechargeable de 850mAh et le port de charge Type-C garantissent une recharge rapide et une utilisation sans tracas. De plus, le syst\u00e8me d'huile rechargeable et la s\u00e9paration des noyaux d'huile minimisent les d\u00e9chets tout en maximisant la saveur.<\/li>\n<li><strong>Flux d'air r\u00e9glable :<\/strong> Personnalisez votre exp\u00e9rience de vapotage en r\u00e9glant le flux d'air, ce qui vous donne un contr\u00f4le total sur vos tirages.<\/li>\n<li><strong>Options de vente en gros et en vrac :<\/strong> Id\u00e9al pour les d\u00e9taillants et les distributeurs, le VAPEN MRS PRO 15000 Puffs Vape est disponible en vrac (10 appareils par bo\u00eete de pr\u00e9sentation et 200 par carton), offrant des prix comp\u00e9titifs et des performances de haute qualit\u00e9.<\/li>\n<\/ul>\n<hr \/>\n<h3><strong>Options d'ar\u00f4mes :<\/strong><\/h3>\n<ol>\n<li><strong>Past\u00e8que \u00e0 la fraise<\/strong><\/li>\n<li><strong>Cerise<\/strong><\/li>\n<li><strong>Kiwi Fruit de la passion Goyave<\/strong><\/li>\n<li><strong>M. Bleu<\/strong><\/li>\n<li><strong>Glace luxuriante<\/strong><\/li>\n<li><strong>Baies m\u00e9lang\u00e9es<\/strong><\/li>\n<li><strong>Myrtille Framboise<\/strong><\/li>\n<li><strong>Glace du dragon noir<\/strong><\/li>\n<li><strong>Glace \u00e0 la p\u00eache<\/strong><\/li>\n<li><strong>Amour 66<\/strong><\/li>\n<li><strong>Haway<\/strong><\/li>\n<li><strong>Lady Killa<\/strong><\/li>\n<\/ol>\n<figure id=\"attachment_7760\" aria-describedby=\"caption-attachment-7760\" style=\"width: 800px\" class=\"wp-caption alignnone\"><img loading=\"lazy\" decoding=\"async\" class=\"wp-image-7760 size-large\" src=\"https:\/\/dankstarvapes.com\/wp-content\/uploads\/2024\/12\/VAPEN-Mrs-Pro-15000-Puffs-34-800x800.webp\" alt=\"VAPEN Vape 15000 bouff\u00e9es\" width=\"800\" height=\"800\" title=\"\"><figcaption id=\"caption-attachment-7760\" class=\"wp-caption-text\">VAPEN Vape 15000 bouff\u00e9es<\/figcaption><\/figure>\n<hr \/>\n<h3><strong>Commandez votre VAPEN MRS PRO 15000 Puffs aujourd'hui !<\/strong><\/h3>\n<p>Que vous souhaitiez vous adonner \u00e0 une exp\u00e9rience de vapotage haut de gamme ou faire des r\u00e9serves pour votre magasin, les <strong>VAPEN MRS PRO 15000 Puffs Vape<\/strong> est le choix parfait. Commandez maintenant et faites l'exp\u00e9rience de la commodit\u00e9, de la saveur et de la satisfaction prolong\u00e9e que seul VAPEN peut offrir. Parfait pour l'usage personnel ou l'achat en gros !<\/p>\n<hr \/>\n<p><strong>Exp\u00e9dition rapide et service fiable<\/strong> Nous offrons une livraison rapide et s\u00e9curis\u00e9e dans toute l'Europe, garantissant que vous recevrez votre VAPEN MRS PRO 15000 Puffs Vape rapidement et de mani\u00e8re fiable.<\/p>\n<hr \/>\n<p><strong>Obtenez le v\u00f4tre maintenant - Faites l'exp\u00e9rience du nec plus ultra en mati\u00e8re de vapotage jetable !<\/strong><\/p>\n<p><strong>Pourquoi nous choisir ?<\/strong><\/p>\n<p>En choisissant le magasin officiel de vapes jetables, vous pouvez b\u00e9n\u00e9ficier de nombreux avantages :<\/p>\n<ul>\n<li><strong>Canal de vente officiel :<\/strong>\u00a0Nous garantissons des produits authentiques et un service de qualit\u00e9.<\/li>\n<li><strong>Commerce de gros et de d\u00e9tail :<\/strong>\u00a0Nous proposons des options d'achat flexibles pour les particuliers et les grossistes.<\/li>\n<li><strong>Assurance qualit\u00e9 :<\/strong>\u00a0Nos produits sont soumis \u00e0 des tests de qualit\u00e9 rigoureux pour garantir votre satisfaction.<\/li>\n<li><strong>Exp\u00e9dition dans le monde entier :<\/strong>\u00a0Nous sommes fiers d'exp\u00e9dier nos produits dans la plupart des r\u00e9gions du monde, ce qui vous permet de profiter de nos produits o\u00f9 que vous soyez.<\/li>\n<li><strong>Exp\u00e9rience dans le secteur :<\/strong>\u00a0Avec plus de 8 ans d'exp\u00e9rience sur le march\u00e9, nous sommes devenus un choix de confiance et de premier ordre.<\/li>\n<li><strong>Partenariats \u00e0 long terme :<\/strong>\u00a0Nous coop\u00e9rons \u00e9galement avec les propri\u00e9taires de magasins locaux en Europe, ce qui nous permet de r\u00e9pondre rapidement aux besoins du march\u00e9 et de maintenir la fra\u00eecheur de nos produits.<\/li>\n<\/ul>\n<p>Choisir nos vapes jetables vous permet non seulement de profiter d'une vari\u00e9t\u00e9 de saveurs, mais aussi de vivre une exp\u00e9rience de vapotage extraordinaire. Pour plus d'informations, veuillez nous rendre visite <a href=\"http:\/\/dankstarvapes.com\" target=\"_blank\" rel=\"noopener\">dankstarvapes.com<\/a>!<\/p>","protected":false},"excerpt":{"rendered":"<p>Welcome to the VAPEN MRS PRO 15000 Puffs Vape, the perfect solution for vapers who crave an extended, customizable, and flavorful experience. With an impressive 15,000 puffs, this device provides long-lasting satisfaction without the need for constant refills or replacements. Designed with a powerful rechargeable battery, the VAPEN MRS PRO ensures you can keep vaping [&#8230;]","protected":false},"featured_media":2918,"comment_status":"open","ping_status":"closed","template":"","meta":[],"product_brand":[],"product_cat":[94,75,73,78,71,79,80,81,82,83,84,85,86,87,88,89,90,91,92,126],"product_tag":[],"class_list":{"0":"post-2910","1":"product","2":"type-product","3":"status-publish","4":"has-post-thumbnail","6":"product_cat-15000-15k-puff-vape","7":"product_cat-2-nicotine-disposable-vape","8":"product_cat-big-puff-vapes","9":"product_cat-disposable-vape-near-me","10":"product_cat-0-5-nicotine-vapes","11":"product_cat-disposable-vapes-in-austria","12":"product_cat-disposable-vapes-in-belgium","13":"product_cat-disposable-vapes-in-france","14":"product_cat-disposable-vapes-in-germany","15":"product_cat-disposable-vapes-in-ltaly","16":"product_cat-disposable-vapes-in-netherlands","17":"product_cat-disposable-vapes-in-norway","18":"product_cat-disposable-vapes-in-poland","19":"product_cat-disposable-vapes-in-portugal","20":"product_cat-disposable-vapes-in-spain","21":"product_cat-disposable-vapes-in-sweden","22":"product_cat-disposable-vapes-in-switzerland","23":"product_cat-disposable-vapes-in-united-states","24":"product_cat-vape-brands","25":"product_cat-vapen-vape","27":"first","28":"instock","29":"shipping-taxable","30":"purchasable","31":"product-type-variable","32":"has-default-attributes"},"tiered_pricing_type":"fixed","tiered_pricing_fixed_rules":[],"tiered_pricing_product_settings":{"layout":"default","base_unit_name":{"singular":null,"plural":null},"default_variation":null},"tiered_pricing_minimum_quantity":null,"tiered_pricing_roles_data":[],"tiered_pricing_percentage_rules":[],"tiered_pricing_maximum_quantity":null,"tiered_pricing_quantity_step":null,"_links":{"self":[{"href":"https:\/\/vapsolovape.com\/fr\/wp-json\/wp\/v2\/product\/2910","targetHints":{"allow":["GET"]}}],"collection":[{"href":"https:\/\/vapsolovape.com\/fr\/wp-json\/wp\/v2\/product"}],"about":[{"href":"https:\/\/vapsolovape.com\/fr\/wp-json\/wp\/v2\/types\/product"}],"replies":[{"embeddable":true,"href":"https:\/\/vapsolovape.com\/fr\/wp-json\/wp\/v2\/comments?post=2910"}],"wp:featuredmedia":[{"embeddable":true,"href":"https:\/\/vapsolovape.com\/fr\/wp-json\/wp\/v2\/media\/2918"}],"wp:attachment":[{"href":"https:\/\/vapsolovape.com\/fr\/wp-json\/wp\/v2\/media?parent=2910"}],"wp:term":[{"taxonomy":"product_brand","embeddable":true,"href":"https:\/\/vapsolovape.com\/fr\/wp-json\/wp\/v2\/product_brand?post=2910"},{"taxonomy":"product_cat","embeddable":true,"href":"https:\/\/vapsolovape.com\/fr\/wp-json\/wp\/v2\/product_cat?post=2910"},{"taxonomy":"product_tag","embeddable":true,"href":"https:\/\/vapsolovape.com\/fr\/wp-json\/wp\/v2\/product_tag?post=2910"}],"curies":[{"name":"wp","href":"https:\/\/api.w.org\/{rel}","templated":true}]}}