{"id":3034,"date":"2025-02-14T18:28:45","date_gmt":"2025-02-14T10:28:45","guid":{"rendered":"https:\/\/vapsolovape.com\/?post_type=product&#038;p=3034"},"modified":"2025-02-24T18:23:28","modified_gmt":"2025-02-24T10:23:28","slug":"vapmod-sniper-25000-puffs-vape-premium-leather-design","status":"publish","type":"product","link":"https:\/\/vapsolovape.com\/fr\/produit\/vapmod-sniper-25000-puffs-vape-premium-leather-design\/","title":{"rendered":"VAPMOD SNIPER 25000 Puffs Vape - Design en cuir de premi\u00e8re qualit\u00e9, performance longue dur\u00e9e"},"content":{"rendered":"<p data-start=\"177\" data-end=\"644\">Le VAPMOD SNIPER 25000 Puffs Vape est le nec plus ultra des vapeurs jetables, con\u00e7u pour les vapoteurs exigeants. Dot\u00e9 d'un design \u00e9l\u00e9gant en cuir de premi\u00e8re qualit\u00e9 et d'une technologie de pointe, cet appareil d\u00e9livre jusqu'\u00e0 25 000 bouff\u00e9es de vapeur douce et savoureuse. Que vous pr\u00e9f\u00e9riez le vapotage direct (DTL) ou le vapotage bouche-poumon (MTL), le SNIPER offre une polyvalence, une durabilit\u00e9 et des performances in\u00e9gal\u00e9es. Am\u00e9liorez votre exp\u00e9rience de vapotage avec cet appareil luxueux et durable.<\/p>\n<figure id=\"attachment_7916\" aria-describedby=\"caption-attachment-7916\" style=\"width: 800px\" class=\"wp-caption alignnone\"><img loading=\"lazy\" decoding=\"async\" class=\"size-full wp-image-7916\" src=\"https:\/\/dankstarvapes.com\/wp-content\/uploads\/2024\/12\/VAPMOD-SNIPER-25000-Puffs-2.webp\" alt=\"VAPMOD SNIPER 25000 bouff\u00e9es\" width=\"800\" height=\"1132\" title=\"\"><figcaption id=\"caption-attachment-7916\" class=\"wp-caption-text\">VAPMOD SNIPER 25000 bouff\u00e9es<\/figcaption><\/figure>\n<h4>Caract\u00e9ristiques principales de VAPMOD SNIPER 25000 Puffs Vape :<\/h4>\n<ul>\n<li><strong>Grande capacit\u00e9 de bouff\u00e9e<\/strong>: Profitez de jusqu'\u00e0 <strong>25 000 bouff\u00e9es<\/strong>Les produits de la gamme de produits de l'UE ont \u00e9t\u00e9 con\u00e7us de mani\u00e8re \u00e0 r\u00e9duire les besoins de remplacements fr\u00e9quents et \u00e0 garantir une satisfaction durable.<\/li>\n<li><strong>Intensit\u00e9 de la nicotine<\/strong>: Disponible en <strong>3% sel de nicotine<\/strong> et offre un hit satisfaisant pour tous les types de vapoteurs.<\/li>\n<li><strong>Capacit\u00e9 de 22ml de E-Liquide<\/strong>: Le grand r\u00e9servoir d'e-liquide permet une utilisation prolong\u00e9e avec moins de recharges, ce qui vous permet de tenir tout au long de la journ\u00e9e.<\/li>\n<li><strong>iDUOMESH Dual Mesh Coil<\/strong>: Pour une saveur riche et une vapeur douce, la technologie dual mesh assure un chauffage homog\u00e8ne, am\u00e9liorant votre exp\u00e9rience de vapotage \u00e0 chaque bouff\u00e9e.<\/li>\n<li><strong>Flux d'air r\u00e9glable<\/strong>: Que vous pr\u00e9f\u00e9riez un tirage serr\u00e9 pour la MTL ou un tirage l\u00e2che pour la DTL, le <strong>d\u00e9bit d'air r\u00e9glable<\/strong> vous permet de personnaliser votre exp\u00e9rience de vapotage en fonction de vos besoins.<\/li>\n<li><strong>Batterie rechargeable 900mAh<\/strong>: La batterie longue dur\u00e9e garantit des performances constantes, et l'utilisation de l'appareil en toute s\u00e9curit\u00e9. <strong>Port de charge de type C<\/strong> permet une recharge rapide, minimisant ainsi les temps d'arr\u00eat.<\/li>\n<li><strong>Mega Display LED<\/strong>: Le <strong>grand \u00e9cran LED<\/strong> permet de contr\u00f4ler en temps r\u00e9el l'autonomie de la batterie, le nombre de bouff\u00e9es et le niveau d'e-liquide pour une exp\u00e9rience de vapotage sans souci.<\/li>\n<li><strong>Cuir de premi\u00e8re qualit\u00e9<\/strong>: La finition en cuir sophistiqu\u00e9e n'est pas seulement esth\u00e9tique, elle est aussi confortable dans la main, ce qui en fait la combinaison parfaite du style et de la fonctionnalit\u00e9.<\/li>\n<\/ul>\n<h4>Options de saveurs<\/h4>\n<p>Choisissez parmi une gamme de <strong>12 saveurs passionnantes<\/strong>La gamme de produits comprend des boissons fruit\u00e9es, menthol\u00e9es et m\u00e9lang\u00e9es, con\u00e7ues pour satisfaire tous les palais :<\/p>\n<ul>\n<li><strong>M\u00fbre Dragonfruit<\/strong><\/li>\n<li><strong>Bleu Framboise Cerise Citron<\/strong><\/li>\n<li><strong>Bleu Razz<\/strong><\/li>\n<li><strong>Muffins aux myrtilles<\/strong><\/li>\n<li><strong>Raisin vert<\/strong><\/li>\n<li><strong>Monnaie de Miami<\/strong><\/li>\n<li><strong>Glace \u00e0 la p\u00eache<\/strong><\/li>\n<li><strong>Ananas noix de coco<\/strong><\/li>\n<li><strong>Bombes roses<\/strong><\/li>\n<li><strong>Raisin Sakura<\/strong><\/li>\n<li><strong>Fraise Kiwi<\/strong><\/li>\n<li><strong>Glace \u00e0 la past\u00e8que<\/strong><\/li>\n<\/ul>\n<figure id=\"attachment_7917\" aria-describedby=\"caption-attachment-7917\" style=\"width: 932px\" class=\"wp-caption alignnone\"><img loading=\"lazy\" decoding=\"async\" class=\"wp-image-7917\" src=\"https:\/\/dankstarvapes.com\/wp-content\/uploads\/2024\/12\/VAPMOD-SNIPER-25000-Puffs-3-761x400.webp\" alt=\"VAPMOD SNIPER 25000 bouff\u00e9es\" width=\"932\" height=\"490\" title=\"\"><figcaption id=\"caption-attachment-7917\" class=\"wp-caption-text\">VAPMOD SNIPER 25000 bouff\u00e9es<\/figcaption><\/figure>\n<h4>Pourquoi choisir VAPMOD SNIPER 25000 Puffs Vape ?<\/h4>\n<ul>\n<li><strong>Vaping polyvalent<\/strong>: Parfaite pour les amateurs de DTL et de MTL, la <strong>VAPMOD SNIPER 25000 bouff\u00e9es<\/strong> offre une exp\u00e9rience de vapotage personnalisable.<\/li>\n<li><strong>Durabilit\u00e9 et performance<\/strong>: Avec une technologie de bobine avanc\u00e9e, un flux d'air r\u00e9glable et une batterie longue dur\u00e9e, cette vape est con\u00e7ue pour fournir une saveur et une production de vapeur constantes.<\/li>\n<li><strong>Design \u00e9l\u00e9gant<\/strong>: L'ext\u00e9rieur en cuir ajoute une touche de luxe, ce qui en fait non seulement un appareil fonctionnel mais aussi un accessoire \u00e9l\u00e9gant.<\/li>\n<li><strong>Longue dur\u00e9e<\/strong>: Avec <strong>25 000 bouff\u00e9es<\/strong> et un <strong>Capacit\u00e9 de 22 ml d'e-liquide<\/strong>En outre, cette vape durera plus longtemps, ce qui signifie moins de remplacements et plus de commodit\u00e9.<\/li>\n<li><strong>Parfait pour le commerce de gros<\/strong>: Emball\u00e9 dans <strong>5 pi\u00e8ces par bo\u00eete<\/strong>Le VAPMOD SNIPER est id\u00e9al pour les d\u00e9taillants et les distributeurs qui souhaitent offrir \u00e0 leurs clients une vape jetable de haute qualit\u00e9.<\/li>\n<\/ul>\n<h4>Emballage et exp\u00e9dition<\/h4>\n<ul>\n<li><strong>Taille de l'emballage<\/strong>: 5 unit\u00e9s par paquet<\/li>\n<li><strong>Exp\u00e9dition<\/strong>: Livraison efficace et rapide dans le monde entier, avec prise en charge de toutes les formalit\u00e9s d'exp\u00e9dition et de d\u00e9douanement pour une exp\u00e9rience sans tracas.<\/li>\n<\/ul>\n<hr \/>\n<h3>Am\u00e9liorez votre exp\u00e9rience de vapotage d\u00e8s aujourd'hui !<\/h3>\n<p>Gr\u00e2ce \u00e0 ses performances durables, \u00e0 ses fonctions r\u00e9glables et \u00e0 son design haut de gamme, le <strong>VAPMOD SNIPER 25000 Puffs Vape<\/strong> est parfait pour les vapoteurs qui exigent le meilleur. Que vous soyez un vapoteur occasionnel ou un enthousiaste chevronn\u00e9, cet appareil offre une saveur et une satisfaction sup\u00e9rieures. Ne passez pas \u00e0 c\u00f4t\u00e9 de l'exp\u00e9rience ultime de vapotage.<\/p>\n<p><strong>Procurez-vous le v\u00f4tre d\u00e8s aujourd'hui et vapotez comme un pro avec le VAPMOD SNIPER 25000 Puffs Vape !<\/strong><\/p>\n<p><strong>Pourquoi nous choisir ?<\/strong><\/p>\n<p>En choisissant le magasin officiel de vapes jetables, vous pouvez b\u00e9n\u00e9ficier de nombreux avantages :<\/p>\n<ul>\n<li><strong>Canal de vente officiel :<\/strong>\u00a0Nous garantissons des produits authentiques et un service de qualit\u00e9.<\/li>\n<li><strong>Commerce de gros et de d\u00e9tail :<\/strong>\u00a0Nous proposons des options d'achat flexibles pour les particuliers et les grossistes.<\/li>\n<li><strong>Assurance qualit\u00e9 :<\/strong>\u00a0Nos produits sont soumis \u00e0 des tests de qualit\u00e9 rigoureux pour garantir votre satisfaction.<\/li>\n<li><strong>Exp\u00e9dition dans le monde entier :<\/strong>\u00a0Nous sommes fiers d'exp\u00e9dier nos produits dans la plupart des r\u00e9gions du monde, ce qui vous permet de profiter de nos produits o\u00f9 que vous soyez.<\/li>\n<li><strong>Exp\u00e9rience dans le secteur :<\/strong>\u00a0Avec plus de 8 ans d'exp\u00e9rience sur le march\u00e9, nous sommes devenus un choix de confiance et de premier ordre.<\/li>\n<li><strong>Partenariats \u00e0 long terme :<\/strong>\u00a0Nous coop\u00e9rons \u00e9galement avec les propri\u00e9taires de magasins locaux en Europe, ce qui nous permet de r\u00e9pondre rapidement aux besoins du march\u00e9 et de maintenir la fra\u00eecheur de nos produits.<\/li>\n<\/ul>\n<p>Choisir nos vapes jetables vous permet non seulement de profiter d'une vari\u00e9t\u00e9 de saveurs, mais aussi de vivre une exp\u00e9rience de vapotage extraordinaire. Pour plus d'informations, veuillez nous rendre visite <a href=\"http:\/\/dankstarvapes.com\" target=\"_blank\" rel=\"noopener\">dankstarvapes.com<\/a>!<\/p>","protected":false},"excerpt":{"rendered":"<p>The VAPMOD SNIPER 25000 Puffs Vape is the ultimate disposable vape, designed for the discerning vaper. Featuring a sleek, premium leather design and cutting-edge technology, this device delivers up to 25,000 puffs of smooth, flavorful vapor. Whether you prefer Direct-to-Lung (DTL) or Mouth-to-Lung (MTL) vaping, the SNIPER offers unmatched versatility, durability, and top-tier performance. Elevate [&#8230;]","protected":false},"featured_media":3069,"comment_status":"open","ping_status":"closed","template":"","meta":[],"product_brand":[],"product_cat":[111,76,95,73,78,97,71,79,80,81,82,83,84,85,86,87,88,89,90,91,92,127],"product_tag":[],"class_list":{"0":"post-3034","1":"product","2":"type-product","3":"status-publish","4":"has-post-thumbnail","6":"product_cat-25000-25k-puff-vape","7":"product_cat-3-nicotine-disposable-vape","8":"product_cat-advanced-vape","9":"product_cat-big-puff-vapes","10":"product_cat-disposable-vape-near-me","11":"product_cat-disposable-vape-with-screen","12":"product_cat-0-5-nicotine-vapes","13":"product_cat-disposable-vapes-in-austria","14":"product_cat-disposable-vapes-in-belgium","15":"product_cat-disposable-vapes-in-france","16":"product_cat-disposable-vapes-in-germany","17":"product_cat-disposable-vapes-in-ltaly","18":"product_cat-disposable-vapes-in-netherlands","19":"product_cat-disposable-vapes-in-norway","20":"product_cat-disposable-vapes-in-poland","21":"product_cat-disposable-vapes-in-portugal","22":"product_cat-disposable-vapes-in-spain","23":"product_cat-disposable-vapes-in-sweden","24":"product_cat-disposable-vapes-in-switzerland","25":"product_cat-disposable-vapes-in-united-states","26":"product_cat-vape-brands","27":"product_cat-vapmod-vape","29":"first","30":"instock","31":"shipping-taxable","32":"purchasable","33":"product-type-variable","34":"has-default-attributes"},"tiered_pricing_type":"fixed","tiered_pricing_fixed_rules":[],"tiered_pricing_product_settings":{"layout":"default","base_unit_name":{"singular":null,"plural":null},"default_variation":null},"tiered_pricing_minimum_quantity":null,"tiered_pricing_roles_data":[],"tiered_pricing_percentage_rules":[],"tiered_pricing_maximum_quantity":null,"tiered_pricing_quantity_step":null,"_links":{"self":[{"href":"https:\/\/vapsolovape.com\/fr\/wp-json\/wp\/v2\/product\/3034","targetHints":{"allow":["GET"]}}],"collection":[{"href":"https:\/\/vapsolovape.com\/fr\/wp-json\/wp\/v2\/product"}],"about":[{"href":"https:\/\/vapsolovape.com\/fr\/wp-json\/wp\/v2\/types\/product"}],"replies":[{"embeddable":true,"href":"https:\/\/vapsolovape.com\/fr\/wp-json\/wp\/v2\/comments?post=3034"}],"wp:featuredmedia":[{"embeddable":true,"href":"https:\/\/vapsolovape.com\/fr\/wp-json\/wp\/v2\/media\/3069"}],"wp:attachment":[{"href":"https:\/\/vapsolovape.com\/fr\/wp-json\/wp\/v2\/media?parent=3034"}],"wp:term":[{"taxonomy":"product_brand","embeddable":true,"href":"https:\/\/vapsolovape.com\/fr\/wp-json\/wp\/v2\/product_brand?post=3034"},{"taxonomy":"product_cat","embeddable":true,"href":"https:\/\/vapsolovape.com\/fr\/wp-json\/wp\/v2\/product_cat?post=3034"},{"taxonomy":"product_tag","embeddable":true,"href":"https:\/\/vapsolovape.com\/fr\/wp-json\/wp\/v2\/product_tag?post=3034"}],"curies":[{"name":"wp","href":"https:\/\/api.w.org\/{rel}","templated":true}]}}