{"id":376,"date":"2025-02-14T18:15:05","date_gmt":"2025-02-14T10:15:05","guid":{"rendered":"https:\/\/vapsolovape.com\/?post_type=product&#038;p=376"},"modified":"2025-05-30T07:06:12","modified_gmt":"2025-05-29T23:06:12","slug":"elf-box-digital-12000-puff-disposable-vape-0235-wholesaleretail","status":"publish","type":"product","link":"https:\/\/vapsolovape.com\/fr\/produit\/elf-box-digital-12000-puff-disposable-vape-0235-wholesaleretail\/","title":{"rendered":"Elf Box Digital 12000 Puffs Vape jetable - 23% Options de vente en gros, au d\u00e9tail et \u00e0 prix r\u00e9duit !"},"content":{"rendered":"<div id=\"tab-description\" class=\"woocommerce-Tabs-panel woocommerce-Tabs-panel--description panel entry-content active\" role=\"tabpanel\" aria-labelledby=\"tab-title-description\">\n<p data-start=\"134\" data-end=\"597\">Les <strong data-start=\"138\" data-end=\"185\">Elf Box Digital 12000 Puffs Disposable Vape<\/strong> is designed to be your perfect companion on a remarkable vaping journey. Engineered for flavor enthusiasts, this device offers an impressive <strong data-start=\"327\" data-end=\"343\">12 000 bouff\u00e9es<\/strong>, ensuring you can enjoy extended sessions without the hassle of constant replacements. Whether you\u2019re a casual vaper or a dedicated enthusiast, the <strong data-start=\"492\" data-end=\"503\">Elf Box<\/strong> guarantees satisfaction with every puff, delivering exceptional flavor and lasting enjoyment.<\/p>\n<figure id=\"attachment_5612\" class=\"wp-caption aligncenter\" style=\"width: 1702px;\" aria-describedby=\"caption-attachment-5612\"><figcaption id=\"caption-attachment-5612\" class=\"wp-caption-text\">\n<figure id=\"attachment_4833\" aria-describedby=\"caption-attachment-4833\" style=\"width: 1702px\" class=\"wp-caption alignnone\"><img loading=\"lazy\" decoding=\"async\" class=\"wp-image-4833 size-full\" src=\"https:\/\/dankstarvapes.com\/wp-content\/uploads\/2024\/11\/ELF-BOX-12000-puff-1_format.webp\" alt=\"Elf Box digital 12000\" width=\"1702\" height=\"1276\" title=\"\"><figcaption id=\"caption-attachment-4833\" class=\"wp-caption-text\">Elf Box digital 12000<\/figcaption><\/figure>\n<\/figcaption><\/figure>\n<h3>Outstanding Features for Maximum Enjoyment<\/h3>\n<p>The ELF BOX comes with a generous <strong>Capacit\u00e9 de 25 ml d'e-liquide<\/strong>, allowing for extended use between refills. It is available in multiple nicotine strengths of <strong>0%<\/strong>, <strong>2%<\/strong>, <strong>3%<\/strong>et <strong>5%<\/strong>, giving you the flexibility to tailor your experience. With a powerful <strong>13350-500mAh rechargeable battery<\/strong>, you\u2019ll always have reliable power at your disposal. The device also features a , providing clear visibility of your battery life and e-liquid capacity.<\/p>\n<h3>Elf Box digital 12000 Puff Versatile Power Modes<\/h3>\n<p>This device offers two adjustable power modes to suit your vaping style:<\/p>\n<ul>\n<li><strong>Norm Mode<\/strong>: Enjoy a consistent vaping experience with <strong>jusqu'\u00e0 12 000 bouff\u00e9es<\/strong>.<\/li>\n<li><strong>Turbo Mode<\/strong>: Maximize flavor and vapor production while enjoying a robust vaping experience.<\/li>\n<\/ul>\n<p>Additionally, the ELF BOX includes <strong>airflow control<\/strong>, allowing you to customize your draw for optimal flavor and vapor output. With easy-to-use touch controls, powering on\/off and switching modes is a breeze.<\/p>\n<h3>Elf Box digital 12000 Puff A Flavor for Every Palate<\/h3>\n<p>The ELF BOX 12000 Puffs Disposable Vape is available in a tantalizing selection of 20 delicious flavors, ensuring there\u2019s something for every taste:<\/p>\n<ol>\n<li>Glace \u00e0 la fraise<\/li>\n<li>Strawberry Blast<\/li>\n<li>Past\u00e8que \u00e0 la fraise<\/li>\n<li>Mixed Fruit<\/li>\n<li>Glace Blue Razz<\/li>\n<li>Myrtille framboise acidul\u00e9e<\/li>\n<li>Kiwi Fruit de la passion<\/li>\n<li>Double pomme<\/li>\n<li>Glace \u00e0 la past\u00e8que<\/li>\n<li>Past\u00e8que Bubblegum<\/li>\n<li>Coconut Melon<\/li>\n<li>Cola \u00e0 la cerise<\/li>\n<li>Glace \u00e0 la p\u00eache<\/li>\n<li>Fraise et banane<\/li>\n<li>M. Bleu<\/li>\n<li>Glace \u00e0 la m\u00fbre<\/li>\n<li>Glace \u00e0 la mangue<\/li>\n<li>Glace de raisin<\/li>\n<li>Peach Berries<\/li>\n<li>Strawberry Kiwi Fruit<\/li>\n<\/ol>\n<figure id=\"attachment_5613\" class=\"wp-caption aligncenter\" style=\"width: 1702px;\" aria-describedby=\"caption-attachment-5613\"><figcaption id=\"caption-attachment-5613\" class=\"wp-caption-text\">\n<figure id=\"attachment_4834\" aria-describedby=\"caption-attachment-4834\" style=\"width: 2000px\" class=\"wp-caption alignnone\"><img loading=\"lazy\" decoding=\"async\" class=\"wp-image-4834 size-full\" src=\"https:\/\/dankstarvapes.com\/wp-content\/uploads\/2024\/11\/ELF-BOX-12000-puff-2_format.webp\" alt=\"Elf Box digital 12000\" width=\"2000\" height=\"1121\" title=\"\"><figcaption id=\"caption-attachment-4834\" class=\"wp-caption-text\">Elf Box digital 12000<\/figcaption><\/figure>\n<\/figcaption><\/figure>\n<h3>Elf Box digital 12000 Puff Competitive Pricing for Everyone<\/h3>\n<p>The ELF BOX 12000 Puffs Disposable Vape offers competitive pricing that decreases with larger quantities purchased, with prices starting as low as <strong>$6.40<\/strong> per unit. This makes it an affordable choice for those looking to enhance their vaping experience while enjoying the benefits of bulk purchasing.<\/p>\n<h3>Rejoindre la famille ELF<\/h3>\n<p>Are you interested in distribution? We offer exciting partnership opportunities that allow you to join the ELF family and benefit from our popular products. By partnering with us, you can tap into a successful market and elevate your business portfolio. To learn more about how you can start selling the ELF BOX Disposable Vape, please contact us for further details. We look forward to helping you embark on this rewarding journey!<\/p>\n<figure id=\"attachment_5614\" class=\"wp-caption aligncenter\" style=\"width: 788px;\" aria-describedby=\"caption-attachment-5614\"><figcaption id=\"caption-attachment-5614\" class=\"wp-caption-text\">ELF BOX Family<\/figcaption><\/figure>\n<h3>About Elf Box digital 12000 Puffs Disposable Vape<\/h3>\n<p>In summary, the ELF BOX 12000 Puffs Disposable Vape combines innovative features, impressive performance, and a wide variety of flavors to deliver an exceptional vaping experience. Don\u2019t miss your chance to enhance your vaping journey with this high-quality device. Grab yours today and discover why the ELF BOX is becoming a favorite among vapers!<\/p>\n<h3>Pourquoi nous choisir ?<\/h3>\n<p>En choisissant le magasin officiel de cigarettes \u00e9lectroniques jetables, vous b\u00e9n\u00e9ficiez de nombreux avantages :<\/p>\n<ul>\n<li><strong>Canal de vente officiel<\/strong>: Nous garantissons des produits authentiques et un service de qualit\u00e9.<\/li>\n<li><strong>Commerce de gros et de d\u00e9tail<\/strong>: Options d'achat flexibles pour les particuliers et les grossistes.<\/li>\n<li><strong>Assurance qualit\u00e9<\/strong>: Nos produits sont soumis \u00e0 des tests de qualit\u00e9 rigoureux pour garantir votre satisfaction.<\/li>\n<li><strong>Exp\u00e9dition mondiale<\/strong>: Nous livrons dans la plupart des r\u00e9gions du monde, ce qui vous permet de profiter de nos produits o\u00f9 que vous soyez.<\/li>\n<li><strong>Exp\u00e9rience dans l'industrie<\/strong>: Avec plus de 8 ans d'exp\u00e9rience sur le march\u00e9, nous nous sommes impos\u00e9s comme un choix de qualit\u00e9 fiable.<\/li>\n<li><strong>Partenariats \u00e0 long terme<\/strong>: Nous collaborons avec les propri\u00e9taires de magasins locaux, ce qui nous permet de r\u00e9pondre rapidement aux demandes du march\u00e9.<\/li>\n<\/ul>\n<p>En choisissant nos Cigarettes Electroniques Jetables, vous n'avez pas seulement acc\u00e8s \u00e0 une gamme d'ar\u00f4mes vari\u00e9s, mais aussi \u00e0 une exp\u00e9rience de vapotage exceptionnelle. Pour plus d'informations, visitez notre site <a href=\"http:\/\/dankstarvapes.com\" target=\"_blank\" rel=\"noopener\">dankstarvapes.com<\/a>!<\/p>\n<\/div>","protected":false},"excerpt":{"rendered":"<p>The Elf Box Digital 12000 Puffs Disposable Vape is designed to be your perfect companion on a remarkable vaping journey. Engineered for flavor enthusiasts, this device offers an impressive 12,000 puffs, ensuring you can enjoy extended sessions without the hassle of constant replacements. Whether you\u2019re a casual vaper or a dedicated enthusiast, the Elf Box [&#8230;]","protected":false},"featured_media":406,"comment_status":"open","ping_status":"closed","template":"","meta":[],"product_brand":[],"product_cat":[72,74,75,76,77,73,78,71,79,80,81,82,83,84,85,86,87,88,89,90,91,93,16,92],"product_tag":[],"class_list":{"0":"post-376","1":"product","2":"type-product","3":"status-publish","4":"has-post-thumbnail","6":"product_cat-0-nicotine-disposable-vape","7":"product_cat-12000-12k-puff-vape","8":"product_cat-2-nicotine-disposable-vape","9":"product_cat-3-nicotine-disposable-vape","10":"product_cat-5-nicotine-disposable-vape","11":"product_cat-big-puff-vapes","12":"product_cat-disposable-vape-near-me","13":"product_cat-0-5-nicotine-vapes","14":"product_cat-disposable-vapes-in-austria","15":"product_cat-disposable-vapes-in-belgium","16":"product_cat-disposable-vapes-in-france","17":"product_cat-disposable-vapes-in-germany","18":"product_cat-disposable-vapes-in-ltaly","19":"product_cat-disposable-vapes-in-netherlands","20":"product_cat-disposable-vapes-in-norway","21":"product_cat-disposable-vapes-in-poland","22":"product_cat-disposable-vapes-in-portugal","23":"product_cat-disposable-vapes-in-spain","24":"product_cat-disposable-vapes-in-sweden","25":"product_cat-disposable-vapes-in-switzerland","26":"product_cat-disposable-vapes-in-united-states","27":"product_cat-elf-box-vapes","28":"product_cat-uncategorized","29":"product_cat-vape-brands","31":"first","32":"instock","33":"shipping-taxable","34":"purchasable","35":"product-type-variable","36":"has-default-attributes"},"tiered_pricing_type":"fixed","tiered_pricing_fixed_rules":[],"tiered_pricing_product_settings":{"layout":"default","base_unit_name":{"singular":null,"plural":null},"default_variation":null},"tiered_pricing_minimum_quantity":null,"tiered_pricing_roles_data":[],"tiered_pricing_percentage_rules":[],"tiered_pricing_maximum_quantity":null,"tiered_pricing_quantity_step":null,"_links":{"self":[{"href":"https:\/\/vapsolovape.com\/fr\/wp-json\/wp\/v2\/product\/376","targetHints":{"allow":["GET"]}}],"collection":[{"href":"https:\/\/vapsolovape.com\/fr\/wp-json\/wp\/v2\/product"}],"about":[{"href":"https:\/\/vapsolovape.com\/fr\/wp-json\/wp\/v2\/types\/product"}],"replies":[{"embeddable":true,"href":"https:\/\/vapsolovape.com\/fr\/wp-json\/wp\/v2\/comments?post=376"}],"wp:featuredmedia":[{"embeddable":true,"href":"https:\/\/vapsolovape.com\/fr\/wp-json\/wp\/v2\/media\/406"}],"wp:attachment":[{"href":"https:\/\/vapsolovape.com\/fr\/wp-json\/wp\/v2\/media?parent=376"}],"wp:term":[{"taxonomy":"product_brand","embeddable":true,"href":"https:\/\/vapsolovape.com\/fr\/wp-json\/wp\/v2\/product_brand?post=376"},{"taxonomy":"product_cat","embeddable":true,"href":"https:\/\/vapsolovape.com\/fr\/wp-json\/wp\/v2\/product_cat?post=376"},{"taxonomy":"product_tag","embeddable":true,"href":"https:\/\/vapsolovape.com\/fr\/wp-json\/wp\/v2\/product_tag?post=376"}],"curies":[{"name":"wp","href":"https:\/\/api.w.org\/{rel}","templated":true}]}}