{"id":465,"date":"2025-02-14T18:15:24","date_gmt":"2025-02-14T10:15:24","guid":{"rendered":"https:\/\/vapsolovape.com\/?post_type=product&#038;p=465"},"modified":"2025-02-26T16:06:36","modified_gmt":"2025-02-26T08:06:36","slug":"elf-box-ls-15000-puffs-jetable-vape-saveur-inegalee-et-longevite","status":"publish","type":"product","link":"https:\/\/vapsolovape.com\/fr\/produit\/elf-box-ls-15000-puffs-jetable-vape-saveur-inegalee-et-longevite\/","title":{"rendered":"ELF BOX LS 15000 Puffs - Le vaporisateur jetable avec une saveur et une durabilit\u00e9 in\u00e9gal\u00e9es !"},"content":{"rendered":"<div id=\"tab-description\" class=\"woocommerce-Tabs-panel woocommerce-Tabs-panel--description panel entry-content active\" role=\"tabpanel\" aria-labelledby=\"tab-title-description\">\n<p data-start=\"129\" data-end=\"606\">Les <strong data-start=\"133\" data-end=\"175\">ELF BOX LS 15000 Puffs Vape jetable<\/strong> offre une exp\u00e9rience de vapotage exceptionnelle, con\u00e7ue pour satisfaire \u00e0 la fois les utilisateurs occasionnels et les fumeurs inv\u00e9t\u00e9r\u00e9s. Avec un impressionnant <strong data-start=\"302\" data-end=\"318\">15 000 bouff\u00e9es<\/strong>Gr\u00e2ce \u00e0 son design \u00e9l\u00e9gant, cet appareil garantit des sessions de longue dur\u00e9e sans l'inconv\u00e9nient de remplacements fr\u00e9quents. Son design \u00e9l\u00e9gant, associ\u00e9 \u00e0 une large gamme de saveurs all\u00e9chantes, fait du <strong data-start=\"494\" data-end=\"505\">ELF BOX<\/strong> le compagnon id\u00e9al pour votre voyage de vapotage, offrant \u00e0 la fois style et satisfaction \u00e0 chaque bouff\u00e9e.<\/p>\n<figure id=\"attachment_4826\" aria-describedby=\"caption-attachment-4826\" style=\"width: 2560px\" class=\"wp-caption alignnone\"><img loading=\"lazy\" decoding=\"async\" class=\"wp-image-4826 size-full\" src=\"https:\/\/dankstarvapes.com\/wp-content\/uploads\/2024\/11\/ELF-BOX-15000-Puffs-2-scaled.webp\" alt=\"ELF BOX LS 15000\" width=\"2560\" height=\"2560\" title=\"\"><figcaption id=\"caption-attachment-4826\" class=\"wp-caption-text\">ELF BOX LS 15000<\/figcaption><\/figure>\n<h3>ELF BOX LS 15000 Puffs Caract\u00e9ristiques exceptionnelles pour un plaisir ultime<\/h3>\n<p><strong>ELF BOX LS 15000 <\/strong>est \u00e9quip\u00e9 d'une g\u00e9n\u00e9reuse <strong>Capacit\u00e9 de 26 ml d'e-liquide<\/strong>Vous pouvez ainsi profiter de sessions de vapotage plus longues. Choisissez parmi diff\u00e9rents taux de nicotine <strong>0%, 2% et 5%<\/strong>afin que vous puissiez personnaliser votre exp\u00e9rience en fonction de vos pr\u00e9f\u00e9rences. Le puissant <strong>Batterie rechargeable 18250-600mAh<\/strong> garantit des performances fiables, tandis que la recharge est rapide et pratique. La conception l\u00e9g\u00e8re (pesant seulement <strong>91g<\/strong>) et de taille compacte (<strong>124,5 x 31,5 mm<\/strong>) le rendent facile \u00e0 transporter partout o\u00f9 vous allez.<\/p>\n<h3>ELF BOX LS 15000 Profitez d'une s\u00e9lection d'ar\u00f4mes polyvalents<\/h3>\n<p>Le vaporisateur ELF BOX 15000 Puffs est disponible dans une s\u00e9lection all\u00e9chante de saveurs pour satisfaire tous les palais :<\/p>\n<ol>\n<li>Glace \u00e0 la m\u00fbre<\/li>\n<li>Myrtille sur glace<\/li>\n<li>Kiwi Fruit de la passion<\/li>\n<li>Fraise Kiwi<\/li>\n<li>Limonade Blue Razz<\/li>\n<li>Glace \u00e0 la past\u00e8que<\/li>\n<li>Past\u00e8que \u00e0 la fraise<\/li>\n<li>Glace \u00e0 la fraise<\/li>\n<li>P\u00eache Mangue Ananas<\/li>\n<li>Glace de raisin<\/li>\n<li>Mangue Banane<\/li>\n<li>Baies m\u00e9lang\u00e9es<\/li>\n<\/ol>\n<h3>Des prix comp\u00e9titifs pour tous<\/h3>\n<p>L'ELF BOX 15000 Puffs Vape jetable offre des prix comp\u00e9titifs, \u00e0 partir de $6.79 l'unit\u00e9. Profitez d'\u00e9conomies encore plus importantes avec les options d'achat en gros - plus vous achetez, plus vous \u00e9conomisez !<\/p>\n<h3>Rejoignez la famille ELF BOX<\/h3>\n<p>La distribution vous int\u00e9resse ? Nous offrons des opportunit\u00e9s d'agence int\u00e9ressantes, vous permettant de rejoindre la famille ELF BOX et de b\u00e9n\u00e9ficier de nos produits les plus vendus. Un partenariat avec nous vous ouvre les portes d'un march\u00e9 prosp\u00e8re et am\u00e9liore votre portefeuille d'affaires. Pour plus d'informations sur la fa\u00e7on de commencer \u00e0 vendre la Vape jetable ELF BOX, veuillez nous contacter d\u00e8s aujourd'hui !<\/p>\n<h3>A propos de la Vape jetable ELF BOX LS 15000 Puffs<\/h3>\n<p>En r\u00e9sum\u00e9, le <strong>ELF BOX 15000 Puffs Vape jetable<\/strong> combine des caract\u00e9ristiques innovantes, des performances remarquables et une vaste s\u00e9lection d'ar\u00f4mes pour offrir une exp\u00e9rience de vapotage in\u00e9gal\u00e9e. Ne manquez pas l'occasion d'am\u00e9liorer votre exp\u00e9rience de vapotage avec cet appareil de haute qualit\u00e9. Procurez-vous le v\u00f4tre d\u00e8s aujourd'hui et d\u00e9couvrez pourquoi la ELF BOX est la pr\u00e9f\u00e9r\u00e9e des vapoteurs !<\/p>\n<h3>D\u00e9couvrez plus de ELF BOX<\/h3>\n<h3>Pourquoi nous choisir ?<\/h3>\n<p>En choisissant le magasin officiel de cigarettes \u00e9lectroniques jetables, vous b\u00e9n\u00e9ficiez de nombreux avantages :<\/p>\n<ul>\n<li><strong>Canal de vente officiel<\/strong>: Nous garantissons des produits authentiques et un service de qualit\u00e9.<\/li>\n<li><strong>Commerce de gros et de d\u00e9tail<\/strong>: Options d'achat flexibles pour les particuliers et les grossistes.<\/li>\n<li><strong>Assurance qualit\u00e9<\/strong>: Nos produits sont soumis \u00e0 des tests de qualit\u00e9 rigoureux pour garantir votre satisfaction.<\/li>\n<li><strong>Exp\u00e9dition mondiale<\/strong>: Nous livrons dans la plupart des r\u00e9gions du monde, ce qui vous permet de profiter de nos produits o\u00f9 que vous soyez.<\/li>\n<li><strong>Exp\u00e9rience dans l'industrie<\/strong>: Avec plus de 8 ans d'exp\u00e9rience sur le march\u00e9, nous nous sommes impos\u00e9s comme un choix de qualit\u00e9 fiable.<\/li>\n<li><strong>Partenariats \u00e0 long terme<\/strong>: Nous collaborons avec les propri\u00e9taires de magasins locaux, ce qui nous permet de r\u00e9pondre rapidement aux demandes du march\u00e9.<\/li>\n<\/ul>\n<p>En choisissant nos Cigarettes Electroniques Jetables, vous n'avez pas seulement acc\u00e8s \u00e0 une gamme d'ar\u00f4mes vari\u00e9s, mais aussi \u00e0 une exp\u00e9rience de vapotage exceptionnelle. Pour plus d'informations, visitez notre site <a href=\"http:\/\/dankstarvapes.com\" target=\"_blank\" rel=\"noopener\">dankstarvapes.com<\/a>!<\/p>\n<\/div>","protected":false},"excerpt":{"rendered":"<p>The ELF BOX LS 15000 Puffs Disposable Vape offers an exceptional vaping experience, designed to satisfy both casual users and dedicated vapers alike. With an impressive 15,000 puffs, this device ensures long-lasting sessions without the inconvenience of frequent replacements. Its sleek design, coupled with a wide range of mouthwatering flavors, makes the ELF BOX the [&#8230;]","protected":false},"featured_media":470,"comment_status":"open","ping_status":"closed","template":"","meta":[],"product_brand":[],"product_cat":[72,94,75,77,73,133,78,71,79,80,81,82,83,84,85,86,87,88,89,90,91,93,16,92],"product_tag":[],"class_list":{"0":"post-465","1":"product","2":"type-product","3":"status-publish","4":"has-post-thumbnail","6":"product_cat-0-nicotine-disposable-vape","7":"product_cat-15000-15k-puff-vape","8":"product_cat-2-nicotine-disposable-vape","9":"product_cat-5-nicotine-disposable-vape","10":"product_cat-big-puff-vapes","11":"product_cat-crystal-vape","12":"product_cat-disposable-vape-near-me","13":"product_cat-0-5-nicotine-vapes","14":"product_cat-disposable-vapes-in-austria","15":"product_cat-disposable-vapes-in-belgium","16":"product_cat-disposable-vapes-in-france","17":"product_cat-disposable-vapes-in-germany","18":"product_cat-disposable-vapes-in-ltaly","19":"product_cat-disposable-vapes-in-netherlands","20":"product_cat-disposable-vapes-in-norway","21":"product_cat-disposable-vapes-in-poland","22":"product_cat-disposable-vapes-in-portugal","23":"product_cat-disposable-vapes-in-spain","24":"product_cat-disposable-vapes-in-sweden","25":"product_cat-disposable-vapes-in-switzerland","26":"product_cat-disposable-vapes-in-united-states","27":"product_cat-elf-box-vapes","28":"product_cat-uncategorized","29":"product_cat-vape-brands","31":"first","32":"instock","33":"shipping-taxable","34":"purchasable","35":"product-type-variable","36":"has-default-attributes"},"tiered_pricing_type":"fixed","tiered_pricing_fixed_rules":[],"tiered_pricing_product_settings":{"layout":"default","base_unit_name":{"singular":null,"plural":null},"default_variation":null},"tiered_pricing_minimum_quantity":null,"tiered_pricing_roles_data":[],"tiered_pricing_percentage_rules":[],"tiered_pricing_maximum_quantity":null,"tiered_pricing_quantity_step":null,"_links":{"self":[{"href":"https:\/\/vapsolovape.com\/fr\/wp-json\/wp\/v2\/product\/465","targetHints":{"allow":["GET"]}}],"collection":[{"href":"https:\/\/vapsolovape.com\/fr\/wp-json\/wp\/v2\/product"}],"about":[{"href":"https:\/\/vapsolovape.com\/fr\/wp-json\/wp\/v2\/types\/product"}],"replies":[{"embeddable":true,"href":"https:\/\/vapsolovape.com\/fr\/wp-json\/wp\/v2\/comments?post=465"}],"wp:featuredmedia":[{"embeddable":true,"href":"https:\/\/vapsolovape.com\/fr\/wp-json\/wp\/v2\/media\/470"}],"wp:attachment":[{"href":"https:\/\/vapsolovape.com\/fr\/wp-json\/wp\/v2\/media?parent=465"}],"wp:term":[{"taxonomy":"product_brand","embeddable":true,"href":"https:\/\/vapsolovape.com\/fr\/wp-json\/wp\/v2\/product_brand?post=465"},{"taxonomy":"product_cat","embeddable":true,"href":"https:\/\/vapsolovape.com\/fr\/wp-json\/wp\/v2\/product_cat?post=465"},{"taxonomy":"product_tag","embeddable":true,"href":"https:\/\/vapsolovape.com\/fr\/wp-json\/wp\/v2\/product_tag?post=465"}],"curies":[{"name":"wp","href":"https:\/\/api.w.org\/{rel}","templated":true}]}}