{"id":901,"date":"2025-02-14T18:17:14","date_gmt":"2025-02-14T10:17:14","guid":{"rendered":"https:\/\/vapsolovape.com\/?post_type=product&#038;p=901"},"modified":"2025-07-18T19:12:21","modified_gmt":"2025-07-18T11:12:21","slug":"randm-tornado-7000-puffs-50-flavors-disposable-vape","status":"publish","type":"product","link":"https:\/\/vapsolovape.com\/fr\/produit\/randm-tornado-7000-puffs-50-flavors-disposable-vape\/","title":{"rendered":"RandM Tornado 7000 Puffs - 50+ Flavors, The Ultimate Disposable Vape"},"content":{"rendered":"<div id=\"tab-description\" class=\"woocommerce-Tabs-panel woocommerce-Tabs-panel--description panel entry-content active\" role=\"tabpanel\" aria-labelledby=\"tab-title-description\">\n<p data-start=\"52\" data-end=\"437\">Les <strong data-start=\"56\" data-end=\"84\">RandM Tornado 7000 Puffs<\/strong> offre aux utilisateurs un volume de fum\u00e9e important et une exp\u00e9rience de vapotage exceptionnelle. Un produit de la c\u00e9l\u00e8bre <strong data-start=\"182\" data-end=\"197\">Marque RandM<\/strong>Connue pour sa haute qualit\u00e9 et ses excellentes performances, cette vape jetable est parfaite pour les vapoteurs novices et exp\u00e9riment\u00e9s. Son design compact la rend portable et facile \u00e0 transporter, ce qui vous permet de profiter de votre exp\u00e9rience de vapotage \u00e0 tout moment et en tout lieu.<\/p>\n<p data-start=\"439\" data-end=\"730\">Gr\u00e2ce \u00e0 une technologie de pointe et \u00e0 une gamme vari\u00e9e d'ar\u00f4mes, les <strong data-start=\"500\" data-end=\"528\">RandM Tornado 7000 Puffs<\/strong> r\u00e9pond \u00e0 tous les go\u00fbts et permet \u00e0 chacun d'y trouver son compte. Que vous soyez \u00e0 la recherche d'une nouvelle exp\u00e9rience de vapotage ou d'une solution pratique \u00e0 emporter, le <strong data-start=\"682\" data-end=\"710\">RandM Tornado 7000 Puffs<\/strong> est un choix id\u00e9al.<\/p>\n<figure id=\"attachment_4755\" aria-describedby=\"caption-attachment-4755\" style=\"width: 800px\" class=\"wp-caption alignnone\"><img loading=\"lazy\" decoding=\"async\" class=\"size-full wp-image-4755\" src=\"https:\/\/dankstarvapes.com\/wp-content\/uploads\/2024\/11\/RandM-Tornado-7000-Puffs-1.webp\" alt=\"RandM Tornado 7000 Puffs\" width=\"800\" height=\"800\" title=\"\"><figcaption id=\"caption-attachment-4755\" class=\"wp-caption-text\">RandM Tornado 7000 Puffs<\/figcaption><\/figure>\n<h2>---------------------------------------------------------<br \/>\nRandM Tornado 7000 Caract\u00e9ristiques et sp\u00e9cifications de l'appareil<\/h2>\n<p>Les <strong>RandM Tornado 7000<\/strong> se distingue par ses caract\u00e9ristiques impressionnantes et ses fonctions conviviales. Sa puissante batterie de 850mAh garantit une utilisation durable, permettant des sessions de vapotage prolong\u00e9es sans recharge fr\u00e9quente, ce qui est id\u00e9al pour les utilisateurs occasionnels comme pour les gros consommateurs.<\/p>\n<p>En plus de sa batterie durable, le <strong>RandM Tornado 7000<\/strong> int\u00e8gre un port de charge de type C. Cette solution de charge moderne permet des recharges rapides, ce qui r\u00e9duit consid\u00e9rablement les temps d'arr\u00eat entre les sessions de vapotage. La commodit\u00e9 de la connexion Type-C ne peut \u00eatre sous-estim\u00e9e, car elle offre aux utilisateurs un moyen simple et efficace d'alimenter leur appareil, garantissant qu'ils peuvent maintenir leurs habitudes de vapotage sans interruption. Cette combinaison d'autonomie et de vitesse de chargement am\u00e9liore l'exp\u00e9rience globale de l'utilisateur.<\/p>\n<h2>RandM Tornado 7000 Puffs Vape jetable Vari\u00e9t\u00e9 de saveurs et options de force disponibles<\/h2>\n<p>Les <strong>RandM Tornado 7000 Puffs<\/strong> Disposable Vape se d\u00e9marque sur le march\u00e9 concurrentiel, principalement en raison de sa gamme impressionnante d'ar\u00f4mes. Avec plus de 50 options uniques disponibles, cet appareil garantit que chaque utilisateur trouvera une saveur correspondant \u00e0 ses pr\u00e9f\u00e9rences. Pour ceux qui aiment ce qui est familier, le RandM Tornado offre des options classiques comme le tabac et le menthol rafra\u00eechissant. Pour ceux qui recherchent une exp\u00e9rience plus aventureuse, l'appareil offre une vari\u00e9t\u00e9 excitante de m\u00e9langes de fruits exotiques et , ce qui le rend parfait pour les vapoteurs d\u00e9sireux d'explorer des profils de go\u00fbt nouveaux et uniques.<\/p>\n<p>L'un des aspects remarquables de l'offre de saveurs de Tornado est la qualit\u00e9 et l'authenticit\u00e9 de chaque option. Chaque bouff\u00e9e offre une exp\u00e9rience riche et satisfaisante, avec des saveurs repr\u00e9sentant fid\u00e8lement la r\u00e9alit\u00e9. Que les utilisateurs pr\u00e9f\u00e8rent les saveurs traditionnelles ou les m\u00e9langes de fruits complexes, RandM \u00e9labore soigneusement chaque option pour am\u00e9liorer le plaisir.<\/p>\n<p>Les <strong>RandM Tornade<\/strong> r\u00e9pond aux diff\u00e9rentes pr\u00e9f\u00e9rences des utilisateurs avec ses options de puissance 2% et 5%. La puissance 2% est id\u00e9ale pour les nouveaux utilisateurs qui quittent les cigarettes traditionnelles, tandis que la 5% offre une exp\u00e9rience plus intense aux vapoteurs chevronn\u00e9s. Cette flexibilit\u00e9 fait du RandM Tornado un choix polyvalent pour un large \u00e9ventail d'utilisateurs.<\/p>\n<p><strong>D\u00e9couvrez la suite de notre s\u00e9rie RandM Tornado :<\/strong><\/p>\n<p class=\"product-title product_title entry-title\">RandM Tornado 7000<\/p>\n<p class=\"product-title product_title entry-title\">RandM Tornado 9000<\/p>\n<p class=\"product-title product_title entry-title\">RandM Tornado 12000<\/p>\n<p class=\"product-title product_title entry-title\">RandM Tornado 15000<\/p>\n<p class=\"product-title product_title entry-title\">RandM Tornado 20000<\/p>\n<p class=\"product-title product_title entry-title\">RandM Tornado 25000<\/p>\n<p class=\"product-title product_title entry-title\">RandM Tornado 30000<\/p>\n<hr \/>\n<p><strong>Pourquoi nous choisir ?<\/strong><\/p>\n<p>En choisissant le magasin officiel de vapes jetables, vous pouvez b\u00e9n\u00e9ficier de nombreux avantages :<\/p>\n<ul>\n<li><strong>Canal de vente officiel :<\/strong>\u00a0Nous garantissons des produits authentiques et un service de qualit\u00e9.<\/li>\n<li><strong>Commerce de gros et de d\u00e9tail :<\/strong>\u00a0Nous proposons des options d'achat flexibles pour les particuliers et les grossistes.<\/li>\n<li><strong>Assurance qualit\u00e9 :<\/strong>\u00a0Nos produits sont soumis \u00e0 des tests de qualit\u00e9 rigoureux pour garantir votre satisfaction.<\/li>\n<li><strong>Exp\u00e9dition dans le monde entier :<\/strong>\u00a0Nous sommes fiers d'exp\u00e9dier nos produits dans la plupart des r\u00e9gions du monde, ce qui vous permet de profiter de nos produits o\u00f9 que vous soyez.<\/li>\n<li><strong>Exp\u00e9rience dans le secteur :<\/strong>\u00a0Avec plus de 8 ans d'exp\u00e9rience sur le march\u00e9, nous sommes devenus un choix de confiance et de premier ordre.<\/li>\n<li><strong>Partenariats \u00e0 long terme :<\/strong>\u00a0Nous coop\u00e9rons \u00e9galement avec les propri\u00e9taires de magasins locaux en Europe, ce qui nous permet de r\u00e9pondre rapidement aux besoins du march\u00e9 et de maintenir la fra\u00eecheur de nos produits.<\/li>\n<\/ul>\n<p>Choisir nos vapes jetables vous permet non seulement de profiter d'une vari\u00e9t\u00e9 de saveurs, mais aussi de vivre une exp\u00e9rience de vapotage extraordinaire. Pour plus d'informations, veuillez nous rendre visite <a href=\"http:\/\/dankstarvapes.com\" target=\"_blank\" rel=\"noopener\">dankstarvapes.com<\/a>!<\/p>\n<\/div>","protected":false},"excerpt":{"rendered":"<p>The RandM Tornado 7000 Puffs offers users a rich smoke volume and an exceptional vaping experience. A product of the renowned RandM brand, known for its high quality and excellent performance, this disposable vape is perfect for both novice and seasoned vapers. Its compact design makes it portable and easy to carry, so you can [&#8230;]","protected":false},"featured_media":925,"comment_status":"open","ping_status":"closed","template":"","meta":[],"product_brand":[],"product_cat":[75,77,103,73,78,71,79,80,81,82,83,84,85,86,87,88,89,90,91,105,104,134,16,92],"product_tag":[],"class_list":{"0":"post-901","1":"product","2":"type-product","3":"status-publish","4":"has-post-thumbnail","6":"product_cat-2-nicotine-disposable-vape","7":"product_cat-5-nicotine-disposable-vape","8":"product_cat-7000-puff-vape","9":"product_cat-big-puff-vapes","10":"product_cat-disposable-vape-near-me","11":"product_cat-0-5-nicotine-vapes","12":"product_cat-disposable-vapes-in-austria","13":"product_cat-disposable-vapes-in-belgium","14":"product_cat-disposable-vapes-in-france","15":"product_cat-disposable-vapes-in-germany","16":"product_cat-disposable-vapes-in-ltaly","17":"product_cat-disposable-vapes-in-netherlands","18":"product_cat-disposable-vapes-in-norway","19":"product_cat-disposable-vapes-in-poland","20":"product_cat-disposable-vapes-in-portugal","21":"product_cat-disposable-vapes-in-spain","22":"product_cat-disposable-vapes-in-sweden","23":"product_cat-disposable-vapes-in-switzerland","24":"product_cat-disposable-vapes-in-united-states","25":"product_cat-randm-tornado-7000","26":"product_cat-randm-tornado-vape","27":"product_cat-tornado-vape","28":"product_cat-uncategorized","29":"product_cat-vape-brands","31":"first","32":"instock","33":"sale","34":"shipping-taxable","35":"purchasable","36":"product-type-variable","37":"has-default-attributes"},"tiered_pricing_type":"fixed","tiered_pricing_fixed_rules":[],"tiered_pricing_product_settings":{"layout":"default","base_unit_name":{"singular":null,"plural":null},"default_variation":null},"tiered_pricing_minimum_quantity":null,"tiered_pricing_roles_data":[],"tiered_pricing_percentage_rules":[],"tiered_pricing_maximum_quantity":null,"tiered_pricing_quantity_step":null,"_links":{"self":[{"href":"https:\/\/vapsolovape.com\/fr\/wp-json\/wp\/v2\/product\/901","targetHints":{"allow":["GET"]}}],"collection":[{"href":"https:\/\/vapsolovape.com\/fr\/wp-json\/wp\/v2\/product"}],"about":[{"href":"https:\/\/vapsolovape.com\/fr\/wp-json\/wp\/v2\/types\/product"}],"replies":[{"embeddable":true,"href":"https:\/\/vapsolovape.com\/fr\/wp-json\/wp\/v2\/comments?post=901"}],"wp:featuredmedia":[{"embeddable":true,"href":"https:\/\/vapsolovape.com\/fr\/wp-json\/wp\/v2\/media\/925"}],"wp:attachment":[{"href":"https:\/\/vapsolovape.com\/fr\/wp-json\/wp\/v2\/media?parent=901"}],"wp:term":[{"taxonomy":"product_brand","embeddable":true,"href":"https:\/\/vapsolovape.com\/fr\/wp-json\/wp\/v2\/product_brand?post=901"},{"taxonomy":"product_cat","embeddable":true,"href":"https:\/\/vapsolovape.com\/fr\/wp-json\/wp\/v2\/product_cat?post=901"},{"taxonomy":"product_tag","embeddable":true,"href":"https:\/\/vapsolovape.com\/fr\/wp-json\/wp\/v2\/product_tag?post=901"}],"curies":[{"name":"wp","href":"https:\/\/api.w.org\/{rel}","templated":true}]}}