{"id":4142,"date":"2025-02-24T16:23:42","date_gmt":"2025-02-24T08:23:42","guid":{"rendered":"https:\/\/vapsolovape.com\/?page_id=4142"},"modified":"2025-02-24T16:30:51","modified_gmt":"2025-02-24T08:30:51","slug":"4142-2","status":"publish","type":"page","link":"https:\/\/vapsolovape.com\/pl\/4142-2\/","title":{"rendered":"O nas - Vapsolovape"},"content":{"rendered":"<div id=\"text-234557628\" class=\"text\">\n\t\t\n\n<h2 class=\"uppercase\"><strong>O nas - Vapsolovape<\/strong><\/h2>\n<p data-start=\"504\" data-end=\"518\"><strong data-start=\"504\" data-end=\"518\">Nasze marki<\/strong><\/p>\n<p data-start=\"520\" data-end=\"668\">Wsp\u00f3\u0142pracujemy z wieloma znanymi markami, aby zapewni\u0107, \u017ce oferujemy jedne z najbardziej popularnych i zaufanych urz\u0105dze\u0144 vape na rynku. Nasze produkty obejmuj\u0105:<\/p>\n<ul data-start=\"670\" data-end=\"957\">\n<li data-start=\"670\" data-end=\"685\"><strong data-start=\"672\" data-end=\"685\">ATVS Vape<\/strong><\/li>\n<li data-start=\"686\" data-end=\"703\"><strong data-start=\"688\" data-end=\"703\">AIVONO Vape<\/strong><\/li>\n<li data-start=\"704\" data-end=\"724\"><strong data-start=\"706\" data-end=\"724\">Al Fakhar Vape<\/strong><\/li>\n<li data-start=\"725\" data-end=\"740\"><strong data-start=\"727\" data-end=\"740\">AUPO Vape<\/strong><\/li>\n<li data-start=\"741\" data-end=\"756\"><strong data-start=\"743\" data-end=\"756\">Bang Vape<\/strong><\/li>\n<li data-start=\"757\" data-end=\"780\"><strong data-start=\"759\" data-end=\"780\">BIMO Crystal Vape<\/strong><\/li>\n<li data-start=\"781\" data-end=\"802\"><strong data-start=\"783\" data-end=\"802\">Cloud Nine Vape<\/strong><\/li>\n<li data-start=\"803\" data-end=\"820\"><strong data-start=\"805\" data-end=\"820\">DOLODA Vape<\/strong><\/li>\n<li data-start=\"821\" data-end=\"840\"><strong data-start=\"823\" data-end=\"840\">Elf Box Vapes<\/strong><\/li>\n<li data-start=\"841\" data-end=\"858\"><strong data-start=\"843\" data-end=\"858\">Fizzy Vapes<\/strong><\/li>\n<li data-start=\"859\" data-end=\"877\"><strong data-start=\"861\" data-end=\"877\">GAZZBAR Vape<\/strong><\/li>\n<li data-start=\"878\" data-end=\"893\"><strong data-start=\"880\" data-end=\"893\">IREX Vape<\/strong><\/li>\n<li data-start=\"894\" data-end=\"908\"><strong data-start=\"896\" data-end=\"908\">JNR Vape<\/strong><\/li>\n<li data-start=\"909\" data-end=\"933\"><strong data-start=\"911\" data-end=\"933\">RandM Tornado Vape<\/strong><\/li>\n<li data-start=\"934\" data-end=\"957\"><strong data-start=\"936\" data-end=\"957\">Uwin Crystal Vape<\/strong><\/li>\n<\/ul>\n<p><img loading=\"lazy\" decoding=\"async\" class=\"alignnone size-medium wp-image-4145\" src=\"https:\/\/vapsolovape.com\/wp-content\/uploads\/2025\/02\/AGIVAPENEWS--YOUR-TRUSTED-PARTNER-IN-WHOLESALE-VAPE-SUPPLIES-1-711x400.webp\" alt=\"\" width=\"711\" height=\"400\" title=\"\" srcset=\"\" sizes=\"auto, (max-width: 711px) 100vw, 711px\" data-srcset=\"\" \/><\/p>\n<p data-start=\"959\" data-end=\"1135\">Ka\u017cda marka oferuje unikalne funkcje, niezale\u017cnie od tego, czy chodzi o smak, obj\u0119to\u015b\u0107 pary czy wygl\u0105d. Naszym celem jest zapewnienie zr\u00f3\u017cnicowanego wyboru, aby zaspokoi\u0107 r\u00f3\u017cne gusta i potrzeby.<\/p>\n<p data-start=\"1137\" data-end=\"1155\"><strong data-start=\"1137\" data-end=\"1155\">Nasze zaanga\u017cowanie<\/strong><\/p>\n<p data-start=\"1137\" data-end=\"1155\"><img loading=\"lazy\" decoding=\"async\" class=\"alignnone size-medium wp-image-4146\" src=\"https:\/\/vapsolovape.com\/wp-content\/uploads\/2025\/02\/AGIVAPENEWS\u2014\u2014YOUR-TRUSTED-PARTNER-IN-WHOLESALE-VAPE-SUPPLIES-4-269x400.webp\" alt=\"\" width=\"269\" height=\"400\" title=\"\" srcset=\"https:\/\/vapsolovape.com\/wp-content\/uploads\/2025\/02\/AGIVAPENEWS\u2014\u2014YOUR-TRUSTED-PARTNER-IN-WHOLESALE-VAPE-SUPPLIES-4-269x400.webp 269w, https:\/\/vapsolovape.com\/wp-content\/uploads\/2025\/02\/AGIVAPENEWS\u2014\u2014YOUR-TRUSTED-PARTNER-IN-WHOLESALE-VAPE-SUPPLIES-4-510x758.webp 510w, https:\/\/vapsolovape.com\/wp-content\/uploads\/2025\/02\/AGIVAPENEWS\u2014\u2014YOUR-TRUSTED-PARTNER-IN-WHOLESALE-VAPE-SUPPLIES-4-538x800.webp 538w, https:\/\/vapsolovape.com\/wp-content\/uploads\/2025\/02\/AGIVAPENEWS\u2014\u2014YOUR-TRUSTED-PARTNER-IN-WHOLESALE-VAPE-SUPPLIES-4-768x1142.webp 768w, https:\/\/vapsolovape.com\/wp-content\/uploads\/2025\/02\/AGIVAPENEWS\u2014\u2014YOUR-TRUSTED-PARTNER-IN-WHOLESALE-VAPE-SUPPLIES-4-1033x1536.webp 1033w, https:\/\/vapsolovape.com\/wp-content\/uploads\/2025\/02\/AGIVAPENEWS\u2014\u2014YOUR-TRUSTED-PARTNER-IN-WHOLESALE-VAPE-SUPPLIES-4.webp 1120w\" sizes=\"auto, (max-width: 269px) 100vw, 269px\" \/><\/p>\n<p data-start=\"1157\" data-end=\"1550\">Vapsolovape to nie tylko platforma sprzeda\u017cy e-papieros\u00f3w; jeste\u015bmy zaanga\u017cowani w dostarczanie doskona\u0142ych do\u015bwiadcze\u0144 zakupowych i najwy\u017cszej jako\u015bci obs\u0142ugi klienta. \u015aci\u015ble wsp\u00f3\u0142pracujemy z g\u0142\u00f3wnymi markami, aby zapewni\u0107, \u017ce wszystkie produkty s\u0105 autentyczne i spe\u0142niaj\u0105 mi\u0119dzynarodowe standardy jako\u015bci. Niezale\u017cnie od tego, czy jeste\u015b sprzedawc\u0105 detalicznym, czy bezpo\u015brednim klientem, oferujemy zar\u00f3wno opcje hurtowe, jak i detaliczne z szybk\u0105 i bezpieczn\u0105 dostaw\u0105 na ca\u0142ym \u015bwiecie.<\/p>\n<p data-start=\"1552\" data-end=\"1566\"><strong data-start=\"1552\" data-end=\"1566\">Nasza wizja<\/strong><\/p>\n<p data-start=\"1568\" data-end=\"1863\">Nasz\u0105 wizj\u0105 jest sta\u0107 si\u0119 \u015bwiatowym liderem w bran\u017cy sprzeda\u017cy detalicznej i hurtowej e-papieros\u00f3w, oferuj\u0105c innowacyjne produkty wysokiej jako\u015bci, jednocze\u015bnie koncentruj\u0105c si\u0119 na do\u015bwiadczeniu klienta i zr\u00f3wnowa\u017conym rozwoju. Naszym celem jest bycie pierwszym wyborem w dziedzinie waporyzacji poprzez dostarczanie r\u00f3\u017cnorodnych produkt\u00f3w i wyj\u0105tkow\u0105 obs\u0142ug\u0119 klienta.<\/p>\n<p data-start=\"1865\" data-end=\"1970\">Dzi\u0119kujemy za wybranie Vapsolovape. Z niecierpliwo\u015bci\u0105 czekamy na dzielenie si\u0119 z Tob\u0105 wyj\u0105tkowymi wra\u017ceniami z waporyzacji.<\/p>\n\t\t\n<style>\n#text-234557628 {\n  color: rgb(0,0,0);\n}\n#text-234557628 > * {\n  color: rgb(0,0,0);\n}\n<\/style>\n\t<\/div>","protected":false},"excerpt":{"rendered":"","protected":false},"author":1,"featured_media":0,"parent":0,"menu_order":0,"comment_status":"closed","ping_status":"closed","template":"","meta":{"footnotes":""},"class_list":["post-4142","page","type-page","status-publish","hentry"],"_links":{"self":[{"href":"https:\/\/vapsolovape.com\/pl\/wp-json\/wp\/v2\/pages\/4142","targetHints":{"allow":["GET"]}}],"collection":[{"href":"https:\/\/vapsolovape.com\/pl\/wp-json\/wp\/v2\/pages"}],"about":[{"href":"https:\/\/vapsolovape.com\/pl\/wp-json\/wp\/v2\/types\/page"}],"author":[{"embeddable":true,"href":"https:\/\/vapsolovape.com\/pl\/wp-json\/wp\/v2\/users\/1"}],"replies":[{"embeddable":true,"href":"https:\/\/vapsolovape.com\/pl\/wp-json\/wp\/v2\/comments?post=4142"}],"version-history":[{"count":0,"href":"https:\/\/vapsolovape.com\/pl\/wp-json\/wp\/v2\/pages\/4142\/revisions"}],"wp:attachment":[{"href":"https:\/\/vapsolovape.com\/pl\/wp-json\/wp\/v2\/media?parent=4142"}],"curies":[{"name":"wp","href":"https:\/\/api.w.org\/{rel}","templated":true}]}}