{"id":1011,"date":"2025-02-14T18:17:40","date_gmt":"2025-02-14T10:17:40","guid":{"rendered":"https:\/\/vapsolovape.com\/?post_type=product&#038;p=1011"},"modified":"2025-07-18T19:11:27","modified_gmt":"2025-07-18T11:11:27","slug":"randm-tornado-9000-puffs-klasyk-od-randm-vape-50-smakow","status":"publish","type":"product","link":"https:\/\/vapsolovape.com\/pl\/produkt\/randm-tornado-9000-puffs-klasyk-od-randm-vape-50-smakow\/","title":{"rendered":"RandM Tornado 9000 Puffs - 50 smak\u00f3w, klasyczne do\u015bwiadczenie Vape"},"content":{"rendered":"<div id=\"tab-description\" class=\"woocommerce-Tabs-panel woocommerce-Tabs-panel--description panel entry-content active\" role=\"tabpanel\" aria-labelledby=\"tab-title-description\">\n<h2>The <strong data-start=\"56\" data-end=\"115\">Jednorazowy papieros elektroniczny RandM Tornado 9000 Puff<\/strong> to charakterystyczny produkt firmy Fumot, oferuj\u0105cy wyj\u0105tkowe doznania podczas waporyzacji. Z maksymalnie <strong data-start=\"205\" data-end=\"219\">50 smak\u00f3w<\/strong> do wyboru, ten vape Tornado o pojemno\u015bci 9000 puff\u00f3w \u0142\u0105czy w sobie r\u00f3\u017cnorodno\u015b\u0107 i wygod\u0119. Jego kompaktowa i elegancka konstrukcja zawiera kultow\u0105 ilustracj\u0119 RandM Tornado, kt\u00f3ra stanowi odwa\u017cne o\u015bwiadczenie. Podobnie jak pot\u0119\u017cna si\u0142a tornada, jego smaki pozostawiaj\u0105 trwa\u0142e i autentyczne wra\u017cenie, zapewniaj\u0105c naprawd\u0119 satysfakcjonuj\u0105ce wra\u017cenia z waporyzacji.<\/h2>\n<h2><strong>RandM Tornado 9000<\/strong><b data-stringify-type=\"bold\"> Funkcje urz\u0105dzenia:<\/b><br \/>\n5%\/2%<br \/>\n\u261118ML.<br \/>\nSiatkowa cewka<br \/>\nBateria wielokrotnego \u0142adowania<br \/>\nZintegrowana bateria 850 mAh.<br \/>\n50 dost\u0119pnych smak\u00f3w.<\/h2>\n<p><iframe loading=\"lazy\" title=\"RandM Tornado 9000 Puffs jednorazowe Vape-\ud83e\uddca50 flav\" src=\"https:\/\/www.youtube.com\/embed\/FsSbhQFoSOI?feature=oembed\" width=\"1020\" height=\"574\" frameborder=\"0\" allowfullscreen=\"allowfullscreen\"><\/iframe><\/p>\n<figure id=\"attachment_3440\" class=\"wp-caption alignnone\" style=\"width: 1020px;\" aria-describedby=\"caption-attachment-3440\">\n<figure id=\"attachment_4751\" aria-describedby=\"caption-attachment-4751\" style=\"width: 1560px\" class=\"wp-caption alignnone\"><img loading=\"lazy\" decoding=\"async\" class=\"size-full wp-image-4751\" src=\"https:\/\/dankstarvapes.com\/wp-content\/uploads\/2024\/11\/RandM-Tornado-9000-Puffs-Disposable-Vape-2.webp\" alt=\"Vape jednorazowe RandM Tornado 9000 Puffs (2 szt.)\" width=\"1560\" height=\"808\" title=\"\"><figcaption id=\"caption-attachment-4751\" class=\"wp-caption-text\">RandM Tornado 9000 Puffs jednorazowe Vape<\/figcaption><\/figure><\/figure>\n<h2>-----------------------------------------<\/h2>\n<h2>Przegl\u0105d i funkcje produktu<\/h2>\n<p><strong>RandM Tornado 9000 Puffs jednorazowe Vape<\/strong> to godny uwagi konkurent na rynku jednorazowych urz\u0105dze\u0144 vape, zaprojektowany z my\u015bl\u0105 zar\u00f3wno o pocz\u0105tkuj\u0105cych, jak i do\u015bwiadczonych u\u017cytkownikach. Jednym z jego najbardziej imponuj\u0105cych atrybut\u00f3w jest znaczna liczba zaci\u0105gni\u0119\u0107, oferuj\u0105ca do<strong> 9000 zaci\u0105gni\u0119\u0107<\/strong> na urz\u0105dzenie. Funkcja ta nie tylko poprawia og\u00f3lne wra\u017cenia z waporyzacji, ale tak\u017ce zapewnia doskona\u0142\u0105 warto\u015b\u0107 dla u\u017cytkownik\u00f3w poszukuj\u0105cych d\u0142ugowieczno\u015bci w swoich jednorazowych waporyzatorach.<\/p>\n<p>Je\u015bli chodzi o opcje smakowe, to <strong>RandM Tornado<\/strong> naprawd\u0119 wyr\u00f3\u017cnia si\u0119 imponuj\u0105cym wyborem <strong>50 r\u00f3\u017cnych smak\u00f3w<\/strong>. Ta szeroka gama zaspokaja szereg preferencji podniebienia, dzi\u0119ki czemu jest idealna dla u\u017cytkownik\u00f3w, kt\u00f3rzy uwielbiaj\u0105 eksperymentowa\u0107 z r\u00f3\u017cnymi smakami.<\/p>\n<p>Od\u015bwie\u017canie <strong>owocowe mikstury<\/strong> do klasycznego <strong>mieszanki tytoniowe<\/strong>Asortyment zapewnia, \u017ce ka\u017cdy mo\u017ce odkry\u0107 sw\u00f3j idealny smak. Co wi\u0119cej, intryguj\u0105ce po\u0142\u0105czenia i wysoka jako\u015b\u0107 smak\u00f3w naprawd\u0119 wyr\u00f3\u017cniaj\u0105 t\u0119 mark\u0119. <strong>Tornado<\/strong> od wielu konkurent\u00f3w na rynku. Dzi\u0119ki tak zr\u00f3\u017cnicowanej ofercie z pewno\u015bci\u0105 znajdziesz co\u015b, co pobudzi Twoje kubki smakowe!<\/p>\n<p>Przyjazna dla u\u017cytkownika konstrukcja urz\u0105dzenia zwi\u0119ksza jego atrakcyjno\u015b\u0107. Skonstruowane z my\u015bl\u0105 o przeno\u015bno\u015bci, urz\u0105dzenie <strong>Tornado<\/strong> wygodnie le\u017cy w d\u0142oni, dzi\u0119ki czemu jest wygodny dla u\u017cytkownik\u00f3w w podr\u00f3\u017cy. Elegancka i lekka konstrukcja oznacza r\u00f3wnie\u017c, \u017ce mo\u017cna go \u0142atwo transportowa\u0107, pozwalaj\u0105c u\u017cytkownikom cieszy\u0107 si\u0119 waporyzacj\u0105 bez \u017cadnych k\u0142opot\u00f3w. Dodatkowo, urz\u0105dzenie wykorzystuje zaawansowan\u0105 technologi\u0119 waporyzacji, zapewniaj\u0105c p\u0142ynn\u0105 i sp\u00f3jn\u0105 produkcj\u0119 pary przy ka\u017cdym zaci\u0105gni\u0119ciu.<\/p>\n<p>\u017bywotno\u015b\u0107 baterii <strong>RandM Tornado<\/strong> to kolejna kluczowa cecha, poniewa\u017c zosta\u0142a zaprojektowana tak, aby obs\u0142ugiwa\u0107 imponuj\u0105c\u0105 liczb\u0119 zaci\u0105gni\u0119\u0107 bez konieczno\u015bci cz\u0119stego \u0142adowania. Ta funkcjonalno\u015b\u0107 sprawia, \u017ce jest to idealne rozwi\u0105zanie dla u\u017cytkownik\u00f3w preferuj\u0105cych niezawodn\u0105 i nieprzerwan\u0105 sesj\u0119 waporyzacji. Og\u00f3\u0142em, <strong>RandM Tornado 9000 Puffs<\/strong> Disposable Vape \u0142\u0105czy w sobie innowacyjny design, r\u00f3\u017cnorodno\u015b\u0107 smak\u00f3w i d\u0142ugotrwa\u0142\u0105 wydajno\u015b\u0107, wyr\u00f3\u017cniaj\u0105c si\u0119 jako najlepszy wyb\u00f3r w\u015br\u00f3d jednorazowych waporyzator\u00f3w dost\u0119pnych obecnie na rynku.<\/p>\n<h2>R\u00f3\u017cnorodno\u015b\u0107 smak\u00f3w i wra\u017cenia u\u017cytkownika<\/h2>\n<div class=\"flex-shrink-0 flex flex-col relative items-end\">\n<div>\n<div class=\"pt-0\">\n<div class=\"gizmo-bot-avatar flex h-8 w-8 items-center justify-center overflow-hidden rounded-full\"><\/div>\n<\/div>\n<\/div>\n<\/div>\n<div class=\"group\/conversation-turn relative flex w-full min-w-0 flex-col agent-turn\">\n<div class=\"flex-col gap-1 md:gap-3\">\n<div class=\"flex max-w-full flex-col flex-grow\">\n<div class=\"min-h-8 text-message flex w-full flex-col items-end gap-2 whitespace-normal break-words [.text-message+&amp;]:mt-5\" dir=\"auto\" data-message-author-role=\"assistant\" data-message-id=\"5e5a2b0f-c13f-47e2-917d-aee5b1aaf1f6\" data-message-model-slug=\"gpt-4o\">\n<div class=\"flex w-full flex-col gap-1 empty:hidden first:pt-[3px]\">\n<div class=\"markdown prose w-full break-words dark:prose-invert light\">\n<p><strong>RandM Tornado 9000 Puffs jednorazowe Vape<\/strong> jest dobrze znana ze swojej imponuj\u0105cej r\u00f3\u017cnorodno\u015bci smak\u00f3w, kt\u00f3ra przemawia do wszystkich entuzjast\u00f3w waporyzacji. Niezale\u017cnie od tego, czy jeste\u015b pocz\u0105tkuj\u0105cym, czy do\u015bwiadczonym u\u017cytkownikiem, znajdziesz smaki, kt\u00f3re pasuj\u0105 do twoich preferencji, zwi\u0119kszaj\u0105c og\u00f3lne wra\u017cenia z waporyzacji.<\/p>\n<p>Dla mi\u0142o\u015bnik\u00f3w owocowych smak\u00f3w, opcje takie jak arbuz, mango i mieszane jagody oferuj\u0105 orze\u017awiaj\u0105ce i orze\u017awiaj\u0105ce doznania. W szczeg\u00f3lno\u015bci smaki te s\u0105 s\u0142odkie i \u017cywe. Ponadto u\u017cytkownicy cz\u0119sto doceniaj\u0105 p\u0142ynn\u0105 inhalacj\u0119 i czysty posmak, kt\u00f3ry pozwala na utrzymanie si\u0119 smaku bez nieprzyjemnych pozosta\u0142o\u015bci. W rezultacie te owocowe opcje zwi\u0119kszaj\u0105 og\u00f3ln\u0105 przyjemno\u015b\u0107 z waporyzacji.<\/p>\n<p>S\u0142odsze smaki deserowe, takie jak krem waniliowy i kr\u00f3wka czekoladowa, zaspokoj\u0105 potrzeby \u0142akomczuch\u00f3w. Te bogatsze, bardziej kremowe profile \u0142adnie kontrastuj\u0105 z owocowymi opcjami. Klienci cz\u0119sto zauwa\u017caj\u0105, \u017ce smaki deserowe oferuj\u0105 mocniejsze uderzenie w gard\u0142o, idealne do spokojnego waporyzowania lub na specjalne okazje.<\/p>\n<p>Jako\u015b\u0107 rysowania <strong>RandM Tornado 9000<\/strong> jest r\u00f3wnie\u017c godna uwagi. U\u017cytkownicy zg\u0142aszaj\u0105 satysfakcjonuj\u0105c\u0105 r\u00f3wnowag\u0119 mi\u0119dzy produkcj\u0105 pary a retencj\u0105 aromatu, przyczyniaj\u0105c si\u0119 do sp\u00f3jnego do\u015bwiadczenia waporyzacji. Urz\u0105dzenie konsekwentnie zapewnia smak przez ca\u0142y okres u\u017cytkowania, co czyni go wyr\u00f3\u017cniaj\u0105cym si\u0119 wyborem na zat\u0142oczonym rynku. Niezale\u017cnie od tego, czy chcesz wypr\u00f3bowa\u0107 co\u015b nowego, czy te\u017c pozosta\u0107 przy ulubionym, model <strong>RandM Tornado 9000<\/strong> zaprasza do zapoznania si\u0119 z r\u00f3\u017cnorodn\u0105 ofert\u0105 smakow\u0105.<\/p>\n<p><strong>Sprawd\u017a wi\u0119cej z naszej serii RandM Tornado:<\/strong><\/p>\n<p class=\"product-title product_title entry-title\">RandM Tornado 7000<\/p>\n<p class=\"product-title product_title entry-title\">RandM Tornado 9000<\/p>\n<p class=\"product-title product_title entry-title\">RandM Tornado 12000<\/p>\n<p class=\"product-title product_title entry-title\">RandM Tornado 15000<\/p>\n<p class=\"product-title product_title entry-title\">RandM Tornado 20000<\/p>\n<p class=\"product-title product_title entry-title\">RandM Tornado 25000<\/p>\n<p class=\"product-title product_title entry-title\">RandM Tornado 30000<\/p>\n<hr \/>\n<p><strong>Dlaczego warto wybra\u0107 nas?<\/strong><\/p>\n<p>Wybieraj\u0105c oficjalny sklep z jednorazowymi waporyzatorami, mo\u017cesz cieszy\u0107 si\u0119 wieloma korzy\u015bciami:<\/p>\n<ul>\n<li><strong>Oficjalny kana\u0142 sprzeda\u017cy:<\/strong>\u00a0Gwarantujemy autentyczne produkty i wysok\u0105 jako\u015b\u0107 us\u0142ug.<\/li>\n<li><strong>Sprzeda\u017c hurtowa i detaliczna:<\/strong>\u00a0Oferujemy elastyczne opcje zakupu dla klient\u00f3w indywidualnych i hurtowych.<\/li>\n<li><strong>Zapewnienie jako\u015bci:<\/strong>\u00a0Nasze produkty przechodz\u0105 rygorystyczne testy jako\u015bci, aby zapewni\u0107 satysfakcj\u0119 u\u017cytkownik\u00f3w.<\/li>\n<li><strong>Wysy\u0142ka na ca\u0142y \u015bwiat:<\/strong>\u00a0Z dum\u0105 wysy\u0142amy nasze produkty do wi\u0119kszo\u015bci cz\u0119\u015bci \u015bwiata, dzi\u0119ki czemu mo\u017cesz cieszy\u0107 si\u0119 naszymi produktami bez wzgl\u0119du na to, gdzie jeste\u015b.<\/li>\n<li><strong>Do\u015bwiadczenie w bran\u017cy:<\/strong>\u00a0Dzi\u0119ki ponad 8-letniemu do\u015bwiadczeniu na rynku stali\u015bmy si\u0119 zaufanym i najlepszym wyborem.<\/li>\n<li><strong>D\u0142ugoterminowe partnerstwa:<\/strong>\u00a0Wsp\u00f3\u0142pracujemy r\u00f3wnie\u017c z lokalnymi w\u0142a\u015bcicielami sklep\u00f3w w Europie, co pozwala nam szybko reagowa\u0107 na potrzeby rynku i utrzymywa\u0107 \u015bwie\u017co\u015b\u0107 naszych produkt\u00f3w.<\/li>\n<\/ul>\n<p>Wyb\u00f3r naszych jednorazowych waporyzator\u00f3w pozwala nie tylko cieszy\u0107 si\u0119 r\u00f3\u017cnorodno\u015bci\u0105 smak\u00f3w, ale tak\u017ce do\u015bwiadczy\u0107 niezwyk\u0142ej podr\u00f3\u017cy waporyzacyjnej. Aby uzyska\u0107 wi\u0119cej informacji, odwied\u017a nas <a href=\"http:\/\/dankstarvapes.com\" target=\"_blank\" rel=\"noopener\">dankstarvapes.com<\/a>!<\/p>\n<\/div>\n<\/div>\n<\/div>\n<\/div>\n<\/div>\n<\/div>\n<\/div>","protected":false},"excerpt":{"rendered":"<p>The RandM Tornado 9000 Puff Disposable Electronic Cigarette is a signature product from Fumot, offering an exceptional vaping experience. With up to 50 flavors to choose from, this 9000-puff Tornado vape combines variety with convenience. Its compact and sleek design features the iconic RandM Tornado illustration, making a bold statement. Just like the powerful force [&#8230;]","protected":false},"featured_media":1022,"comment_status":"open","ping_status":"closed","template":"","meta":[],"product_brand":[],"product_cat":[75,77,106,95,73,78,96,71,79,80,81,82,83,84,85,86,87,88,89,90,91,107,104,134,16,92],"product_tag":[],"class_list":{"0":"post-1011","1":"product","2":"type-product","3":"status-publish","4":"has-post-thumbnail","6":"product_cat-2-nicotine-disposable-vape","7":"product_cat-5-nicotine-disposable-vape","8":"product_cat-9000-puff-vape","9":"product_cat-advanced-vape","10":"product_cat-big-puff-vapes","11":"product_cat-disposable-vape-near-me","12":"product_cat-disposable-vape-with-led-light","13":"product_cat-0-5-nicotine-vapes","14":"product_cat-disposable-vapes-in-austria","15":"product_cat-disposable-vapes-in-belgium","16":"product_cat-disposable-vapes-in-france","17":"product_cat-disposable-vapes-in-germany","18":"product_cat-disposable-vapes-in-ltaly","19":"product_cat-disposable-vapes-in-netherlands","20":"product_cat-disposable-vapes-in-norway","21":"product_cat-disposable-vapes-in-poland","22":"product_cat-disposable-vapes-in-portugal","23":"product_cat-disposable-vapes-in-spain","24":"product_cat-disposable-vapes-in-sweden","25":"product_cat-disposable-vapes-in-switzerland","26":"product_cat-disposable-vapes-in-united-states","27":"product_cat-randm-tornado-9000","28":"product_cat-randm-tornado-vape","29":"product_cat-tornado-vape","30":"product_cat-uncategorized","31":"product_cat-vape-brands","33":"first","34":"instock","35":"sale","36":"shipping-taxable","37":"purchasable","38":"product-type-variable","39":"has-default-attributes"},"tiered_pricing_type":"fixed","tiered_pricing_fixed_rules":[],"tiered_pricing_product_settings":{"layout":"default","base_unit_name":{"singular":null,"plural":null},"default_variation":null},"tiered_pricing_minimum_quantity":null,"tiered_pricing_roles_data":[],"tiered_pricing_percentage_rules":[],"tiered_pricing_maximum_quantity":null,"tiered_pricing_quantity_step":null,"_links":{"self":[{"href":"https:\/\/vapsolovape.com\/pl\/wp-json\/wp\/v2\/product\/1011","targetHints":{"allow":["GET"]}}],"collection":[{"href":"https:\/\/vapsolovape.com\/pl\/wp-json\/wp\/v2\/product"}],"about":[{"href":"https:\/\/vapsolovape.com\/pl\/wp-json\/wp\/v2\/types\/product"}],"replies":[{"embeddable":true,"href":"https:\/\/vapsolovape.com\/pl\/wp-json\/wp\/v2\/comments?post=1011"}],"wp:featuredmedia":[{"embeddable":true,"href":"https:\/\/vapsolovape.com\/pl\/wp-json\/wp\/v2\/media\/1022"}],"wp:attachment":[{"href":"https:\/\/vapsolovape.com\/pl\/wp-json\/wp\/v2\/media?parent=1011"}],"wp:term":[{"taxonomy":"product_brand","embeddable":true,"href":"https:\/\/vapsolovape.com\/pl\/wp-json\/wp\/v2\/product_brand?post=1011"},{"taxonomy":"product_cat","embeddable":true,"href":"https:\/\/vapsolovape.com\/pl\/wp-json\/wp\/v2\/product_cat?post=1011"},{"taxonomy":"product_tag","embeddable":true,"href":"https:\/\/vapsolovape.com\/pl\/wp-json\/wp\/v2\/product_tag?post=1011"}],"curies":[{"name":"wp","href":"https:\/\/api.w.org\/{rel}","templated":true}]}}