{"id":1299,"date":"2025-02-14T18:18:52","date_gmt":"2025-02-14T10:18:52","guid":{"rendered":"https:\/\/vapsolovape.com\/?post_type=product&#038;p=1299"},"modified":"2026-04-03T17:03:38","modified_gmt":"2026-04-03T09:03:38","slug":"randm-tornado-25000-puffs-new-large-capacity-new-release","status":"publish","type":"product","link":"https:\/\/vapsolovape.com\/pl\/produkt\/randm-tornado-25000-puffs-new-large-capacity-new-release\/","title":{"rendered":"RandM Tornado 25000 Puffs - \u015bwie\u017ce wydanie o ogromnej pojemno\u015bci!"},"content":{"rendered":"<div id=\"tab-description\" class=\"woocommerce-Tabs-panel woocommerce-Tabs-panel--description panel entry-content active\" role=\"tabpanel\" aria-labelledby=\"tab-title-description\">\n<div>\n<p data-start=\"106\" data-end=\"451\">RandM Tornado 25000 zosta\u0142 zaprojektowany, aby podnie\u015b\u0107 jako\u015b\u0107 waporyzacji dzi\u0119ki najnowocze\u015bniejszym funkcjom. Wyposa\u017cony w 1,77-calowy ekran TFT o wysokiej rozdzielczo\u015bci, zapewnia aktualizacje w czasie rzeczywistym zar\u00f3wno poziomu na\u0142adowania baterii, jak i poziomu e-cieczy. Pe\u0142noekranowy wy\u015bwietlacz nie tylko podkre\u015bla futurystyczny wygl\u0105d urz\u0105dzenia, ale tak\u017ce przyci\u0105ga uwag\u0119 entuzjast\u00f3w waporyzacji.<\/p>\n<p data-start=\"453\" data-end=\"734\">Aby upro\u015bci\u0107 aktywacj\u0119 i poprawi\u0107 styl urz\u0105dzenia, RandM Tornado 25000 wprowadza innowacyjny prze\u0142\u0105cznik dotykowy. Za pomoc\u0105 zaledwie trzech naci\u015bni\u0119\u0107 u\u017cytkownicy mog\u0105 \u0142atwo prze\u0142\u0105cza\u0107 si\u0119 mi\u0119dzy r\u00f3\u017cnymi mocami, co pozwala na w pe\u0142ni konfigurowalne do\u015bwiadczenie waporyzacji dostosowane do indywidualnych preferencji.<\/p>\n<\/div>\n<figure id=\"attachment_3727\" class=\"wp-caption alignnone\" style=\"width: 2560px;\" aria-describedby=\"caption-attachment-3727\">\n<figure id=\"attachment_4724\" aria-describedby=\"caption-attachment-4724\" style=\"width: 1500px\" class=\"wp-caption alignnone\"><img loading=\"lazy\" decoding=\"async\" class=\"wp-image-4724 size-full\" title=\"RandM Tornado 25000\" src=\"https:\/\/dankstarvapes.com\/wp-content\/uploads\/2024\/11\/RandM-Tornado-25000-1-2.webp\" alt=\"RandM Tornado 25000\" width=\"1500\" height=\"968\" \/><figcaption id=\"caption-attachment-4724\" class=\"wp-caption-text\">RandM Tornado 25000<\/figcaption><\/figure><\/figure>\n<h2>__________________________________________________________________________________________<\/h2>\n<h2><strong>Tornado 25000 Puffs<\/strong> Vape jednorazowego u\u017cytku - zaawansowane funkcje wy\u015bwietlacza<\/h2>\n<h3><strong>Ekran HD TFT<\/strong><\/h3>\n<p>The <strong>RandM Tornado 25000<\/strong> Posiada ekran, kt\u00f3ry pozwala u\u017cytkownikom monitorowa\u0107 \u017cywotno\u015b\u0107 baterii i poziom e-cieczy w czasie rzeczywistym, zapobiegaj\u0105c przerwom podczas waporyzacji.<\/p>\n<h2><strong>RandM Tornado 25000<\/strong> <strong>Zmiana w kierunku inteligentniejszej technologii waporyzacji<\/strong><\/h2>\n<p>Innowacyjny wy\u015bwietlacz RandM Tornado 25000 Puffs reprezentuje zmian\u0119 w kierunku inteligentniejszej technologii Vape. Wyra\u017anie wy\u015bwietlaj\u0105c stan baterii i zapas e-liquidu, u\u017cytkownicy mog\u0105 aktywnie zarz\u0105dza\u0107 swoim urz\u0105dzeniem, zapewniaj\u0105c p\u0142ynne wra\u017cenia. Ta przyjazna dla u\u017cytkownika technologia zwi\u0119ksza wygod\u0119 i satysfakcj\u0119.<\/p>\n<h3><strong>RandM Tornado 25000 Ulepszone og\u00f3lne wra\u017cenia u\u017cytkownika<\/strong><\/h3>\n<p>Co wi\u0119cej, \u017cywe kolory i wyra\u017ana rozdzielczo\u015b\u0107 ekranu TFT znacznie poprawiaj\u0105 og\u00f3lne wra\u017cenia u\u017cytkownika. Nowoczesny design nie tylko poprawia estetyk\u0119 urz\u0105dzenia, ale tak\u017ce sprawia, \u017ce interakcje s\u0105 przyjemniejsze, odzwierciedlaj\u0105c ewolucj\u0119 kultury waporyzacji. Te cechy sprawiaj\u0105, \u017ce RandM Tornado 25000 spe\u0142nia potrzeby zar\u00f3wno pocz\u0105tkuj\u0105cych, jak i do\u015bwiadczonych waper\u00f3w.<\/p>\n<h2>Projektowanie zorientowane na u\u017cytkownika i wydajno\u015b\u0107<\/h2>\n<div class=\"flex max-w-full flex-col flex-grow\">\n<div class=\"min-h-8 text-message flex w-full flex-col items-end gap-2 whitespace-normal break-words [.text-message+&amp;]:mt-5\" dir=\"auto\" data-message-author-role=\"assistant\" data-message-id=\"09d2e216-c814-4342-8249-e19bcd86eec0\" data-message-model-slug=\"gpt-4o\">\n<div class=\"flex w-full flex-col gap-1 empty:hidden first:pt-[3px]\">\n<div class=\"markdown prose w-full break-words dark:prose-invert light\">\n<p>RandM Tornado 25000 zosta\u0142 specjalnie zaprojektowany, aby zapewni\u0107 lepsze wra\u017cenia z waporyzacji. Dzi\u0119ki innowacyjnemu prze\u0142\u0105cznikowi dotykowemu u\u017cytkownicy mog\u0105 \u0142atwo prze\u0142\u0105cza\u0107 si\u0119 mi\u0119dzy ustawieniami mocy, umo\u017cliwiaj\u0105c szybk\u0105 i \u0142atw\u0105 regulacj\u0119. Funkcja ta nie tylko dodaje spersonalizowanego charakteru, ale tak\u017ce zwi\u0119ksza wygod\u0119. Co wi\u0119cej, skupienie si\u0119 na \u0142atwo\u015bci obs\u0142ugi odzwierciedla silne zaanga\u017cowanie marki w zapewnienie satysfakcji u\u017cytkownika, dzi\u0119ki czemu jest to wyj\u0105tkowy wyb\u00f3r dla vaper\u00f3w poszukuj\u0105cych zar\u00f3wno \u0142atwo\u015bci, jak i wydajno\u015bci.<\/p>\n<p>Zasilane solidnym akumulatorem o pojemno\u015bci 700 mAh, urz\u0105dzenie obs\u0142uguje szybkie \u0142adowanie w celu zminimalizowania przestoj\u00f3w. Dodatkowo, dwurdzeniowe cewki z podw\u00f3jn\u0105 siatk\u0105 zapewniaj\u0105 imponuj\u0105c\u0105 par\u0119 i smak, zapewniaj\u0105c satysfakcjonuj\u0105ce uderzenie. Regulowane ustawienia przep\u0142ywu powietrza pozwalaj\u0105 u\u017cytkownikom dostosowa\u0107 swoje wra\u017cenia, niezale\u017cnie od tego, czy wol\u0105 mocniejsze zaci\u0105ganie si\u0119, czy wi\u0119ksze chmury. Dzi\u0119ki \u017cywotno\u015bci do 25 000 zaci\u0105gni\u0119\u0107, urz\u0105dzenie to stanowi przyjazn\u0105 dla \u015brodowiska alternatyw\u0119 dla tradycyjnych jednoraz\u00f3wek, zmniejszaj\u0105c ilo\u015b\u0107 odpad\u00f3w i zwi\u0119kszaj\u0105c kontrol\u0119 u\u017cytkownika.<\/p>\n<\/div>\n<\/div>\n<\/div>\n<\/div>\n<p><strong>Sprawd\u017a wi\u0119cej z naszej serii RandM Tornado:<\/strong><\/p>\n<p class=\"product-title product_title entry-title\">RandM Tornado 7000<\/p>\n<p class=\"product-title product_title entry-title\">RandM Tornado 9000<\/p>\n<p class=\"product-title product_title entry-title\">RandM Tornado 12000<\/p>\n<p class=\"product-title product_title entry-title\">RandM Tornado 15000<\/p>\n<p class=\"product-title product_title entry-title\">RandM Tornado 20000<\/p>\n<p class=\"product-title product_title entry-title\">RandM Tornado 25000<\/p>\n<p class=\"product-title product_title entry-title\">RandM Tornado 30000<\/p>\n<hr \/>\n<p><strong>Dlaczego warto wybra\u0107 nas?<\/strong><\/p>\n<p>Wybieraj\u0105c oficjalny sklep z jednorazowymi waporyzatorami, mo\u017cesz cieszy\u0107 si\u0119 wieloma korzy\u015bciami:<\/p>\n<ul>\n<li><strong>Oficjalny kana\u0142 sprzeda\u017cy:<\/strong>\u00a0Gwarantujemy autentyczne produkty i wysok\u0105 jako\u015b\u0107 us\u0142ug.<\/li>\n<li><strong>Sprzeda\u017c hurtowa i detaliczna:<\/strong>\u00a0Oferujemy elastyczne opcje zakupu dla klient\u00f3w indywidualnych i hurtowych.<\/li>\n<li><strong>Zapewnienie jako\u015bci:<\/strong>\u00a0Nasze produkty przechodz\u0105 rygorystyczne testy jako\u015bci, aby zapewni\u0107 satysfakcj\u0119 u\u017cytkownik\u00f3w.<\/li>\n<li><strong>Wysy\u0142ka na ca\u0142y \u015bwiat:<\/strong>\u00a0Z dum\u0105 wysy\u0142amy nasze produkty do wi\u0119kszo\u015bci cz\u0119\u015bci \u015bwiata, dzi\u0119ki czemu mo\u017cesz cieszy\u0107 si\u0119 naszymi produktami bez wzgl\u0119du na to, gdzie jeste\u015b.<\/li>\n<li><strong>Do\u015bwiadczenie w bran\u017cy:<\/strong>\u00a0Dzi\u0119ki ponad 8-letniemu do\u015bwiadczeniu na rynku stali\u015bmy si\u0119 zaufanym i najlepszym wyborem.<\/li>\n<li><strong>D\u0142ugoterminowe partnerstwa:<\/strong>\u00a0Wsp\u00f3\u0142pracujemy r\u00f3wnie\u017c z lokalnymi w\u0142a\u015bcicielami sklep\u00f3w w Europie, co pozwala nam szybko reagowa\u0107 na potrzeby rynku i utrzymywa\u0107 \u015bwie\u017co\u015b\u0107 naszych produkt\u00f3w.<\/li>\n<\/ul>\n<p>Wyb\u00f3r naszych jednorazowych waporyzator\u00f3w pozwala nie tylko cieszy\u0107 si\u0119 r\u00f3\u017cnorodno\u015bci\u0105 smak\u00f3w, ale tak\u017ce do\u015bwiadczy\u0107 niezwyk\u0142ej podr\u00f3\u017cy waporyzacyjnej. Aby uzyska\u0107 wi\u0119cej informacji, odwied\u017a nas <a href=\"http:\/\/dankstarvapes.com\" target=\"_blank\" rel=\"noopener\">dankstarvapes.com<\/a>!<\/p>\n<\/div>","protected":false},"excerpt":{"rendered":"<p>The RandM Tornado 25000 is designed to elevate your vaping experience with cutting-edge features. Equipped with a 1.77-inch high-definition TFT screen, it provides real-time updates on both battery power and e-liquid levels. The full-screen display not only enhances the device\u2019s futuristic look but also grabs the attention of vape enthusiasts. To simplify activation and improve [&#8230;]","protected":false},"featured_media":1308,"comment_status":"open","ping_status":"closed","template":"","meta":[],"product_brand":[],"product_cat":[75,111,77,95,73,78,97,71,79,80,81,82,83,84,85,86,87,88,89,90,91,112,104,134,16,92],"product_tag":[],"class_list":{"0":"post-1299","1":"product","2":"type-product","3":"status-publish","4":"has-post-thumbnail","6":"product_cat-2-nicotine-disposable-vape","7":"product_cat-25000-25k-puff-vape","8":"product_cat-5-nicotine-disposable-vape","9":"product_cat-advanced-vape","10":"product_cat-big-puff-vapes","11":"product_cat-disposable-vape-near-me","12":"product_cat-disposable-vape-with-screen","13":"product_cat-0-5-nicotine-vapes","14":"product_cat-disposable-vapes-in-austria","15":"product_cat-disposable-vapes-in-belgium","16":"product_cat-disposable-vapes-in-france","17":"product_cat-disposable-vapes-in-germany","18":"product_cat-disposable-vapes-in-ltaly","19":"product_cat-disposable-vapes-in-netherlands","20":"product_cat-disposable-vapes-in-norway","21":"product_cat-disposable-vapes-in-poland","22":"product_cat-disposable-vapes-in-portugal","23":"product_cat-disposable-vapes-in-spain","24":"product_cat-disposable-vapes-in-sweden","25":"product_cat-disposable-vapes-in-switzerland","26":"product_cat-disposable-vapes-in-united-states","27":"product_cat-randm-tornado-25000","28":"product_cat-randm-tornado-vape","29":"product_cat-tornado-vape","30":"product_cat-uncategorized","31":"product_cat-vape-brands","33":"first","34":"instock","35":"sale","36":"shipping-taxable","37":"purchasable","38":"product-type-variable","39":"has-default-attributes"},"tiered_pricing_type":"fixed","tiered_pricing_fixed_rules":[],"tiered_pricing_product_settings":{"layout":"default","base_unit_name":{"singular":null,"plural":null},"default_variation":null},"tiered_pricing_minimum_quantity":null,"tiered_pricing_roles_data":[],"tiered_pricing_percentage_rules":[],"tiered_pricing_maximum_quantity":null,"tiered_pricing_quantity_step":null,"_links":{"self":[{"href":"https:\/\/vapsolovape.com\/pl\/wp-json\/wp\/v2\/product\/1299","targetHints":{"allow":["GET"]}}],"collection":[{"href":"https:\/\/vapsolovape.com\/pl\/wp-json\/wp\/v2\/product"}],"about":[{"href":"https:\/\/vapsolovape.com\/pl\/wp-json\/wp\/v2\/types\/product"}],"replies":[{"embeddable":true,"href":"https:\/\/vapsolovape.com\/pl\/wp-json\/wp\/v2\/comments?post=1299"}],"wp:featuredmedia":[{"embeddable":true,"href":"https:\/\/vapsolovape.com\/pl\/wp-json\/wp\/v2\/media\/1308"}],"wp:attachment":[{"href":"https:\/\/vapsolovape.com\/pl\/wp-json\/wp\/v2\/media?parent=1299"}],"wp:term":[{"taxonomy":"product_brand","embeddable":true,"href":"https:\/\/vapsolovape.com\/pl\/wp-json\/wp\/v2\/product_brand?post=1299"},{"taxonomy":"product_cat","embeddable":true,"href":"https:\/\/vapsolovape.com\/pl\/wp-json\/wp\/v2\/product_cat?post=1299"},{"taxonomy":"product_tag","embeddable":true,"href":"https:\/\/vapsolovape.com\/pl\/wp-json\/wp\/v2\/product_tag?post=1299"}],"curies":[{"name":"wp","href":"https:\/\/api.w.org\/{rel}","templated":true}]}}