{"id":1352,"date":"2025-02-14T18:19:06","date_gmt":"2025-02-14T10:19:06","guid":{"rendered":"https:\/\/vapsolovape.com\/?post_type=product&#038;p=1352"},"modified":"2026-03-14T11:27:28","modified_gmt":"2026-03-14T03:27:28","slug":"randm-tornado-30000-puffow-vape-najnowsze-dostepne-modele","status":"publish","type":"product","link":"https:\/\/vapsolovape.com\/pl\/produkt\/randm-tornado-30000-puffow-vape-najnowsze-dostepne-modele\/","title":{"rendered":"RandM Tornado 30000 Puffs Vape - poznaj najnowszy model!"},"content":{"rendered":"<div id=\"tab-description\" class=\"woocommerce-Tabs-panel woocommerce-Tabs-panel--description panel entry-content active\" role=\"tabpanel\" aria-labelledby=\"tab-title-description\">\n<p data-start=\"153\" data-end=\"450\">RandM Tornado 30000 Music Edition to najnowszy dodatek do renomowanej serii RandM Tornado Vape z 2024 roku. Stworzone z my\u015bl\u0105 o entuzjastach waporyzacji, kt\u00f3rzy wymagaj\u0105 jako\u015bci i wszechstronno\u015bci, to zaawansowane urz\u0105dzenie jednorazowego u\u017cytku zapewnia wyj\u0105tkowe wra\u017cenia z waporyzacji dzi\u0119ki funkcjom zaprojektowanym tak, aby spe\u0142ni\u0107 wszystkie Twoje potrzeby.<\/p>\n<p><strong>30,000 Puffs:<\/strong>\u00a0Ciesz si\u0119 nawet 30 000 zaci\u0105gni\u0119\u0107, aby cieszy\u0107 si\u0119 nieprzerwanym paleniem.<\/p>\n<p><strong>Pojemno\u015b\u0107 25 ml:<\/strong>\u00a0Pojemno\u015b\u0107 25 ml zmniejsza potrzeb\u0119 uzupe\u0142niania, umo\u017cliwiaj\u0105c d\u0142u\u017csze delektowanie si\u0119 ulubionymi smakami.<\/p>\n<p><strong>Zintegrowana bateria 850 mAh:<\/strong>\u00a0Wydajna bateria 850 mAh zapewnia pewno\u015b\u0107 ca\u0142odziennego wapowania.<\/p>\n<p><strong>Wygoda \u0142adowania:<\/strong>\u00a0Akumulatorowa konstrukcja umo\u017cliwia \u0142adowanie w dowolnym momencie, co jest idealnym rozwi\u0105zaniem dla os\u00f3b prowadz\u0105cych intensywny tryb \u017cycia.<\/p>\n<p><strong>G\u0142adka cewka siatkowa:<\/strong>\u00a0Innowacyjna cewka siatkowa zapewnia p\u0142ynn\u0105 i satysfakcjonuj\u0105c\u0105 waporyzacj\u0119.<\/p>\n<p><strong>Pokaz \u015bwietlny RGB\uff1a<\/strong>Konfigurowalna funkcja muzyki<\/p>\n<p><strong>Konfigurowalne poziomy soli:<\/strong>\u00a0Wybierz s\u00f3l nikotynow\u0105 2% lub 5%, aby dopasowa\u0107 j\u0105 do swoich upodoba\u0144.<\/p>\n<p><strong>Kompaktowy i stylowy:<\/strong>\u00a0Stylowa, ergonomiczna konstrukcja sprawia, \u017ce jest \u0142atwy w u\u017cyciu i nadaje si\u0119 na ka\u017cd\u0105 okazj\u0119.<\/p>\n<p><strong>30 smak\u00f3w do wyboru:<\/strong>\u00a0Ciesz si\u0119 30 r\u00f3\u017cnorodnymi smakami, kt\u00f3re zaspokoj\u0105 gusta ka\u017cdego.<\/p>\n<p>Do\u015bwiadcz najlepszych wra\u017ce\u0144 z waporyzacji dzi\u0119ki RandM Tornado 30000 Music Edition. Podnie\u015b poziom swojej waporyzacji ju\u017c dzi\u015b!<\/p>\n<hr \/>\n<p><img loading=\"lazy\" decoding=\"async\" class=\"size-full wp-image-4918\" src=\"https:\/\/dankstarvapes.com\/wp-content\/uploads\/2024\/11\/Randm-Tornado-30000-Vapes.webp\" alt=\"Randm Tornado 30000 Vapes\" width=\"1946\" height=\"1876\" title=\"\"><\/p>\n<hr \/>\n<h3><strong>Przegl\u0105d RANDM Tornado 30000<\/strong><br \/>\n<strong>Najnowsze modele<\/strong><\/h3>\n<p>Seria RandM Tornado 30000 to najnowszy jednorazowy waporyzator o du\u017cej pojemno\u015bci wyprodukowany przez firm\u0119 Fumot. Dzi\u0119ki imponuj\u0105cej pojemno\u015bci 30 000 zaci\u0105gni\u0119\u0107, model ten zosta\u0142 zmodernizowany, aby zaspokoi\u0107 codzienne potrzeby zar\u00f3wno nowych, jak i powracaj\u0105cych klient\u00f3w. Jest to najnowszy i najwi\u0119kszy waporyzator RandM Tornado na rynku.<\/p>\n<h3><strong>RandM Tornado 30000 Doskona\u0142a wydajno\u015b\u0107<\/strong><\/h3>\n<p>RandM Tornado 30000 to doskona\u0142y jednorazowy waporyzator znany z doskona\u0142ej pojemno\u015bci. Jest to r\u00f3wnie\u017c najnowszy model oferuj\u0105cy ulepszone opcje smakowe. Ponadto, dzi\u0119ki wbudowanej baterii o pojemno\u015bci 850 mAh, u\u017cytkownicy mog\u0105 cieszy\u0107 si\u0119 waporyzacj\u0105 bez obawy o wyczerpanie energii.<\/p>\n<h3><strong>Dein Dampferlebnis, dein Sound<\/strong><\/h3>\n<p>Lass dich von der einzigartigen\u00a0<strong>RGB-Lichtshow<\/strong>\u00a0des\u00a0<strong>Tornado 30000<\/strong>\u00a0w takt ulubionej muzyki. Je\u015bli aktywujesz t\u0119 funkcj\u0119 muzyczn\u0105, Vape-Ger\u00e4t przekszta\u0142ci si\u0119 w ma\u0142y Spektakel - idealny do sp\u0119dzania czasu wolnego lub w podr\u00f3\u017cy. Zastanawiasz si\u0119 sam, czy chcesz aktywowa\u0107 Lichtshow, czy te\u017c go wy\u0142\u0105czy\u0107, w zale\u017cno\u015bci od nastroju.<\/p>\n<h3><strong>RandM Tornado 30000 Ulepszone opcje smaku<\/strong><\/h3>\n<p>Tornado 30000 ulepsza r\u00f3wnie\u017c wyb\u00f3r smak\u00f3w, zapewniaj\u0105c do 30 smak\u00f3w o bogatym, d\u0142ugotrwa\u0142ym smaku. Dzi\u0119ki tak zr\u00f3\u017cnicowanemu wyborowi zawsze znajdziesz smak, kt\u00f3ry odpowiada Twoim preferencjom.<\/p>\n<p><img loading=\"lazy\" decoding=\"async\" class=\"size-full wp-image-4919\" src=\"https:\/\/dankstarvapes.com\/wp-content\/uploads\/2024\/11\/RandM-Tornado-30000.webp\" alt=\"Randm Tornado 30000 Vapes\" width=\"1946\" height=\"1946\" title=\"\"><\/p>\n<h3><strong>Korzy\u015bci i wra\u017cenia u\u017cytkownika<\/strong><\/h3>\n<p>Tornado 30000 jest preferowany przez entuzjast\u00f3w waporyzacji ze wzgl\u0119du na wygod\u0119 i trwa\u0142o\u015b\u0107. W przeciwie\u0144stwie do tradycyjnych waporyzator\u00f3w, kt\u00f3re wymagaj\u0105 cz\u0119stego uzupe\u0142niania i konserwacji, Tornado 30000 eliminuje te k\u0142opoty i mo\u017cna go wyrzuci\u0107 po zako\u0144czeniu. Doskona\u0142a \u017cywotno\u015b\u0107 baterii zosta\u0142a zaprojektowana z my\u015bl\u0105 o ca\u0142odziennym u\u017cytkowaniu, zapewniaj\u0105c beztroskie do\u015bwiadczenie waporyzacji bez obaw o wyczerpanie energii. W po\u0142\u0105czeniu z du\u017c\u0105 pojemno\u015bci\u0105 e-liquidu, przewy\u017csza wiele jednorazowych waporyzator\u00f3w, pozwalaj\u0105c u\u017cytkownikom cieszy\u0107 si\u0119 ulubionymi smakami d\u0142u\u017cej i \u0142atwiej.<\/p>\n<p><strong>Sprawd\u017a wi\u0119cej z naszej serii RandM Tornado:<\/strong><\/p>\n<p class=\"product-title product_title entry-title\">RandM Tornado 7000<\/p>\n<p class=\"product-title product_title entry-title\">RandM Tornado 9000<\/p>\n<p class=\"product-title product_title entry-title\">RandM Tornado 12000<\/p>\n<p class=\"product-title product_title entry-title\">RandM Tornado 15000<\/p>\n<p class=\"product-title product_title entry-title\">RandM Tornado 20000<\/p>\n<p class=\"product-title product_title entry-title\">RandM Tornado 25000<\/p>\n<p class=\"product-title product_title entry-title\">RandM Tornado 30000<\/p>\n<hr \/>\n<p><strong>Dlaczego warto wybra\u0107 nas?<\/strong><\/p>\n<p>Wybieraj\u0105c oficjalny sklep z jednorazowymi waporyzatorami, mo\u017cesz cieszy\u0107 si\u0119 wieloma korzy\u015bciami:<\/p>\n<ul>\n<li><strong>Oficjalny kana\u0142 sprzeda\u017cy:<\/strong>\u00a0Gwarantujemy autentyczne produkty i wysok\u0105 jako\u015b\u0107 us\u0142ug.<\/li>\n<li><strong>Sprzeda\u017c hurtowa i detaliczna:<\/strong>\u00a0Oferujemy elastyczne opcje zakupu dla klient\u00f3w indywidualnych i hurtowych.<\/li>\n<li><strong>Zapewnienie jako\u015bci:<\/strong>\u00a0Nasze produkty przechodz\u0105 rygorystyczne testy jako\u015bci, aby zapewni\u0107 satysfakcj\u0119 u\u017cytkownik\u00f3w.<\/li>\n<li><strong>Wysy\u0142ka na ca\u0142y \u015bwiat:<\/strong>\u00a0Z dum\u0105 wysy\u0142amy nasze produkty do wi\u0119kszo\u015bci cz\u0119\u015bci \u015bwiata, dzi\u0119ki czemu mo\u017cesz cieszy\u0107 si\u0119 naszymi produktami bez wzgl\u0119du na to, gdzie jeste\u015b.<\/li>\n<li><strong>Do\u015bwiadczenie w bran\u017cy:<\/strong>\u00a0Dzi\u0119ki ponad 8-letniemu do\u015bwiadczeniu na rynku stali\u015bmy si\u0119 zaufanym i najlepszym wyborem.<\/li>\n<li><strong>D\u0142ugoterminowe partnerstwa:<\/strong>\u00a0Wsp\u00f3\u0142pracujemy r\u00f3wnie\u017c z lokalnymi w\u0142a\u015bcicielami sklep\u00f3w w Europie, co pozwala nam szybko reagowa\u0107 na potrzeby rynku i utrzymywa\u0107 \u015bwie\u017co\u015b\u0107 naszych produkt\u00f3w.<\/li>\n<\/ul>\n<p>Wyb\u00f3r naszych jednorazowych waporyzator\u00f3w pozwala nie tylko cieszy\u0107 si\u0119 r\u00f3\u017cnorodno\u015bci\u0105 smak\u00f3w, ale tak\u017ce do\u015bwiadczy\u0107 niezwyk\u0142ej podr\u00f3\u017cy waporyzacyjnej. Aby uzyska\u0107 wi\u0119cej informacji, odwied\u017a nas <a href=\"http:\/\/dankstarvapes.com\" target=\"_blank\" rel=\"noopener\">dankstarvapes.com<\/a>!<\/p>\n<\/div>","protected":false},"excerpt":{"rendered":"<p>The RandM Tornado 30000 Music Edition is the newest addition to the renowned RandM Tornado Vape Series of 2024. Crafted for vape enthusiasts who demand quality and versatility, this advanced disposable device delivers an exceptional vaping experience with features designed to meet all your needs. 30,000 Puffs:\u00a0Enjoy up to 30,000 puffs for an uninterrupted smoking [&#8230;]","protected":false},"featured_media":1370,"comment_status":"open","ping_status":"closed","template":"","meta":[],"product_brand":[],"product_cat":[75,77,95,73,100,78,113,71,79,80,81,82,83,84,85,86,87,88,89,90,91,114,104,134,16,92],"product_tag":[],"class_list":{"0":"post-1352","1":"product","2":"type-product","3":"status-publish","4":"has-post-thumbnail","6":"product_cat-2-nicotine-disposable-vape","7":"product_cat-5-nicotine-disposable-vape","8":"product_cat-advanced-vape","9":"product_cat-big-puff-vapes","10":"product_cat-big-puff-vapes-30000","11":"product_cat-disposable-vape-near-me","12":"product_cat-disposable-vape-with-bluetooth-speaker","13":"product_cat-0-5-nicotine-vapes","14":"product_cat-disposable-vapes-in-austria","15":"product_cat-disposable-vapes-in-belgium","16":"product_cat-disposable-vapes-in-france","17":"product_cat-disposable-vapes-in-germany","18":"product_cat-disposable-vapes-in-ltaly","19":"product_cat-disposable-vapes-in-netherlands","20":"product_cat-disposable-vapes-in-norway","21":"product_cat-disposable-vapes-in-poland","22":"product_cat-disposable-vapes-in-portugal","23":"product_cat-disposable-vapes-in-spain","24":"product_cat-disposable-vapes-in-sweden","25":"product_cat-disposable-vapes-in-switzerland","26":"product_cat-disposable-vapes-in-united-states","27":"product_cat-randm-tornado-30000-puff-series","28":"product_cat-randm-tornado-vape","29":"product_cat-tornado-vape","30":"product_cat-uncategorized","31":"product_cat-vape-brands","33":"first","34":"instock","35":"shipping-taxable","36":"purchasable","37":"product-type-variable","38":"has-default-attributes"},"tiered_pricing_type":"fixed","tiered_pricing_fixed_rules":[],"tiered_pricing_product_settings":{"layout":"default","base_unit_name":{"singular":null,"plural":null},"default_variation":null},"tiered_pricing_minimum_quantity":null,"tiered_pricing_roles_data":[],"tiered_pricing_percentage_rules":[],"tiered_pricing_maximum_quantity":null,"tiered_pricing_quantity_step":null,"_links":{"self":[{"href":"https:\/\/vapsolovape.com\/pl\/wp-json\/wp\/v2\/product\/1352","targetHints":{"allow":["GET"]}}],"collection":[{"href":"https:\/\/vapsolovape.com\/pl\/wp-json\/wp\/v2\/product"}],"about":[{"href":"https:\/\/vapsolovape.com\/pl\/wp-json\/wp\/v2\/types\/product"}],"replies":[{"embeddable":true,"href":"https:\/\/vapsolovape.com\/pl\/wp-json\/wp\/v2\/comments?post=1352"}],"wp:featuredmedia":[{"embeddable":true,"href":"https:\/\/vapsolovape.com\/pl\/wp-json\/wp\/v2\/media\/1370"}],"wp:attachment":[{"href":"https:\/\/vapsolovape.com\/pl\/wp-json\/wp\/v2\/media?parent=1352"}],"wp:term":[{"taxonomy":"product_brand","embeddable":true,"href":"https:\/\/vapsolovape.com\/pl\/wp-json\/wp\/v2\/product_brand?post=1352"},{"taxonomy":"product_cat","embeddable":true,"href":"https:\/\/vapsolovape.com\/pl\/wp-json\/wp\/v2\/product_cat?post=1352"},{"taxonomy":"product_tag","embeddable":true,"href":"https:\/\/vapsolovape.com\/pl\/wp-json\/wp\/v2\/product_tag?post=1352"}],"curies":[{"name":"wp","href":"https:\/\/api.w.org\/{rel}","templated":true}]}}