{"id":1456,"date":"2025-02-14T18:19:40","date_gmt":"2025-02-14T10:19:40","guid":{"rendered":"https:\/\/vapsolovape.com\/?post_type=product&#038;p=1456"},"modified":"2025-02-26T14:33:24","modified_gmt":"2025-02-26T06:33:24","slug":"fizzy-nova-20000-puff-vape-najwyzsza-wydajnosc-smakowa","status":"publish","type":"product","link":"https:\/\/vapsolovape.com\/pl\/produkt\/fizzy-nova-20000-puff-vape-najwyzsza-wydajnosc-smakowa\/","title":{"rendered":"Fizzy Nova Vape 20000 Puffs - niezr\u00f3wnany smak i d\u0142ugotrwa\u0142a wydajno\u015b\u0107"},"content":{"rendered":"<p data-start=\"137\" data-end=\"392\">Podnie\u015b swoje wra\u017cenia z waporyzacji dzi\u0119ki zaawansowanemu jednorazowemu waporyzatorowi Fizzy Nova 20000 Puff. To wysokiej klasy urz\u0105dzenie \u0142\u0105czy w sobie wygod\u0119, najwy\u017csz\u0105 wydajno\u015b\u0107 i zr\u00f3\u017cnicowan\u0105 gam\u0119 smak\u00f3w, dzi\u0119ki czemu jest idealnym wyborem dla vaper\u00f3w poszukuj\u0105cych zar\u00f3wno jako\u015bci, jak i r\u00f3\u017cnorodno\u015bci.<\/p>\n<p><img loading=\"lazy\" decoding=\"async\" class=\"alignnone size-full wp-image-6025\" src=\"https:\/\/dankstarvapes.com\/wp-content\/uploads\/2024\/11\/Fizzy-Nova-20000-1.webp\" alt=\"\" width=\"2048\" height=\"961\" title=\"\"><\/p>\n<hr \/>\n<h3>Kluczowe cechy Fizzy Nova 20000 Puff<\/h3>\n<h4><strong>1. Bezkonkurencyjna liczba zaci\u0105gni\u0119\u0107<\/strong><\/h4>\n<p>Z <strong>20 000 zaci\u0105gni\u0119\u0107<\/strong>Fizzy Nova zapewnia tygodnie nieprzerwanego wapowania, co czyni go idealnym wyborem dla intensywnych waper\u00f3w.<\/p>\n<h4><strong>2. Du\u017ca pojemno\u015b\u0107 e-liquidu<\/strong><\/h4>\n<p>Urz\u0105dzenie jest wyposa\u017cone w <strong>Zbiornik e-liquidu o pojemno\u015bci 28 ml<\/strong>minimalizuj\u0105c potrzeb\u0119 cz\u0119stego uzupe\u0142niania i maksymalizuj\u0105c wygod\u0119.<\/p>\n<h4><strong>3. Najnowocze\u015bniejsza technologia podw\u00f3jnej cewki siatkowej<\/strong><\/h4>\n<p>Ciesz si\u0119 ulepszonym smakiem i g\u0119st\u0105 produkcj\u0105 pary dzi\u0119ki <strong>Technologia podw\u00f3jnej cewki siatkowej<\/strong>zapewniaj\u0105c p\u0142ynne i satysfakcjonuj\u0105ce wra\u017cenia.<\/p>\n<h4><strong>4. 12 pysznych smak\u00f3w<\/strong><\/h4>\n<p>Wybieraj spo\u015br\u00f3d r\u00f3\u017cnych <strong>12 starannie opracowanych smak\u00f3w<\/strong>, w tym:<\/p>\n<ul>\n<li>Lemon Lime<\/li>\n<li>Wi\u015bnia gazowana<\/li>\n<li>Jagody mieszane<\/li>\n<li>Truskawka Kiwi<\/li>\n<li>Arbuz<\/li>\n<li>R\u00f3\u017cowa Lemoniada<\/li>\n<li>Truskawka<\/li>\n<li>Brzoskwinia<\/li>\n<li>Jagoda<\/li>\n<li>Winogrono<\/li>\n<li>Jagoda z kokosem<\/li>\n<li>Malina z cytryn\u0105<\/li>\n<\/ul>\n<figure id=\"attachment_6026\" aria-describedby=\"caption-attachment-6026\" style=\"width: 2048px\" class=\"wp-caption alignnone\"><img loading=\"lazy\" decoding=\"async\" class=\"wp-image-6026 size-full\" src=\"https:\/\/dankstarvapes.com\/wp-content\/uploads\/2024\/11\/Fizzy-Nova-20000-2.webp\" alt=\"Fizzy Nova 20000 Puff\" width=\"2048\" height=\"958\" title=\"\"><figcaption id=\"caption-attachment-6026\" class=\"wp-caption-text\">Fizzy Nova 20000 Puff<\/figcaption><\/figure>\n<h4><strong>5. Intuicyjny wy\u015bwietlacz LCD<\/strong><\/h4>\n<p>B\u0105d\u017a na bie\u017c\u0105co z <strong>zintegrowany ekran LCD<\/strong>kt\u00f3ra \u015bledzi zar\u00f3wno \u017cywotno\u015b\u0107 baterii, jak i liczb\u0119 zaci\u0105gni\u0119\u0107 w czasie rzeczywistym.<\/p>\n<h4><strong>6. Wydajna bateria z szybkim \u0142adowaniem<\/strong><\/h4>\n<p>The <strong>Akumulator 850 mAh<\/strong> w po\u0142\u0105czeniu z <strong>Port \u0142adowania typu C<\/strong> zapewnia szybkie \u0142adowanie i niezawodne dzia\u0142anie przy d\u0142u\u017cszym u\u017cytkowaniu.<\/p>\n<h4><strong>7. Opcje opakowa\u0144 zbiorczych<\/strong><\/h4>\n<p>Fizzy Nova 20000 jest dost\u0119pna w nast\u0119puj\u0105cych wersjach <strong>opakowania po 10 sztuk<\/strong>Dzi\u0119ki temu idealnie nadaje si\u0119 zar\u00f3wno do u\u017cytku indywidualnego, jak i do wsp\u00f3\u0142dzielenia.<\/p>\n<hr \/>\n<h3>Dlaczego warto wybra\u0107 Fizzy Nova 20000 Puff?<\/h3>\n<p>Fizzy Nova 20000 zosta\u0142 zaprojektowany dla waper\u00f3w, kt\u00f3rzy stawiaj\u0105 na jako\u015b\u0107, trwa\u0142o\u015b\u0107 i wygod\u0119. Jego innowacyjne funkcje, w po\u0142\u0105czeniu z r\u00f3\u017cnorodn\u0105 gam\u0105 smak\u00f3w, zaspokajaj\u0105 potrzeby zar\u00f3wno pocz\u0105tkuj\u0105cych, jak i do\u015bwiadczonych waper\u00f3w.<\/p>\n<p>Dzi\u0119ki doskona\u0142ej konstrukcji i d\u0142ugotrwa\u0142ej baterii, Fizzy Nova 20000 zapewnia sta\u0142\u0105 wydajno\u015b\u0107, co czyni go wyr\u00f3\u017cniaj\u0105cym si\u0119 na rynku waporyzacji.<\/p>\n<hr \/>\n<h3>Fizzy Nova 20000 Puff Do\u015bwiadcz przysz\u0142o\u015bci waporyzacji<\/h3>\n<p>Przenie\u015b swoj\u0105 podr\u00f3\u017c waporyzacyjn\u0105 na wy\u017cszy poziom dzi\u0119ki Fizzy Nova 20000. Od jego <strong>Technologia podw\u00f3jnej cewki siatkowej<\/strong> do <strong>\u015aledzenie LCD w czasie rzeczywistym<\/strong>Ka\u017cdy aspekt tego urz\u0105dzenia zosta\u0142 zaprojektowany z my\u015bl\u0105 o p\u0142ynnym i przyjemnym u\u017cytkowaniu.<\/p>\n<p>Zam\u00f3w Fizzy Nova 20000 ju\u017c dzi\u015b i pozw\u00f3l sobie na najwy\u017cszy luksus waporyzacji!<\/p>\n<p><strong>Dlaczego warto wybra\u0107 nas?<\/strong><\/p>\n<p>Wybieraj\u0105c oficjalny sklep z jednorazowymi waporyzatorami, mo\u017cesz cieszy\u0107 si\u0119 wieloma korzy\u015bciami:<\/p>\n<ul>\n<li><strong>Oficjalny kana\u0142 sprzeda\u017cy:<\/strong>\u00a0Gwarantujemy autentyczne produkty i wysok\u0105 jako\u015b\u0107 us\u0142ug.<\/li>\n<li><strong>Sprzeda\u017c hurtowa i detaliczna:<\/strong>\u00a0Oferujemy elastyczne opcje zakupu dla klient\u00f3w indywidualnych i hurtowych.<\/li>\n<li><strong>Zapewnienie jako\u015bci:<\/strong>\u00a0Nasze produkty przechodz\u0105 rygorystyczne testy jako\u015bci, aby zapewni\u0107 satysfakcj\u0119 u\u017cytkownik\u00f3w.<\/li>\n<li><strong>Wysy\u0142ka na ca\u0142y \u015bwiat:<\/strong>\u00a0Z dum\u0105 wysy\u0142amy nasze produkty do wi\u0119kszo\u015bci cz\u0119\u015bci \u015bwiata, dzi\u0119ki czemu mo\u017cesz cieszy\u0107 si\u0119 naszymi produktami bez wzgl\u0119du na to, gdzie jeste\u015b.<\/li>\n<li><strong>Do\u015bwiadczenie w bran\u017cy:<\/strong>\u00a0Dzi\u0119ki ponad 8-letniemu do\u015bwiadczeniu na rynku stali\u015bmy si\u0119 zaufanym i najlepszym wyborem.<\/li>\n<li><strong>D\u0142ugoterminowe partnerstwa:<\/strong>\u00a0Wsp\u00f3\u0142pracujemy r\u00f3wnie\u017c z lokalnymi w\u0142a\u015bcicielami sklep\u00f3w w Europie, co pozwala nam szybko reagowa\u0107 na potrzeby rynku i utrzymywa\u0107 \u015bwie\u017co\u015b\u0107 naszych produkt\u00f3w.<\/li>\n<\/ul>\n<p>Wyb\u00f3r naszych jednorazowych waporyzator\u00f3w pozwala nie tylko cieszy\u0107 si\u0119 r\u00f3\u017cnorodno\u015bci\u0105 smak\u00f3w, ale tak\u017ce do\u015bwiadczy\u0107 niezwyk\u0142ej podr\u00f3\u017cy waporyzacyjnej. Aby uzyska\u0107 wi\u0119cej informacji, odwied\u017a nas <a href=\"http:\/\/dankstarvapes.com\" target=\"_blank\" rel=\"noopener\">dankstarvapes.com<\/a>!<\/p>","protected":false},"excerpt":{"rendered":"<p>Elevate your vaping experience with the advanced Fizzy Nova 20000 Puff Disposable Vape. This premium device combines convenience, top-tier performance, and a diverse range of flavors, making it the ideal choice for vapers seeking both quality and variety. Key Features of Fizzy Nova 20000 Puff 1. Unrivaled Puff Count With 20,000 puffs, the Fizzy Nova [&#8230;]","protected":false},"featured_media":1466,"comment_status":"open","ping_status":"closed","template":"","meta":[],"product_brand":[],"product_cat":[75,102,77,95,73,78,96,97,71,79,80,81,82,83,84,85,86,87,88,89,90,91,98,92],"product_tag":[],"class_list":{"0":"post-1456","1":"product","2":"type-product","3":"status-publish","4":"has-post-thumbnail","6":"product_cat-2-nicotine-disposable-vape","7":"product_cat-20000-20k-puff-vape","8":"product_cat-5-nicotine-disposable-vape","9":"product_cat-advanced-vape","10":"product_cat-big-puff-vapes","11":"product_cat-disposable-vape-near-me","12":"product_cat-disposable-vape-with-led-light","13":"product_cat-disposable-vape-with-screen","14":"product_cat-0-5-nicotine-vapes","15":"product_cat-disposable-vapes-in-austria","16":"product_cat-disposable-vapes-in-belgium","17":"product_cat-disposable-vapes-in-france","18":"product_cat-disposable-vapes-in-germany","19":"product_cat-disposable-vapes-in-ltaly","20":"product_cat-disposable-vapes-in-netherlands","21":"product_cat-disposable-vapes-in-norway","22":"product_cat-disposable-vapes-in-poland","23":"product_cat-disposable-vapes-in-portugal","24":"product_cat-disposable-vapes-in-spain","25":"product_cat-disposable-vapes-in-sweden","26":"product_cat-disposable-vapes-in-switzerland","27":"product_cat-disposable-vapes-in-united-states","28":"product_cat-fizzy-vapes","29":"product_cat-vape-brands","31":"first","32":"instock","33":"shipping-taxable","34":"purchasable","35":"product-type-variable","36":"has-default-attributes"},"tiered_pricing_type":"fixed","tiered_pricing_fixed_rules":[],"tiered_pricing_product_settings":{"layout":"default","base_unit_name":{"singular":null,"plural":null},"default_variation":null},"tiered_pricing_minimum_quantity":null,"tiered_pricing_roles_data":[],"tiered_pricing_percentage_rules":[],"tiered_pricing_maximum_quantity":null,"tiered_pricing_quantity_step":null,"_links":{"self":[{"href":"https:\/\/vapsolovape.com\/pl\/wp-json\/wp\/v2\/product\/1456","targetHints":{"allow":["GET"]}}],"collection":[{"href":"https:\/\/vapsolovape.com\/pl\/wp-json\/wp\/v2\/product"}],"about":[{"href":"https:\/\/vapsolovape.com\/pl\/wp-json\/wp\/v2\/types\/product"}],"replies":[{"embeddable":true,"href":"https:\/\/vapsolovape.com\/pl\/wp-json\/wp\/v2\/comments?post=1456"}],"wp:featuredmedia":[{"embeddable":true,"href":"https:\/\/vapsolovape.com\/pl\/wp-json\/wp\/v2\/media\/1466"}],"wp:attachment":[{"href":"https:\/\/vapsolovape.com\/pl\/wp-json\/wp\/v2\/media?parent=1456"}],"wp:term":[{"taxonomy":"product_brand","embeddable":true,"href":"https:\/\/vapsolovape.com\/pl\/wp-json\/wp\/v2\/product_brand?post=1456"},{"taxonomy":"product_cat","embeddable":true,"href":"https:\/\/vapsolovape.com\/pl\/wp-json\/wp\/v2\/product_cat?post=1456"},{"taxonomy":"product_tag","embeddable":true,"href":"https:\/\/vapsolovape.com\/pl\/wp-json\/wp\/v2\/product_tag?post=1456"}],"curies":[{"name":"wp","href":"https:\/\/api.w.org\/{rel}","templated":true}]}}