{"id":1853,"date":"2025-02-14T18:21:44","date_gmt":"2025-02-14T10:21:44","guid":{"rendered":"https:\/\/vapsolovape.com\/?post_type=product&#038;p=1853"},"modified":"2025-02-25T18:11:38","modified_gmt":"2025-02-25T10:11:38","slug":"wga-crystal-pro-max-extra-15000-zaciagniec-30-smakow-vape","status":"publish","type":"product","link":"https:\/\/vapsolovape.com\/pl\/produkt\/wga-crystal-pro-max-extra-15000-zaciagniec-30-smakow-vape\/","title":{"rendered":"WGA Crystal Pro Max 15000 Puffs - 30 opcji smakowych dla najlepszych wra\u017ce\u0144 z waporyzacji"},"content":{"rendered":"<p data-start=\"139\" data-end=\"547\">WGA Crystal Pro Max Extra 15,000 Puffs Disposable Vape zosta\u0142 zaprojektowany z my\u015bl\u0105 o niezwyk\u0142ym do\u015bwiadczeniu waporyzacji. Dzi\u0119ki 30 unikalnym smakom i niezwyk\u0142ej pojemno\u015bci 15 000 zaci\u0105gni\u0119\u0107, urz\u0105dzenie to jest stworzone dla tych, kt\u00f3rzy szukaj\u0105 maksymalnej satysfakcji ze swoich sesji. Oferuj\u0105c najwy\u017csz\u0105 wydajno\u015b\u0107 i wygod\u0119, WGA Crystal Pro Max Extra zapewnia p\u0142ynn\u0105, przyjemn\u0105 waporyzacj\u0119 zar\u00f3wno dla zwyk\u0142ych u\u017cytkownik\u00f3w, jak i do\u015bwiadczonych entuzjast\u00f3w.<\/p>\n<figure id=\"attachment_6540\" aria-describedby=\"caption-attachment-6540\" style=\"width: 1024px\" class=\"wp-caption alignnone\"><img loading=\"lazy\" decoding=\"async\" class=\"wp-image-6540 size-full\" src=\"https:\/\/dankstarvapes.com\/wp-content\/uploads\/2024\/11\/4_WGA-Vape-Crystal-Pro.webp\" alt=\"4_WGA-Vape-Crystal-Pro\" width=\"1024\" height=\"418\" title=\"\"><figcaption id=\"caption-attachment-6540\" class=\"wp-caption-text\">WGA Crystal Pro Max<\/figcaption><\/figure>\n<h2><strong>Kluczowe cechy jednorazowego vape WGA Crystal Pro Max Extra 15000 Puffs<\/strong><\/h2>\n<h3><strong>1. 15 000 zaci\u0105gni\u0119\u0107 - przed\u0142u\u017cona przyjemno\u015b\u0107 z waporyzacji<\/strong><\/h3>\n<p>Dzi\u0119ki imponuj\u0105cej pojemno\u015bci 15 000 zaci\u0105gni\u0119\u0107, WGA Crystal Pro Max Extra zapewnia d\u0142ugotrwa\u0142e doznania z waporyzacji, zmniejszaj\u0105c potrzeb\u0119 cz\u0119stych wymian i zapewniaj\u0105c sta\u0142\u0105 przyjemno\u015b\u0107 przez d\u0142u\u017cszy czas.<\/p>\n<h3><strong>2. 30 opcji smakowych - niesko\u0144czona r\u00f3\u017cnorodno\u015b\u0107<\/strong><\/h3>\n<p>Rozkoszuj si\u0119 niesamowitym wyborem 30 unikalnych smak\u00f3w, od owocowych mieszanek po orze\u017awiaj\u0105ce mentole. Dzi\u0119ki opcjom takim jak Watermelon Ice, Gummy Bear i Blueberry Raspberry, WGA Crystal Pro Max Extra oferuje co\u015b dla ka\u017cdego gustu.<\/p>\n<ul>\n<li>Arbuzowy l\u00f3d<\/li>\n<li>Gummy Bear<\/li>\n<li>Blue Razz Ice<\/li>\n<li>Kr\u0119gle<\/li>\n<li>Soczysta brzoskwinia<\/li>\n<li>WGA Pink<\/li>\n<li>L\u00f3d bananowy<\/li>\n<li>Hubba Bubba<\/li>\n<li>Mogu Mogu Lychee<\/li>\n<li>Oasis Slush<\/li>\n<li>Bor\u00f3wka Malina<\/li>\n<li>Lemon Lime<\/li>\n<li>Mr. Blue<\/li>\n<li>Cherry Ice<\/li>\n<li>Potr\u00f3jne Mango<\/li>\n<li>L\u00f3d malinowo-wi\u015bniowy<\/li>\n<li>Letnie marzenie<\/li>\n<li>\u015awie\u017ca mi\u0119ta<\/li>\n<li>Lody truskawkowe<\/li>\n<li>WGA Blue<\/li>\n<li>Fizzy Cherry<\/li>\n<li>L\u00f3d truskawkowy<\/li>\n<li>Kwa\u015bna malina z jagodami<\/li>\n<li>Jagoda Wi\u015bnia \u017burawina<\/li>\n<li>L\u00f3d ananasowy<\/li>\n<li>Strawberry Cherry Bubblegum<\/li>\n<li>L\u00f3d truskawkowo-malinowo-wi\u015bniowy<\/li>\n<li>Je\u017cyna Bor\u00f3wka Malina<\/li>\n<li>Lody jagodowe<\/li>\n<li>Arbuz truskawkowy Prime<\/li>\n<\/ul>\n<figure id=\"attachment_6544\" aria-describedby=\"caption-attachment-6544\" style=\"width: 1000px\" class=\"wp-caption alignnone\"><img loading=\"lazy\" decoding=\"async\" class=\"wp-image-6544 size-full\" src=\"https:\/\/dankstarvapes.com\/wp-content\/uploads\/2024\/11\/5_wga_2_1200x1200.webp\" alt=\"WGA Crystal Pro Max\" width=\"1000\" height=\"488\" title=\"\"><figcaption id=\"caption-attachment-6544\" class=\"wp-caption-text\">WGA Crystal Pro Max<\/figcaption><\/figure>\n<h3><strong>3. Zaawansowana tr\u00f3jwarstwowa cewka siatkowa zapewniaj\u0105ca doskona\u0142y smak<\/strong><\/h3>\n<p>WGA Crystal Pro Max Extra wyposa\u017cony jest w zaawansowan\u0105 tr\u00f3jwarstwow\u0105 cewk\u0119 siatkow\u0105, kt\u00f3ra poprawia dostarczanie smaku i produkcj\u0119 pary, zapewniaj\u0105c, \u017ce ka\u017cde zaci\u0105gni\u0119cie jest bogate, g\u0142adkie i satysfakcjonuj\u0105ce.<\/p>\n<h3><strong>4.WGA Crystal Pro Max Regulowany przep\u0142yw powietrza - spersonalizowane waporyzowanie<\/strong><\/h3>\n<p>Dostosuj swoje doznania z waporyzacji dzi\u0119ki funkcji regulowanego przep\u0142ywu powietrza. Niezale\u017cnie od tego, czy wolisz mocniejsze zaci\u0105ganie si\u0119, czy bardziej otwarte, przewiewne zaci\u0105gni\u0119cia, mo\u017cesz \u0142atwo dostosowa\u0107 przep\u0142yw powietrza do swoich osobistych preferencji.<\/p>\n<h3><strong>5. Akumulator 650 mAh - d\u0142ugotrwa\u0142a moc<\/strong><\/h3>\n<p>Wyposa\u017cony w akumulator o pojemno\u015bci 650 mAh, WGA Crystal 15000 Extra zapewnia niezawodn\u0105 wydajno\u015b\u0107 i d\u0142u\u017csze u\u017cytkowanie. Port \u0142adowania typu C umo\u017cliwia szybkie \u0142adowanie, dzi\u0119ki czemu zawsze mo\u017cesz pozosta\u0107 pod napi\u0119ciem.<\/p>\n<h3><strong>6.WGA Crystal Pro Max Krystalicznie czysta, szczelna konstrukcja<\/strong><\/h3>\n<p>WGA Crystal Pro 15000 Extra zosta\u0142 zaprojektowany z krystalicznie czyst\u0105 obudow\u0105, kt\u00f3ra nie tylko wygl\u0105da elegancko, ale tak\u017ce oferuje szczeln\u0105 konstrukcj\u0119, dzi\u0119ki czemu jest \u0142atwa do przenoszenia i bez obaw podczas sesji waporyzacji.<\/p>\n<h2><strong>Specyfikacja techniczna<\/strong><\/h2>\n<table>\n<thead>\n<tr>\n<th>Specyfikacja<\/th>\n<th>Szczeg\u00f3\u0142y<\/th>\n<\/tr>\n<\/thead>\n<tbody>\n<tr>\n<td>Liczba zaci\u0105gni\u0119\u0107<\/td>\n<td>Do 15 000<\/td>\n<\/tr>\n<tr>\n<td>Pojemno\u015b\u0107 akumulatora<\/td>\n<td>650 mAh (akumulator)<\/td>\n<\/tr>\n<tr>\n<td>Typ cewki<\/td>\n<td>Tr\u00f3jwarstwowa cewka siatkowa<\/td>\n<\/tr>\n<tr>\n<td>Pojemno\u015b\u0107 e-liquidu<\/td>\n<td>Wst\u0119pnie nape\u0142nione (r\u00f3\u017cne smaki)<\/td>\n<\/tr>\n<tr>\n<td>Port \u0142adowania<\/td>\n<td>Typ-C<\/td>\n<\/tr>\n<tr>\n<td>Regulowany przep\u0142yw powietrza<\/td>\n<td>Tak<\/td>\n<\/tr>\n<\/tbody>\n<\/table>\n<h2><strong>Dlaczego warto wybra\u0107 jednorazowe Vape WGA Crystal Pro Max Extra 15000 Puffs?<\/strong><\/h2>\n<p>WGA Crystal Extra 15000 Puffs Disposable Vape jest idealny dla waper\u00f3w, kt\u00f3rzy wymagaj\u0105 wydajno\u015bci i r\u00f3\u017cnorodno\u015bci. Dzi\u0119ki wyborowi 30 pysznych smak\u00f3w, trwa\u0142o\u015bci 15 000 zaci\u0105gni\u0119\u0107 i akumulatorowi, urz\u0105dzenie to zapewnia najlepsze wra\u017cenia z waporyzacji. Niezale\u017cnie od tego, czy jeste\u015b zwyk\u0142ym waperem, czy do\u015bwiadczonym entuzjast\u0105, WGA Crystal 15000 Extra zapewnia zar\u00f3wno jako\u015b\u0107, jak i wygod\u0119.<\/p>\n<h2><strong>Elegancki, wygodny i wysokiej jako\u015bci<\/strong><\/h2>\n<p>WGA Crystal Pro Max Extra wyr\u00f3\u017cnia si\u0119 na tle innych jednorazowych waporyzator\u00f3w stylowym wygl\u0105dem, wysokiej jako\u015bci funkcjami i du\u017c\u0105 pojemno\u015bci\u0105. Dzi\u0119ki regulowanemu przep\u0142ywowi powietrza i doskona\u0142emu dostarczaniu smaku, jest to najlepszy wyb\u00f3r dla os\u00f3b poszukuj\u0105cych wyj\u0105tkowych wra\u017ce\u0144 z waporyzacji.<\/p>\n<h2><strong>Wypr\u00f3buj WGA Crystal Pro Max Extra 15000 Puffs Vape jednorazowego u\u017cytku ju\u017c dzi\u015b<\/strong><\/h2>\n<p>Podnie\u015b swoje wra\u017cenia z waporyzacji dzi\u0119ki WGA Crystal Pro Max Extra. Dzi\u0119ki 30 opcjom smakowym, trwa\u0142o\u015bci 15 000 zaci\u0105gni\u0119\u0107 i zaawansowanej technologii, jest to idealne urz\u0105dzenie dla ka\u017cdego, kto chce p\u0142ynnej i satysfakcjonuj\u0105cej waporyzacji. Kup teraz i ciesz si\u0119 najwy\u017csz\u0105 satysfakcj\u0105 z waporyzacji!<\/p>\n<p><strong>Dlaczego warto wybra\u0107 nas?<\/strong><\/p>\n<p>Wybieraj\u0105c oficjalny sklep z jednorazowymi waporyzatorami, mo\u017cesz cieszy\u0107 si\u0119 wieloma korzy\u015bciami:<\/p>\n<ul>\n<li><strong>Oficjalny kana\u0142 sprzeda\u017cy:<\/strong>\u00a0Gwarantujemy autentyczne produkty i wysok\u0105 jako\u015b\u0107 us\u0142ug.<\/li>\n<li><strong>Sprzeda\u017c hurtowa i detaliczna:<\/strong>\u00a0Oferujemy elastyczne opcje zakupu dla klient\u00f3w indywidualnych i hurtowych.<\/li>\n<li><strong>Zapewnienie jako\u015bci:<\/strong>\u00a0Nasze produkty przechodz\u0105 rygorystyczne testy jako\u015bci, aby zapewni\u0107 satysfakcj\u0119 u\u017cytkownik\u00f3w.<\/li>\n<li><strong>Wysy\u0142ka na ca\u0142y \u015bwiat:<\/strong>\u00a0Z dum\u0105 wysy\u0142amy nasze produkty do wi\u0119kszo\u015bci cz\u0119\u015bci \u015bwiata, dzi\u0119ki czemu mo\u017cesz cieszy\u0107 si\u0119 naszymi produktami bez wzgl\u0119du na to, gdzie jeste\u015b.<\/li>\n<li><strong>Do\u015bwiadczenie w bran\u017cy:<\/strong>\u00a0Dzi\u0119ki ponad 8-letniemu do\u015bwiadczeniu na rynku stali\u015bmy si\u0119 zaufanym i najlepszym wyborem.<\/li>\n<li><strong>D\u0142ugoterminowe partnerstwa:<\/strong>\u00a0Wsp\u00f3\u0142pracujemy r\u00f3wnie\u017c z lokalnymi w\u0142a\u015bcicielami sklep\u00f3w w Europie, co pozwala nam szybko reagowa\u0107 na potrzeby rynku i utrzymywa\u0107 \u015bwie\u017co\u015b\u0107 naszych produkt\u00f3w.<\/li>\n<\/ul>\n<p>Wyb\u00f3r naszych jednorazowych waporyzator\u00f3w pozwala nie tylko cieszy\u0107 si\u0119 r\u00f3\u017cnorodno\u015bci\u0105 smak\u00f3w, ale tak\u017ce do\u015bwiadczy\u0107 niezwyk\u0142ej podr\u00f3\u017cy waporyzacyjnej. Aby uzyska\u0107 wi\u0119cej informacji, odwied\u017a nas <a href=\"http:\/\/dankstarvapes.com\" target=\"_blank\" rel=\"noopener\">dankstarvapes.com<\/a>!<\/p>","protected":false},"excerpt":{"rendered":"<p>The WGA Crystal Pro Max Extra 15,000 Puffs Disposable Vape is designed for an extraordinary vaping experience. With 30 unique flavors and a remarkable 15,000 puffs, this device is built for those seeking maximum satisfaction from their sessions. Offering premium performance and convenience, the WGA Crystal Pro Max Extra ensures smooth, enjoyable vaping for both [&#8230;]","protected":false},"featured_media":1866,"comment_status":"open","ping_status":"closed","template":"","meta":[],"product_brand":[],"product_cat":[94,95,73,133,78,96,97,71,79,80,81,82,83,84,85,86,87,88,89,90,91,16,92,117],"product_tag":[],"class_list":{"0":"post-1853","1":"product","2":"type-product","3":"status-publish","4":"has-post-thumbnail","6":"product_cat-15000-15k-puff-vape","7":"product_cat-advanced-vape","8":"product_cat-big-puff-vapes","9":"product_cat-crystal-vape","10":"product_cat-disposable-vape-near-me","11":"product_cat-disposable-vape-with-led-light","12":"product_cat-disposable-vape-with-screen","13":"product_cat-0-5-nicotine-vapes","14":"product_cat-disposable-vapes-in-austria","15":"product_cat-disposable-vapes-in-belgium","16":"product_cat-disposable-vapes-in-france","17":"product_cat-disposable-vapes-in-germany","18":"product_cat-disposable-vapes-in-ltaly","19":"product_cat-disposable-vapes-in-netherlands","20":"product_cat-disposable-vapes-in-norway","21":"product_cat-disposable-vapes-in-poland","22":"product_cat-disposable-vapes-in-portugal","23":"product_cat-disposable-vapes-in-spain","24":"product_cat-disposable-vapes-in-sweden","25":"product_cat-disposable-vapes-in-switzerland","26":"product_cat-disposable-vapes-in-united-states","27":"product_cat-uncategorized","28":"product_cat-vape-brands","29":"product_cat-wga-crystal-vape","31":"first","32":"instock","33":"shipping-taxable","34":"purchasable","35":"product-type-variable","36":"has-default-attributes"},"tiered_pricing_type":"fixed","tiered_pricing_fixed_rules":[],"tiered_pricing_product_settings":{"layout":"default","base_unit_name":{"singular":null,"plural":null},"default_variation":null},"tiered_pricing_minimum_quantity":null,"tiered_pricing_roles_data":[],"tiered_pricing_percentage_rules":[],"tiered_pricing_maximum_quantity":null,"tiered_pricing_quantity_step":null,"_links":{"self":[{"href":"https:\/\/vapsolovape.com\/pl\/wp-json\/wp\/v2\/product\/1853","targetHints":{"allow":["GET"]}}],"collection":[{"href":"https:\/\/vapsolovape.com\/pl\/wp-json\/wp\/v2\/product"}],"about":[{"href":"https:\/\/vapsolovape.com\/pl\/wp-json\/wp\/v2\/types\/product"}],"replies":[{"embeddable":true,"href":"https:\/\/vapsolovape.com\/pl\/wp-json\/wp\/v2\/comments?post=1853"}],"wp:featuredmedia":[{"embeddable":true,"href":"https:\/\/vapsolovape.com\/pl\/wp-json\/wp\/v2\/media\/1866"}],"wp:attachment":[{"href":"https:\/\/vapsolovape.com\/pl\/wp-json\/wp\/v2\/media?parent=1853"}],"wp:term":[{"taxonomy":"product_brand","embeddable":true,"href":"https:\/\/vapsolovape.com\/pl\/wp-json\/wp\/v2\/product_brand?post=1853"},{"taxonomy":"product_cat","embeddable":true,"href":"https:\/\/vapsolovape.com\/pl\/wp-json\/wp\/v2\/product_cat?post=1853"},{"taxonomy":"product_tag","embeddable":true,"href":"https:\/\/vapsolovape.com\/pl\/wp-json\/wp\/v2\/product_tag?post=1853"}],"curies":[{"name":"wp","href":"https:\/\/api.w.org\/{rel}","templated":true}]}}