{"id":2017,"date":"2025-02-14T18:22:39","date_gmt":"2025-02-14T10:22:39","guid":{"rendered":"https:\/\/vapsolovape.com\/?post_type=product&#038;p=2017"},"modified":"2025-03-22T11:28:50","modified_gmt":"2025-03-22T03:28:50","slug":"atvs-vape-18000-zaciagniec-najwyzsza-wydajnosc-bogaty-smak","status":"publish","type":"product","link":"https:\/\/vapsolovape.com\/pl\/produkt\/atvs-vape-18000-zaciagniec-najwyzsza-wydajnosc-bogaty-smak\/","title":{"rendered":"ATVS Vape 18000 Puffs - doskona\u0142a wydajno\u015b\u0107 i wyrazisty smak"},"content":{"rendered":"<p data-start=\"129\" data-end=\"429\">ATVS Vape 18000 Puffs zosta\u0142 stworzony dla wymagaj\u0105cych waper\u00f3w, kt\u00f3rzy oczekuj\u0105 najwy\u017cszej wydajno\u015bci, d\u0142ugotrwa\u0142ego u\u017cytkowania i bogatego, sp\u00f3jnego smaku. Wyposa\u017cony w pot\u0119\u017cn\u0105 bateri\u0119 750 mAh i zaawansowan\u0105 technologi\u0119 podw\u00f3jnej cewki siatkowej, ten jednorazowy vape zapewnia do 18 000 zaci\u0105gni\u0119\u0107 g\u0142adkiej, aromatycznej pary.<\/p>\n<p data-start=\"431\" data-end=\"637\">Jego kompaktowa konstrukcja i elegancka budowa sprawiaj\u0105, \u017ce jest to idealne urz\u0105dzenie do noszenia w podr\u00f3\u017cy, a du\u017ca pojemno\u015b\u0107 14 ml e-liquidu zapewnia d\u0142u\u017csze, nieprzerwane doznania z waporyzacji bez konieczno\u015bci cz\u0119stego uzupe\u0142niania.<\/p>\n<figure id=\"attachment_6750\" aria-describedby=\"caption-attachment-6750\" style=\"width: 1920px\" class=\"wp-caption alignnone\"><img loading=\"lazy\" decoding=\"async\" class=\"size-full wp-image-6750\" src=\"https:\/\/dankstarvapes.com\/wp-content\/uploads\/2024\/11\/ATVS-Vape-18000-Puffs-5.webp\" alt=\"\" width=\"1920\" height=\"850\" title=\"\"><figcaption id=\"caption-attachment-6750\" class=\"wp-caption-text\">ATVS Vape 18000 Puffs<\/figcaption><\/figure>\n<h2>ATVS Vape 18000 Puffs Najwa\u017cniejsze cechy i specyfikacja<\/h2>\n<h3>Zwi\u0119kszona pojemno\u015b\u0107 dmuchawy - do 18 000 dmuchni\u0119\u0107<\/h3>\n<p>Ciesz si\u0119 d\u0142ugotrwa\u0142\u0105 satysfakcj\u0105 z <strong>ATVS Vape 18000 Puffs<\/strong>. Z jego <strong>18 000 puff<\/strong> Wydajno\u015b\u0107 tego jednorazowego waporyzatora jest d\u0142u\u017csza ni\u017c w przypadku wi\u0119kszo\u015bci urz\u0105dze\u0144 dost\u0119pnych na rynku, co pozwala cieszy\u0107 si\u0119 nieprzerwanymi sesjami waporyzacji.<\/p>\n<h3>Cewka z podw\u00f3jn\u0105 siatk\u0105 - zwi\u0119kszona produkcja pary i aromatu<\/h3>\n<p>The <strong>Cewka z podw\u00f3jn\u0105 siatk\u0105<\/strong> zapewnia, \u017ce ka\u017cde zaci\u0105gni\u0119cie si\u0119 dostarcza g\u0119stych chmur pary i bogatego smaku. Niezale\u017cnie od tego, czy preferujesz smaki owocowe, mi\u0119towe czy deserowe, ATVS Vape gwarantuje p\u0142ynne i satysfakcjonuj\u0105ce doznania podczas waporyzacji.<\/p>\n<h3>ATVS Vape 18000 Puffs D\u0142ugotrwa\u0142a bateria 750 mAh<\/h3>\n<p>Zasilany przez <strong>750mAh<\/strong> bateria, to urz\u0105dzenie jest zbudowane z my\u015bl\u0105 o trwa\u0142o\u015bci. Zapewnia sta\u0142\u0105 i niezawodn\u0105 wydajno\u015b\u0107, dzi\u0119ki czemu mo\u017cesz cieszy\u0107 si\u0119 waporyzacj\u0105 bez martwienia si\u0119 o \u017cywotno\u015b\u0107 baterii.<\/p>\n<h3>Pojemno\u015b\u0107 e-liquidu 14 ml<\/h3>\n<p>Z <strong>Pojemno\u015b\u0107 e-liquidu 14 ml<\/strong>To urz\u0105dzenie oferuje du\u017cy zapas e-cieczy, idealny do d\u0142ugotrwa\u0142ego u\u017cytkowania. Mo\u017cesz wapowa\u0107 d\u0142u\u017cej bez konieczno\u015bci cz\u0119stego uzupe\u0142niania, dzi\u0119ki czemu jest to wygodny wyb\u00f3r do ca\u0142odziennego u\u017cytku.<\/p>\n<h3>ATVS Vape 18000 Puffs Kompaktowa i przeno\u015bna konstrukcja<\/h3>\n<p>Zaprojektowany z my\u015bl\u0105 o przeno\u015bno\u015bci <strong>ATVS Vape 18000 Puffs<\/strong> jest lekki i \u0142atwy do przenoszenia. Jego elegancki i nowoczesny design sprawia, \u017ce wygodnie mie\u015bci si\u0119 w kieszeni lub torbie, idealny do waporyzacji w podr\u00f3\u017cy.<\/p>\n<figure id=\"attachment_6749\" aria-describedby=\"caption-attachment-6749\" style=\"width: 1920px\" class=\"wp-caption alignnone\"><img loading=\"lazy\" decoding=\"async\" class=\"wp-image-6749 size-full\" src=\"https:\/\/dankstarvapes.com\/wp-content\/uploads\/2024\/11\/ATVS-Vape-18000-Puffs-3.webp\" alt=\"ATVS Vape 18000 Puffs\" width=\"1920\" height=\"850\" title=\"\"><figcaption id=\"caption-attachment-6749\" class=\"wp-caption-text\">ATVS Vape 18000 Puffs<\/figcaption><\/figure>\n<h2>ATVS Vape 18000 Puffs Dost\u0119pne smaki<\/h2>\n<p>Wybieraj spo\u015br\u00f3d wielu przepysznych smak\u00f3w, w tym:<\/p>\n<ul>\n<li><strong>Mango Ice<\/strong><\/li>\n<li><strong>L\u00f3d jagodowy<\/strong><\/li>\n<li><strong>Arbuz truskawkowy<\/strong><\/li>\n<li><strong>Mi\u0119ta<\/strong><\/li>\n<li><strong>Arbuzowy l\u00f3d<\/strong><\/li>\n<li><strong>Owoce mieszane<\/strong><\/li>\n<li><strong>L\u00f3d truskawkowy<\/strong><\/li>\n<li><strong>Taro Ice<\/strong><\/li>\n<li><strong>Guava Ice<\/strong><\/li>\n<li><strong>Apple Ice<\/strong><\/li>\n<li><strong>L\u00f3d bananowy<\/strong><\/li>\n<li><strong>Soda pomara\u0144czowa<\/strong><\/li>\n<\/ul>\n<p><strong>Poziom si\u0142y\uff1a<\/strong>\u00a05%\u00a0\u00a0|<\/p>\n<p>Ka\u017cdy smak oferuje wyj\u0105tkowe doznania, dzi\u0119ki czemu ka\u017cdy wapuj\u0105cy znajdzie co\u015b dla siebie.<\/p>\n<h2>Dlaczego warto wybra\u0107 ATVS Vape 18000 Puffs?<\/h2>\n<h3>Najwy\u017csza wydajno\u015b\u0107<\/h3>\n<p>The <strong>Cewka z podw\u00f3jn\u0105 siatk\u0105<\/strong> oraz <strong>Bateria 750 mAh<\/strong> zapewniaj\u0105 bogate, p\u0142ynne i sp\u00f3jne wra\u017cenia z waporyzacji przy ka\u017cdym zaci\u0105gni\u0119ciu. Niezale\u017cnie od tego, czy jeste\u015b zwyk\u0142ym waperem, czy intensywnym u\u017cytkownikiem, to urz\u0105dzenie zapewni Ci wszystko.<\/p>\n<h3>Ekonomiczne i trwa\u0142e<\/h3>\n<p>Ciesz si\u0119 do <strong>18 000 zaci\u0105gni\u0119\u0107<\/strong> na urz\u0105dzenie, oferuj\u0105c doskona\u0142y stosunek jako\u015bci do ceny. Bateria o du\u017cej pojemno\u015bci i du\u017cy zbiornik e-liquidu minimalizuj\u0105 potrzeb\u0119 wymiany, dzi\u0119ki czemu jest to op\u0142acalny wyb\u00f3r.<\/p>\n<h3>Kompaktowy i przeno\u015bny<\/h3>\n<p>Lekki i elegancki <strong>ATVS Vape 18000 Puffs<\/strong> jest idealny dla tych, kt\u00f3rzy potrzebuj\u0105 przeno\u015bnego urz\u0105dzenia do waporyzacji, kt\u00f3re nie idzie na kompromis w zakresie wydajno\u015bci.<\/p>\n<h3>Idealny do sprzeda\u017cy hurtowej<\/h3>\n<p>Idealny dla sprzedawc\u00f3w detalicznych i dystrybutor\u00f3w, produkt ten jest dost\u0119pny w wygodnym opakowaniu zbiorczym, zapewniaj\u0105cym \u0142atwe przechowywanie i zarz\u0105dzanie zapasami. Zam\u00f3w hurtowo i zapewnij swoim klientom najwy\u017cszej jako\u015bci doznania z waporyzacji.<\/p>\n<h2>ATVS Vape 18000 Puffs - najlepsze do\u015bwiadczenie waporyzacji<\/h2>\n<p>Niezale\u017cnie od tego, czy szukasz urz\u0105dzenia, kt\u00f3re oferuje d\u0142ugotrwa\u0142\u0105 wydajno\u015b\u0107, bogaty smak lub najwy\u017csz\u0105 wygod\u0119, to <strong>ATVS Vape 18000 Puffs<\/strong> jest idealnym wyborem. Z <strong>Bateria 750 mAh<\/strong>, <strong>Technologia cewki z podw\u00f3jn\u0105 siatk\u0105<\/strong>i imponuj\u0105cy <strong>Pojemno\u015b\u0107 18 000 puff\u00f3w<\/strong>Ten waporyzator oferuje wszystko, czego potrzebujesz do wysokiej jako\u015bci wra\u017ce\u0144 z waporyzacji.<\/p>\n<h2>Gotowy, aby do\u015bwiadczy\u0107 tego, co najlepsze w waporyzacji?<\/h2>\n<p>Nie zadowalaj si\u0119 bylejako\u015bci\u0105. We\u017a w swoje r\u0119ce <strong>ATVS Vape 18000 Puffs<\/strong> i wznie\u015b swoj\u0105 gr\u0119 w wapowanie na nowy poziom. Zam\u00f3w teraz i ciesz si\u0119 <strong>do 18 000 zaci\u0105gni\u0119\u0107<\/strong> satysfakcji z ka\u017cdego wapowania!<\/p>\n<p><strong>Dlaczego warto wybra\u0107 nas?<\/strong><\/p>\n<p>Wybieraj\u0105c oficjalny sklep z jednorazowymi waporyzatorami, mo\u017cesz cieszy\u0107 si\u0119 wieloma korzy\u015bciami:<\/p>\n<ul>\n<li><strong>Oficjalny kana\u0142 sprzeda\u017cy:<\/strong>\u00a0Gwarantujemy autentyczne produkty i wysok\u0105 jako\u015b\u0107 us\u0142ug.<\/li>\n<li><strong>Sprzeda\u017c hurtowa i detaliczna:<\/strong>\u00a0Oferujemy elastyczne opcje zakupu dla klient\u00f3w indywidualnych i hurtowych.<\/li>\n<li><strong>Zapewnienie jako\u015bci:<\/strong>\u00a0Nasze produkty przechodz\u0105 rygorystyczne testy jako\u015bci, aby zapewni\u0107 satysfakcj\u0119 u\u017cytkownik\u00f3w.<\/li>\n<li><strong>Wysy\u0142ka na ca\u0142y \u015bwiat:<\/strong>\u00a0Z dum\u0105 wysy\u0142amy nasze produkty do wi\u0119kszo\u015bci cz\u0119\u015bci \u015bwiata, dzi\u0119ki czemu mo\u017cesz cieszy\u0107 si\u0119 naszymi produktami bez wzgl\u0119du na to, gdzie jeste\u015b.<\/li>\n<li><strong>Do\u015bwiadczenie w bran\u017cy:<\/strong>\u00a0Dzi\u0119ki ponad 8-letniemu do\u015bwiadczeniu na rynku stali\u015bmy si\u0119 zaufanym i najlepszym wyborem.<\/li>\n<li><strong>D\u0142ugoterminowe partnerstwa:<\/strong>\u00a0Wsp\u00f3\u0142pracujemy r\u00f3wnie\u017c z lokalnymi w\u0142a\u015bcicielami sklep\u00f3w w Europie, co pozwala nam szybko reagowa\u0107 na potrzeby rynku i utrzymywa\u0107 \u015bwie\u017co\u015b\u0107 naszych produkt\u00f3w.<\/li>\n<\/ul>\n<p>Wyb\u00f3r naszych jednorazowych waporyzator\u00f3w pozwala nie tylko cieszy\u0107 si\u0119 r\u00f3\u017cnorodno\u015bci\u0105 smak\u00f3w, ale tak\u017ce do\u015bwiadczy\u0107 niezwyk\u0142ej podr\u00f3\u017cy waporyzacyjnej. Aby uzyska\u0107 wi\u0119cej informacji, odwied\u017a nas <a href=\"http:\/\/dankstarvapes.com\" target=\"_blank\" rel=\"noopener\">dankstarvapes.com<\/a>!<\/p>","protected":false},"excerpt":{"rendered":"<p>The ATVS Vape 18000 Puffs is crafted for the discerning vaper who demands superior performance, long-lasting usage, and rich, consistent flavor. Featuring a powerful 750mAh battery and advanced double mesh coil technology, this disposable vape delivers up to 18,000 puffs of smooth, flavorful vapor. Its compact design and sleek build make it the perfect on-the-go [&#8230;]","protected":false},"featured_media":2044,"comment_status":"open","ping_status":"closed","template":"","meta":[],"product_brand":[],"product_cat":[102,77,95,118,133,78,96,71,79,80,81,82,83,84,85,86,87,88,89,90,91,92],"product_tag":[],"class_list":{"0":"post-2017","1":"product","2":"type-product","3":"status-publish","4":"has-post-thumbnail","6":"product_cat-20000-20k-puff-vape","7":"product_cat-5-nicotine-disposable-vape","8":"product_cat-advanced-vape","9":"product_cat-atvs-vape","10":"product_cat-crystal-vape","11":"product_cat-disposable-vape-near-me","12":"product_cat-disposable-vape-with-led-light","13":"product_cat-0-5-nicotine-vapes","14":"product_cat-disposable-vapes-in-austria","15":"product_cat-disposable-vapes-in-belgium","16":"product_cat-disposable-vapes-in-france","17":"product_cat-disposable-vapes-in-germany","18":"product_cat-disposable-vapes-in-ltaly","19":"product_cat-disposable-vapes-in-netherlands","20":"product_cat-disposable-vapes-in-norway","21":"product_cat-disposable-vapes-in-poland","22":"product_cat-disposable-vapes-in-portugal","23":"product_cat-disposable-vapes-in-spain","24":"product_cat-disposable-vapes-in-sweden","25":"product_cat-disposable-vapes-in-switzerland","26":"product_cat-disposable-vapes-in-united-states","27":"product_cat-vape-brands","29":"first","30":"instock","31":"shipping-taxable","32":"purchasable","33":"product-type-variable","34":"has-default-attributes"},"tiered_pricing_type":"fixed","tiered_pricing_fixed_rules":[],"tiered_pricing_product_settings":{"layout":"default","base_unit_name":{"singular":null,"plural":null},"default_variation":null},"tiered_pricing_minimum_quantity":null,"tiered_pricing_roles_data":[],"tiered_pricing_percentage_rules":[],"tiered_pricing_maximum_quantity":null,"tiered_pricing_quantity_step":null,"_links":{"self":[{"href":"https:\/\/vapsolovape.com\/pl\/wp-json\/wp\/v2\/product\/2017","targetHints":{"allow":["GET"]}}],"collection":[{"href":"https:\/\/vapsolovape.com\/pl\/wp-json\/wp\/v2\/product"}],"about":[{"href":"https:\/\/vapsolovape.com\/pl\/wp-json\/wp\/v2\/types\/product"}],"replies":[{"embeddable":true,"href":"https:\/\/vapsolovape.com\/pl\/wp-json\/wp\/v2\/comments?post=2017"}],"wp:featuredmedia":[{"embeddable":true,"href":"https:\/\/vapsolovape.com\/pl\/wp-json\/wp\/v2\/media\/2044"}],"wp:attachment":[{"href":"https:\/\/vapsolovape.com\/pl\/wp-json\/wp\/v2\/media?parent=2017"}],"wp:term":[{"taxonomy":"product_brand","embeddable":true,"href":"https:\/\/vapsolovape.com\/pl\/wp-json\/wp\/v2\/product_brand?post=2017"},{"taxonomy":"product_cat","embeddable":true,"href":"https:\/\/vapsolovape.com\/pl\/wp-json\/wp\/v2\/product_cat?post=2017"},{"taxonomy":"product_tag","embeddable":true,"href":"https:\/\/vapsolovape.com\/pl\/wp-json\/wp\/v2\/product_tag?post=2017"}],"curies":[{"name":"wp","href":"https:\/\/api.w.org\/{rel}","templated":true}]}}