{"id":2202,"date":"2025-02-14T18:23:47","date_gmt":"2025-02-14T10:23:47","guid":{"rendered":"https:\/\/vapsolovape.com\/?post_type=product&#038;p=2202"},"modified":"2025-02-25T11:59:06","modified_gmt":"2025-02-25T03:59:06","slug":"bang-box-20000-zaciagniec-dlugotrwale-vape-z-wyswietlaczem-led","status":"publish","type":"product","link":"https:\/\/vapsolovape.com\/pl\/produkt\/bang-box-20000-zaciagniec-dlugotrwale-vape-z-wyswietlaczem-led\/","title":{"rendered":"Bang Box 20000 Puffs - Vape o du\u017cej pojemno\u015bci ze wska\u017anikiem LED"},"content":{"rendered":"<p data-start=\"127\" data-end=\"563\">Podnie\u015b sw\u00f3j poziom waporyzacji dzi\u0119ki <strong data-start=\"161\" data-end=\"201\">Bang Box 20000 Puffs jednorazowe Vape<\/strong>. Stworzone z my\u015bl\u0105 o doskona\u0142ym smaku i wydajno\u015bci, urz\u0105dzenie to oferuje niesamowite 20 000 zaci\u0105gni\u0119\u0107, zapewniaj\u0105c d\u0142ugotrwa\u0142\u0105 satysfakcj\u0119 bez konieczno\u015bci ci\u0105g\u0142ej wymiany. Wyposa\u017cony w zaawansowane funkcje, takie jak <strong data-start=\"415\" data-end=\"439\">akumulator<\/strong>, <strong data-start=\"441\" data-end=\"456\">Wy\u015bwietlacz LED<\/strong>oraz <strong data-start=\"462\" data-end=\"484\">regulowany przep\u0142yw powietrza<\/strong>Bang Box zosta\u0142 zaprojektowany, aby zapewni\u0107 spersonalizowane, p\u0142ynne doznania podczas waporyzacji.<\/p>\n<p data-start=\"565\" data-end=\"796\">Niezale\u017cnie od tego, czy dopiero zaczynasz swoj\u0105 przygod\u0119 z waporyzacj\u0105, czy jeste\u015b do\u015bwiadczonym profesjonalist\u0105, Bang Box oferuje wszystko, czego potrzebujesz w jednym eleganckim, jednorazowym opakowaniu. Ciesz si\u0119 najwy\u017csz\u0105 jako\u015bci\u0105 i wygod\u0105 w ka\u017cdym zaci\u0105gni\u0119ciu si\u0119 tym urz\u0105dzeniem vape nast\u0119pnego poziomu.<\/p>\n<figure id=\"attachment_6980\" aria-describedby=\"caption-attachment-6980\" style=\"width: 1020px\" class=\"wp-caption alignnone\"><img loading=\"lazy\" decoding=\"async\" class=\"wp-image-6980 size-large\" src=\"https:\/\/dankstarvapes.com\/wp-content\/uploads\/2024\/11\/Bang-Box-20000-Puff-13-2048x1152-1-1400x788.webp\" alt=\"Bang Box 20000 Puffs\" width=\"1020\" height=\"574\" title=\"\"><figcaption id=\"caption-attachment-6980\" class=\"wp-caption-text\">Bang Box 20000 Puffs<\/figcaption><\/figure>\n<h2>Kluczowe cechy Bang Box 20000 Puffs<\/h2>\n<h3>Ogromna liczba zaci\u0105gni\u0119\u0107 - do 20 000 zaci\u0105gni\u0119\u0107<\/h3>\n<p>Dzi\u0119ki niezwyk\u0142ej wydajno\u015bci 20 000 zaci\u0105gni\u0119\u0107 na urz\u0105dzenie <strong>Bang Box 20000 Puffs<\/strong> Zapewnia d\u0142u\u017csze u\u017cytkowanie, dzi\u0119ki czemu idealnie nadaje si\u0119 do d\u0142ugotrwa\u0142ego u\u017cytkowania bez konieczno\u015bci ci\u0105g\u0142ej wymiany.<\/p>\n<h3>Du\u017ca pojemno\u015b\u0107 e-p\u0142ynu - 36 ml<\/h3>\n<p>The <strong>Bang Box<\/strong> jest wst\u0119pnie nape\u0142niony 36 ml e-liquidu, dzi\u0119ki czemu mo\u017cesz waporyzowa\u0107 d\u0142u\u017cej, nie martwi\u0105c si\u0119 o uzupe\u0142nianie. Tak du\u017ca pojemno\u015b\u0107 zapewnia wygod\u0119 i minimalizuje k\u0142opoty.<\/p>\n<h3>Regulowany przep\u0142yw powietrza dla spersonalizowanych wra\u017ce\u0144 z waporyzacji<\/h3>\n<p>Niezale\u017cnie od tego, czy wolisz mocniejsze, p\u0142ynniejsze zaci\u0105ganie, czy te\u017c mocniejsze, przewiewne uderzenie, funkcja regulowanego przep\u0142ywu powietrza pozwala precyzyjnie dostosowa\u0107 doznania z waporyzacji do w\u0142asnych preferencji.<\/p>\n<h3>Wy\u015bwietlacz LED Bang Box 20000 Puffs do monitorowania w czasie rzeczywistym<\/h3>\n<p>B\u0105d\u017a na bie\u017c\u0105co z <strong>Wy\u015bwietlacz LED Bang Box<\/strong>kt\u00f3ra pokazuje w czasie rzeczywistym \u017cywotno\u015b\u0107 baterii i poziom e-cieczy. Funkcja ta zapewnia, \u017ce zawsze jeste\u015b \u015bwiadomy stanu urz\u0105dzenia, dzi\u0119ki czemu mo\u017cesz odpowiednio zaplanowa\u0107 jego u\u017cytkowanie.<\/p>\n<h3>Akumulator Bang Box 20000 Puffs z funkcj\u0105 \u0142adowania typu C<\/h3>\n<p>The <strong>Bang Box<\/strong> jest wyposa\u017cony w pot\u0119\u017cny akumulator o pojemno\u015bci 850 mAh i szybkie \u0142adowanie typu C, zapewniaj\u0105ce szybkie i wydajne zasilanie. Dzi\u0119ki temu mo\u017cesz cieszy\u0107 si\u0119 d\u0142ugotrwa\u0142ymi sesjami waporyzacji bez przerw.<\/p>\n<h2>R\u00f3\u017cnorodno\u015b\u0107 smak\u00f3w zadowoli ka\u017cde podniebienie<\/h2>\n<p>Wybieraj spo\u015br\u00f3d 12 pysznych i starannie opracowanych smak\u00f3w. Niezale\u017cnie od tego, czy masz ochot\u0119 na owocowe, orze\u017awiaj\u0105ce, czy mentolowe opcje, ka\u017cdy znajdzie tu co\u015b dla siebie. <strong>Bang Box<\/strong> linia smak\u00f3w. Niekt\u00f3re z ekscytuj\u0105cych opcji smakowych obejmuj\u0105:<\/p>\n<ul>\n<li><strong>Truskawka Kiwi<\/strong><\/li>\n<li><strong>Arbuzowy l\u00f3d<\/strong><\/li>\n<li><strong>Brzoskwinia Mango<\/strong><\/li>\n<li><strong>L\u00f3d winogronowy<\/strong><\/li>\n<li><strong>Bor\u00f3wka Malina<\/strong><\/li>\n<\/ul>\n<figure id=\"attachment_6981\" aria-describedby=\"caption-attachment-6981\" style=\"width: 1020px\" class=\"wp-caption alignnone\"><img loading=\"lazy\" decoding=\"async\" class=\"wp-image-6981 size-large\" src=\"https:\/\/dankstarvapes.com\/wp-content\/uploads\/2024\/11\/bang-box-20000-puffs-16-2048x1143-1-1400x781.webp\" alt=\"Bang Box 20000 Puffs\" width=\"1020\" height=\"569\" title=\"\"><figcaption id=\"caption-attachment-6981\" class=\"wp-caption-text\">Bang Box 20000 Puffs<\/figcaption><\/figure>\n<p>Ka\u017cdy smak zosta\u0142 zaprojektowany tak, aby zapewni\u0107 satysfakcjonuj\u0105ce, g\u0142adkie i aromatyczne doznania przy ka\u017cdym zaci\u0105gni\u0119ciu.<\/p>\n<h2>Dlaczego warto wybra\u0107 Bang Box 20000 Puffs?<\/h2>\n<h3>Bang Box 20000 Puffs Niezr\u00f3wnana trwa\u0142o\u015b\u0107 i wygoda<\/h3>\n<p>Z maksymalnie <strong>20 000 zaci\u0105gni\u0119\u0107<\/strong>w <strong>Bang Box<\/strong> oferuje niezr\u00f3wnan\u0105 trwa\u0142o\u015b\u0107, zmniejszaj\u0105c potrzeb\u0119 cz\u0119stej wymiany. Jest to idealne rozwi\u0105zanie dla intensywnych vaper\u00f3w lub tych, kt\u00f3rzy chc\u0105 wyd\u0142u\u017cy\u0107 czas bezproblemowego wapowania.<\/p>\n<h3>Bang Box 20000 Puffs Najwy\u017csza jako\u015b\u0107 wykonania<\/h3>\n<p>The <strong>Bang Box<\/strong> zosta\u0142 zbudowany z my\u015bl\u0105 o trwa\u0142o\u015bci. Zaprojektowany z my\u015bl\u0105 o optymalnej wydajno\u015bci, zapewnia g\u0142adk\u0105 par\u0119 i bogaty smak od pierwszego do ostatniego zaci\u0105gni\u0119cia.<\/p>\n<h3>Idealny do waporyzacji w podr\u00f3\u017cy<\/h3>\n<p>Kompaktowy i przeno\u015bny <strong>Bang Box 20000 Puffs<\/strong> \u0142atwo mie\u015bci si\u0119 w kieszeni, dzi\u0119ki czemu idealnie nadaje si\u0119 do waporyzacji w podr\u00f3\u017cy. Niezale\u017cnie od tego, czy doje\u017cd\u017casz do pracy, podr\u00f3\u017cujesz, czy po prostu jeste\u015b poza domem. <strong>Bang Box<\/strong> jest Twoim niezawodnym towarzyszem.<\/p>\n<h3>Idealny dla sprzedawc\u00f3w detalicznych i hurtowych<\/h3>\n<p>Detali\u015bci i hurtownicy mog\u0105 skorzysta\u0107 z opcji zakup\u00f3w hurtowych, zapewniaj\u0105c sobie mo\u017cliwo\u015b\u0107 zaopatrzenia si\u0119 w produkt o wysokim popycie, kt\u00f3ry klienci pokochaj\u0105. The <strong>Bang Box<\/strong> jest popularnym wyborem w\u015br\u00f3d vaper\u00f3w, a oferowanie go w sklepie mo\u017ce zwi\u0119kszy\u0107 sprzeda\u017c i zadowolenie klient\u00f3w.<\/p>\n<h2><strong>Zam\u00f3w Bang Box 20000 Puffs ju\u017c dzi\u015b!<\/strong><\/h2>\n<p>Pobierz <strong>Bang Box 20000 Puffs<\/strong> ju\u017c teraz i poznaj przysz\u0142o\u015b\u0107 waporyzacji. Dzi\u0119ki ogromnej liczbie zaci\u0105gni\u0119\u0107, akumulatorowi, konfigurowalnemu przep\u0142ywowi powietrza i szerokiej gamie smak\u00f3w, urz\u0105dzenie to zosta\u0142o stworzone, aby sprosta\u0107 wymaganiom wsp\u00f3\u0142czesnych waper\u00f3w.<\/p>\n<p>Odwied\u017a nasz\u0105 stron\u0119 internetow\u0105 ju\u017c dzi\u015b, aby z\u0142o\u017cy\u0107 zam\u00f3wienie lub zapyta\u0107 o zakupy hurtowe. Ciesz si\u0119 najwy\u017csz\u0105 jako\u015bci\u0105 waporyzacji dzi\u0119ki <strong>Bang Box 20000 Puffs<\/strong> - D\u0142ugotrwa\u0142y, aromatyczny i wygodny.<\/p>\n<p><strong>Dlaczego warto wybra\u0107 nas?<\/strong><\/p>\n<p>Wybieraj\u0105c oficjalny sklep z jednorazowymi waporyzatorami, mo\u017cesz cieszy\u0107 si\u0119 wieloma korzy\u015bciami:<\/p>\n<ul>\n<li><strong>Oficjalny kana\u0142 sprzeda\u017cy:<\/strong>\u00a0Gwarantujemy autentyczne produkty i wysok\u0105 jako\u015b\u0107 us\u0142ug.<\/li>\n<li><strong>Sprzeda\u017c hurtowa i detaliczna:<\/strong>\u00a0Oferujemy elastyczne opcje zakupu dla klient\u00f3w indywidualnych i hurtowych.<\/li>\n<li><strong>Zapewnienie jako\u015bci:<\/strong>\u00a0Nasze produkty przechodz\u0105 rygorystyczne testy jako\u015bci, aby zapewni\u0107 satysfakcj\u0119 u\u017cytkownik\u00f3w.<\/li>\n<li><strong>Wysy\u0142ka na ca\u0142y \u015bwiat:<\/strong>\u00a0Z dum\u0105 wysy\u0142amy nasze produkty do wi\u0119kszo\u015bci cz\u0119\u015bci \u015bwiata, dzi\u0119ki czemu mo\u017cesz cieszy\u0107 si\u0119 naszymi produktami bez wzgl\u0119du na to, gdzie jeste\u015b.<\/li>\n<li><strong>Do\u015bwiadczenie w bran\u017cy:<\/strong>\u00a0Dzi\u0119ki ponad 8-letniemu do\u015bwiadczeniu na rynku stali\u015bmy si\u0119 zaufanym i najlepszym wyborem.<\/li>\n<li><strong>D\u0142ugoterminowe partnerstwa:<\/strong>\u00a0Wsp\u00f3\u0142pracujemy r\u00f3wnie\u017c z lokalnymi w\u0142a\u015bcicielami sklep\u00f3w w Europie, co pozwala nam szybko reagowa\u0107 na potrzeby rynku i utrzymywa\u0107 \u015bwie\u017co\u015b\u0107 naszych produkt\u00f3w.<\/li>\n<\/ul>\n<p>Wyb\u00f3r naszych jednorazowych waporyzator\u00f3w pozwala nie tylko cieszy\u0107 si\u0119 r\u00f3\u017cnorodno\u015bci\u0105 smak\u00f3w, ale tak\u017ce do\u015bwiadczy\u0107 niezwyk\u0142ej podr\u00f3\u017cy waporyzacyjnej. Aby uzyska\u0107 wi\u0119cej informacji, odwied\u017a nas <a href=\"http:\/\/dankstarvapes.com\" target=\"_blank\" rel=\"noopener\">dankstarvapes.com<\/a>!<\/p>","protected":false},"excerpt":{"rendered":"<p>Step up your vaping game with the Bang Box 20000 Puffs Disposable Vape. Crafted for ultimate flavor and performance, this device offers an incredible 20,000 puffs, ensuring long-lasting satisfaction without the hassle of constant replacements. Packed with advanced features such as a rechargeable battery, LED display, and adjustable airflow, the Bang Box is engineered to [&#8230;]","protected":false},"featured_media":2229,"comment_status":"open","ping_status":"closed","template":"","meta":[],"product_brand":[],"product_cat":[72,75,102,76,77,95,120,73,78,96,71,79,80,81,82,83,84,85,86,87,88,89,90,91,92],"product_tag":[],"class_list":{"0":"post-2202","1":"product","2":"type-product","3":"status-publish","4":"has-post-thumbnail","6":"product_cat-0-nicotine-disposable-vape","7":"product_cat-2-nicotine-disposable-vape","8":"product_cat-20000-20k-puff-vape","9":"product_cat-3-nicotine-disposable-vape","10":"product_cat-5-nicotine-disposable-vape","11":"product_cat-advanced-vape","12":"product_cat-bang-vape","13":"product_cat-big-puff-vapes","14":"product_cat-disposable-vape-near-me","15":"product_cat-disposable-vape-with-led-light","16":"product_cat-0-5-nicotine-vapes","17":"product_cat-disposable-vapes-in-austria","18":"product_cat-disposable-vapes-in-belgium","19":"product_cat-disposable-vapes-in-france","20":"product_cat-disposable-vapes-in-germany","21":"product_cat-disposable-vapes-in-ltaly","22":"product_cat-disposable-vapes-in-netherlands","23":"product_cat-disposable-vapes-in-norway","24":"product_cat-disposable-vapes-in-poland","25":"product_cat-disposable-vapes-in-portugal","26":"product_cat-disposable-vapes-in-spain","27":"product_cat-disposable-vapes-in-sweden","28":"product_cat-disposable-vapes-in-switzerland","29":"product_cat-disposable-vapes-in-united-states","30":"product_cat-vape-brands","32":"first","33":"instock","34":"shipping-taxable","35":"product-type-simple"},"tiered_pricing_type":"fixed","tiered_pricing_fixed_rules":[],"tiered_pricing_product_settings":{"layout":"default","base_unit_name":{"singular":null,"plural":null},"default_variation":null},"tiered_pricing_minimum_quantity":null,"tiered_pricing_roles_data":[],"tiered_pricing_percentage_rules":[],"tiered_pricing_maximum_quantity":null,"tiered_pricing_quantity_step":null,"_links":{"self":[{"href":"https:\/\/vapsolovape.com\/pl\/wp-json\/wp\/v2\/product\/2202","targetHints":{"allow":["GET"]}}],"collection":[{"href":"https:\/\/vapsolovape.com\/pl\/wp-json\/wp\/v2\/product"}],"about":[{"href":"https:\/\/vapsolovape.com\/pl\/wp-json\/wp\/v2\/types\/product"}],"replies":[{"embeddable":true,"href":"https:\/\/vapsolovape.com\/pl\/wp-json\/wp\/v2\/comments?post=2202"}],"wp:featuredmedia":[{"embeddable":true,"href":"https:\/\/vapsolovape.com\/pl\/wp-json\/wp\/v2\/media\/2229"}],"wp:attachment":[{"href":"https:\/\/vapsolovape.com\/pl\/wp-json\/wp\/v2\/media?parent=2202"}],"wp:term":[{"taxonomy":"product_brand","embeddable":true,"href":"https:\/\/vapsolovape.com\/pl\/wp-json\/wp\/v2\/product_brand?post=2202"},{"taxonomy":"product_cat","embeddable":true,"href":"https:\/\/vapsolovape.com\/pl\/wp-json\/wp\/v2\/product_cat?post=2202"},{"taxonomy":"product_tag","embeddable":true,"href":"https:\/\/vapsolovape.com\/pl\/wp-json\/wp\/v2\/product_tag?post=2202"}],"curies":[{"name":"wp","href":"https:\/\/api.w.org\/{rel}","templated":true}]}}