{"id":2399,"date":"2025-02-14T18:24:44","date_gmt":"2025-02-14T10:24:44","guid":{"rendered":"https:\/\/vapsolovape.com\/?post_type=product&#038;p=2399"},"modified":"2025-02-25T09:30:21","modified_gmt":"2025-02-25T01:30:21","slug":"bang-king-25000-puffs-dual-podhigh-capacity-disposable-vape","status":"publish","type":"product","link":"https:\/\/vapsolovape.com\/pl\/produkt\/bang-king-25000-puffs-dual-podhigh-capacity-disposable-vape\/","title":{"rendered":"Jednorazowy vape Bang King z podw\u00f3jnymi kapsu\u0142kami, zapewniaj\u0105cy 25000 zaci\u0105gni\u0119\u0107 i konstrukcj\u0119 o du\u017cej pojemno\u015bci."},"content":{"rendered":"<p>Jednorazowy waporyzator Bang King 25000 Puffs oferuje najwy\u017csz\u0105 wydajno\u015b\u0107 i stylowy wygl\u0105d, zapewniaj\u0105c fantastyczne wra\u017cenia z waporyzacji. Niezale\u017cnie od tego, czy jeste\u015b nowym waperem, czy do\u015bwiadczonym u\u017cytkownikiem, Bang King 25000 jest idealn\u0105 opcj\u0105 dla trwa\u0142ej przyjemno\u015bci.<\/p>\n<figure id=\"attachment_7201\" aria-describedby=\"caption-attachment-7201\" style=\"width: 2048px\" class=\"wp-caption alignnone\"><img loading=\"lazy\" decoding=\"async\" class=\"size-full wp-image-7201\" src=\"https:\/\/dankstarvapes.com\/wp-content\/uploads\/2024\/12\/Bang-King-25000-Puffs-Vape-2-scaled-1-2048x1323-1.webp\" alt=\"Bang King 25000 Puffs\" width=\"2048\" height=\"1323\" title=\"\"><figcaption id=\"caption-attachment-7201\" class=\"wp-caption-text\">Bang King 25000 Puffs<\/figcaption><\/figure>\n<h3>Najwa\u017cniejsze cechy Bang King 25000 Puffs<\/h3>\n<h4>25 000 zaci\u0105gni\u0119\u0107 dla d\u0142u\u017cszej zabawy<\/h4>\n<p>Ciesz si\u0119 imponuj\u0105cym <strong>25 000 zaci\u0105gni\u0119\u0107<\/strong> z jednego urz\u0105dzenia, oferuj\u0105c d\u0142ugotrwa\u0142\u0105 waporyzacj\u0119 bez konieczno\u015bci cz\u0119stej wymiany.<\/p>\n<h4>Podw\u00f3jne kapsu\u0142ki Bang King 25000 Puffs dla maksymalnej pojemno\u015bci p\u0142ynu E-Liquid<\/h4>\n<p>Z <strong>46 ml e-liquidu<\/strong> roz\u0142o\u017cone na dwa <strong>Str\u0105ki o pojemno\u015bci 23 ml<\/strong>Bang King 25000 zapewnia wi\u0119cej ni\u017c wystarczaj\u0105c\u0105 ilo\u015b\u0107 p\u0142ynu na d\u0142ugie sesje.<\/p>\n<h4>Akumulator 650 mAh<\/h4>\n<p>Wyposa\u017cony w <strong>Akumulator o pojemno\u015bci 650 mAh<\/strong>To urz\u0105dzenie zapewnia sta\u0142\u0105 wydajno\u015b\u0107 i wygod\u0119 u\u017cytkowania. <strong>Port \u0142adowania typu C<\/strong> do szybkiego \u0142adowania.<\/p>\n<h4>Wy\u015bwietlacz LED Bang King 25000 Puffs do monitorowania<\/h4>\n<p>The <strong>Wy\u015bwietlacz LED<\/strong> informuje na bie\u017c\u0105co o <strong>bateria<\/strong> oraz <strong>Poziomy e-cieczy<\/strong>dzi\u0119ki czemu nigdy nie zostaniesz zaskoczony podczas waporyzacji.<\/p>\n<h4>Technologia podw\u00f3jnej cewki siatkowej<\/h4>\n<p>Do\u015bwiadcz zwi\u0119kszonej produkcji pary i bogatego smaku dzi\u0119ki <strong>Podw\u00f3jna cewka 1,0\u03a9<\/strong> zapewniaj\u0105c, \u017ce ka\u017cde zaci\u0105gni\u0119cie jest tak samo satysfakcjonuj\u0105ce jak poprzednie.<\/p>\n<h3>Opcje smakowe dopasowane do ka\u017cdego gustu<\/h3>\n<p>Wybieraj spo\u015br\u00f3d 12 wyj\u0105tkowych, przepysznych smak\u00f3w, w tym:<\/p>\n<ul>\n<li><strong>Blue Razz Ice<\/strong><\/li>\n<li><strong>Soczysty brzoskwiniowy l\u00f3d<\/strong><\/li>\n<li><strong>Arbuz truskawkowy<\/strong><\/li>\n<li><strong>Arbuzowy l\u00f3d<\/strong><\/li>\n<li><strong>Banan truskawkowy<\/strong><\/li>\n<li><strong>L\u00f3d z kwa\u015bnego jab\u0142ka<\/strong><\/li>\n<li><strong>Triple Berry Ice<\/strong><\/li>\n<li><strong>Owoce tropikalne<\/strong><\/li>\n<li><strong>Wi\u015bniowa bomba<\/strong><\/li>\n<li><strong>L\u00f3d winogronowy<\/strong><\/li>\n<li><strong>Brzoskwinia Mango<\/strong><\/li>\n<li><strong>Mango truskawkowe<\/strong><\/li>\n<\/ul>\n<h3>Bang King 25000 Puffs z mo\u017cliwo\u015bci\u0105 dostosowania mocy<\/h3>\n<p>Bang King 25000 jest dost\u0119pny w r\u00f3\u017cnych mocach nikotyny: <strong>0%, 2%, 3% i 5%<\/strong>dzi\u0119ki czemu mo\u017cesz znale\u017a\u0107 idealne dopasowanie do swoich preferencji dotycz\u0105cych waporyzacji.<\/p>\n<h3>Dlaczego warto wybra\u0107 Bang King 25000?<\/h3>\n<ul>\n<li><strong>D\u0142ugotrwa\u0142a liczba zaci\u0105gni\u0119\u0107<\/strong>: Z <strong>25 000 zaci\u0105gni\u0119\u0107<\/strong> i podw\u00f3jne kapsu\u0142ki, urz\u0105dzenie to oferuje d\u0142u\u017csze u\u017cytkowanie, idealne dla codziennych vaper\u00f3w lub tych, kt\u00f3rzy wol\u0105 mniej wk\u0142ad\u00f3w.<\/li>\n<li><strong>Wysokiej jako\u015bci cewki siatkowe<\/strong>: Podw\u00f3jne cewki siatkowe zwi\u0119kszaj\u0105 produkcj\u0119 pary i smak, zapewniaj\u0105c p\u0142ynne i satysfakcjonuj\u0105ce uderzenia za ka\u017cdym razem.<\/li>\n<li><strong>Wygodny i niezawodny<\/strong>: Featuring a <strong>Port \u0142adowania typu C<\/strong> oraz <strong>Wy\u015bwietlacz LED<\/strong>Zosta\u0142 zaprojektowany z my\u015bl\u0105 o \u0142atwym u\u017cytkowaniu i monitorowaniu.<\/li>\n<\/ul>\n<h3>Specyfikacja w skr\u00f3cie<\/h3>\n<table>\n<thead>\n<tr>\n<th>Cecha<\/th>\n<th>Szczeg\u00f3\u0142y<\/th>\n<\/tr>\n<\/thead>\n<tbody>\n<tr>\n<td><strong>Puff Count<\/strong><\/td>\n<td>25 000 zaci\u0105gni\u0119\u0107<\/td>\n<\/tr>\n<tr>\n<td><strong>Pojemno\u015b\u0107 E-Liquid<\/strong><\/td>\n<td>46 ml (2 kapsu\u0142ki 23 ml)<\/td>\n<\/tr>\n<tr>\n<td><strong>Si\u0142a nikotyny<\/strong><\/td>\n<td>0%, 2%, 3%, 5%<\/td>\n<\/tr>\n<tr>\n<td><strong>Bateria<\/strong><\/td>\n<td>Akumulator 650 mAh<\/td>\n<\/tr>\n<tr>\n<td><strong>Port \u0142adowania<\/strong><\/td>\n<td>Typ-C<\/td>\n<\/tr>\n<tr>\n<td><strong>Cewka grzewcza<\/strong><\/td>\n<td>Podw\u00f3jna siatka 1,0\u03a9<\/td>\n<\/tr>\n<tr>\n<td><strong>Wy\u015bwietlacz<\/strong><\/td>\n<td>Dioda LED (poziom baterii i e-p\u0142ynu)<\/td>\n<\/tr>\n<tr>\n<td><strong>Smaki<\/strong><\/td>\n<td>12 unikalnych opcji<\/td>\n<\/tr>\n<\/tbody>\n<\/table>\n<h3>Zdob\u0105d\u017a Bang King 25000 ju\u017c dzi\u015b!<\/h3>\n<p>Nie przegap tego wyj\u0105tkowego do\u015bwiadczenia z waporyzacj\u0105. The <strong>Bang King 25000 Puffs jednorazowe Vape<\/strong> oferuje wygod\u0119, r\u00f3\u017cnorodno\u015b\u0107 i wydajno\u015b\u0107 w jednym urz\u0105dzeniu. Zam\u00f3w teraz, aby cieszy\u0107 si\u0119 d\u0142ugotrwa\u0142\u0105 satysfakcj\u0105 z ka\u017cdego zaci\u0105gni\u0119cia.<\/p>\n<p>\ud83d\udc49 <strong>Dost\u0119pno\u015b\u0107 ograniczona<\/strong> - Zam\u00f3w ju\u017c dzi\u015b i poczuj r\u00f3\u017cnic\u0119!<\/p>\n<p><strong>Dlaczego warto wybra\u0107 nas?<\/strong><\/p>\n<p>Wybieraj\u0105c oficjalny sklep z jednorazowymi waporyzatorami, mo\u017cesz cieszy\u0107 si\u0119 wieloma korzy\u015bciami:<\/p>\n<ul>\n<li><strong>Oficjalny kana\u0142 sprzeda\u017cy:<\/strong>\u00a0Gwarantujemy autentyczne produkty i wysok\u0105 jako\u015b\u0107 us\u0142ug.<\/li>\n<li><strong>Sprzeda\u017c hurtowa i detaliczna:<\/strong>\u00a0Oferujemy elastyczne opcje zakupu dla klient\u00f3w indywidualnych i hurtowych.<\/li>\n<li><strong>Zapewnienie jako\u015bci:<\/strong>\u00a0Nasze produkty przechodz\u0105 rygorystyczne testy jako\u015bci, aby zapewni\u0107 satysfakcj\u0119 u\u017cytkownik\u00f3w.<\/li>\n<li><strong>Wysy\u0142ka na ca\u0142y \u015bwiat:<\/strong>\u00a0Z dum\u0105 wysy\u0142amy nasze produkty do wi\u0119kszo\u015bci cz\u0119\u015bci \u015bwiata, dzi\u0119ki czemu mo\u017cesz cieszy\u0107 si\u0119 naszymi produktami bez wzgl\u0119du na to, gdzie jeste\u015b.<\/li>\n<li><strong>Do\u015bwiadczenie w bran\u017cy:<\/strong>\u00a0Dzi\u0119ki ponad 8-letniemu do\u015bwiadczeniu na rynku stali\u015bmy si\u0119 zaufanym i najlepszym wyborem.<\/li>\n<li><strong>D\u0142ugoterminowe partnerstwa:<\/strong>\u00a0Wsp\u00f3\u0142pracujemy r\u00f3wnie\u017c z lokalnymi w\u0142a\u015bcicielami sklep\u00f3w w Europie, co pozwala nam szybko reagowa\u0107 na potrzeby rynku i utrzymywa\u0107 \u015bwie\u017co\u015b\u0107 naszych produkt\u00f3w.<\/li>\n<\/ul>\n<p>Wyb\u00f3r naszych jednorazowych waporyzator\u00f3w pozwala nie tylko cieszy\u0107 si\u0119 r\u00f3\u017cnorodno\u015bci\u0105 smak\u00f3w, ale tak\u017ce do\u015bwiadczy\u0107 niezwyk\u0142ej podr\u00f3\u017cy waporyzacyjnej. Aby uzyska\u0107 wi\u0119cej informacji, odwied\u017a nas <a href=\"http:\/\/dankstarvapes.com\" target=\"_blank\" rel=\"noopener\">dankstarvapes.com<\/a>!<\/p>","protected":false},"excerpt":{"rendered":"<p>The Bang King 25000 Puffs Disposable Vape offers top-notch performance and a stylish appearance for a fantastic vaping experience. Whether you are new to vaping or an experienced user, the Bang King 25000 is an ideal option for lasting enjoyment. Bang King 25000 Puffs Key Features 25,000 Puffs for Extended Enjoyment Enjoy an impressive 25,000 [&#8230;]","protected":false},"featured_media":2436,"comment_status":"open","ping_status":"closed","template":"","meta":[],"product_brand":[],"product_cat":[72,75,111,76,77,120,73,78,71,79,80,81,82,83,84,85,86,87,88,89,90,91,92],"product_tag":[],"class_list":{"0":"post-2399","1":"product","2":"type-product","3":"status-publish","4":"has-post-thumbnail","6":"product_cat-0-nicotine-disposable-vape","7":"product_cat-2-nicotine-disposable-vape","8":"product_cat-25000-25k-puff-vape","9":"product_cat-3-nicotine-disposable-vape","10":"product_cat-5-nicotine-disposable-vape","11":"product_cat-bang-vape","12":"product_cat-big-puff-vapes","13":"product_cat-disposable-vape-near-me","14":"product_cat-0-5-nicotine-vapes","15":"product_cat-disposable-vapes-in-austria","16":"product_cat-disposable-vapes-in-belgium","17":"product_cat-disposable-vapes-in-france","18":"product_cat-disposable-vapes-in-germany","19":"product_cat-disposable-vapes-in-ltaly","20":"product_cat-disposable-vapes-in-netherlands","21":"product_cat-disposable-vapes-in-norway","22":"product_cat-disposable-vapes-in-poland","23":"product_cat-disposable-vapes-in-portugal","24":"product_cat-disposable-vapes-in-spain","25":"product_cat-disposable-vapes-in-sweden","26":"product_cat-disposable-vapes-in-switzerland","27":"product_cat-disposable-vapes-in-united-states","28":"product_cat-vape-brands","30":"first","31":"instock","32":"shipping-taxable","33":"purchasable","34":"product-type-variable","35":"has-default-attributes"},"tiered_pricing_type":"fixed","tiered_pricing_fixed_rules":[],"tiered_pricing_product_settings":{"layout":"default","base_unit_name":{"singular":null,"plural":null},"default_variation":null},"tiered_pricing_minimum_quantity":null,"tiered_pricing_roles_data":[],"tiered_pricing_percentage_rules":[],"tiered_pricing_maximum_quantity":null,"tiered_pricing_quantity_step":null,"_links":{"self":[{"href":"https:\/\/vapsolovape.com\/pl\/wp-json\/wp\/v2\/product\/2399","targetHints":{"allow":["GET"]}}],"collection":[{"href":"https:\/\/vapsolovape.com\/pl\/wp-json\/wp\/v2\/product"}],"about":[{"href":"https:\/\/vapsolovape.com\/pl\/wp-json\/wp\/v2\/types\/product"}],"replies":[{"embeddable":true,"href":"https:\/\/vapsolovape.com\/pl\/wp-json\/wp\/v2\/comments?post=2399"}],"wp:featuredmedia":[{"embeddable":true,"href":"https:\/\/vapsolovape.com\/pl\/wp-json\/wp\/v2\/media\/2436"}],"wp:attachment":[{"href":"https:\/\/vapsolovape.com\/pl\/wp-json\/wp\/v2\/media?parent=2399"}],"wp:term":[{"taxonomy":"product_brand","embeddable":true,"href":"https:\/\/vapsolovape.com\/pl\/wp-json\/wp\/v2\/product_brand?post=2399"},{"taxonomy":"product_cat","embeddable":true,"href":"https:\/\/vapsolovape.com\/pl\/wp-json\/wp\/v2\/product_cat?post=2399"},{"taxonomy":"product_tag","embeddable":true,"href":"https:\/\/vapsolovape.com\/pl\/wp-json\/wp\/v2\/product_tag?post=2399"}],"curies":[{"name":"wp","href":"https:\/\/api.w.org\/{rel}","templated":true}]}}