{"id":2595,"date":"2025-02-14T18:26:04","date_gmt":"2025-02-14T10:26:04","guid":{"rendered":"https:\/\/vapsolovape.com\/?post_type=product&#038;p=2595"},"modified":"2025-07-14T18:55:08","modified_gmt":"2025-07-14T10:55:08","slug":"cloud-nine-q24-12000-puffow-wymienna-kapsulka-wielokrotnego-ladowania","status":"publish","type":"product","link":"https:\/\/vapsolovape.com\/pl\/produkt\/cloud-nine-q24-12000-puffow-wymienna-kapsulka-wielokrotnego-ladowania\/","title":{"rendered":"CLOUD NINE Q24 12000 Puffs Vape - \u0142adowalny i wymienny system kapsu\u0142ek"},"content":{"rendered":"<p><span data-preserver-spaces=\"true\">Do\u015bwiadczenie <\/span><strong><span data-preserver-spaces=\"true\">CLOUD NINE Q24 12000 puff\u00f3w z mo\u017cliwo\u015bci\u0105 \u0142adowania i wymiany kapsu\u0142ek Vape<\/span><\/strong><span data-preserver-spaces=\"true\">innowacyjne urz\u0105dzenie przeznaczone do <\/span><strong><span data-preserver-spaces=\"true\">d\u0142ugotrwa\u0142a wydajno\u015b\u0107 i wyj\u0105tkowy smak<\/span><\/strong><span data-preserver-spaces=\"true\">. Z <\/span><strong><span data-preserver-spaces=\"true\">bardzo d\u0142uga \u017cywotno\u015b\u0107 12 000 zaci\u0105gni\u0119\u0107<\/span><\/strong><span data-preserver-spaces=\"true\">Jest idealny dla codziennych i do\u015bwiadczonych vaper\u00f3w.<\/span><\/p>\n<p><span data-preserver-spaces=\"true\">Wyposa\u017cony w <\/span><strong><span data-preserver-spaces=\"true\">System wymiennych kapsu\u0142ek<\/span><\/strong><span data-preserver-spaces=\"true\">Dzi\u0119ki temu mo\u017cna \u0142atwo zmienia\u0107 smaki bez konieczno\u015bci wymiany ca\u0142ego urz\u0105dzenia, co sprawia, \u017ce jest ono przyjazne dla \u015brodowiska i op\u0142acalne oraz zapewnia doskona\u0142e wra\u017cenia z waporyzacji. W mi\u0119dzyczasie <\/span><strong><span data-preserver-spaces=\"true\">Konstrukcja wielokrotnego \u0142adowania<\/span><\/strong><span data-preserver-spaces=\"true\"> wyd\u0142u\u017ca \u017cywotno\u015b\u0107 baterii, dzi\u0119ki czemu nigdy nie musisz si\u0119 martwi\u0107, \u017ce zabraknie Ci energii - ciesz si\u0119 <\/span><strong><span data-preserver-spaces=\"true\">Wysokiej jako\u015bci sesja waporyzacji w dowolnym miejscu i czasie<\/span><\/strong><span data-preserver-spaces=\"true\">.<\/span><\/p>\n<p><img loading=\"lazy\" decoding=\"async\" class=\"size-full wp-image-7416\" src=\"https:\/\/dankstarvapes.com\/wp-content\/uploads\/2024\/12\/CLOUD-NINE-Q24-12000-Puffs-11.webp\" alt=\"CLOUD NINE Q24 12000 Puffs\" width=\"944\" height=\"2560\" title=\"\"><\/p>\n<p>&nbsp;<\/p>\n<p>&nbsp;<\/p>\n<hr \/>\n<h4><strong>Kluczowe cechy:<\/strong><\/h4>\n<ul>\n<li><strong>Rozszerzona liczba zaci\u0105gni\u0119\u0107:<\/strong> Ciesz si\u0119 nawet 12 000 zaci\u0105gni\u0119\u0107, minimalizuj\u0105c potrzeb\u0119 cz\u0119stej wymiany.<\/li>\n<li><strong>Akumulator:<\/strong> Wyposa\u017cony w akumulator o pojemno\u015bci 500 mAh, Q24 zapewnia d\u0142ugotrwa\u0142e u\u017cytkowanie i szybkie \u0142adowanie przez port Type-C.<\/li>\n<li><strong>Wymienne kapsu\u0142ki:<\/strong> Oszcz\u0119dzaj pieni\u0105dze i zmniejsz ilo\u015b\u0107 odpad\u00f3w dzi\u0119ki wymiennym kapsu\u0142kom, kt\u00f3re oferuj\u0105 \u015bwie\u017cy, czysty smak przy ka\u017cdym u\u017cyciu.<\/li>\n<li><strong>Pojemno\u015b\u0107 E-Liquid:<\/strong> 10 ml e-liquidu na d\u0142u\u017csze sesje waporyzacji.<\/li>\n<li><strong>Technologia cewki siatkowej:<\/strong> Siatkowy rdze\u0144 1,0\u03a9 zoptymalizowany pod k\u0105tem bogatego smaku i p\u0142ynnej produkcji pary.<\/li>\n<li><strong>Moc nikotyny:<\/strong> Moc nikotyny 5% zapewnia satysfakcjonuj\u0105c\u0105 i g\u0142adk\u0105 waporyzacj\u0119.<\/li>\n<li><strong>Wydajne \u0142adowanie:<\/strong> Port \u0142adowania typu C zapewnia szybkie i wydajne \u0142adowanie.<\/li>\n<\/ul>\n<hr \/>\n<h4><strong>Wyb\u00f3r smak\u00f3w:<\/strong><\/h4>\n<p>Odkryj szerok\u0105 gam\u0119 orze\u017awiaj\u0105cych smak\u00f3w dostosowanych do Twojego gustu:<\/p>\n<ul>\n<li><strong>Truskawka:<\/strong> S\u0142odki, owocowy zapach \u015bwie\u017co zebranych truskawek.<\/li>\n<li><strong>Arbuz:<\/strong> Orze\u017awiaj\u0105cy i soczysty smak inspirowany latem.<\/li>\n<li><strong>Jagody mieszane:<\/strong> Harmonijne po\u0142\u0105czenie cierpkich i s\u0142odkich jag\u00f3d.<\/li>\n<li><strong>Arbuz truskawkowy:<\/strong> Doskona\u0142e po\u0142\u0105czenie truskawki i arbuza.<\/li>\n<li><strong>Lody winogronowe:<\/strong> S\u0142odkie winogrona z kremowym, ch\u0142odnym akcentem.<\/li>\n<li><strong>Yakult:<\/strong> Pikantny, s\u0142odki smak inspirowany popularnym napojem fermentowanym.<\/li>\n<li><strong>Lody truskawkowe:<\/strong> Bogate, kremowe doznanie przypominaj\u0105ce deser.<\/li>\n<li><strong>Kantalupa:<\/strong> Lekki, subtelnie s\u0142odki i orze\u017awiaj\u0105cy smak.<\/li>\n<li><strong>Mango:<\/strong> Tropikalna eksplozja soczystego mango.<\/li>\n<li><strong>Cola:<\/strong> Klasyczny smak coli, przywo\u0142uj\u0105cy nostalgiczne, gazowane wspomnienia.<\/li>\n<\/ul>\n<hr \/>\n<h4><strong>Dlaczego warto wybra\u0107 CLOUD NINE Q24 12000 Puffs?<\/strong><\/h4>\n<ul>\n<li><strong>D\u0142ugotrwa\u0142a wydajno\u015b\u0107:<\/strong> 12 000 zaci\u0105gni\u0119\u0107, pojemno\u015b\u0107 10 ml e-liquidu i akumulator zapewniaj\u0105 d\u0142ugie, przyjemne doznania z waporyzacji.<\/li>\n<li><strong>Ekonomiczny i przyjazny dla \u015brodowiska:<\/strong> Wymienne kapsu\u0142ki zmniejszaj\u0105 ilo\u015b\u0107 odpad\u00f3w przy jednoczesnym obni\u017ceniu koszt\u00f3w.<\/li>\n<li><strong>Mo\u017cliwo\u015b\u0107 dostosowania wra\u017ce\u0144 z waporyzacji:<\/strong> Wybierz preferowany smak i ciesz si\u0119 zr\u00f3wnowa\u017con\u0105 moc\u0105 nikotyny 5%.<\/li>\n<li><strong>Wygoda w podr\u00f3\u017cy:<\/strong> Lekki i przeno\u015bny, Q24 jest idealny do codziennego u\u017cytku.<\/li>\n<\/ul>\n<hr \/>\n<h4><strong>Korzy\u015bci hurtowe:<\/strong><\/h4>\n<ul>\n<li><strong>Ceny hurtowe:<\/strong> Konkurencyjne ceny dla du\u017cych zam\u00f3wie\u0144, maksymalizuj\u0105ce mar\u017ce zysku.<\/li>\n<li><strong>Niezawodne zapasy:<\/strong> Sta\u0142a dost\u0119pno\u015b\u0107 pozwala zaspokoi\u0107 zapotrzebowanie klient\u00f3w.<\/li>\n<li><strong>Elastyczne zam\u00f3wienia:<\/strong> Wybieraj spo\u015br\u00f3d r\u00f3\u017cnych smak\u00f3w, aby dopasowa\u0107 si\u0119 do preferencji klient\u00f3w.<\/li>\n<li><strong>Szybka wysy\u0142ka:<\/strong> Terminowe i niezawodne dostawy, dzi\u0119ki kt\u00f3rym zapasy s\u0105 zawsze gotowe.<\/li>\n<\/ul>\n<hr \/>\n<p>CLOUD NINE Q24 12000 Puffs to jednorazowy waporyzator z mo\u017cliwo\u015bci\u0105 \u0142adowania i wymiany. Niezale\u017cnie od tego, czy jeste\u015b sprzedawc\u0105 detalicznym, czy dedykowanym waperem, to innowacyjne urz\u0105dzenie oferuje najlepsz\u0105 wydajno\u015b\u0107, smak i wygod\u0119.<\/p>\n<p><strong>Dlaczego warto wybra\u0107 nas?<\/strong><\/p>\n<p>Wybieraj\u0105c oficjalny sklep z jednorazowymi waporyzatorami, mo\u017cesz cieszy\u0107 si\u0119 wieloma korzy\u015bciami:<\/p>\n<ul>\n<li><strong>Oficjalny kana\u0142 sprzeda\u017cy:<\/strong>\u00a0Gwarantujemy autentyczne produkty i wysok\u0105 jako\u015b\u0107 us\u0142ug.<\/li>\n<li><strong>Sprzeda\u017c hurtowa i detaliczna:<\/strong>\u00a0Oferujemy elastyczne opcje zakupu dla klient\u00f3w indywidualnych i hurtowych.<\/li>\n<li><strong>Zapewnienie jako\u015bci:<\/strong>\u00a0Nasze produkty przechodz\u0105 rygorystyczne testy jako\u015bci, aby zapewni\u0107 satysfakcj\u0119 u\u017cytkownik\u00f3w.<\/li>\n<li><strong>Wysy\u0142ka na ca\u0142y \u015bwiat:<\/strong>\u00a0Z dum\u0105 wysy\u0142amy nasze produkty do wi\u0119kszo\u015bci cz\u0119\u015bci \u015bwiata, dzi\u0119ki czemu mo\u017cesz cieszy\u0107 si\u0119 naszymi produktami bez wzgl\u0119du na to, gdzie jeste\u015b.<\/li>\n<li><strong>Do\u015bwiadczenie w bran\u017cy:<\/strong>\u00a0Dzi\u0119ki ponad 8-letniemu do\u015bwiadczeniu na rynku stali\u015bmy si\u0119 zaufanym i najlepszym wyborem.<\/li>\n<li><strong>D\u0142ugoterminowe partnerstwa:<\/strong>\u00a0Wsp\u00f3\u0142pracujemy r\u00f3wnie\u017c z lokalnymi w\u0142a\u015bcicielami sklep\u00f3w w Europie, co pozwala nam szybko reagowa\u0107 na potrzeby rynku i utrzymywa\u0107 \u015bwie\u017co\u015b\u0107 naszych produkt\u00f3w.<\/li>\n<\/ul>\n<p>Wyb\u00f3r naszych jednorazowych waporyzator\u00f3w pozwala nie tylko cieszy\u0107 si\u0119 r\u00f3\u017cnorodno\u015bci\u0105 smak\u00f3w, ale tak\u017ce do\u015bwiadczy\u0107 niezwyk\u0142ej podr\u00f3\u017cy waporyzacyjnej. Aby uzyska\u0107 wi\u0119cej informacji, odwied\u017a nas <a href=\"http:\/\/dankstarvapes.com\" target=\"_blank\" rel=\"noopener\">dankstarvapes.com<\/a>!<\/p>","protected":false},"excerpt":{"rendered":"<p>Experience the CLOUD NINE Q24 12000 Puffs Rechargeable &amp; Replaceable Pod Vape, an innovative device designed for long-lasting performance and exceptional flavor. With an ultra-long lifespan of 12,000 puffs, it is perfect for daily and seasoned vapers. Featuring a replaceable pod system, you can easily switch flavors without replacing the entire device, making it eco-friendly [&#8230;]","protected":false},"featured_media":2610,"comment_status":"open","ping_status":"closed","template":"","meta":[],"product_brand":[],"product_cat":[74,77,73,122,78,71,79,80,81,82,83,84,85,86,87,88,89,90,91],"product_tag":[],"class_list":{"0":"post-2595","1":"product","2":"type-product","3":"status-publish","4":"has-post-thumbnail","6":"product_cat-12000-12k-puff-vape","7":"product_cat-5-nicotine-disposable-vape","8":"product_cat-big-puff-vapes","9":"product_cat-cloud-nine-vape","10":"product_cat-disposable-vape-near-me","11":"product_cat-0-5-nicotine-vapes","12":"product_cat-disposable-vapes-in-austria","13":"product_cat-disposable-vapes-in-belgium","14":"product_cat-disposable-vapes-in-france","15":"product_cat-disposable-vapes-in-germany","16":"product_cat-disposable-vapes-in-ltaly","17":"product_cat-disposable-vapes-in-netherlands","18":"product_cat-disposable-vapes-in-norway","19":"product_cat-disposable-vapes-in-poland","20":"product_cat-disposable-vapes-in-portugal","21":"product_cat-disposable-vapes-in-spain","22":"product_cat-disposable-vapes-in-sweden","23":"product_cat-disposable-vapes-in-switzerland","24":"product_cat-disposable-vapes-in-united-states","26":"first","27":"instock","28":"shipping-taxable","29":"purchasable","30":"product-type-variable","31":"has-default-attributes"},"tiered_pricing_type":"fixed","tiered_pricing_fixed_rules":[],"tiered_pricing_product_settings":{"layout":"default","base_unit_name":{"singular":null,"plural":null},"default_variation":null},"tiered_pricing_minimum_quantity":null,"tiered_pricing_roles_data":[],"tiered_pricing_percentage_rules":[],"tiered_pricing_maximum_quantity":null,"tiered_pricing_quantity_step":null,"_links":{"self":[{"href":"https:\/\/vapsolovape.com\/pl\/wp-json\/wp\/v2\/product\/2595","targetHints":{"allow":["GET"]}}],"collection":[{"href":"https:\/\/vapsolovape.com\/pl\/wp-json\/wp\/v2\/product"}],"about":[{"href":"https:\/\/vapsolovape.com\/pl\/wp-json\/wp\/v2\/types\/product"}],"replies":[{"embeddable":true,"href":"https:\/\/vapsolovape.com\/pl\/wp-json\/wp\/v2\/comments?post=2595"}],"wp:featuredmedia":[{"embeddable":true,"href":"https:\/\/vapsolovape.com\/pl\/wp-json\/wp\/v2\/media\/2610"}],"wp:attachment":[{"href":"https:\/\/vapsolovape.com\/pl\/wp-json\/wp\/v2\/media?parent=2595"}],"wp:term":[{"taxonomy":"product_brand","embeddable":true,"href":"https:\/\/vapsolovape.com\/pl\/wp-json\/wp\/v2\/product_brand?post=2595"},{"taxonomy":"product_cat","embeddable":true,"href":"https:\/\/vapsolovape.com\/pl\/wp-json\/wp\/v2\/product_cat?post=2595"},{"taxonomy":"product_tag","embeddable":true,"href":"https:\/\/vapsolovape.com\/pl\/wp-json\/wp\/v2\/product_tag?post=2595"}],"curies":[{"name":"wp","href":"https:\/\/api.w.org\/{rel}","templated":true}]}}