{"id":2970,"date":"2025-02-14T18:28:23","date_gmt":"2025-02-14T10:28:23","guid":{"rendered":"https:\/\/vapsolovape.com\/?post_type=product&#038;p=2970"},"modified":"2025-02-24T18:33:01","modified_gmt":"2025-02-24T10:33:01","slug":"vapen-rocs-16000-zaciagniec-jednorazowy-vape-25ml-ladowalny","status":"publish","type":"product","link":"https:\/\/vapsolovape.com\/pl\/produkt\/vapen-rocs-16000-zaciagniec-jednorazowy-vape-25ml-ladowalny\/","title":{"rendered":"VAPEN ROCS 16000 Puffs Jednorazowe Vape - pojemno\u015b\u0107 25 ml, mo\u017cliwo\u015b\u0107 \u0142adowania dla d\u0142u\u017cszego u\u017cytkowania"},"content":{"rendered":"<p data-start=\"180\" data-end=\"688\">VAPEN ROCS 16000 Puffs Disposable Vape oferuje wyj\u0105tkowe doznania z wapowania dzi\u0119ki 16 000 zaci\u0105gni\u0119\u0107 i du\u017cej pojemno\u015bci 25 ml e-liquidu. Idealne zar\u00f3wno dla zwyk\u0142ych waper\u00f3w, jak i oddanych entuzjast\u00f3w, urz\u0105dzenie to zapewnia d\u0142u\u017csz\u0105 przyjemno\u015b\u0107 bez konieczno\u015bci cz\u0119stej wymiany. Wyposa\u017cony w innowacyjn\u0105 technologi\u0119 separacji cewek olejowych, VAPEN ROCS utrzymuje \u015bwie\u017cy, sp\u00f3jny profil smakowy przez ca\u0142y okres u\u017cytkowania. Dzi\u0119ki eleganckiej, higienicznej konstrukcji jest to idealny wyb\u00f3r dla niezawodnego, wysokiej jako\u015bci waporyzatora.<\/p>\n<figure id=\"attachment_7822\" aria-describedby=\"caption-attachment-7822\" style=\"width: 800px\" class=\"wp-caption alignnone\"><img loading=\"lazy\" decoding=\"async\" class=\"wp-image-7822 size-large\" src=\"https:\/\/dankstarvapes.com\/wp-content\/uploads\/2024\/12\/VAPEN-ROCS-16000-Puffs-7-800x800.webp\" alt=\"VAPEN ROCS 16000 Puffs\" width=\"800\" height=\"800\" title=\"\"><figcaption id=\"caption-attachment-7822\" class=\"wp-caption-text\">VAPEN ROCS 16000 Puffs<\/figcaption><\/figure>\n<hr \/>\n<h3>Kluczowe cechy VAPEN ROCS 16000 Puffs Vape jednorazowego u\u017cytku<\/h3>\n<h4><strong>1. Rozszerzona pojemno\u015b\u0107 dmuchania<\/strong><\/h4>\n<p>Ciesz si\u0119 do <strong>16 000 zaci\u0105gni\u0119\u0107<\/strong> z jednego urz\u0105dzenia, zapewniaj\u0105c maksymalne wykorzystanie vape bez konieczno\u015bci cz\u0119stej wymiany. Idealny do d\u0142ugotrwa\u0142ego u\u017cytkowania i dla tych, kt\u00f3rzy kochaj\u0105 wygod\u0119.<\/p>\n<h4><strong>2. Du\u017ca pojemno\u015b\u0107 e-liquidu<\/strong><\/h4>\n<p>The <strong>Zbiornik e-liquidu o pojemno\u015bci 25 ml<\/strong> oznacza, \u017ce nie b\u0119dziesz musia\u0142 cz\u0119sto uzupe\u0142nia\u0107 p\u0142yn\u00f3w. Ciesz si\u0119 d\u0142ugotrwa\u0142ymi sesjami z mniejsz\u0105 liczb\u0105 przerw, zapewniaj\u0105c sobie satysfakcj\u0119 na d\u0142u\u017cej.<\/p>\n<h4><strong>3. Mo\u017cliwo\u015b\u0107 \u0142adowania i wygoda<\/strong><\/h4>\n<p>Wyposa\u017cony w <strong>Akumulator o pojemno\u015bci 650 mAh<\/strong> oraz <strong>Port \u0142adowania typu C<\/strong>VAPEN ROCS zapewnia szybkie i wydajne \u0142adowanie, dzi\u0119ki czemu mo\u017cesz cieszy\u0107 si\u0119 sta\u0142\u0105 wydajno\u015bci\u0105 podczas sesji.<\/p>\n<h4><strong>4. Technologia oddzielania oleju od cewki<\/strong><\/h4>\n<p>Nasz <strong>separacja oleju od cewki<\/strong> zachowuje integralno\u015b\u0107 soku vape, zapewniaj\u0105c \u015bwie\u017cy, czysty smak przy ka\u017cdym zaci\u0105gni\u0119ciu. Funkcja ta wyd\u0142u\u017ca r\u00f3wnie\u017c \u017cywotno\u015b\u0107 urz\u0105dzenia, zmniejszaj\u0105c ilo\u015b\u0107 odpad\u00f3w.<\/p>\n<h4><strong>5. Higieniczna silikonowa os\u0142ona przeciwpy\u0142owa<\/strong><\/h4>\n<p>W zestawie <strong>silikonowa os\u0142ona przeciwpy\u0142owa<\/strong> Pomaga utrzyma\u0107 higien\u0119, utrzymuj\u0105c ustnik w czysto\u015bci i chroni\u0105c go, gdy nie jest u\u017cywany. Idealny do utrzymania czysto\u015bci w podr\u00f3\u017cy.<\/p>\n<h4><strong>6. Regulowany przep\u0142yw powietrza<\/strong><\/h4>\n<p>Dostosuj swoje doznania z waporyzacji za pomoc\u0105 <strong>regulowany przep\u0142yw powietrza<\/strong>, pozwalaj\u0105c na precyzyjne dostrojenie wdechu w celu spersonalizowanego, p\u0142ynnego zaci\u0105gania si\u0119 za ka\u017cdym razem.<\/p>\n<hr \/>\n<h3>Opcje smakowe dla ka\u017cdego gustu<\/h3>\n<p>Do wyboru <strong>12 ekscytuj\u0105cych smak\u00f3w<\/strong> zaprojektowane tak, aby zaspokoi\u0107 r\u00f3\u017cnorodne preferencje, w tym<\/p>\n<ul>\n<li><strong>Arbuzowy l\u00f3d<\/strong> - Soczysty smak arbuza z orze\u017awiaj\u0105cym mentolowym wyko\u0144czeniem.<\/li>\n<li><strong>L\u00f3d jagodowy<\/strong> - S\u0142odkie jagody po\u0142\u0105czone z ch\u0142odnym, mentolowym kopem.<\/li>\n<li><strong>Love 66<\/strong> - Egzotyczne owoce tropikalne z mro\u017anym akcentem.<\/li>\n<li><strong>Soczysta brzoskwinia<\/strong> - S\u0142odki, wyrazisty smak brzoskwini zapewnia soczysty aromat.<\/li>\n<li><strong>Fizzy Cherry<\/strong> - Pikantny wi\u015bniowy smak z musuj\u0105c\u0105 nut\u0105.<\/li>\n<li><strong>Bia\u0142a Mamba<\/strong> - Tajemnicza mieszanka egzotycznych owoc\u00f3w i mentolu.<\/li>\n<li><strong>Brzoskwinia Mango Ananas<\/strong> - Tropikalne po\u0142\u0105czenie brzoskwini, mango i ananasa.<\/li>\n<li><strong>Truskawka Kiwi<\/strong> - Orze\u017awiaj\u0105ca mieszanka s\u0142odkich truskawek i cierpkiego kiwi.<\/li>\n<li><strong>Lady Killa<\/strong> - Odwa\u017cna, lodowata mieszanka egzotycznych owoc\u00f3w zapewnia ekscytuj\u0105cy smak.<\/li>\n<li><strong>Mi Amor<\/strong> - Po\u0142\u0105czenie owoc\u00f3w tropikalnych i lodowych nut zapewnia p\u0142ynn\u0105 satysfakcj\u0119.<\/li>\n<li><strong>Hawaje<\/strong> - Tropikalny ananas i kokos zapewniaj\u0105 doznania rodem z pi\u00f1a colady.<\/li>\n<li><strong>Mixberry Ice<\/strong> - Mieszanka s\u0142odkich i pikantnych jag\u00f3d z ch\u0142odnym finiszem.<\/li>\n<\/ul>\n<figure id=\"attachment_7823\" aria-describedby=\"caption-attachment-7823\" style=\"width: 800px\" class=\"wp-caption alignnone\"><img loading=\"lazy\" decoding=\"async\" class=\"wp-image-7823 size-large\" src=\"https:\/\/dankstarvapes.com\/wp-content\/uploads\/2024\/12\/VAPEN-ROCS-16000-Puffs-6-800x800.webp\" alt=\"VAPEN ROCS 16000 Puffs\" width=\"800\" height=\"800\" title=\"\"><figcaption id=\"caption-attachment-7823\" class=\"wp-caption-text\">VAPEN ROCS 16000 Puffs<\/figcaption><\/figure>\n<hr \/>\n<h3>Dlaczego warto wybra\u0107 jednorazowe Vape VAPEN ROCS 16000 Puffs?<\/h3>\n<h4><strong>1. D\u0142ugotrwa\u0142a satysfakcja<\/strong><\/h4>\n<p>Z jego <strong>16 000 zaci\u0105gni\u0119\u0107<\/strong> oraz <strong>Pojemno\u015b\u0107 25 ml e-liquidu<\/strong>VAPEN ROCS zosta\u0142 zaprojektowany dla tych, kt\u00f3rzy chc\u0105 d\u0142ugotrwa\u0142ych, nieprzerwanych wra\u017ce\u0144 z waporyzacji.<\/p>\n<h4><strong>2. Higiena i czysto\u015b\u0107<\/strong><\/h4>\n<p>The <strong>silikonowa os\u0142ona przeciwpy\u0142owa<\/strong> oraz <strong>separacja oleju od cewki<\/strong> Technologia zapewnia, \u017ce urz\u0105dzenie pozostaje czyste, \u015bwie\u017ce i gotowe do u\u017cycia przez ca\u0142y czas.<\/p>\n<h4><strong>3. Wysoka jako\u015b\u0107 dzia\u0142ania<\/strong><\/h4>\n<p>Z jego <strong>podw\u00f3jna cewka<\/strong> technologia i <strong>regulowany przep\u0142yw powietrza<\/strong>VAPEN ROCS zapewnia g\u0142adk\u0105, sp\u00f3jn\u0105 par\u0119 przy ka\u017cdym zaci\u0105gni\u0119ciu.<\/p>\n<h4><strong>4. Wygodny i \u0142adowalny<\/strong><\/h4>\n<p>Ciesz si\u0119 szybkim \u0142adowaniem dzi\u0119ki <strong>Port typu C<\/strong>zapewniaj\u0105c, \u017ce nigdy nie pozostaniesz bez zasilania przez d\u0142ugi czas.<\/p>\n<h4><strong>5. Mo\u017cliwo\u015bci sprzeda\u017cy hurtowej<\/strong><\/h4>\n<p>VAPEN ROCS jest idealny dla sprzedawc\u00f3w detalicznych i dystrybutor\u00f3w. Dost\u0119pny w ilo\u015bciach hurtowych w konkurencyjnych cenach, zapewnia wysoki popyt i zyskowne mar\u017ce.<\/p>\n<hr \/>\n<h3>Informacje o pakowaniu i wysy\u0142ce<\/h3>\n<ul>\n<li><strong>Display Box<\/strong>: 10 urz\u0105dze\u0144 w opakowaniu<\/li>\n<li><strong>Karton<\/strong>200 urz\u0105dze\u0144 w kartonie<\/li>\n<li><strong>Wysy\u0142ka<\/strong>: Dost\u0119pne s\u0105 szybkie i wydajne opcje dostawy, aby utrzyma\u0107 sta\u0142y poziom zapas\u00f3w.<\/li>\n<\/ul>\n<hr \/>\n<p><strong>Podnie\u015b swoje wra\u017cenia z waporyzacji dzi\u0119ki jednorazowym Vape VAPEN ROCS 16000 Puffs!<\/strong><br \/>\nZam\u00f3w ju\u017c teraz i ciesz si\u0119 wysokiej jako\u015bci, d\u0142ugotrwa\u0142ym wapowaniem o wyj\u0105tkowych smakach, wygodzie i wydajno\u015bci. Idealny zar\u00f3wno do u\u017cytku osobistego, jak i zakup\u00f3w hurtowych dla sprzedawc\u00f3w.<\/p>\n<p><strong>Dlaczego warto wybra\u0107 nas?<\/strong><\/p>\n<p>Wybieraj\u0105c oficjalny sklep z jednorazowymi waporyzatorami, mo\u017cesz cieszy\u0107 si\u0119 wieloma korzy\u015bciami:<\/p>\n<ul>\n<li><strong>Oficjalny kana\u0142 sprzeda\u017cy:<\/strong>\u00a0Gwarantujemy autentyczne produkty i wysok\u0105 jako\u015b\u0107 us\u0142ug.<\/li>\n<li><strong>Sprzeda\u017c hurtowa i detaliczna:<\/strong>\u00a0Oferujemy elastyczne opcje zakupu dla klient\u00f3w indywidualnych i hurtowych.<\/li>\n<li><strong>Zapewnienie jako\u015bci:<\/strong>\u00a0Nasze produkty przechodz\u0105 rygorystyczne testy jako\u015bci, aby zapewni\u0107 satysfakcj\u0119 u\u017cytkownik\u00f3w.<\/li>\n<li><strong>Wysy\u0142ka na ca\u0142y \u015bwiat:<\/strong>\u00a0Z dum\u0105 wysy\u0142amy nasze produkty do wi\u0119kszo\u015bci cz\u0119\u015bci \u015bwiata, dzi\u0119ki czemu mo\u017cesz cieszy\u0107 si\u0119 naszymi produktami bez wzgl\u0119du na to, gdzie jeste\u015b.<\/li>\n<li><strong>Do\u015bwiadczenie w bran\u017cy:<\/strong>\u00a0Dzi\u0119ki ponad 8-letniemu do\u015bwiadczeniu na rynku stali\u015bmy si\u0119 zaufanym i najlepszym wyborem.<\/li>\n<li><strong>D\u0142ugoterminowe partnerstwa:<\/strong>\u00a0Wsp\u00f3\u0142pracujemy r\u00f3wnie\u017c z lokalnymi w\u0142a\u015bcicielami sklep\u00f3w w Europie, co pozwala nam szybko reagowa\u0107 na potrzeby rynku i utrzymywa\u0107 \u015bwie\u017co\u015b\u0107 naszych produkt\u00f3w.<\/li>\n<\/ul>\n<p>Wyb\u00f3r naszych jednorazowych waporyzator\u00f3w pozwala nie tylko cieszy\u0107 si\u0119 r\u00f3\u017cnorodno\u015bci\u0105 smak\u00f3w, ale tak\u017ce do\u015bwiadczy\u0107 niezwyk\u0142ej podr\u00f3\u017cy waporyzacyjnej. Aby uzyska\u0107 wi\u0119cej informacji, odwied\u017a nas <a href=\"http:\/\/dankstarvapes.com\" target=\"_blank\" rel=\"noopener\">dankstarvapes.com<\/a>!<\/p>","protected":false},"excerpt":{"rendered":"<p>The VAPEN ROCS 16000 Puffs Disposable Vape offers an exceptional vaping experience with up to 16,000 puffs and a generous 25ml e-liquid capacity. Perfect for both casual vapers and dedicated enthusiasts, this device ensures extended enjoyment without frequent replacements. Featuring innovative oil-coil separation technology, the VAPEN ROCS maintains a fresh, consistent flavor profile throughout its [&#8230;]","protected":false},"featured_media":2991,"comment_status":"open","ping_status":"closed","template":"","meta":[],"product_brand":[],"product_cat":[94,75,77,95,73,78,96,71,79,80,81,82,83,84,85,86,87,88,89,90,91,92,126],"product_tag":[],"class_list":{"0":"post-2970","1":"product","2":"type-product","3":"status-publish","4":"has-post-thumbnail","6":"product_cat-15000-15k-puff-vape","7":"product_cat-2-nicotine-disposable-vape","8":"product_cat-5-nicotine-disposable-vape","9":"product_cat-advanced-vape","10":"product_cat-big-puff-vapes","11":"product_cat-disposable-vape-near-me","12":"product_cat-disposable-vape-with-led-light","13":"product_cat-0-5-nicotine-vapes","14":"product_cat-disposable-vapes-in-austria","15":"product_cat-disposable-vapes-in-belgium","16":"product_cat-disposable-vapes-in-france","17":"product_cat-disposable-vapes-in-germany","18":"product_cat-disposable-vapes-in-ltaly","19":"product_cat-disposable-vapes-in-netherlands","20":"product_cat-disposable-vapes-in-norway","21":"product_cat-disposable-vapes-in-poland","22":"product_cat-disposable-vapes-in-portugal","23":"product_cat-disposable-vapes-in-spain","24":"product_cat-disposable-vapes-in-sweden","25":"product_cat-disposable-vapes-in-switzerland","26":"product_cat-disposable-vapes-in-united-states","27":"product_cat-vape-brands","28":"product_cat-vapen-vape","30":"first","31":"instock","32":"shipping-taxable","33":"purchasable","34":"product-type-variable","35":"has-default-attributes"},"tiered_pricing_type":"fixed","tiered_pricing_fixed_rules":[],"tiered_pricing_product_settings":{"layout":"default","base_unit_name":{"singular":null,"plural":null},"default_variation":null},"tiered_pricing_minimum_quantity":null,"tiered_pricing_roles_data":[],"tiered_pricing_percentage_rules":[],"tiered_pricing_maximum_quantity":null,"tiered_pricing_quantity_step":null,"_links":{"self":[{"href":"https:\/\/vapsolovape.com\/pl\/wp-json\/wp\/v2\/product\/2970","targetHints":{"allow":["GET"]}}],"collection":[{"href":"https:\/\/vapsolovape.com\/pl\/wp-json\/wp\/v2\/product"}],"about":[{"href":"https:\/\/vapsolovape.com\/pl\/wp-json\/wp\/v2\/types\/product"}],"replies":[{"embeddable":true,"href":"https:\/\/vapsolovape.com\/pl\/wp-json\/wp\/v2\/comments?post=2970"}],"wp:featuredmedia":[{"embeddable":true,"href":"https:\/\/vapsolovape.com\/pl\/wp-json\/wp\/v2\/media\/2991"}],"wp:attachment":[{"href":"https:\/\/vapsolovape.com\/pl\/wp-json\/wp\/v2\/media?parent=2970"}],"wp:term":[{"taxonomy":"product_brand","embeddable":true,"href":"https:\/\/vapsolovape.com\/pl\/wp-json\/wp\/v2\/product_brand?post=2970"},{"taxonomy":"product_cat","embeddable":true,"href":"https:\/\/vapsolovape.com\/pl\/wp-json\/wp\/v2\/product_cat?post=2970"},{"taxonomy":"product_tag","embeddable":true,"href":"https:\/\/vapsolovape.com\/pl\/wp-json\/wp\/v2\/product_tag?post=2970"}],"curies":[{"name":"wp","href":"https:\/\/api.w.org\/{rel}","templated":true}]}}