{"id":901,"date":"2025-02-14T18:17:14","date_gmt":"2025-02-14T10:17:14","guid":{"rendered":"https:\/\/vapsolovape.com\/?post_type=product&#038;p=901"},"modified":"2025-07-18T19:12:21","modified_gmt":"2025-07-18T11:12:21","slug":"randm-tornado-7000-puffow-50-smakow-jednorazowych-vape","status":"publish","type":"product","link":"https:\/\/vapsolovape.com\/pl\/produkt\/randm-tornado-7000-puffow-50-smakow-jednorazowych-vape\/","title":{"rendered":"RandM Tornado 7000 Puffs - ponad 50 smak\u00f3w, najlepszy jednorazowy vape"},"content":{"rendered":"<div id=\"tab-description\" class=\"woocommerce-Tabs-panel woocommerce-Tabs-panel--description panel entry-content active\" role=\"tabpanel\" aria-labelledby=\"tab-title-description\">\n<p data-start=\"52\" data-end=\"437\">The <strong data-start=\"56\" data-end=\"84\">RandM Tornado 7000 Puffs<\/strong> oferuje u\u017cytkownikom du\u017c\u0105 obj\u0119to\u015b\u0107 dymu i wyj\u0105tkowe wra\u017cenia z waporyzacji. Produkt renomowanej marki <strong data-start=\"182\" data-end=\"197\">Marka RandM<\/strong>Ten jednorazowy waporyzator, znany z wysokiej jako\u015bci i doskona\u0142ej wydajno\u015bci, jest idealny zar\u00f3wno dla pocz\u0105tkuj\u0105cych, jak i do\u015bwiadczonych waper\u00f3w. Jego kompaktowa konstrukcja sprawia, \u017ce jest przeno\u015bny i \u0142atwy do przenoszenia, dzi\u0119ki czemu mo\u017cesz cieszy\u0107 si\u0119 waporyzacj\u0105 w dowolnym miejscu i czasie.<\/p>\n<p data-start=\"439\" data-end=\"730\">Dzi\u0119ki zaawansowanej technologii i zr\u00f3\u017cnicowanej gamie smak\u00f3w <strong data-start=\"500\" data-end=\"528\">RandM Tornado 7000 Puffs<\/strong> zaspokaja wszystkie gusta, zapewniaj\u0105c, \u017ce ka\u017cdy znajdzie co\u015b dla siebie. Niezale\u017cnie od tego, czy szukasz \u015bwie\u017cych wra\u017ce\u0144 z waporyzacji, czy wygodnego rozwi\u0105zania w podr\u00f3\u017cy, seria <strong data-start=\"682\" data-end=\"710\">RandM Tornado 7000 Puffs<\/strong> jest idealnym wyborem.<\/p>\n<figure id=\"attachment_4755\" aria-describedby=\"caption-attachment-4755\" style=\"width: 800px\" class=\"wp-caption alignnone\"><img loading=\"lazy\" decoding=\"async\" class=\"size-full wp-image-4755\" src=\"https:\/\/dankstarvapes.com\/wp-content\/uploads\/2024\/11\/RandM-Tornado-7000-Puffs-1.webp\" alt=\"RandM Tornado 7000 Puffs\" width=\"800\" height=\"800\" title=\"\"><figcaption id=\"caption-attachment-4755\" class=\"wp-caption-text\">RandM Tornado 7000 Puffs<\/figcaption><\/figure>\n<h2>---------------------------------------------------------<br \/>\nRandM Tornado 7000 Funkcje i specyfikacja<\/h2>\n<p>The <strong>RandM Tornado 7000<\/strong> wyr\u00f3\u017cnia si\u0119 imponuj\u0105c\u0105 specyfikacj\u0105 i przyjaznymi dla u\u017cytkownika funkcjami. Jego pot\u0119\u017cna bateria o pojemno\u015bci 850 mAh zapewnia d\u0142ugotrwa\u0142e u\u017cytkowanie, umo\u017cliwiaj\u0105c d\u0142u\u017csze sesje waporyzacji bez konieczno\u015bci cz\u0119stego \u0142adowania - idealna zar\u00f3wno dla zwyk\u0142ych, jak i intensywnych u\u017cytkownik\u00f3w.<\/p>\n<p>Opr\u00f3cz wytrzyma\u0142ej baterii <strong>RandM Tornado 7000<\/strong> posiada port \u0142adowania typu C. To nowoczesne rozwi\u0105zanie \u0142adowania pozwala na szybkie \u0142adowanie, znacznie skracaj\u0105c przestoje mi\u0119dzy sesjami waporyzacji. Wygoda po\u0142\u0105czenia typu C jest nie do przecenienia, poniewa\u017c zapewnia u\u017cytkownikom prosty i wydajny spos\u00f3b zasilania urz\u0105dzenia, zapewniaj\u0105c, \u017ce mog\u0105 oni utrzyma\u0107 swoje nawyki waporyzacyjne bez zak\u0142\u00f3ce\u0144. To po\u0142\u0105czenie \u017cywotno\u015bci baterii i szybko\u015bci \u0142adowania zwi\u0119ksza og\u00f3lne wra\u017cenia u\u017cytkownika.<\/p>\n<h2>RandM Tornado 7000 Puffs Jednorazowe Vape Flavor Dost\u0119pne r\u00f3\u017cne smaki i opcje mocy<\/h2>\n<p>The <strong>RandM Tornado 7000 Puffs<\/strong> Disposable Vape wyr\u00f3\u017cnia si\u0119 na konkurencyjnym rynku przede wszystkim imponuj\u0105c\u0105 gam\u0105 smak\u00f3w. Dzi\u0119ki ponad 50 dost\u0119pnym opcjom, urz\u0105dzenie to gwarantuje, \u017ce ka\u017cdy u\u017cytkownik znajdzie smak odpowiadaj\u0105cy jego preferencjom. Dla tych, kt\u00f3rzy lubi\u0105 to, co znane, RandM Tornado bezb\u0142\u0119dnie dostarcza klasyczne opcje, takie jak tyto\u0144 i orze\u017awiaj\u0105cy mentol. W mi\u0119dzyczasie, dla tych, kt\u00f3rzy szukaj\u0105 bardziej odwa\u017cnych wra\u017ce\u0144, urz\u0105dzenie oferuje ekscytuj\u0105c\u0105 r\u00f3\u017cnorodno\u015b\u0107 egzotycznych mieszanek owocowych i , dzi\u0119ki czemu jest idealne dla vaper\u00f3w ch\u0119tnych do odkrywania nowych i unikalnych profili smakowych.<\/p>\n<p>Jednym z godnych uwagi aspekt\u00f3w oferty smakowej Tornado jest jako\u015b\u0107 i autentyczno\u015b\u0107 ka\u017cdej opcji. Ka\u017cde zaci\u0105gni\u0119cie zapewnia bogate i satysfakcjonuj\u0105ce doznania, a smaki oferuj\u0105 wierne odwzorowanie. Niezale\u017cnie od tego, czy u\u017cytkownicy preferuj\u0105 tradycyjne smaki, czy z\u0142o\u017cone mieszanki owoc\u00f3w, RandM starannie opracowuje ka\u017cd\u0105 opcj\u0119, aby zwi\u0119kszy\u0107 przyjemno\u015b\u0107.<\/p>\n<p>The <strong>RandM Tornado<\/strong> zaspokaja r\u00f3\u017cne preferencje u\u017cytkownik\u00f3w dzi\u0119ki opcjom mocy 2% i 5%. Moc 2% jest idealna dla nowych u\u017cytkownik\u00f3w przechodz\u0105cych z tradycyjnych papieros\u00f3w, podczas gdy 5% zapewnia bardziej intensywne doznania dla do\u015bwiadczonych vaper\u00f3w. Ta elastyczno\u015b\u0107 sprawia, \u017ce RandM Tornado jest wszechstronnym wyborem dla szerokiego grona u\u017cytkownik\u00f3w.<\/p>\n<p><strong>Sprawd\u017a wi\u0119cej z naszej serii RandM Tornado:<\/strong><\/p>\n<p class=\"product-title product_title entry-title\">RandM Tornado 7000<\/p>\n<p class=\"product-title product_title entry-title\">RandM Tornado 9000<\/p>\n<p class=\"product-title product_title entry-title\">RandM Tornado 12000<\/p>\n<p class=\"product-title product_title entry-title\">RandM Tornado 15000<\/p>\n<p class=\"product-title product_title entry-title\">RandM Tornado 20000<\/p>\n<p class=\"product-title product_title entry-title\">RandM Tornado 25000<\/p>\n<p class=\"product-title product_title entry-title\">RandM Tornado 30000<\/p>\n<hr \/>\n<p><strong>Dlaczego warto wybra\u0107 nas?<\/strong><\/p>\n<p>Wybieraj\u0105c oficjalny sklep z jednorazowymi waporyzatorami, mo\u017cesz cieszy\u0107 si\u0119 wieloma korzy\u015bciami:<\/p>\n<ul>\n<li><strong>Oficjalny kana\u0142 sprzeda\u017cy:<\/strong>\u00a0Gwarantujemy autentyczne produkty i wysok\u0105 jako\u015b\u0107 us\u0142ug.<\/li>\n<li><strong>Sprzeda\u017c hurtowa i detaliczna:<\/strong>\u00a0Oferujemy elastyczne opcje zakupu dla klient\u00f3w indywidualnych i hurtowych.<\/li>\n<li><strong>Zapewnienie jako\u015bci:<\/strong>\u00a0Nasze produkty przechodz\u0105 rygorystyczne testy jako\u015bci, aby zapewni\u0107 satysfakcj\u0119 u\u017cytkownik\u00f3w.<\/li>\n<li><strong>Wysy\u0142ka na ca\u0142y \u015bwiat:<\/strong>\u00a0Z dum\u0105 wysy\u0142amy nasze produkty do wi\u0119kszo\u015bci cz\u0119\u015bci \u015bwiata, dzi\u0119ki czemu mo\u017cesz cieszy\u0107 si\u0119 naszymi produktami bez wzgl\u0119du na to, gdzie jeste\u015b.<\/li>\n<li><strong>Do\u015bwiadczenie w bran\u017cy:<\/strong>\u00a0Dzi\u0119ki ponad 8-letniemu do\u015bwiadczeniu na rynku stali\u015bmy si\u0119 zaufanym i najlepszym wyborem.<\/li>\n<li><strong>D\u0142ugoterminowe partnerstwa:<\/strong>\u00a0Wsp\u00f3\u0142pracujemy r\u00f3wnie\u017c z lokalnymi w\u0142a\u015bcicielami sklep\u00f3w w Europie, co pozwala nam szybko reagowa\u0107 na potrzeby rynku i utrzymywa\u0107 \u015bwie\u017co\u015b\u0107 naszych produkt\u00f3w.<\/li>\n<\/ul>\n<p>Wyb\u00f3r naszych jednorazowych waporyzator\u00f3w pozwala nie tylko cieszy\u0107 si\u0119 r\u00f3\u017cnorodno\u015bci\u0105 smak\u00f3w, ale tak\u017ce do\u015bwiadczy\u0107 niezwyk\u0142ej podr\u00f3\u017cy waporyzacyjnej. Aby uzyska\u0107 wi\u0119cej informacji, odwied\u017a nas <a href=\"http:\/\/dankstarvapes.com\" target=\"_blank\" rel=\"noopener\">dankstarvapes.com<\/a>!<\/p>\n<\/div>","protected":false},"excerpt":{"rendered":"<p>The RandM Tornado 7000 Puffs offers users a rich smoke volume and an exceptional vaping experience. A product of the renowned RandM brand, known for its high quality and excellent performance, this disposable vape is perfect for both novice and seasoned vapers. Its compact design makes it portable and easy to carry, so you can [&#8230;]","protected":false},"featured_media":925,"comment_status":"open","ping_status":"closed","template":"","meta":[],"product_brand":[],"product_cat":[75,77,103,73,78,71,79,80,81,82,83,84,85,86,87,88,89,90,91,105,104,134,16,92],"product_tag":[],"class_list":{"0":"post-901","1":"product","2":"type-product","3":"status-publish","4":"has-post-thumbnail","6":"product_cat-2-nicotine-disposable-vape","7":"product_cat-5-nicotine-disposable-vape","8":"product_cat-7000-puff-vape","9":"product_cat-big-puff-vapes","10":"product_cat-disposable-vape-near-me","11":"product_cat-0-5-nicotine-vapes","12":"product_cat-disposable-vapes-in-austria","13":"product_cat-disposable-vapes-in-belgium","14":"product_cat-disposable-vapes-in-france","15":"product_cat-disposable-vapes-in-germany","16":"product_cat-disposable-vapes-in-ltaly","17":"product_cat-disposable-vapes-in-netherlands","18":"product_cat-disposable-vapes-in-norway","19":"product_cat-disposable-vapes-in-poland","20":"product_cat-disposable-vapes-in-portugal","21":"product_cat-disposable-vapes-in-spain","22":"product_cat-disposable-vapes-in-sweden","23":"product_cat-disposable-vapes-in-switzerland","24":"product_cat-disposable-vapes-in-united-states","25":"product_cat-randm-tornado-7000","26":"product_cat-randm-tornado-vape","27":"product_cat-tornado-vape","28":"product_cat-uncategorized","29":"product_cat-vape-brands","31":"first","32":"instock","33":"sale","34":"shipping-taxable","35":"purchasable","36":"product-type-variable","37":"has-default-attributes"},"tiered_pricing_type":"fixed","tiered_pricing_fixed_rules":[],"tiered_pricing_product_settings":{"layout":"default","base_unit_name":{"singular":null,"plural":null},"default_variation":null},"tiered_pricing_minimum_quantity":null,"tiered_pricing_roles_data":[],"tiered_pricing_percentage_rules":[],"tiered_pricing_maximum_quantity":null,"tiered_pricing_quantity_step":null,"_links":{"self":[{"href":"https:\/\/vapsolovape.com\/pl\/wp-json\/wp\/v2\/product\/901","targetHints":{"allow":["GET"]}}],"collection":[{"href":"https:\/\/vapsolovape.com\/pl\/wp-json\/wp\/v2\/product"}],"about":[{"href":"https:\/\/vapsolovape.com\/pl\/wp-json\/wp\/v2\/types\/product"}],"replies":[{"embeddable":true,"href":"https:\/\/vapsolovape.com\/pl\/wp-json\/wp\/v2\/comments?post=901"}],"wp:featuredmedia":[{"embeddable":true,"href":"https:\/\/vapsolovape.com\/pl\/wp-json\/wp\/v2\/media\/925"}],"wp:attachment":[{"href":"https:\/\/vapsolovape.com\/pl\/wp-json\/wp\/v2\/media?parent=901"}],"wp:term":[{"taxonomy":"product_brand","embeddable":true,"href":"https:\/\/vapsolovape.com\/pl\/wp-json\/wp\/v2\/product_brand?post=901"},{"taxonomy":"product_cat","embeddable":true,"href":"https:\/\/vapsolovape.com\/pl\/wp-json\/wp\/v2\/product_cat?post=901"},{"taxonomy":"product_tag","embeddable":true,"href":"https:\/\/vapsolovape.com\/pl\/wp-json\/wp\/v2\/product_tag?post=901"}],"curies":[{"name":"wp","href":"https:\/\/api.w.org\/{rel}","templated":true}]}}