{"id":1011,"date":"2025-02-14T18:17:40","date_gmt":"2025-02-14T10:17:40","guid":{"rendered":"https:\/\/vapsolovape.com\/?post_type=product&#038;p=1011"},"modified":"2025-07-18T19:11:27","modified_gmt":"2025-07-18T11:11:27","slug":"randm-tornado-9000-puffs-um-classico-da-randm-vape-50-sabores","status":"publish","type":"product","link":"https:\/\/vapsolovape.com\/pt\/produto\/randm-tornado-9000-puffs-um-classico-da-randm-vape-50-sabores\/","title":{"rendered":"RandM Tornado 9000 Puffs - 50 sabores, a experi\u00eancia cl\u00e1ssica do Vape"},"content":{"rendered":"<div id=\"tab-description\" class=\"woocommerce-Tabs-panel woocommerce-Tabs-panel--description panel entry-content active\" role=\"tabpanel\" aria-labelledby=\"tab-title-description\">\n<h2>O <strong data-start=\"56\" data-end=\"115\">Cigarro eletr\u00f3nico descart\u00e1vel RandM Tornado 9000 Puff<\/strong> \u00e9 um produto de assinatura da Fumot, que oferece uma experi\u00eancia de vaporiza\u00e7\u00e3o excecional. Com at\u00e9 <strong data-start=\"205\" data-end=\"219\">50 sabores<\/strong> para escolher, este Tornado vape de 9000 puffs combina variedade e conveni\u00eancia. O seu design compacto e elegante apresenta a ilustra\u00e7\u00e3o ic\u00f3nica do RandM Tornado, que \u00e9 uma afirma\u00e7\u00e3o arrojada. Tal como a for\u00e7a poderosa de um tornado, os seus sabores deixam uma impress\u00e3o duradoura e aut\u00eantica, garantindo uma experi\u00eancia de vaporiza\u00e7\u00e3o verdadeiramente satisfat\u00f3ria.<\/h2>\n<h2><strong>RandM Tornado 9000<\/strong><b data-stringify-type=\"bold\"> Carater\u00edsticas do dispositivo:<\/b><br \/>\n\u26115%\/2%<br \/>\n\u261118ML.<br \/>\nBobina de malha<br \/>\nBateria recarreg\u00e1vel<br \/>\nBateria integrada de 850mAh.<br \/>\n50 sabores dispon\u00edveis.<\/h2>\n<p><iframe loading=\"lazy\" title=\"RandM Tornado 9000 Puffs Vape descart\u00e1vel-\ud83e\uddca50 flav\" src=\"https:\/\/www.youtube.com\/embed\/FsSbhQFoSOI?feature=oembed\" width=\"1020\" height=\"574\" frameborder=\"0\" allowfullscreen=\"allowfullscreen\"><\/iframe><\/p>\n<figure id=\"attachment_3440\" class=\"wp-caption alignnone\" style=\"width: 1020px;\" aria-describedby=\"caption-attachment-3440\">\n<figure id=\"attachment_4751\" aria-describedby=\"caption-attachment-4751\" style=\"width: 1560px\" class=\"wp-caption alignnone\"><img loading=\"lazy\" decoding=\"async\" class=\"size-full wp-image-4751\" src=\"https:\/\/dankstarvapes.com\/wp-content\/uploads\/2024\/11\/RandM-Tornado-9000-Puffs-Disposable-Vape-2.webp\" alt=\"RandM Tornado 9000 Puffs Vape Descart\u00e1vel (2)\" width=\"1560\" height=\"808\" title=\"\"><figcaption id=\"caption-attachment-4751\" class=\"wp-caption-text\">RandM Tornado 9000 Puffs Vape descart\u00e1vel<\/figcaption><\/figure><\/figure>\n<h2>-----------------------------------------<\/h2>\n<h2>Vis\u00e3o geral e carater\u00edsticas do produto<\/h2>\n<p><strong>RandM Tornado 9000 Puffs Vape descart\u00e1vel<\/strong> \u00e9 um concorrente not\u00e1vel no mercado dos vape descart\u00e1veis, concebido para satisfazer tanto os utilizadores principiantes como os experientes. Um dos seus atributos mais impressionantes \u00e9 o seu n\u00famero substancial de baforadas, oferecendo at\u00e9<strong> 9000 puffs<\/strong> por dispositivo. Esta carater\u00edstica n\u00e3o s\u00f3 melhora a experi\u00eancia global de vaporiza\u00e7\u00e3o, como tamb\u00e9m proporciona um excelente valor para os utilizadores que procuram longevidade nas suas escolhas de vape descart\u00e1vel.<\/p>\n<p>Quando se trata de op\u00e7\u00f5es de sabores, o <strong>Tornado RandM<\/strong> destaca-se verdadeiramente pela sua impressionante sele\u00e7\u00e3o de <strong>50 sabores distintos<\/strong>. Esta grande variedade satisfaz uma s\u00e9rie de prefer\u00eancias de paladar, tornando-a ideal para os utilizadores que gostam de experimentar diferentes sabores.<\/p>\n<p>De refrescante <strong>misturas de frutas<\/strong> ao cl\u00e1ssico <strong>misturas de tabaco<\/strong>A variedade garante que todos possam descobrir o seu sabor perfeito. Para al\u00e9m disso, as combina\u00e7\u00f5es intrigantes e a elevada qualidade dos sabores definem realmente o <strong>Tornado<\/strong> para al\u00e9m de muitos concorrentes no mercado. Com uma gama t\u00e3o diversificada, ir\u00e1 certamente encontrar algo que desperte o seu paladar!<\/p>\n<p>O design de f\u00e1cil utiliza\u00e7\u00e3o do dispositivo aumenta o seu atrativo. Constru\u00eddo com a portabilidade em mente, o <strong>Tornado<\/strong> cabe confortavelmente na m\u00e3o, tornando-o conveniente para os utilizadores em movimento. O design elegante e leve tamb\u00e9m significa que pode ser facilmente transportado, permitindo aos utilizadores desfrutar da sua experi\u00eancia de vaporiza\u00e7\u00e3o sem qualquer problema. Al\u00e9m disso, o dispositivo incorpora tecnologia de vaporiza\u00e7\u00e3o avan\u00e7ada, assegurando uma produ\u00e7\u00e3o de vapor suave e consistente em cada tragada.<\/p>\n<p>A dura\u00e7\u00e3o da bateria do <strong>Tornado RandM<\/strong> \u00e9 outra carater\u00edstica fundamental, uma vez que foi concebido para suportar a impressionante contagem de baforadas sem necessitar de recargas frequentes. Esta funcionalidade torna-o ideal para os utilizadores que preferem uma sess\u00e3o de vaporiza\u00e7\u00e3o fi\u00e1vel e ininterrupta. Em geral, <strong>RandM Tornado 9000 Puffs<\/strong> O Disposable Vape combina um design inovador, variedade de sabores e desempenho duradouro, distinguindo-se como a melhor escolha entre os vapes descart\u00e1veis atualmente dispon\u00edveis no mercado.<\/p>\n<h2>Variedade de sabores e experi\u00eancia do utilizador<\/h2>\n<div class=\"flex-shrink-0 flex flex-col relative items-end\">\n<div>\n<div class=\"pt-0\">\n<div class=\"gizmo-bot-avatar flex h-8 w-8 items-center justify-center overflow-hidden rounded-full\"><\/div>\n<\/div>\n<\/div>\n<\/div>\n<div class=\"group\/conversation-turn relative flex w-full min-w-0 flex-col agent-turn\">\n<div class=\"flex-col gap-1 md:gap-3\">\n<div class=\"flex max-w-full flex-col flex-grow\">\n<div class=\"min-h-8 text-message flex w-full flex-col items-end gap-2 whitespace-normal break-words [.text-message+&amp;]:mt-5\" dir=\"auto\" data-message-author-role=\"assistant\" data-message-id=\"5e5a2b0f-c13f-47e2-917d-aee5b1aaf1f6\" data-message-model-slug=\"gpt-4o\">\n<div class=\"flex w-full flex-col gap-1 empty:hidden first:pt-[3px]\">\n<div class=\"markdown prose w-full break-words dark:prose-invert light\">\n<p><strong>RandM Tornado 9000 Puffs Vape descart\u00e1vel<\/strong> \u00e9 conhecida pela sua impressionante variedade de sabores, apelando a todos os tipos de entusiastas da vaporiza\u00e7\u00e3o. Quer seja um principiante ou um utilizador experiente, encontrar\u00e1 sabores que correspondem \u00e0s suas prefer\u00eancias, melhorando a sua experi\u00eancia global de vaporiza\u00e7\u00e3o.<\/p>\n<p>Para os amantes de sabores frutados, op\u00e7\u00f5es como melancia, manga e bagas mistas oferecem uma experi\u00eancia refrescante e revigorante. Especificamente, estes sabores s\u00e3o doces e vibrantes, . Al\u00e9m disso, os utilizadores apreciam frequentemente a inala\u00e7\u00e3o suave e o travo limpo, que permite que o sabor permane\u00e7a sem qualquer res\u00edduo desagrad\u00e1vel. Consequentemente, estas op\u00e7\u00f5es frutadas aumentam o prazer geral da experi\u00eancia de vaporiza\u00e7\u00e3o.<\/p>\n<p>No lado mais doce, os sabores de sobremesa indulgentes, como o creme de baunilha e o chocolate, satisfazem os que gostam de doces. Estes perfis mais ricos e cremosos contrastam bem com as op\u00e7\u00f5es frutadas. Os clientes notam frequentemente que os sabores de sobremesa oferecem um efeito de garganta mais substancial, perfeito para vaporiza\u00e7\u00f5es de lazer ou ocasi\u00f5es especiais.<\/p>\n<p>A qualidade do desenho do <strong>RandM Tornado 9000<\/strong> tamb\u00e9m \u00e9 digno de nota. Os utilizadores relatam um equil\u00edbrio satisfat\u00f3rio entre a produ\u00e7\u00e3o de vapor e a reten\u00e7\u00e3o do sabor, contribuindo para uma experi\u00eancia de vaporiza\u00e7\u00e3o coesa. O dispositivo proporciona um sabor consistente ao longo de toda a sua vida \u00fatil, o que o torna uma escolha de destaque num mercado concorrido. Quer pretenda experimentar algo novo ou manter o seu favorito, o <strong>RandM Tornado 9000<\/strong> convida-o a explorar as suas diversas ofertas de sabores.<\/p>\n<p><strong>Veja mais da nossa s\u00e9rie RandM Tornado:<\/strong><\/p>\n<p class=\"product-title product_title entry-title\">RandM Tornado 7000<\/p>\n<p class=\"product-title product_title entry-title\">RandM Tornado 9000<\/p>\n<p class=\"product-title product_title entry-title\">RandM Tornado 12000<\/p>\n<p class=\"product-title product_title entry-title\">RandM Tornado 15000<\/p>\n<p class=\"product-title product_title entry-title\">RandM Tornado 20000<\/p>\n<p class=\"product-title product_title entry-title\">RandM Tornado 25000<\/p>\n<p class=\"product-title product_title entry-title\">RandM Tornado 30000<\/p>\n<hr \/>\n<p><strong>Porqu\u00ea escolher-nos?<\/strong><\/p>\n<p>Ao escolher a loja oficial de vapes descart\u00e1veis, pode desfrutar de muitos benef\u00edcios:<\/p>\n<ul>\n<li><strong>Canal de vendas oficial:<\/strong>\u00a0Garantimos produtos aut\u00eanticos e um servi\u00e7o de qualidade.<\/li>\n<li><strong>Com\u00e9rcio grossista e retalhista:<\/strong>\u00a0Oferecemos op\u00e7\u00f5es de compra flex\u00edveis para particulares e grossistas.<\/li>\n<li><strong>Garantia de qualidade:<\/strong>\u00a0Os nossos produtos s\u00e3o submetidos a rigorosos testes de qualidade para garantir a sua satisfa\u00e7\u00e3o.<\/li>\n<li><strong>Envio para todo o mundo:<\/strong>\u00a0Temos orgulho em enviar os nossos produtos para a maior parte do mundo, garantindo que pode desfrutar dos nossos produtos onde quer que esteja.<\/li>\n<li><strong>Experi\u00eancia no sector:<\/strong>\u00a0Com mais de 8 anos de experi\u00eancia no mercado, torn\u00e1mo-nos uma escolha de confian\u00e7a e de primeira qualidade.<\/li>\n<li><strong>Parcerias a longo prazo:<\/strong>\u00a0Tamb\u00e9m cooperamos com lojistas locais na Europa, o que nos permite responder rapidamente \u00e0s necessidades do mercado e manter a frescura dos nossos produtos.<\/li>\n<\/ul>\n<p>A escolha dos nossos vapes descart\u00e1veis permite-lhe n\u00e3o s\u00f3 desfrutar de uma variedade de sabores, mas tamb\u00e9m experimentar uma extraordin\u00e1ria viagem de vaporiza\u00e7\u00e3o. Para mais informa\u00e7\u00f5es, visite-nos <a href=\"http:\/\/dankstarvapes.com\" target=\"_blank\" rel=\"noopener\">dankstarvapes.com<\/a>!<\/p>\n<\/div>\n<\/div>\n<\/div>\n<\/div>\n<\/div>\n<\/div>\n<\/div>","protected":false},"excerpt":{"rendered":"<p>The RandM Tornado 9000 Puff Disposable Electronic Cigarette is a signature product from Fumot, offering an exceptional vaping experience. With up to 50 flavors to choose from, this 9000-puff Tornado vape combines variety with convenience. Its compact and sleek design features the iconic RandM Tornado illustration, making a bold statement. Just like the powerful force [&#8230;]","protected":false},"featured_media":1022,"comment_status":"open","ping_status":"closed","template":"","meta":[],"product_brand":[],"product_cat":[75,77,106,95,73,78,96,71,79,80,81,82,83,84,85,86,87,88,89,90,91,107,104,134,16,92],"product_tag":[],"class_list":{"0":"post-1011","1":"product","2":"type-product","3":"status-publish","4":"has-post-thumbnail","6":"product_cat-2-nicotine-disposable-vape","7":"product_cat-5-nicotine-disposable-vape","8":"product_cat-9000-puff-vape","9":"product_cat-advanced-vape","10":"product_cat-big-puff-vapes","11":"product_cat-disposable-vape-near-me","12":"product_cat-disposable-vape-with-led-light","13":"product_cat-0-5-nicotine-vapes","14":"product_cat-disposable-vapes-in-austria","15":"product_cat-disposable-vapes-in-belgium","16":"product_cat-disposable-vapes-in-france","17":"product_cat-disposable-vapes-in-germany","18":"product_cat-disposable-vapes-in-ltaly","19":"product_cat-disposable-vapes-in-netherlands","20":"product_cat-disposable-vapes-in-norway","21":"product_cat-disposable-vapes-in-poland","22":"product_cat-disposable-vapes-in-portugal","23":"product_cat-disposable-vapes-in-spain","24":"product_cat-disposable-vapes-in-sweden","25":"product_cat-disposable-vapes-in-switzerland","26":"product_cat-disposable-vapes-in-united-states","27":"product_cat-randm-tornado-9000","28":"product_cat-randm-tornado-vape","29":"product_cat-tornado-vape","30":"product_cat-uncategorized","31":"product_cat-vape-brands","33":"first","34":"instock","35":"sale","36":"shipping-taxable","37":"purchasable","38":"product-type-variable","39":"has-default-attributes"},"tiered_pricing_type":"fixed","tiered_pricing_fixed_rules":[],"tiered_pricing_product_settings":{"layout":"default","base_unit_name":{"singular":null,"plural":null},"default_variation":null},"tiered_pricing_minimum_quantity":null,"tiered_pricing_roles_data":[],"tiered_pricing_percentage_rules":[],"tiered_pricing_maximum_quantity":null,"tiered_pricing_quantity_step":null,"_links":{"self":[{"href":"https:\/\/vapsolovape.com\/pt\/wp-json\/wp\/v2\/product\/1011","targetHints":{"allow":["GET"]}}],"collection":[{"href":"https:\/\/vapsolovape.com\/pt\/wp-json\/wp\/v2\/product"}],"about":[{"href":"https:\/\/vapsolovape.com\/pt\/wp-json\/wp\/v2\/types\/product"}],"replies":[{"embeddable":true,"href":"https:\/\/vapsolovape.com\/pt\/wp-json\/wp\/v2\/comments?post=1011"}],"wp:featuredmedia":[{"embeddable":true,"href":"https:\/\/vapsolovape.com\/pt\/wp-json\/wp\/v2\/media\/1022"}],"wp:attachment":[{"href":"https:\/\/vapsolovape.com\/pt\/wp-json\/wp\/v2\/media?parent=1011"}],"wp:term":[{"taxonomy":"product_brand","embeddable":true,"href":"https:\/\/vapsolovape.com\/pt\/wp-json\/wp\/v2\/product_brand?post=1011"},{"taxonomy":"product_cat","embeddable":true,"href":"https:\/\/vapsolovape.com\/pt\/wp-json\/wp\/v2\/product_cat?post=1011"},{"taxonomy":"product_tag","embeddable":true,"href":"https:\/\/vapsolovape.com\/pt\/wp-json\/wp\/v2\/product_tag?post=1011"}],"curies":[{"name":"wp","href":"https:\/\/api.w.org\/{rel}","templated":true}]}}