{"id":1119,"date":"2025-02-14T18:18:07","date_gmt":"2025-02-14T10:18:07","guid":{"rendered":"https:\/\/vapsolovape.com\/?post_type=product&#038;p=1119"},"modified":"2025-07-18T19:10:36","modified_gmt":"2025-07-18T11:10:36","slug":"randm-tornado-12000-puff-randm-produto-autentico-oficial-16-sabores","status":"publish","type":"product","link":"https:\/\/vapsolovape.com\/pt\/produto\/randm-tornado-12000-puff-randm-produto-autentico-oficial-16-sabores\/","title":{"rendered":"RandM Tornado 12000 Puffs - Produto Oficial, 16 Sabores, Qualidade Garantida"},"content":{"rendered":"<div id=\"tab-description\" class=\"woocommerce-Tabs-panel woocommerce-Tabs-panel--description panel entry-content active\" role=\"tabpanel\" aria-labelledby=\"tab-title-description\">\n<h2 style=\"text-align: center;\"><strong><span style=\"color: #000000;\">RandM Tornado 12000<\/span> Puffs Carater\u00edsticas principais<\/strong><\/h2>\n<p><strong>RandM Tornado12000 Puffs:<\/strong>Este vape foi concebido para proporcionar o m\u00e1ximo conforto e facilidade de utiliza\u00e7\u00e3o, com uma forma ergon\u00f3mica que se adapta perfeitamente \u00e0 sua m\u00e3o. A bateria integrada carrega-se rapidamente, garantindo que est\u00e1 sempre pronto para a sua pr\u00f3xima sess\u00e3o de vaporiza\u00e7\u00e3o. Um indicador LED mostra o n\u00edvel da bateria, para que possa acompanhar facilmente e evitar ficar sem energia inesperadamente.<\/p>\n<p><strong>Dura\u00e7\u00e3o alargada da bateria:<\/strong> Este dispositivo vem com uma bateria integrada de 500mAh, que garante uma longa experi\u00eancia de vaporiza\u00e7\u00e3o sem a preocupa\u00e7\u00e3o de recarregar frequentemente.<\/p>\n<p><strong>Porta de carregamento tipo C:<\/strong> A inclus\u00e3o de uma porta de carregamento Tipo C facilita o carregamento r\u00e1pido e \u00e9 amiga do ambiente.<\/p>\n<p><strong>Grande capacidade:<\/strong> A capacidade do vaporizador pr\u00e9-cheio de 20 ml prolonga o tempo de utiliza\u00e7\u00e3o sem necessidade de reabastecimento frequente, melhorando assim a experi\u00eancia global de vaporiza\u00e7\u00e3o.<\/p>\n<p><strong>V\u00e1rios sabores:\u00a0<\/strong>Existem mais de 16 sabores \u00e0 escolha para satisfazer as suas papilas gustativas e encontrar o vapor que mais lhe agrada.<\/p>\n<p><strong data-start=\"15\" data-end=\"28\">For\u00e7a:<\/strong> Existem duas op\u00e7\u00f5es dispon\u00edveis, <strong data-start=\"62\" data-end=\"87\" data-is-only-node=\"\">2% vapes e 5% vapes<\/strong>permitindo-lhe personalizar a sua experi\u00eancia de vaporiza\u00e7\u00e3o de acordo com as suas necessidades.<\/p>\n<p><strong>Fornecimento eficiente de energia:<\/strong> O fornecimento cont\u00ednuo de energia garante uma experi\u00eancia de vaporiza\u00e7\u00e3o suave e satisfat\u00f3ria.<\/p>\n<p><strong>Fluxo de Sensa\u00e7\u00e3o Boca-Pulm\u00e3o:<\/strong> Este dispositivo proporciona uma experi\u00eancia de inala\u00e7\u00e3o boca-a-pulm\u00e3o perfeita e agrad\u00e1vel.<\/p>\n<p><strong style=\"color: #555555;\">Seguran\u00e7a e qualidade:<\/strong><span style=\"color: #555555;\"> A seguran\u00e7a \u00e9 a principal prioridade da RandM Vape. Materiais de alta qualidade e um controlo de qualidade rigoroso garantem uma utiliza\u00e7\u00e3o segura. Pode fumar com confian\u00e7a gra\u00e7as ao mecanismo avan\u00e7ado de prote\u00e7\u00e3o contra sobreaquecimento e curto-circuito.<\/span><\/p>\n<figure id=\"attachment_3905\" class=\"wp-caption alignnone\" style=\"width: 2100px;\" aria-describedby=\"caption-attachment-3905\">\n<figure id=\"attachment_4740\" aria-describedby=\"caption-attachment-4740\" style=\"width: 800px\" class=\"wp-caption alignnone\"><img loading=\"lazy\" decoding=\"async\" class=\"size-full wp-image-4740\" src=\"https:\/\/dankstarvapes.com\/wp-content\/uploads\/2024\/11\/RandM-Tornado-12000-1.webp\" alt=\"RandM Tornado 12000 \" width=\"800\" height=\"731\" title=\"\"><figcaption id=\"caption-attachment-4740\" class=\"wp-caption-text\">RandM Tornado 12000<\/figcaption><\/figure><\/figure>\n<h3>_________________________________________________________________________<\/h3>\n<h2 style=\"text-align: center;\">RandM Tornado 12000 Carater\u00edsticas principais do<\/h2>\n<div>O RandM Tornado 12000 destaca-se pelas carater\u00edsticas que atraem tanto os vapers novos como os experientes. A sua grande capacidade de e-l\u00edquido permite at\u00e9 12.000 baforadas, oferecendo uma experi\u00eancia de vaporiza\u00e7\u00e3o duradoura e sem complica\u00e7\u00f5es, sem recargas frequentes.<\/div>\n<div><\/div>\n<div>A dura\u00e7\u00e3o da bateria \u00e9 outro aspeto digno de nota do RandmTornado 12000. Equipado com uma bateria potente que mant\u00e9m um desempenho consistente ao longo da sua vida \u00fatil, o dispositivo garante que os utilizadores permanecem satisfeitos sem terem de se preocupar com a falta de energia. A bateria de longa dura\u00e7\u00e3o combinada com a elevada capacidade de e-l\u00edquido minimiza a necessidade de manuten\u00e7\u00e3o regular, o que \u00e9 uma enorme vantagem para quem est\u00e1 sempre em movimento.<\/div>\n<div><\/div>\n<div>A variedade de op\u00e7\u00f5es de sabores dispon\u00edveis no RandM Tornado 12000 proporciona uma experi\u00eancia de vaporiza\u00e7\u00e3o rica. Com uma vasta gama de sabores \u00e0 escolha, desde fruta a sobremesa, os utilizadores podem personalizar a experi\u00eancia de acordo com as suas prefer\u00eancias pessoais. Al\u00e9m disso, o dispositivo possui defini\u00e7\u00f5es ajust\u00e1veis para uma experi\u00eancia personalizada - os utilizadores podem modificar o fluxo de ar e a pot\u00eancia para encontrar o equil\u00edbrio perfeito para o seu gosto.<\/div>\n<div><\/div>\n<div>Al\u00e9m disso, este dispositivo de vaporiza\u00e7\u00e3o foi concebido de forma ergon\u00f3mica para garantir o conforto durante a utiliza\u00e7\u00e3o. O RandM Tornado 12000 \u00e9 confort\u00e1vel de segurar e f\u00e1cil de utilizar, o que o torna perfeito para longas sess\u00f5es de vaporiza\u00e7\u00e3o. O seu design cuidado e a sua tecnologia inovadora fazem dele uma escolha de topo para os entusiastas da vaporiza\u00e7\u00e3o que procuram uma experi\u00eancia superior.<\/div>\n<h3 style=\"text-align: center;\"><\/h3>\n<h2 style=\"text-align: center;\">Carater\u00edsticas de seguran\u00e7a e mecanismos de conforto do utilizador do RandM Tornado 12000<\/h2>\n<h3>Prote\u00e7\u00e3o avan\u00e7ada contra o sobreaquecimento para uma vaporiza\u00e7\u00e3o segura<\/h3>\n<p><strong>RandM Tornado 12000<\/strong> integra v\u00e1rias carater\u00edsticas de seguran\u00e7a avan\u00e7adas para garantir uma experi\u00eancia de vaporiza\u00e7\u00e3o segura para os seus utilizadores. Entre os principais elementos encontra-se o , que impede que o dispositivo atinja temperaturas que possam provocar avarias ou desconforto. Esta fun\u00e7\u00e3o desliga automaticamente o dispositivo quando detecta calor excessivo, salvaguardando assim tanto o dispositivo como a seguran\u00e7a do utilizador.<\/p>\n<h3>Preven\u00e7\u00e3o de curto-circuitos para uma maior seguran\u00e7a<\/h3>\n<p>Al\u00e9m disso, para aumentar ainda mais a seguran\u00e7a, o <strong>RandM Tornado 12000<\/strong> inclui um mecanismo de preven\u00e7\u00e3o de curto-circuitos. Este sistema detecta eficazmente quaisquer irregularidades no circuito el\u00e9trico, desligando a alimenta\u00e7\u00e3o para evitar potenciais perigos. Esta abordagem proactiva n\u00e3o s\u00f3 protege os utilizadores, como tamb\u00e9m prolonga a vida \u00fatil do dispositivo, uma vez que reduz os riscos associados a problemas el\u00e9ctricos.<\/p>\n<h3>Design \u00e0 prova de crian\u00e7as do RandM Tornado 12000 para maior seguran\u00e7a<\/h3>\n<p>A prote\u00e7\u00e3o das crian\u00e7as \u00e9 outro aspeto fundamental da <strong>RandM Tornado 12000<\/strong>. O dispositivo incorpora mecanismos que tornam dif\u00edcil a sua utiliza\u00e7\u00e3o por crian\u00e7as, minimizando assim o risco de utiliza\u00e7\u00e3o acidental. Este enfoque na seguran\u00e7a tranquiliza os tutores, ao mesmo tempo que promove pr\u00e1ticas de vaporiza\u00e7\u00e3o respons\u00e1veis, dando aos utilizadores paz de esp\u00edrito em v\u00e1rios ambientes.<\/p>\n<h3>Punho ergon\u00f3mico e opera\u00e7\u00e3o f\u00e1cil para conforto do utilizador<\/h3>\n<p>O conforto do utilizador \u00e9 tamb\u00e9m fundamental na conce\u00e7\u00e3o do<strong> RandM Tornado 12000<\/strong>. O punho ergon\u00f3mico garante que o dispositivo \u00e9 f\u00e1cil de segurar e manusear durante a utiliza\u00e7\u00e3o, evitando o esfor\u00e7o ou o desconforto. Al\u00e9m disso, a interface do utilizador foi concebida para uma utiliza\u00e7\u00e3o simples, permitindo aos utilizadores ajustar as defini\u00e7\u00f5es de forma r\u00e1pida e eficiente. Esta facilidade de utiliza\u00e7\u00e3o n\u00e3o s\u00f3 melhora a experi\u00eancia global de vaporiza\u00e7\u00e3o, como tamb\u00e9m incorpora o compromisso de um design de f\u00e1cil utiliza\u00e7\u00e3o.<\/p>\n<h3>Uma experi\u00eancia de vaporiza\u00e7\u00e3o fi\u00e1vel e segura<\/h3>\n<p>Em conclus\u00e3o, as carater\u00edsticas de seguran\u00e7a e os mecanismos de conforto do utilizador do <strong>Tornado 12000<\/strong> s\u00e3o essenciais para proporcionar uma experi\u00eancia de vaporiza\u00e7\u00e3o segura e agrad\u00e1vel. Ao dar prioridade a estes elementos, o dispositivo promove a confian\u00e7a e a satisfa\u00e7\u00e3o, tornando-o uma escolha fi\u00e1vel tanto para os vaporizadores novatos como para os experientes.<\/p>\n<p><strong>Veja mais da nossa s\u00e9rie RandM Tornado:<\/strong><\/p>\n<p class=\"product-title product_title entry-title\">RandM Tornado 7000<\/p>\n<p class=\"product-title product_title entry-title\">RandM Tornado 9000<\/p>\n<p class=\"product-title product_title entry-title\">RandM Tornado 12000<\/p>\n<p class=\"product-title product_title entry-title\">RandM Tornado 15000<\/p>\n<p class=\"product-title product_title entry-title\">RandM Tornado 20000<\/p>\n<p class=\"product-title product_title entry-title\">RandM Tornado 25000<\/p>\n<p class=\"product-title product_title entry-title\">RandM Tornado 30000<\/p>\n<hr \/>\n<p><strong>Porqu\u00ea escolher-nos?<\/strong><\/p>\n<p>Ao escolher a loja oficial de vapes descart\u00e1veis, pode desfrutar de muitos benef\u00edcios:<\/p>\n<ul>\n<li><strong>Canal de vendas oficial:<\/strong>\u00a0Garantimos produtos aut\u00eanticos e um servi\u00e7o de qualidade.<\/li>\n<li><strong>Com\u00e9rcio grossista e retalhista:<\/strong>\u00a0Oferecemos op\u00e7\u00f5es de compra flex\u00edveis para particulares e grossistas.<\/li>\n<li><strong>Garantia de qualidade:<\/strong>\u00a0Os nossos produtos s\u00e3o submetidos a rigorosos testes de qualidade para garantir a sua satisfa\u00e7\u00e3o.<\/li>\n<li><strong>Envio para todo o mundo:<\/strong>\u00a0Temos orgulho em enviar os nossos produtos para a maior parte do mundo, garantindo que pode desfrutar dos nossos produtos onde quer que esteja.<\/li>\n<li><strong>Experi\u00eancia no sector:<\/strong>\u00a0Com mais de 8 anos de experi\u00eancia no mercado, torn\u00e1mo-nos uma escolha de confian\u00e7a e de primeira qualidade.<\/li>\n<li><strong>Parcerias a longo prazo:<\/strong>\u00a0Tamb\u00e9m cooperamos com lojistas locais na Europa, o que nos permite responder rapidamente \u00e0s necessidades do mercado e manter a frescura dos nossos produtos.<\/li>\n<\/ul>\n<p>A escolha dos nossos vapes descart\u00e1veis permite-lhe n\u00e3o s\u00f3 desfrutar de uma variedade de sabores, mas tamb\u00e9m experimentar uma extraordin\u00e1ria viagem de vaporiza\u00e7\u00e3o. Para mais informa\u00e7\u00f5es, visite-nos <a href=\"http:\/\/dankstarvapes.com\" target=\"_blank\" rel=\"noopener\">dankstarvapes.com<\/a>!<\/p>\n<\/div>","protected":false},"excerpt":{"rendered":"<p>RandM Tornado 12000 Puffs Key Features RandM Tornado12000 Puffs:This vape is designed for maximum comfort and ease of use, with an ergonomic shape that fits perfectly in your hand. The integrated battery charges quickly, ensuring you\u2019re always ready for your next vaping session. An LED indicator displays the battery level, so you can easily keep [&#8230;]","protected":false},"featured_media":1147,"comment_status":"open","ping_status":"closed","template":"","meta":[],"product_brand":[],"product_cat":[74,75,77,95,73,78,96,71,79,80,81,82,83,84,85,86,87,88,89,90,91,108,104,134,16,92],"product_tag":[],"class_list":{"0":"post-1119","1":"product","2":"type-product","3":"status-publish","4":"has-post-thumbnail","6":"product_cat-12000-12k-puff-vape","7":"product_cat-2-nicotine-disposable-vape","8":"product_cat-5-nicotine-disposable-vape","9":"product_cat-advanced-vape","10":"product_cat-big-puff-vapes","11":"product_cat-disposable-vape-near-me","12":"product_cat-disposable-vape-with-led-light","13":"product_cat-0-5-nicotine-vapes","14":"product_cat-disposable-vapes-in-austria","15":"product_cat-disposable-vapes-in-belgium","16":"product_cat-disposable-vapes-in-france","17":"product_cat-disposable-vapes-in-germany","18":"product_cat-disposable-vapes-in-ltaly","19":"product_cat-disposable-vapes-in-netherlands","20":"product_cat-disposable-vapes-in-norway","21":"product_cat-disposable-vapes-in-poland","22":"product_cat-disposable-vapes-in-portugal","23":"product_cat-disposable-vapes-in-spain","24":"product_cat-disposable-vapes-in-sweden","25":"product_cat-disposable-vapes-in-switzerland","26":"product_cat-disposable-vapes-in-united-states","27":"product_cat-randm-tornado-12000","28":"product_cat-randm-tornado-vape","29":"product_cat-tornado-vape","30":"product_cat-uncategorized","31":"product_cat-vape-brands","33":"first","34":"instock","35":"sale","36":"shipping-taxable","37":"purchasable","38":"product-type-variable","39":"has-default-attributes"},"tiered_pricing_type":"fixed","tiered_pricing_fixed_rules":[],"tiered_pricing_product_settings":{"layout":"default","base_unit_name":{"singular":null,"plural":null},"default_variation":null},"tiered_pricing_minimum_quantity":null,"tiered_pricing_roles_data":[],"tiered_pricing_percentage_rules":[],"tiered_pricing_maximum_quantity":null,"tiered_pricing_quantity_step":null,"_links":{"self":[{"href":"https:\/\/vapsolovape.com\/pt\/wp-json\/wp\/v2\/product\/1119","targetHints":{"allow":["GET"]}}],"collection":[{"href":"https:\/\/vapsolovape.com\/pt\/wp-json\/wp\/v2\/product"}],"about":[{"href":"https:\/\/vapsolovape.com\/pt\/wp-json\/wp\/v2\/types\/product"}],"replies":[{"embeddable":true,"href":"https:\/\/vapsolovape.com\/pt\/wp-json\/wp\/v2\/comments?post=1119"}],"wp:featuredmedia":[{"embeddable":true,"href":"https:\/\/vapsolovape.com\/pt\/wp-json\/wp\/v2\/media\/1147"}],"wp:attachment":[{"href":"https:\/\/vapsolovape.com\/pt\/wp-json\/wp\/v2\/media?parent=1119"}],"wp:term":[{"taxonomy":"product_brand","embeddable":true,"href":"https:\/\/vapsolovape.com\/pt\/wp-json\/wp\/v2\/product_brand?post=1119"},{"taxonomy":"product_cat","embeddable":true,"href":"https:\/\/vapsolovape.com\/pt\/wp-json\/wp\/v2\/product_cat?post=1119"},{"taxonomy":"product_tag","embeddable":true,"href":"https:\/\/vapsolovape.com\/pt\/wp-json\/wp\/v2\/product_tag?post=1119"}],"curies":[{"name":"wp","href":"https:\/\/api.w.org\/{rel}","templated":true}]}}