{"id":1299,"date":"2025-02-14T18:18:52","date_gmt":"2025-02-14T10:18:52","guid":{"rendered":"https:\/\/vapsolovape.com\/?post_type=product&#038;p=1299"},"modified":"2026-04-03T17:03:38","modified_gmt":"2026-04-03T09:03:38","slug":"randm-tornado-25000-puffs-new-large-capacity-new-release","status":"publish","type":"product","link":"https:\/\/vapsolovape.com\/pt\/produto\/randm-tornado-25000-puffs-new-large-capacity-new-release\/","title":{"rendered":"RandM Tornado 25000 Puffs - Novo lan\u00e7amento com enorme capacidade!"},"content":{"rendered":"<div id=\"tab-description\" class=\"woocommerce-Tabs-panel woocommerce-Tabs-panel--description panel entry-content active\" role=\"tabpanel\" aria-labelledby=\"tab-title-description\">\n<div>\n<p data-start=\"106\" data-end=\"451\">O RandM Tornado 25000 foi concebido para elevar a sua experi\u00eancia de vaporiza\u00e7\u00e3o com carater\u00edsticas de vanguarda. Equipado com um ecr\u00e3 TFT de alta defini\u00e7\u00e3o de 1,77 polegadas, fornece actualiza\u00e7\u00f5es em tempo real da carga da bateria e dos n\u00edveis de e-l\u00edquido. O ecr\u00e3 completo n\u00e3o s\u00f3 real\u00e7a o aspeto futurista do dispositivo, como tamb\u00e9m chama a aten\u00e7\u00e3o dos entusiastas do vapor.<\/p>\n<p data-start=\"453\" data-end=\"734\">Para simplificar a ativa\u00e7\u00e3o e melhorar o estilo do dispositivo, o RandM Tornado 25000 apresenta um inovador interrutor t\u00e1til. Com apenas tr\u00eas press\u00f5es, os utilizadores podem alternar facilmente entre diferentes pot\u00eancias, permitindo uma experi\u00eancia de vaporiza\u00e7\u00e3o totalmente personaliz\u00e1vel e adaptada \u00e0s prefer\u00eancias individuais.<\/p>\n<\/div>\n<figure id=\"attachment_3727\" class=\"wp-caption alignnone\" style=\"width: 2560px;\" aria-describedby=\"caption-attachment-3727\">\n<figure id=\"attachment_4724\" aria-describedby=\"caption-attachment-4724\" style=\"width: 1500px\" class=\"wp-caption alignnone\"><img loading=\"lazy\" decoding=\"async\" class=\"wp-image-4724 size-full\" title=\"RandM Tornado 25000\" src=\"https:\/\/dankstarvapes.com\/wp-content\/uploads\/2024\/11\/RandM-Tornado-25000-1-2.webp\" alt=\"RandM Tornado 25000\" width=\"1500\" height=\"968\" \/><figcaption id=\"caption-attachment-4724\" class=\"wp-caption-text\">RandM Tornado 25000<\/figcaption><\/figure><\/figure>\n<h2>__________________________________________________________________________________________<\/h2>\n<h2><strong>Tornado 25000 Puffs<\/strong> Vape descart\u00e1vel - Carater\u00edsticas avan\u00e7adas do ecr\u00e3<\/h2>\n<h3><strong>Ecr\u00e3 TFT HD<\/strong><\/h3>\n<p>O <strong>RandM Tornado 25000<\/strong> possui um ecr\u00e3, permitindo aos utilizadores monitorizar a dura\u00e7\u00e3o da bateria e os n\u00edveis de e-l\u00edquido em tempo real, evitando interrup\u00e7\u00f5es durante a vaporiza\u00e7\u00e3o.<\/p>\n<h2><strong>RandM Tornado 25000<\/strong> <strong>Mudan\u00e7a para uma tecnologia de vaporiza\u00e7\u00e3o mais inteligente<\/strong><\/h2>\n<p>O ecr\u00e3 inovador do RandM Tornado 25000 Puffs representa uma mudan\u00e7a para uma tecnologia Vape mais inteligente. Ao apresentar claramente o estado da bateria e o fornecimento de e-l\u00edquido, os utilizadores podem gerir proactivamente o seu dispositivo, assegurando uma experi\u00eancia perfeita. Esta tecnologia de f\u00e1cil utiliza\u00e7\u00e3o aumenta a comodidade e a satisfa\u00e7\u00e3o do utilizador.<\/p>\n<h3><strong>RandM Tornado 25000 Experi\u00eancia global do utilizador melhorada<\/strong><\/h3>\n<p>Al\u00e9m disso, as cores vibrantes e a resolu\u00e7\u00e3o n\u00edtida do ecr\u00e3 TFT melhoram significativamente a experi\u00eancia geral do utilizador. O design moderno n\u00e3o s\u00f3 melhora o aspeto est\u00e9tico do dispositivo, como tamb\u00e9m torna as intera\u00e7\u00f5es mais agrad\u00e1veis, reflectindo a evolu\u00e7\u00e3o da cultura da vaporiza\u00e7\u00e3o. Estas carater\u00edsticas garantem que o RandM Tornado 25000 satisfaz as necessidades tanto dos vapers principiantes como dos experientes.<\/p>\n<h2>Design e desempenho centrados no utilizador<\/h2>\n<div class=\"flex max-w-full flex-col flex-grow\">\n<div class=\"min-h-8 text-message flex w-full flex-col items-end gap-2 whitespace-normal break-words [.text-message+&amp;]:mt-5\" dir=\"auto\" data-message-author-role=\"assistant\" data-message-id=\"09d2e216-c814-4342-8249-e19bcd86eec0\" data-message-model-slug=\"gpt-4o\">\n<div class=\"flex w-full flex-col gap-1 empty:hidden first:pt-[3px]\">\n<div class=\"markdown prose w-full break-words dark:prose-invert light\">\n<p>O RandM Tornado 25000 foi especificamente concebido para proporcionar uma melhor experi\u00eancia de vaporiza\u00e7\u00e3o. Com o seu inovador interrutor t\u00e1til, os utilizadores podem alternar facilmente entre as defini\u00e7\u00f5es de pot\u00eancia, permitindo ajustes r\u00e1pidos e sem esfor\u00e7o. Esta carater\u00edstica n\u00e3o s\u00f3 acrescenta um toque personalizado, como tamb\u00e9m aumenta a conveni\u00eancia. Al\u00e9m disso, este foco na facilidade de utiliza\u00e7\u00e3o reflecte a forte dedica\u00e7\u00e3o da marca em garantir a satisfa\u00e7\u00e3o do utilizador, tornando-o uma escolha de destaque para os vaporizadores que procuram facilidade e desempenho.<\/p>\n<p>Alimentado por uma robusta bateria recarreg\u00e1vel de 700mAh, o dispositivo suporta um carregamento r\u00e1pido para um tempo de inatividade m\u00ednimo. Al\u00e9m disso, as bobinas de malha dupla de n\u00facleo duplo fornecem um vapor e um sabor impressionantes, proporcionando uma batida satisfat\u00f3ria. As defini\u00e7\u00f5es ajust\u00e1veis do fluxo de ar permitem que os utilizadores personalizem a sua experi\u00eancia, quer prefiram um trago mais apertado ou nuvens maiores. Com at\u00e9 25.000 baforadas, este dispositivo oferece uma alternativa ecol\u00f3gica aos descart\u00e1veis tradicionais, reduzindo os res\u00edduos e aumentando o controlo do utilizador.<\/p>\n<\/div>\n<\/div>\n<\/div>\n<\/div>\n<p><strong>Veja mais da nossa s\u00e9rie RandM Tornado:<\/strong><\/p>\n<p class=\"product-title product_title entry-title\">RandM Tornado 7000<\/p>\n<p class=\"product-title product_title entry-title\">RandM Tornado 9000<\/p>\n<p class=\"product-title product_title entry-title\">RandM Tornado 12000<\/p>\n<p class=\"product-title product_title entry-title\">RandM Tornado 15000<\/p>\n<p class=\"product-title product_title entry-title\">RandM Tornado 20000<\/p>\n<p class=\"product-title product_title entry-title\">RandM Tornado 25000<\/p>\n<p class=\"product-title product_title entry-title\">RandM Tornado 30000<\/p>\n<hr \/>\n<p><strong>Porqu\u00ea escolher-nos?<\/strong><\/p>\n<p>Ao escolher a loja oficial de vapes descart\u00e1veis, pode desfrutar de muitos benef\u00edcios:<\/p>\n<ul>\n<li><strong>Canal de vendas oficial:<\/strong>\u00a0Garantimos produtos aut\u00eanticos e um servi\u00e7o de qualidade.<\/li>\n<li><strong>Com\u00e9rcio grossista e retalhista:<\/strong>\u00a0Oferecemos op\u00e7\u00f5es de compra flex\u00edveis para particulares e grossistas.<\/li>\n<li><strong>Garantia de qualidade:<\/strong>\u00a0Os nossos produtos s\u00e3o submetidos a rigorosos testes de qualidade para garantir a sua satisfa\u00e7\u00e3o.<\/li>\n<li><strong>Envio para todo o mundo:<\/strong>\u00a0Temos orgulho em enviar os nossos produtos para a maior parte do mundo, garantindo que pode desfrutar dos nossos produtos onde quer que esteja.<\/li>\n<li><strong>Experi\u00eancia no sector:<\/strong>\u00a0Com mais de 8 anos de experi\u00eancia no mercado, torn\u00e1mo-nos uma escolha de confian\u00e7a e de primeira qualidade.<\/li>\n<li><strong>Parcerias a longo prazo:<\/strong>\u00a0Tamb\u00e9m cooperamos com lojistas locais na Europa, o que nos permite responder rapidamente \u00e0s necessidades do mercado e manter a frescura dos nossos produtos.<\/li>\n<\/ul>\n<p>A escolha dos nossos vapes descart\u00e1veis permite-lhe n\u00e3o s\u00f3 desfrutar de uma variedade de sabores, mas tamb\u00e9m experimentar uma extraordin\u00e1ria viagem de vaporiza\u00e7\u00e3o. Para mais informa\u00e7\u00f5es, visite-nos <a href=\"http:\/\/dankstarvapes.com\" target=\"_blank\" rel=\"noopener\">dankstarvapes.com<\/a>!<\/p>\n<\/div>","protected":false},"excerpt":{"rendered":"<p>The RandM Tornado 25000 is designed to elevate your vaping experience with cutting-edge features. Equipped with a 1.77-inch high-definition TFT screen, it provides real-time updates on both battery power and e-liquid levels. The full-screen display not only enhances the device\u2019s futuristic look but also grabs the attention of vape enthusiasts. To simplify activation and improve [&#8230;]","protected":false},"featured_media":1308,"comment_status":"open","ping_status":"closed","template":"","meta":[],"product_brand":[],"product_cat":[75,111,77,95,73,78,97,71,79,80,81,82,83,84,85,86,87,88,89,90,91,112,104,134,16,92],"product_tag":[],"class_list":{"0":"post-1299","1":"product","2":"type-product","3":"status-publish","4":"has-post-thumbnail","6":"product_cat-2-nicotine-disposable-vape","7":"product_cat-25000-25k-puff-vape","8":"product_cat-5-nicotine-disposable-vape","9":"product_cat-advanced-vape","10":"product_cat-big-puff-vapes","11":"product_cat-disposable-vape-near-me","12":"product_cat-disposable-vape-with-screen","13":"product_cat-0-5-nicotine-vapes","14":"product_cat-disposable-vapes-in-austria","15":"product_cat-disposable-vapes-in-belgium","16":"product_cat-disposable-vapes-in-france","17":"product_cat-disposable-vapes-in-germany","18":"product_cat-disposable-vapes-in-ltaly","19":"product_cat-disposable-vapes-in-netherlands","20":"product_cat-disposable-vapes-in-norway","21":"product_cat-disposable-vapes-in-poland","22":"product_cat-disposable-vapes-in-portugal","23":"product_cat-disposable-vapes-in-spain","24":"product_cat-disposable-vapes-in-sweden","25":"product_cat-disposable-vapes-in-switzerland","26":"product_cat-disposable-vapes-in-united-states","27":"product_cat-randm-tornado-25000","28":"product_cat-randm-tornado-vape","29":"product_cat-tornado-vape","30":"product_cat-uncategorized","31":"product_cat-vape-brands","33":"first","34":"instock","35":"sale","36":"shipping-taxable","37":"purchasable","38":"product-type-variable","39":"has-default-attributes"},"tiered_pricing_type":"fixed","tiered_pricing_fixed_rules":[],"tiered_pricing_product_settings":{"layout":"default","base_unit_name":{"singular":null,"plural":null},"default_variation":null},"tiered_pricing_minimum_quantity":null,"tiered_pricing_roles_data":[],"tiered_pricing_percentage_rules":[],"tiered_pricing_maximum_quantity":null,"tiered_pricing_quantity_step":null,"_links":{"self":[{"href":"https:\/\/vapsolovape.com\/pt\/wp-json\/wp\/v2\/product\/1299","targetHints":{"allow":["GET"]}}],"collection":[{"href":"https:\/\/vapsolovape.com\/pt\/wp-json\/wp\/v2\/product"}],"about":[{"href":"https:\/\/vapsolovape.com\/pt\/wp-json\/wp\/v2\/types\/product"}],"replies":[{"embeddable":true,"href":"https:\/\/vapsolovape.com\/pt\/wp-json\/wp\/v2\/comments?post=1299"}],"wp:featuredmedia":[{"embeddable":true,"href":"https:\/\/vapsolovape.com\/pt\/wp-json\/wp\/v2\/media\/1308"}],"wp:attachment":[{"href":"https:\/\/vapsolovape.com\/pt\/wp-json\/wp\/v2\/media?parent=1299"}],"wp:term":[{"taxonomy":"product_brand","embeddable":true,"href":"https:\/\/vapsolovape.com\/pt\/wp-json\/wp\/v2\/product_brand?post=1299"},{"taxonomy":"product_cat","embeddable":true,"href":"https:\/\/vapsolovape.com\/pt\/wp-json\/wp\/v2\/product_cat?post=1299"},{"taxonomy":"product_tag","embeddable":true,"href":"https:\/\/vapsolovape.com\/pt\/wp-json\/wp\/v2\/product_tag?post=1299"}],"curies":[{"name":"wp","href":"https:\/\/api.w.org\/{rel}","templated":true}]}}