{"id":1352,"date":"2025-02-14T18:19:06","date_gmt":"2025-02-14T10:19:06","guid":{"rendered":"https:\/\/vapsolovape.com\/?post_type=product&#038;p=1352"},"modified":"2026-03-14T11:27:28","modified_gmt":"2026-03-14T03:27:28","slug":"randm-tornado-30000-puffs-vape-novos-modelos-disponiveis","status":"publish","type":"product","link":"https:\/\/vapsolovape.com\/pt\/produto\/randm-tornado-30000-puffs-vape-novos-modelos-disponiveis\/","title":{"rendered":"RandM Tornado 30000 Puffs Vape - Explore o modelo mais recente!"},"content":{"rendered":"<div id=\"tab-description\" class=\"woocommerce-Tabs-panel woocommerce-Tabs-panel--description panel entry-content active\" role=\"tabpanel\" aria-labelledby=\"tab-title-description\">\n<p data-start=\"153\" data-end=\"450\">O RandM Tornado 30000 Music Edition \u00e9 a mais recente adi\u00e7\u00e3o \u00e0 famosa s\u00e9rie RandM Tornado Vape de 2024. Concebido para os entusiastas do vapor que exigem qualidade e versatilidade, este dispositivo descart\u00e1vel avan\u00e7ado proporciona uma experi\u00eancia de vaporiza\u00e7\u00e3o excecional com carater\u00edsticas concebidas para satisfazer todas as suas necessidades.<\/p>\n<p><strong>30.000 Puffs:<\/strong>\u00a0Desfrute de at\u00e9 30.000 baforadas para uma experi\u00eancia de fumo ininterrupta.<\/p>\n<p><strong>Capacidade de 25ml:<\/strong>\u00a0A capacidade de 25 ml reduz a necessidade de recargas, permitindo-lhe saborear os seus sabores favoritos durante mais tempo.<\/p>\n<p><strong>Bateria integrada de 850mAh:<\/strong>\u00a0A potente bateria de 850mAh garante confian\u00e7a na vaporiza\u00e7\u00e3o durante todo o dia.<\/p>\n<p><strong>Recarreg\u00e1vel Conveni\u00eancia:<\/strong>\u00a0O design recarreg\u00e1vel permite-lhe carreg\u00e1-lo em qualquer altura, perfeito para o seu estilo de vida agitado.<\/p>\n<p><strong>Bobina de malha lisa:<\/strong>\u00a0A inovadora bobina de malha proporciona uma experi\u00eancia de vaporiza\u00e7\u00e3o suave e satisfat\u00f3ria.<\/p>\n<p><strong>Show de luzes RGB\uff1a<\/strong>fun\u00e7\u00e3o de m\u00fasica personaliz\u00e1vel<\/p>\n<p><strong>N\u00edveis de sal personaliz\u00e1veis:<\/strong>\u00a0Escolha o sal de nicotina 2% ou 5% de acordo com o seu gosto.<\/p>\n<p><strong>Compacto e elegante:<\/strong>\u00a0O design ergon\u00f3mico e elegante torna-o f\u00e1cil de utilizar e adequado para qualquer ocasi\u00e3o.<\/p>\n<p><strong>30 sabores \u00e0 escolha:<\/strong>\u00a0Desfrute de 30 sabores diferentes para agradar a todos os gostos.<\/p>\n<p>Experimente a derradeira experi\u00eancia de vaporiza\u00e7\u00e3o com o RandM Tornado 30000 Music Edition. Eleve a sua viagem vaporizadora hoje mesmo!<\/p>\n<hr \/>\n<p><img loading=\"lazy\" decoding=\"async\" class=\"size-full wp-image-4918\" src=\"https:\/\/dankstarvapes.com\/wp-content\/uploads\/2024\/11\/Randm-Tornado-30000-Vapes.webp\" alt=\"Randm Tornado 30000 Vapes\" width=\"1946\" height=\"1876\" title=\"\"><\/p>\n<hr \/>\n<h3><strong>Vis\u00e3o geral do RANDM Tornado 30000<\/strong><br \/>\n<strong>Modelos mais recentes<\/strong><\/h3>\n<p>A s\u00e9rie RandM Tornado 30000 \u00e9 o mais recente vape descart\u00e1vel de grande capacidade produzido pela Fumot. Com uma impressionante capacidade de 30.000 baforadas, este modelo foi atualizado para satisfazer as necessidades di\u00e1rias dos clientes novos e antigos. \u00c9 o mais recente e maior vape RandM Tornado do mercado.<\/p>\n<h3><strong>RandM Tornado 30000 Excelente capacidade<\/strong><\/h3>\n<p>O RandM Tornado 30000 \u00e9 um excelente vape descart\u00e1vel conhecido pela sua capacidade superior. \u00c9 tamb\u00e9m o modelo mais recente que oferece op\u00e7\u00f5es de sabor melhoradas. Al\u00e9m disso, com a sua bateria incorporada de 850mAh, os utilizadores podem desfrutar da experi\u00eancia do vape sem se preocuparem com a falta de energia.<\/p>\n<h3><strong>O seu nome, o seu som<\/strong><\/h3>\n<p>Lass dich von der einzigartigen\u00a0<strong>RGB-Lichtshow<\/strong>\u00a0des\u00a0<strong>Tornado 30000<\/strong>\u00a0begeistern, die im Takt deiner Lieblingsmusik aufleuchtet. Se o recurso de m\u00fasica for ativado, o Vape-Ger\u00e4t transforma-se num pequeno gravador de voz - perfeito para viagens de lazer ou de ida e volta. O utilizador s\u00f3 precisa de saber se o Lichtshow est\u00e1 ativo ou se est\u00e1 a ser alterado, de acordo com o seu estilo.<\/p>\n<h3><strong>RandM Tornado 30000 Op\u00e7\u00f5es de sabor melhoradas<\/strong><\/h3>\n<p>A Tornado 30000 tamb\u00e9m melhora a sele\u00e7\u00e3o de sabores, oferecendo at\u00e9 30 sabores com um sabor rico e duradouro. Com uma sele\u00e7\u00e3o t\u00e3o diversificada, h\u00e1 sempre um sabor que se adequa \u00e0s suas prefer\u00eancias.<\/p>\n<p><img loading=\"lazy\" decoding=\"async\" class=\"size-full wp-image-4919\" src=\"https:\/\/dankstarvapes.com\/wp-content\/uploads\/2024\/11\/RandM-Tornado-30000.webp\" alt=\"Randm Tornado 30000 Vapes\" width=\"1946\" height=\"1946\" title=\"\"><\/p>\n<h3><strong>Benef\u00edcios e experi\u00eancia do utilizador<\/strong><\/h3>\n<p>O Tornado 30000 \u00e9 preferido pelos entusiastas da vaporiza\u00e7\u00e3o devido \u00e0 sua comodidade e durabilidade. Ao contr\u00e1rio dos vapes tradicionais que requerem recargas e manuten\u00e7\u00e3o frequentes, o Tornado 30000 elimina estes inc\u00f3modos e pode ser deitado fora assim que terminar. A excelente dura\u00e7\u00e3o da bateria foi concebida para uma utiliza\u00e7\u00e3o durante todo o dia, assegurando uma experi\u00eancia de vaporiza\u00e7\u00e3o sem preocupa\u00e7\u00f5es com a falta de energia. Combinado com a sua grande capacidade de e-l\u00edquido, supera o desempenho de muitos vapes descart\u00e1veis, permitindo aos utilizadores desfrutar dos seus sabores favoritos durante mais tempo e com maior facilidade.<\/p>\n<p><strong>Veja mais da nossa s\u00e9rie RandM Tornado:<\/strong><\/p>\n<p class=\"product-title product_title entry-title\">RandM Tornado 7000<\/p>\n<p class=\"product-title product_title entry-title\">RandM Tornado 9000<\/p>\n<p class=\"product-title product_title entry-title\">RandM Tornado 12000<\/p>\n<p class=\"product-title product_title entry-title\">RandM Tornado 15000<\/p>\n<p class=\"product-title product_title entry-title\">RandM Tornado 20000<\/p>\n<p class=\"product-title product_title entry-title\">RandM Tornado 25000<\/p>\n<p class=\"product-title product_title entry-title\">RandM Tornado 30000<\/p>\n<hr \/>\n<p><strong>Porqu\u00ea escolher-nos?<\/strong><\/p>\n<p>Ao escolher a loja oficial de vapes descart\u00e1veis, pode desfrutar de muitos benef\u00edcios:<\/p>\n<ul>\n<li><strong>Canal de vendas oficial:<\/strong>\u00a0Garantimos produtos aut\u00eanticos e um servi\u00e7o de qualidade.<\/li>\n<li><strong>Com\u00e9rcio grossista e retalhista:<\/strong>\u00a0Oferecemos op\u00e7\u00f5es de compra flex\u00edveis para particulares e grossistas.<\/li>\n<li><strong>Garantia de qualidade:<\/strong>\u00a0Os nossos produtos s\u00e3o submetidos a rigorosos testes de qualidade para garantir a sua satisfa\u00e7\u00e3o.<\/li>\n<li><strong>Envio para todo o mundo:<\/strong>\u00a0Temos orgulho em enviar os nossos produtos para a maior parte do mundo, garantindo que pode desfrutar dos nossos produtos onde quer que esteja.<\/li>\n<li><strong>Experi\u00eancia no sector:<\/strong>\u00a0Com mais de 8 anos de experi\u00eancia no mercado, torn\u00e1mo-nos uma escolha de confian\u00e7a e de primeira qualidade.<\/li>\n<li><strong>Parcerias a longo prazo:<\/strong>\u00a0Tamb\u00e9m cooperamos com lojistas locais na Europa, o que nos permite responder rapidamente \u00e0s necessidades do mercado e manter a frescura dos nossos produtos.<\/li>\n<\/ul>\n<p>A escolha dos nossos vapes descart\u00e1veis permite-lhe n\u00e3o s\u00f3 desfrutar de uma variedade de sabores, mas tamb\u00e9m experimentar uma extraordin\u00e1ria viagem de vaporiza\u00e7\u00e3o. Para mais informa\u00e7\u00f5es, visite-nos <a href=\"http:\/\/dankstarvapes.com\" target=\"_blank\" rel=\"noopener\">dankstarvapes.com<\/a>!<\/p>\n<\/div>","protected":false},"excerpt":{"rendered":"<p>The RandM Tornado 30000 Music Edition is the newest addition to the renowned RandM Tornado Vape Series of 2024. Crafted for vape enthusiasts who demand quality and versatility, this advanced disposable device delivers an exceptional vaping experience with features designed to meet all your needs. 30,000 Puffs:\u00a0Enjoy up to 30,000 puffs for an uninterrupted smoking [&#8230;]","protected":false},"featured_media":1370,"comment_status":"open","ping_status":"closed","template":"","meta":[],"product_brand":[],"product_cat":[75,77,95,73,100,78,113,71,79,80,81,82,83,84,85,86,87,88,89,90,91,114,104,134,16,92],"product_tag":[],"class_list":{"0":"post-1352","1":"product","2":"type-product","3":"status-publish","4":"has-post-thumbnail","6":"product_cat-2-nicotine-disposable-vape","7":"product_cat-5-nicotine-disposable-vape","8":"product_cat-advanced-vape","9":"product_cat-big-puff-vapes","10":"product_cat-big-puff-vapes-30000","11":"product_cat-disposable-vape-near-me","12":"product_cat-disposable-vape-with-bluetooth-speaker","13":"product_cat-0-5-nicotine-vapes","14":"product_cat-disposable-vapes-in-austria","15":"product_cat-disposable-vapes-in-belgium","16":"product_cat-disposable-vapes-in-france","17":"product_cat-disposable-vapes-in-germany","18":"product_cat-disposable-vapes-in-ltaly","19":"product_cat-disposable-vapes-in-netherlands","20":"product_cat-disposable-vapes-in-norway","21":"product_cat-disposable-vapes-in-poland","22":"product_cat-disposable-vapes-in-portugal","23":"product_cat-disposable-vapes-in-spain","24":"product_cat-disposable-vapes-in-sweden","25":"product_cat-disposable-vapes-in-switzerland","26":"product_cat-disposable-vapes-in-united-states","27":"product_cat-randm-tornado-30000-puff-series","28":"product_cat-randm-tornado-vape","29":"product_cat-tornado-vape","30":"product_cat-uncategorized","31":"product_cat-vape-brands","33":"first","34":"instock","35":"shipping-taxable","36":"purchasable","37":"product-type-variable","38":"has-default-attributes"},"tiered_pricing_type":"fixed","tiered_pricing_fixed_rules":[],"tiered_pricing_product_settings":{"layout":"default","base_unit_name":{"singular":null,"plural":null},"default_variation":null},"tiered_pricing_minimum_quantity":null,"tiered_pricing_roles_data":[],"tiered_pricing_percentage_rules":[],"tiered_pricing_maximum_quantity":null,"tiered_pricing_quantity_step":null,"_links":{"self":[{"href":"https:\/\/vapsolovape.com\/pt\/wp-json\/wp\/v2\/product\/1352","targetHints":{"allow":["GET"]}}],"collection":[{"href":"https:\/\/vapsolovape.com\/pt\/wp-json\/wp\/v2\/product"}],"about":[{"href":"https:\/\/vapsolovape.com\/pt\/wp-json\/wp\/v2\/types\/product"}],"replies":[{"embeddable":true,"href":"https:\/\/vapsolovape.com\/pt\/wp-json\/wp\/v2\/comments?post=1352"}],"wp:featuredmedia":[{"embeddable":true,"href":"https:\/\/vapsolovape.com\/pt\/wp-json\/wp\/v2\/media\/1370"}],"wp:attachment":[{"href":"https:\/\/vapsolovape.com\/pt\/wp-json\/wp\/v2\/media?parent=1352"}],"wp:term":[{"taxonomy":"product_brand","embeddable":true,"href":"https:\/\/vapsolovape.com\/pt\/wp-json\/wp\/v2\/product_brand?post=1352"},{"taxonomy":"product_cat","embeddable":true,"href":"https:\/\/vapsolovape.com\/pt\/wp-json\/wp\/v2\/product_cat?post=1352"},{"taxonomy":"product_tag","embeddable":true,"href":"https:\/\/vapsolovape.com\/pt\/wp-json\/wp\/v2\/product_tag?post=1352"}],"curies":[{"name":"wp","href":"https:\/\/api.w.org\/{rel}","templated":true}]}}