{"id":1456,"date":"2025-02-14T18:19:40","date_gmt":"2025-02-14T10:19:40","guid":{"rendered":"https:\/\/vapsolovape.com\/?post_type=product&#038;p=1456"},"modified":"2025-02-26T14:33:24","modified_gmt":"2025-02-26T06:33:24","slug":"fizzy-nova-20000-puff-vape-desempenho-maximo-em-termos-de-sabor","status":"publish","type":"product","link":"https:\/\/vapsolovape.com\/pt\/produto\/fizzy-nova-20000-puff-vape-desempenho-maximo-em-termos-de-sabor\/","title":{"rendered":"Fizzy Nova Vape 20000 Puffs - Sabor inigual\u00e1vel e desempenho duradouro"},"content":{"rendered":"<p data-start=\"137\" data-end=\"392\">Eleve a sua experi\u00eancia de vaporiza\u00e7\u00e3o com o avan\u00e7ado Vape descart\u00e1vel Fizzy Nova 20000 Puff. Este dispositivo de qualidade superior combina conveni\u00eancia, desempenho de topo e uma gama diversificada de sabores, tornando-o a escolha ideal para os vapers que procuram qualidade e variedade.<\/p>\n<p><img loading=\"lazy\" decoding=\"async\" class=\"alignnone size-full wp-image-6025\" src=\"https:\/\/dankstarvapes.com\/wp-content\/uploads\/2024\/11\/Fizzy-Nova-20000-1.webp\" alt=\"\" width=\"2048\" height=\"961\" title=\"\"><\/p>\n<hr \/>\n<h3>Carater\u00edsticas principais do Fizzy Nova 20000 Puff<\/h3>\n<h4><strong>1. Contagem de baforadas inigual\u00e1vel<\/strong><\/h4>\n<p>Com <strong>20.000 baforadas<\/strong>O Fizzy Nova assegura semanas de vaporiza\u00e7\u00e3o ininterrupta, o que o torna a escolha ideal para os utilizadores mais exigentes.<\/p>\n<h4><strong>2. Grande capacidade de E-l\u00edquido<\/strong><\/h4>\n<p>O dispositivo \u00e9 fornecido com um generoso <strong>Reservat\u00f3rio de e-l\u00edquido de 28 ml<\/strong>minimizando a necessidade de recargas frequentes e maximizando a comodidade.<\/p>\n<h4><strong>3. Tecnologia de ponta de bobina de malha dupla<\/strong><\/h4>\n<p>Desfrute de um sabor melhorado e de uma produ\u00e7\u00e3o de vapor densa com <strong>tecnologia de bobina de malha dupla<\/strong>, proporcionando uma experi\u00eancia tranquila e satisfat\u00f3ria.<\/p>\n<h4><strong>4. 12 sabores deliciosos<\/strong><\/h4>\n<p>Escolha entre uma variedade de <strong>12 sabores cuidadosamente elaborados<\/strong>, incluindo:<\/p>\n<ul>\n<li>Lima-lim\u00e3o<\/li>\n<li>Cereja com g\u00e1s<\/li>\n<li>Bagas mistas<\/li>\n<li>Morango Kiwi<\/li>\n<li>Melancia<\/li>\n<li>Limonada cor-de-rosa<\/li>\n<li>Morango<\/li>\n<li>P\u00eassego<\/li>\n<li>Mirtilo<\/li>\n<li>Uva<\/li>\n<li>Coco com mirtilo<\/li>\n<li>Framboesa Lim\u00e3o<\/li>\n<\/ul>\n<figure id=\"attachment_6026\" aria-describedby=\"caption-attachment-6026\" style=\"width: 2048px\" class=\"wp-caption alignnone\"><img loading=\"lazy\" decoding=\"async\" class=\"wp-image-6026 size-full\" src=\"https:\/\/dankstarvapes.com\/wp-content\/uploads\/2024\/11\/Fizzy-Nova-20000-2.webp\" alt=\"Fizzy Nova 20000 Puff\" width=\"2048\" height=\"958\" title=\"\"><figcaption id=\"caption-attachment-6026\" class=\"wp-caption-text\">Fizzy Nova 20000 Puff<\/figcaption><\/figure>\n<h4><strong>5. Ecr\u00e3 LCD intuitivo<\/strong><\/h4>\n<p>Mantenha-se informado com a <strong>ecr\u00e3 LCD integrado<\/strong>que monitoriza a dura\u00e7\u00e3o da bateria e o n\u00famero de baforadas em tempo real.<\/p>\n<h4><strong>6. Bateria potente com carregamento r\u00e1pido<\/strong><\/h4>\n<p>O <strong>Bateria de 850mAh<\/strong> combinado com um <strong>Porta de carregamento tipo C<\/strong> garante recargas r\u00e1pidas e um desempenho fi\u00e1vel para uma utiliza\u00e7\u00e3o prolongada.<\/p>\n<h4><strong>7. Op\u00e7\u00f5es de embalagem a granel<\/strong><\/h4>\n<p>A Fizzy Nova 20000 est\u00e1 dispon\u00edvel em <strong>embalagens de 10<\/strong>, o que o torna ideal para ser desfrutado individualmente ou partilhado.<\/p>\n<hr \/>\n<h3>Porqu\u00ea escolher Fizzy Nova 20000 Puff?<\/h3>\n<p>O Fizzy Nova 20000 foi concebido para os vapers que d\u00e3o prioridade \u00e0 qualidade, longevidade e conveni\u00eancia. As suas carater\u00edsticas inovadoras, combinadas com uma gama diversificada de sabores, satisfazem tanto os principiantes como os vapers experientes.<\/p>\n<p>Com a sua constru\u00e7\u00e3o superior e bateria de longa dura\u00e7\u00e3o, o Fizzy Nova 20000 oferece um desempenho consistente que o torna um destaque no mercado vaping.<\/p>\n<hr \/>\n<h3>Fizzy Nova 20000 Puff Experimente o Futuro do Vaping<\/h3>\n<p>Leve a sua viagem vaporizadora para o pr\u00f3ximo n\u00edvel com o Fizzy Nova 20000. Desde o seu <strong>tecnologia de bobina de malha dupla<\/strong> para o <strong>rastreio do LCD em tempo real<\/strong>O sistema de navega\u00e7\u00e3o \u00e9 um sistema de navega\u00e7\u00e3o de alta velocidade, em que todos os aspectos deste dispositivo foram concebidos para proporcionar uma experi\u00eancia perfeita e agrad\u00e1vel.<\/p>\n<p>Encomende hoje o seu Fizzy Nova 20000 e delicie-se com o derradeiro luxo vaporizador!<\/p>\n<p><strong>Porqu\u00ea escolher-nos?<\/strong><\/p>\n<p>Ao escolher a loja oficial de vapes descart\u00e1veis, pode desfrutar de muitos benef\u00edcios:<\/p>\n<ul>\n<li><strong>Canal de vendas oficial:<\/strong>\u00a0Garantimos produtos aut\u00eanticos e um servi\u00e7o de qualidade.<\/li>\n<li><strong>Com\u00e9rcio grossista e retalhista:<\/strong>\u00a0Oferecemos op\u00e7\u00f5es de compra flex\u00edveis para particulares e grossistas.<\/li>\n<li><strong>Garantia de qualidade:<\/strong>\u00a0Os nossos produtos s\u00e3o submetidos a rigorosos testes de qualidade para garantir a sua satisfa\u00e7\u00e3o.<\/li>\n<li><strong>Envio para todo o mundo:<\/strong>\u00a0Temos orgulho em enviar os nossos produtos para a maior parte do mundo, garantindo que pode desfrutar dos nossos produtos onde quer que esteja.<\/li>\n<li><strong>Experi\u00eancia no sector:<\/strong>\u00a0Com mais de 8 anos de experi\u00eancia no mercado, torn\u00e1mo-nos uma escolha de confian\u00e7a e de primeira qualidade.<\/li>\n<li><strong>Parcerias a longo prazo:<\/strong>\u00a0Tamb\u00e9m cooperamos com lojistas locais na Europa, o que nos permite responder rapidamente \u00e0s necessidades do mercado e manter a frescura dos nossos produtos.<\/li>\n<\/ul>\n<p>A escolha dos nossos vapes descart\u00e1veis permite-lhe n\u00e3o s\u00f3 desfrutar de uma variedade de sabores, mas tamb\u00e9m experimentar uma extraordin\u00e1ria viagem de vaporiza\u00e7\u00e3o. Para mais informa\u00e7\u00f5es, visite-nos <a href=\"http:\/\/dankstarvapes.com\" target=\"_blank\" rel=\"noopener\">dankstarvapes.com<\/a>!<\/p>","protected":false},"excerpt":{"rendered":"<p>Elevate your vaping experience with the advanced Fizzy Nova 20000 Puff Disposable Vape. This premium device combines convenience, top-tier performance, and a diverse range of flavors, making it the ideal choice for vapers seeking both quality and variety. Key Features of Fizzy Nova 20000 Puff 1. Unrivaled Puff Count With 20,000 puffs, the Fizzy Nova [&#8230;]","protected":false},"featured_media":1466,"comment_status":"open","ping_status":"closed","template":"","meta":[],"product_brand":[],"product_cat":[75,102,77,95,73,78,96,97,71,79,80,81,82,83,84,85,86,87,88,89,90,91,98,92],"product_tag":[],"class_list":{"0":"post-1456","1":"product","2":"type-product","3":"status-publish","4":"has-post-thumbnail","6":"product_cat-2-nicotine-disposable-vape","7":"product_cat-20000-20k-puff-vape","8":"product_cat-5-nicotine-disposable-vape","9":"product_cat-advanced-vape","10":"product_cat-big-puff-vapes","11":"product_cat-disposable-vape-near-me","12":"product_cat-disposable-vape-with-led-light","13":"product_cat-disposable-vape-with-screen","14":"product_cat-0-5-nicotine-vapes","15":"product_cat-disposable-vapes-in-austria","16":"product_cat-disposable-vapes-in-belgium","17":"product_cat-disposable-vapes-in-france","18":"product_cat-disposable-vapes-in-germany","19":"product_cat-disposable-vapes-in-ltaly","20":"product_cat-disposable-vapes-in-netherlands","21":"product_cat-disposable-vapes-in-norway","22":"product_cat-disposable-vapes-in-poland","23":"product_cat-disposable-vapes-in-portugal","24":"product_cat-disposable-vapes-in-spain","25":"product_cat-disposable-vapes-in-sweden","26":"product_cat-disposable-vapes-in-switzerland","27":"product_cat-disposable-vapes-in-united-states","28":"product_cat-fizzy-vapes","29":"product_cat-vape-brands","31":"first","32":"instock","33":"shipping-taxable","34":"purchasable","35":"product-type-variable","36":"has-default-attributes"},"tiered_pricing_type":"fixed","tiered_pricing_fixed_rules":[],"tiered_pricing_product_settings":{"layout":"default","base_unit_name":{"singular":null,"plural":null},"default_variation":null},"tiered_pricing_minimum_quantity":null,"tiered_pricing_roles_data":[],"tiered_pricing_percentage_rules":[],"tiered_pricing_maximum_quantity":null,"tiered_pricing_quantity_step":null,"_links":{"self":[{"href":"https:\/\/vapsolovape.com\/pt\/wp-json\/wp\/v2\/product\/1456","targetHints":{"allow":["GET"]}}],"collection":[{"href":"https:\/\/vapsolovape.com\/pt\/wp-json\/wp\/v2\/product"}],"about":[{"href":"https:\/\/vapsolovape.com\/pt\/wp-json\/wp\/v2\/types\/product"}],"replies":[{"embeddable":true,"href":"https:\/\/vapsolovape.com\/pt\/wp-json\/wp\/v2\/comments?post=1456"}],"wp:featuredmedia":[{"embeddable":true,"href":"https:\/\/vapsolovape.com\/pt\/wp-json\/wp\/v2\/media\/1466"}],"wp:attachment":[{"href":"https:\/\/vapsolovape.com\/pt\/wp-json\/wp\/v2\/media?parent=1456"}],"wp:term":[{"taxonomy":"product_brand","embeddable":true,"href":"https:\/\/vapsolovape.com\/pt\/wp-json\/wp\/v2\/product_brand?post=1456"},{"taxonomy":"product_cat","embeddable":true,"href":"https:\/\/vapsolovape.com\/pt\/wp-json\/wp\/v2\/product_cat?post=1456"},{"taxonomy":"product_tag","embeddable":true,"href":"https:\/\/vapsolovape.com\/pt\/wp-json\/wp\/v2\/product_tag?post=1456"}],"curies":[{"name":"wp","href":"https:\/\/api.w.org\/{rel}","templated":true}]}}