{"id":1488,"date":"2025-02-14T18:19:51","date_gmt":"2025-02-14T10:19:51","guid":{"rendered":"https:\/\/vapsolovape.com\/?post_type=product&#038;p=1488"},"modified":"2025-02-26T14:29:57","modified_gmt":"2025-02-26T06:29:57","slug":"aivono-vape-20000-puff-descartavel-vape-grossista-sabor-inovacao","status":"publish","type":"product","link":"https:\/\/vapsolovape.com\/pt\/produto\/aivono-vape-20000-puff-descartavel-vape-grossista-sabor-inovacao\/","title":{"rendered":"AIVONO Vape 20000 Puffs Descart\u00e1veis - Revolucionando o Sabor, Ofertas por Atacado"},"content":{"rendered":"<p>O AIVONO Vape 20000 Descart\u00e1vel eleva a sua experi\u00eancia de vaporiza\u00e7\u00e3o com um desempenho excecional, sabores ricos e uma comodidade inigual\u00e1vel. Quer seja para uso pessoal ou para distribui\u00e7\u00e3o por grosso, este dispositivo de qualidade superior oferece carater\u00edsticas inovadoras e op\u00e7\u00f5es personaliz\u00e1veis para satisfazer uma variedade de prefer\u00eancias.<\/p>\n<figure id=\"attachment_6064\" aria-describedby=\"caption-attachment-6064\" style=\"width: 800px\" class=\"wp-caption alignnone\"><img loading=\"lazy\" decoding=\"async\" class=\"wp-image-6064 size-full\" src=\"https:\/\/dankstarvapes.com\/wp-content\/uploads\/2024\/11\/AIVONO-20000Puff-39-1.webp\" alt=\"AIVONO Vape 20000\" width=\"800\" height=\"1766\" title=\"\"><figcaption id=\"caption-attachment-6064\" class=\"wp-caption-text\">AIVONO Vape 20000<\/figcaption><\/figure>\n<hr \/>\n<h2><strong>Porqu\u00ea escolher o AIVONO Vape 20000 puffs?<\/strong><\/h2>\n<h3><strong>Capacidade de sopro e longevidade inigual\u00e1veis<\/strong><\/h3>\n<p>Com uma capacidade not\u00e1vel de <strong>at\u00e9 20.000 baforadas<\/strong>O AIVONO Disposable Vape assegura uma utiliza\u00e7\u00e3o prolongada sem necessidade de substitui\u00e7\u00f5es frequentes. Ideal para estilos de vida em movimento e sess\u00f5es de vaporiza\u00e7\u00e3o prolongadas.<\/p>\n<h3><strong>AIVONO Vape 20000 baforadas<\/strong><strong>\u00a0<\/strong><strong>Op\u00e7\u00f5es de sabores ricos e variados<\/strong><\/h3>\n<p>Experimente 12 sabores habilmente elaborados, cada um proporcionando uma experi\u00eancia de vaporiza\u00e7\u00e3o \u00fanica e satisfat\u00f3ria:<\/p>\n<ul>\n<li><strong>Gelo de mirtilo<\/strong>: Uma explos\u00e3o fresca de mirtilos com um final refrescante de mentol.<\/li>\n<li><strong>Gelo de morango<\/strong>: Morangos doces equilibrados com tons de gelo.<\/li>\n<li><strong>Gelo de melancia<\/strong>: Melancia sumarenta combinada com um toque gelado.<\/li>\n<li><strong>Gelo de anan\u00e1s e coco<\/strong>: Uma fus\u00e3o tropical de anan\u00e1s e coco cremoso.<\/li>\n<li><strong>Bagas mistas<\/strong>: Uma deliciosa mistura de bagas variadas.<\/li>\n<li><strong>Gelo de p\u00eassego<\/strong>: Sabor doce a p\u00eassego com um toque refrescante.<\/li>\n<li><strong>Gelo Blue Razz<\/strong>: Torta de framboesa azul com um final mentolado crocante.<\/li>\n<li><strong>Anan\u00e1s Manga<\/strong>: A do\u00e7ura da manga combinada com o picante do anan\u00e1s.<\/li>\n<li><strong>Melancia com morango<\/strong>: Uma suculenta combina\u00e7\u00e3o de morangos e melancia.<\/li>\n<li><strong>Gelado de morango<\/strong>: Notas de sobremesa cremosas misturadas com morangos maduros.<\/li>\n<li><strong>Gelo de uva<\/strong>: Sabor a uva com um toque de mentol.<\/li>\n<li><strong>Framboesa Lim\u00e3o<\/strong>: Uma mistura de framboesa e lim\u00e3o refrescante e picante.<\/li>\n<\/ul>\n<figure id=\"attachment_6065\" aria-describedby=\"caption-attachment-6065\" style=\"width: 771px\" class=\"wp-caption alignnone\"><img loading=\"lazy\" decoding=\"async\" class=\"wp-image-6065 size-full\" src=\"https:\/\/dankstarvapes.com\/wp-content\/uploads\/2024\/11\/AIVONO-20000-PUFFS-6.webp\" alt=\"AIVONO Vape 20000\" width=\"771\" height=\"925\" title=\"\"><figcaption id=\"caption-attachment-6065\" class=\"wp-caption-text\">AIVONO Vape 20000<\/figcaption><\/figure>\n<h3><strong>Tecnologia avan\u00e7ada de bobina de malha dupla<\/strong><\/h3>\n<p>O <strong>Bobina de malha dupla de 1,0\u03a9<\/strong> assegura uma produ\u00e7\u00e3o de vapor mais suave, um melhor fornecimento de sabor e um tra\u00e7\u00e3o consistentemente satisfat\u00f3ria.<\/p>\n<hr \/>\n<h2><strong>Principais carater\u00edsticas do AIVONO 20000 Puff Vape<\/strong><\/h2>\n<h3><strong>AIVONO Vape 20000 baforadas <\/strong><strong>N\u00edveis de for\u00e7a personaliz\u00e1veis<\/strong><\/h3>\n<p>Escolha entre <strong>Concentra\u00e7\u00f5es de nicotina 0%, 2%, 3% ou 5%<\/strong> para satisfazer as suas prefer\u00eancias pessoais ou as exig\u00eancias do mercado.<\/p>\n<h3><strong>AIVONO Vape 20000 baforadas <\/strong><strong>Bateria de longa dura\u00e7\u00e3o<\/strong><\/h3>\n<p>Equipado com um <strong>Bateria recarreg\u00e1vel de 600mAh<\/strong>Este dispositivo garante uma utiliza\u00e7\u00e3o ininterrupta, enquanto o <strong>Carregamento r\u00e1pido tipo C<\/strong> permite recargas r\u00e1pidas para maior comodidade.<\/p>\n<h3><strong>AIVONO Vape 20000 baforadas\u00a0<\/strong><strong>Ampla capacidade de E-l\u00edquido<\/strong><\/h3>\n<p>O <strong>Reservat\u00f3rio de e-l\u00edquido de 26 ml<\/strong> reduz o inc\u00f3modo de recargas frequentes, oferecendo uma experi\u00eancia de vaporiza\u00e7\u00e3o perfeita.<\/p>\n<h3><strong>Design de f\u00e1cil utiliza\u00e7\u00e3o<\/strong><\/h3>\n<p>Um ecr\u00e3 LCD integrado mant\u00e9m-no informado sobre <strong>dura\u00e7\u00e3o da bateria e n\u00famero de baforadas<\/strong>para que esteja sempre em controlo.<\/p>\n<h3><strong>Port\u00e1til e leve<\/strong><\/h3>\n<p>Dimens\u00f5es compactas (<strong>43 mm x 102 mm<\/strong>) e um design leve (<strong>103g<\/strong>) tornam este dispositivo ideal para viagens ou utiliza\u00e7\u00e3o di\u00e1ria.<\/p>\n<hr \/>\n<h3><strong>AIVONO Vape 20000 baforadas <\/strong><strong>Especifica\u00e7\u00f5es<\/strong><\/h3>\n<ul>\n<li><strong>Contagem de baforadas<\/strong>: At\u00e9 20 000 baforadas<\/li>\n<li><strong>Capacidade do E-l\u00edquido<\/strong>: 26ml<\/li>\n<li><strong>Bateria<\/strong>Bateria de cobalto recarreg\u00e1vel de 600mAh<\/li>\n<li><strong>Resist\u00eancia da bobina<\/strong>: Bobina de malha dupla de 1.0\u03a9<\/li>\n<li><strong>Dimens\u00f5es do dispositivo<\/strong>: 43mm x 102mm<\/li>\n<li><strong>Peso<\/strong>: 103g<\/li>\n<li><strong>Carregamento<\/strong>: Carregamento r\u00e1pido tipo C<\/li>\n<li><strong>For\u00e7a da nicotina<\/strong>: 0%, 2%, 3%, 5%<\/li>\n<\/ul>\n<hr \/>\n<h2><strong>Vantagens da venda por grosso com a AIVONO<\/strong><\/h2>\n<h3><strong>Pre\u00e7os competitivos<\/strong><\/h3>\n<p>Compre a granel e desfrute <strong>pre\u00e7os especiais por grosso<\/strong>maximizando as suas margens de lucro.<\/p>\n<h3><strong>Embalagem pr\u00e1tica<\/strong><\/h3>\n<p>Cada embalagem inclui <strong>10 unidades<\/strong>facilitando o armazenamento, o envio ou a partilha.<\/p>\n<h3><strong>Envio r\u00e1pido para toda a Europa<\/strong><\/h3>\n<p>Entrega fi\u00e1vel em <strong>Alemanha<\/strong>, <strong>Pa\u00edses Baixos<\/strong>, <strong>B\u00e9lgica<\/strong>, <strong>Espanha<\/strong>e muito mais.<\/p>\n<hr \/>\n<h2><strong>Encomende hoje o seu Vape descart\u00e1vel AIVONO 20000 Puff!<\/strong><\/h2>\n<p>Descubra a mistura perfeita de inova\u00e7\u00e3o, sabor e desempenho com a <strong>AIVONO 20000 Puff Vape descart\u00e1vel<\/strong>. Quer seja um entusiasta da vaporiza\u00e7\u00e3o ou um distribuidor grossista, este dispositivo \u00e9 a melhor escolha em termos de qualidade e satisfa\u00e7\u00e3o.<\/p>\n<h3><strong>Compre agora e melhore a sua experi\u00eancia de vaporiza\u00e7\u00e3o!<\/strong><\/h3>\n<p>Transforme a sua viagem vaporizadora com a AIVONO - onde a tecnologia superior encontra o sabor premium.<\/p>\n<p><strong>Porqu\u00ea escolher-nos?<\/strong><\/p>\n<p>Ao escolher a loja oficial de vapes descart\u00e1veis, pode desfrutar de muitos benef\u00edcios:<\/p>\n<ul>\n<li><strong>Canal de vendas oficial:<\/strong>\u00a0Garantimos produtos aut\u00eanticos e um servi\u00e7o de qualidade.<\/li>\n<li><strong>Com\u00e9rcio grossista e retalhista:<\/strong>\u00a0Oferecemos op\u00e7\u00f5es de compra flex\u00edveis para particulares e grossistas.<\/li>\n<li><strong>Garantia de qualidade:<\/strong>\u00a0Os nossos produtos s\u00e3o submetidos a rigorosos testes de qualidade para garantir a sua satisfa\u00e7\u00e3o.<\/li>\n<li><strong>Envio para todo o mundo:<\/strong>\u00a0Temos orgulho em enviar os nossos produtos para a maior parte do mundo, garantindo que pode desfrutar dos nossos produtos onde quer que esteja.<\/li>\n<li><strong>Experi\u00eancia no sector:<\/strong>\u00a0Com mais de 8 anos de experi\u00eancia no mercado, torn\u00e1mo-nos uma escolha de confian\u00e7a e de primeira qualidade.<\/li>\n<li><strong>Parcerias a longo prazo:<\/strong>\u00a0Tamb\u00e9m cooperamos com lojistas locais na Europa, o que nos permite responder rapidamente \u00e0s necessidades do mercado e manter a frescura dos nossos produtos.<\/li>\n<\/ul>\n<p>A escolha dos nossos vapes descart\u00e1veis permite-lhe n\u00e3o s\u00f3 desfrutar de uma variedade de sabores, mas tamb\u00e9m experimentar uma extraordin\u00e1ria viagem de vaporiza\u00e7\u00e3o. Para mais informa\u00e7\u00f5es, visite-nos <a href=\"http:\/\/dankstarvapes.com\" target=\"_blank\" rel=\"noopener\">dankstarvapes.com<\/a>!<\/p>","protected":false},"excerpt":{"rendered":"<p>The AIVONO Vape 20000 Disposable elevates your vaping experience with outstanding performance, rich flavors, and unmatched convenience. Whether for personal use or wholesale distribution, this premium device offers innovative features and customizable options to suit a variety of preferences. Why Choose the AIVONO Vape 20000 puffs? Unmatched Puff Capacity and Longevity With a remarkable capacity [&#8230;]","protected":false},"featured_media":1499,"comment_status":"open","ping_status":"closed","template":"","meta":[],"product_brand":[],"product_cat":[72,75,102,76,77,95,115,73,78,97,71,79,80,81,82,83,84,85,86,87,88,89,90,91,16,92],"product_tag":[],"class_list":{"0":"post-1488","1":"product","2":"type-product","3":"status-publish","4":"has-post-thumbnail","6":"product_cat-0-nicotine-disposable-vape","7":"product_cat-2-nicotine-disposable-vape","8":"product_cat-20000-20k-puff-vape","9":"product_cat-3-nicotine-disposable-vape","10":"product_cat-5-nicotine-disposable-vape","11":"product_cat-advanced-vape","12":"product_cat-aivono-vape","13":"product_cat-big-puff-vapes","14":"product_cat-disposable-vape-near-me","15":"product_cat-disposable-vape-with-screen","16":"product_cat-0-5-nicotine-vapes","17":"product_cat-disposable-vapes-in-austria","18":"product_cat-disposable-vapes-in-belgium","19":"product_cat-disposable-vapes-in-france","20":"product_cat-disposable-vapes-in-germany","21":"product_cat-disposable-vapes-in-ltaly","22":"product_cat-disposable-vapes-in-netherlands","23":"product_cat-disposable-vapes-in-norway","24":"product_cat-disposable-vapes-in-poland","25":"product_cat-disposable-vapes-in-portugal","26":"product_cat-disposable-vapes-in-spain","27":"product_cat-disposable-vapes-in-sweden","28":"product_cat-disposable-vapes-in-switzerland","29":"product_cat-disposable-vapes-in-united-states","30":"product_cat-uncategorized","31":"product_cat-vape-brands","33":"first","34":"instock","35":"shipping-taxable","36":"purchasable","37":"product-type-variable","38":"has-default-attributes"},"tiered_pricing_type":"fixed","tiered_pricing_fixed_rules":[],"tiered_pricing_product_settings":{"layout":"default","base_unit_name":{"singular":null,"plural":null},"default_variation":null},"tiered_pricing_minimum_quantity":null,"tiered_pricing_roles_data":[],"tiered_pricing_percentage_rules":[],"tiered_pricing_maximum_quantity":null,"tiered_pricing_quantity_step":null,"_links":{"self":[{"href":"https:\/\/vapsolovape.com\/pt\/wp-json\/wp\/v2\/product\/1488","targetHints":{"allow":["GET"]}}],"collection":[{"href":"https:\/\/vapsolovape.com\/pt\/wp-json\/wp\/v2\/product"}],"about":[{"href":"https:\/\/vapsolovape.com\/pt\/wp-json\/wp\/v2\/types\/product"}],"replies":[{"embeddable":true,"href":"https:\/\/vapsolovape.com\/pt\/wp-json\/wp\/v2\/comments?post=1488"}],"wp:featuredmedia":[{"embeddable":true,"href":"https:\/\/vapsolovape.com\/pt\/wp-json\/wp\/v2\/media\/1499"}],"wp:attachment":[{"href":"https:\/\/vapsolovape.com\/pt\/wp-json\/wp\/v2\/media?parent=1488"}],"wp:term":[{"taxonomy":"product_brand","embeddable":true,"href":"https:\/\/vapsolovape.com\/pt\/wp-json\/wp\/v2\/product_brand?post=1488"},{"taxonomy":"product_cat","embeddable":true,"href":"https:\/\/vapsolovape.com\/pt\/wp-json\/wp\/v2\/product_cat?post=1488"},{"taxonomy":"product_tag","embeddable":true,"href":"https:\/\/vapsolovape.com\/pt\/wp-json\/wp\/v2\/product_tag?post=1488"}],"curies":[{"name":"wp","href":"https:\/\/api.w.org\/{rel}","templated":true}]}}