{"id":1733,"date":"2025-02-14T18:20:59","date_gmt":"2025-02-14T10:20:59","guid":{"rendered":"https:\/\/vapsolovape.com\/?post_type=product&#038;p=1733"},"modified":"2025-02-25T18:56:10","modified_gmt":"2025-02-25T10:56:10","slug":"aivono-fatpro-22000-puffs-vape-saboroso-de-longa-duracao","status":"publish","type":"product","link":"https:\/\/vapsolovape.com\/pt\/produto\/aivono-fatpro-22000-puffs-vape-saboroso-de-longa-duracao\/","title":{"rendered":"AIVONO Fatpro 22000 Puffs - A melhor vaporiza\u00e7\u00e3o de longa dura\u00e7\u00e3o com um sabor arrojado"},"content":{"rendered":"<p>O vape descart\u00e1vel AIVONO Fatpro 22.000 Puffs foi concebido para os entusiastas da vaporiza\u00e7\u00e3o que procuram uma utiliza\u00e7\u00e3o duradoura e um sabor excecional. Com tecnologia avan\u00e7ada e um design elegante, o Fatpro promete a derradeira experi\u00eancia de vaporiza\u00e7\u00e3o. Quer seja um principiante ou um profissional experiente, este dispositivo garante uma satisfa\u00e7\u00e3o prolongada a cada tragada.<\/p>\n<figure id=\"attachment_6336\" aria-describedby=\"caption-attachment-6336\" style=\"width: 1715px\" class=\"wp-caption alignnone\"><img loading=\"lazy\" decoding=\"async\" class=\"wp-image-6336 size-full\" src=\"https:\/\/dankstarvapes.com\/wp-content\/uploads\/2024\/11\/AIVONO-Fatpro-22000-.webp\" alt=\"AIVONO-Fatpro-22000-\" width=\"1715\" height=\"2560\" title=\"\"><figcaption id=\"caption-attachment-6336\" class=\"wp-caption-text\">AIVONO-Fatpro-22000-<\/figcaption><\/figure>\n<hr \/>\n<h3>Principais carater\u00edsticas do AIVONO Fatpro 22000 Puffs<\/h3>\n<h4><strong>Vida \u00fatil prolongada<\/strong><\/h4>\n<p>O AIVONO Fatpro oferece at\u00e9 22.000 baforadas, reduzindo a necessidade de substitui\u00e7\u00f5es frequentes e dando-lhe mais tempo para desfrutar de uma experi\u00eancia de vaporiza\u00e7\u00e3o sem problemas.<\/p>\n<h4><strong>Grande capacidade de E-l\u00edquido<\/strong><\/h4>\n<p>Com um reservat\u00f3rio de e-l\u00edquido de 28 ml, n\u00e3o \u00e9 necess\u00e1rio reabastecer frequentemente, permitindo uma experi\u00eancia de vaporiza\u00e7\u00e3o mais longa e ininterrupta.<\/p>\n<h4><strong>Tecnologia avan\u00e7ada de baterias<\/strong><\/h4>\n<p>Alimentado por uma bateria recarreg\u00e1vel de cobalto puro 18250, o Fatpro garante uma sa\u00edda de energia est\u00e1vel. Em conjunto com o carregamento r\u00e1pido Tipo C, minimiza o tempo de inatividade, para que o seu dispositivo esteja sempre pronto a ser utilizado.<\/p>\n<h4><strong>Tecnologia de bobina de malha melhorada<\/strong><\/h4>\n<p>A bobina de malha de 0,6\u03a9 fornece vapor suave e saboroso a cada baforada, garantindo sempre um sabor rico e satisfat\u00f3rio.<\/p>\n<h4><strong>Design compacto e port\u00e1til<\/strong><\/h4>\n<p>Medindo apenas 32 mm x 126 mm e pesando apenas 104 g, a Fatpro \u00e9 ultra-port\u00e1til, perfeita para uma utiliza\u00e7\u00e3o em movimento. Leve-o consigo para onde quer que v\u00e1 sem o volume extra.<\/p>\n<hr \/>\n<h3>Intensidade de nicotina personaliz\u00e1vel<\/h3>\n<p>O AIVONO Fatpro oferece as op\u00e7\u00f5es de concentra\u00e7\u00e3o de nicotina 0%, 2%, 3% ou 5%, permitindo-lhe personalizar a sua experi\u00eancia de vaporiza\u00e7\u00e3o. Quer prefira uma vaporiza\u00e7\u00e3o mais leve ou uma batida mais forte, o Fatpro oferece a flexibilidade necess\u00e1ria para satisfazer as suas prefer\u00eancias.<\/p>\n<hr \/>\n<h3>Sabores requintados para uma experi\u00eancia de vaporiza\u00e7\u00e3o completa<\/h3>\n<p>Desde os cl\u00e1ssicos sabores de fruta at\u00e9 \u00e0 refrescante menta, a AIVONO Fatpro oferece uma variedade de deliciosas op\u00e7\u00f5es. Quer aprecie o sabor crocante de Double Apple, Grape Mint ou o toque \u00fanico de Lush Ice, o Fatpro garante uma experi\u00eancia duradoura e saborosa.<\/p>\n<hr \/>\n<h3>Porqu\u00ea escolher AIVONO Fatpro 22000 Puffs?<\/h3>\n<h4><strong>Mais tempo de vaporiza\u00e7\u00e3o, menos substitui\u00e7\u00e3o<\/strong><\/h4>\n<p>Com at\u00e9 22.000 baforadas, o Fatpro oferece sess\u00f5es de vaporiza\u00e7\u00e3o prolongadas sem necessidade de substitui\u00e7\u00f5es frequentes.<\/p>\n<h4><strong>Personaliza\u00e7\u00e3o poderosa<\/strong><\/h4>\n<p>Escolha entre diferentes dosagens de nicotina para adaptar o seu vape \u00e0 sua prefer\u00eancia exacta.<\/p>\n<h4><strong>Compacto e c\u00f3modo<\/strong><\/h4>\n<p>O seu design elegante e leve torna o Fatpro f\u00e1cil de transportar, permitindo uma experi\u00eancia de vaporiza\u00e7\u00e3o perfeita onde quer que esteja.<\/p>\n<hr \/>\n<h3>A escolha perfeita para as suas necessidades de vaporiza\u00e7\u00e3o<\/h3>\n<p>O AIVONO Fatpro 22000 Puffs n\u00e3o \u00e9 apenas um vaporizador descart\u00e1vel de alto desempenho; combina uma utiliza\u00e7\u00e3o duradoura, um sabor rico e um design pr\u00e1tico num dispositivo excecional. Quer seja um retalhista ou um utilizador pessoal, o Fatpro ir\u00e1 elevar a sua experi\u00eancia de vaporiza\u00e7\u00e3o e tornar-se-\u00e1 o seu companheiro ideal na sua viagem de vaporiza\u00e7\u00e3o.<\/p>\n<hr \/>\n<h3>Encomende agora e leve a sua experi\u00eancia de vaporiza\u00e7\u00e3o para o pr\u00f3ximo n\u00edvel!<\/h3>\n<p>Quer esteja \u00e0 procura de um vape di\u00e1rio ou queira armazenar produtos de topo para os seus clientes, o AIVONO Fatpro 22000 Puffs \u00e9 a escolha perfeita. Encomende hoje mesmo o seu dispositivo Fatpro e redefina a sua experi\u00eancia de vaporiza\u00e7\u00e3o!<\/p>\n<p><strong>Porqu\u00ea escolher-nos?<\/strong><\/p>\n<p>Ao escolher a loja oficial de vapes descart\u00e1veis, pode desfrutar de muitos benef\u00edcios:<\/p>\n<ul>\n<li><strong>Canal de vendas oficial:<\/strong>\u00a0Garantimos produtos aut\u00eanticos e um servi\u00e7o de qualidade.<\/li>\n<li><strong>Com\u00e9rcio grossista e retalhista:<\/strong>\u00a0Oferecemos op\u00e7\u00f5es de compra flex\u00edveis para particulares e grossistas.<\/li>\n<li><strong>Garantia de qualidade:<\/strong>\u00a0Os nossos produtos s\u00e3o submetidos a rigorosos testes de qualidade para garantir a sua satisfa\u00e7\u00e3o.<\/li>\n<li><strong>Envio para todo o mundo:<\/strong>\u00a0Temos orgulho em enviar os nossos produtos para a maior parte do mundo, garantindo que pode desfrutar dos nossos produtos onde quer que esteja.<\/li>\n<li><strong>Experi\u00eancia no sector:<\/strong>\u00a0Com mais de 8 anos de experi\u00eancia no mercado, torn\u00e1mo-nos uma escolha de confian\u00e7a e de primeira qualidade.<\/li>\n<li><strong>Parcerias a longo prazo:<\/strong>\u00a0Tamb\u00e9m cooperamos com lojistas locais na Europa, o que nos permite responder rapidamente \u00e0s necessidades do mercado e manter a frescura dos nossos produtos.<\/li>\n<\/ul>\n<p>A escolha dos nossos vapes descart\u00e1veis permite-lhe n\u00e3o s\u00f3 desfrutar de uma variedade de sabores, mas tamb\u00e9m experimentar uma extraordin\u00e1ria viagem de vaporiza\u00e7\u00e3o. Para mais informa\u00e7\u00f5es, visite-nos <a href=\"http:\/\/dankstarvapes.com\" target=\"_blank\" rel=\"noopener\">dankstarvapes.com<\/a>!<\/p>","protected":false},"excerpt":{"rendered":"<p>The AIVONO Fatpro 22,000 Puffs disposable vape is designed for vaping enthusiasts who seek long-lasting use and exceptional flavor. Featuring advanced technology and a sleek design, the Fatpro promises the ultimate vaping experience. Whether you&#8217;re a newcomer or a seasoned pro, this device ensures extended satisfaction with every puff. Key Features of the AIVONO Fatpro [&#8230;]","protected":false},"featured_media":1759,"comment_status":"open","ping_status":"closed","template":"","meta":[],"product_brand":[],"product_cat":[72,75,102,111,76,77,95,115,73,78,96,97,71,79,80,81,82,83,84,85,86,87,88,89,90,91,92],"product_tag":[],"class_list":{"0":"post-1733","1":"product","2":"type-product","3":"status-publish","4":"has-post-thumbnail","6":"product_cat-0-nicotine-disposable-vape","7":"product_cat-2-nicotine-disposable-vape","8":"product_cat-20000-20k-puff-vape","9":"product_cat-25000-25k-puff-vape","10":"product_cat-3-nicotine-disposable-vape","11":"product_cat-5-nicotine-disposable-vape","12":"product_cat-advanced-vape","13":"product_cat-aivono-vape","14":"product_cat-big-puff-vapes","15":"product_cat-disposable-vape-near-me","16":"product_cat-disposable-vape-with-led-light","17":"product_cat-disposable-vape-with-screen","18":"product_cat-0-5-nicotine-vapes","19":"product_cat-disposable-vapes-in-austria","20":"product_cat-disposable-vapes-in-belgium","21":"product_cat-disposable-vapes-in-france","22":"product_cat-disposable-vapes-in-germany","23":"product_cat-disposable-vapes-in-ltaly","24":"product_cat-disposable-vapes-in-netherlands","25":"product_cat-disposable-vapes-in-norway","26":"product_cat-disposable-vapes-in-poland","27":"product_cat-disposable-vapes-in-portugal","28":"product_cat-disposable-vapes-in-spain","29":"product_cat-disposable-vapes-in-sweden","30":"product_cat-disposable-vapes-in-switzerland","31":"product_cat-disposable-vapes-in-united-states","32":"product_cat-vape-brands","34":"first","35":"instock","36":"shipping-taxable","37":"purchasable","38":"product-type-variable","39":"has-default-attributes"},"tiered_pricing_type":"fixed","tiered_pricing_fixed_rules":[],"tiered_pricing_product_settings":{"layout":"default","base_unit_name":{"singular":null,"plural":null},"default_variation":null},"tiered_pricing_minimum_quantity":null,"tiered_pricing_roles_data":[],"tiered_pricing_percentage_rules":[],"tiered_pricing_maximum_quantity":null,"tiered_pricing_quantity_step":null,"_links":{"self":[{"href":"https:\/\/vapsolovape.com\/pt\/wp-json\/wp\/v2\/product\/1733","targetHints":{"allow":["GET"]}}],"collection":[{"href":"https:\/\/vapsolovape.com\/pt\/wp-json\/wp\/v2\/product"}],"about":[{"href":"https:\/\/vapsolovape.com\/pt\/wp-json\/wp\/v2\/types\/product"}],"replies":[{"embeddable":true,"href":"https:\/\/vapsolovape.com\/pt\/wp-json\/wp\/v2\/comments?post=1733"}],"wp:featuredmedia":[{"embeddable":true,"href":"https:\/\/vapsolovape.com\/pt\/wp-json\/wp\/v2\/media\/1759"}],"wp:attachment":[{"href":"https:\/\/vapsolovape.com\/pt\/wp-json\/wp\/v2\/media?parent=1733"}],"wp:term":[{"taxonomy":"product_brand","embeddable":true,"href":"https:\/\/vapsolovape.com\/pt\/wp-json\/wp\/v2\/product_brand?post=1733"},{"taxonomy":"product_cat","embeddable":true,"href":"https:\/\/vapsolovape.com\/pt\/wp-json\/wp\/v2\/product_cat?post=1733"},{"taxonomy":"product_tag","embeddable":true,"href":"https:\/\/vapsolovape.com\/pt\/wp-json\/wp\/v2\/product_tag?post=1733"}],"curies":[{"name":"wp","href":"https:\/\/api.w.org\/{rel}","templated":true}]}}