{"id":1781,"date":"2025-02-14T18:21:14","date_gmt":"2025-02-14T10:21:14","guid":{"rendered":"https:\/\/vapsolovape.com\/?post_type=product&#038;p=1781"},"modified":"2025-02-25T18:54:24","modified_gmt":"2025-02-25T10:54:24","slug":"al-fakher-vape-15000-puff-crown-stick-22ml-sabores-mistos","status":"publish","type":"product","link":"https:\/\/vapsolovape.com\/pt\/produto\/al-fakher-vape-15000-puff-crown-stick-22ml-sabores-mistos\/","title":{"rendered":"Al Fakher Vape 15000 Puffs Crown Stick - 22 ml de sabores mistos para a m\u00e1xima satisfa\u00e7\u00e3o"},"content":{"rendered":"<p>O Al Fakher Vape 15.000 Puffs Crown Stick \u00e9 o seu vape descart\u00e1vel, concebido para uma satisfa\u00e7\u00e3o duradoura e um sabor de primeira qualidade. Quer seja novo na vaporiza\u00e7\u00e3o ou um profissional experiente, este dispositivo oferece a mistura perfeita de conveni\u00eancia, desempenho e sabor rico - tudo num design elegante e port\u00e1til.<\/p>\n<figure id=\"attachment_6455\" aria-describedby=\"caption-attachment-6455\" style=\"width: 2048px\" class=\"wp-caption alignnone\"><img loading=\"lazy\" decoding=\"async\" class=\"size-full wp-image-6455\" src=\"https:\/\/dankstarvapes.com\/wp-content\/uploads\/2024\/11\/Al-Fakhar-Crown-Bar-15000-Puffs-.webp\" alt=\"Al Fakher Vape 15000 Puff Crown Stick - 22ml Sabores mistos\" width=\"2048\" height=\"1316\" title=\"\"><figcaption id=\"caption-attachment-6455\" class=\"wp-caption-text\">Al Fakher Vape 15000 Puff Crown Stick - 22ml Sabores mistos<\/figcaption><\/figure>\n<hr \/>\n<h2><strong>Porqu\u00ea escolher o Al Fakher Vape 15000 Puff Crown Stick?<\/strong><\/h2>\n<h3><strong>Experi\u00eancia de vaporiza\u00e7\u00e3o de longa dura\u00e7\u00e3o<\/strong><\/h3>\n<p>O <strong>Al Fakher Vape 15000 Puff Crown Stick<\/strong> oferece umas not\u00e1veis 15.000 baforadas por dispositivo, proporcionando-lhe uma experi\u00eancia de vaporiza\u00e7\u00e3o prolongada sem o inc\u00f3modo de substitui\u00e7\u00f5es frequentes. Quer vaporize ocasionalmente ou diariamente, este dispositivo foi concebido para durabilidade e longevidade, garantindo que a sua sess\u00e3o de vaporiza\u00e7\u00e3o dura o tempo que precisar.<\/p>\n<h3><strong>Capacidade de 22 ml de E-l\u00edquido Premium<\/strong><\/h3>\n<p>Com uma generosa capacidade de 22 ml de e-l\u00edquido, o <strong>Al Fakher Vape 15000 Puff<\/strong> permite-lhe desfrutar de sess\u00f5es de vaporiza\u00e7\u00e3o mais longas. Este dep\u00f3sito maior garante que pode desfrutar dos sabores ricos sem precisar de recargas constantes nem se preocupar em ficar sem sumo durante o dia.<\/p>\n<hr \/>\n<h2><strong>Carater\u00edsticas avan\u00e7adas do Al Fakher Vape 15000 Puff Crown Stick<\/strong><\/h2>\n<h3><strong>Bateria recarreg\u00e1vel de 600mAh<\/strong><\/h3>\n<p>O <strong>Al Fakher Vape 15000<\/strong> est\u00e1 equipado com uma bateria recarreg\u00e1vel de 600 mAh, oferecendo um carregamento fi\u00e1vel e r\u00e1pido com uma porta de carregamento Tipo C. Mantenha o seu dispositivo ligado e pronto a utilizar num instante e desfrute de uma satisfa\u00e7\u00e3o vaporizadora ininterrupta.<\/p>\n<h3><strong>Tecnologia de bobina de malha para um sabor melhorado<\/strong><\/h3>\n<p>O <strong>Al Fakher Vape 15000 Puff<\/strong> utiliza uma tecnologia avan\u00e7ada de bobina de malha de 0,6\u03a9 que real\u00e7a o sabor e produz um vapor suave e consistente. Cada baforada proporciona-lhe um sabor mais completo e rico, tornando a sua experi\u00eancia de vaporiza\u00e7\u00e3o mais agrad\u00e1vel.<\/p>\n<h3><strong>Ecr\u00e3 LED para uma monitoriza\u00e7\u00e3o f\u00e1cil<\/strong><\/h3>\n<p>no seu <strong>Al Fakher Vape 15000 Puff Crown Stick<\/strong>. O ecr\u00e3 LED mostra convenientemente a contagem de baforadas e a dura\u00e7\u00e3o da bateria, garantindo que sabe sempre quando \u00e9 altura de recarregar.<\/p>\n<hr \/>\n<h2><strong>V\u00e1rias op\u00e7\u00f5es de sabores \u00e0 escolha<\/strong><\/h2>\n<p>Com <strong>Al Fakher Vape 15000 Puff<\/strong>Com a nossa linha de produtos, pode desfrutar de uma grande variedade de sabores cuidadosamente elaborados. Perfeitos para qualquer disposi\u00e7\u00e3o ou ocasi\u00e3o, cada sabor proporciona um paladar rico e satisfat\u00f3rio. Alguns dos principais sabores incluem:<\/p>\n<h4><strong>Op\u00e7\u00f5es de sabores:<\/strong><\/h4>\n<ul>\n<li><strong>Ma\u00e7\u00e3 dupla<\/strong>: Uma mistura crocante e refrescante de ma\u00e7\u00e3s doces e picantes.<\/li>\n<li><strong>Menta Uva<\/strong>: Uvas sumarentas combinadas com um final fresco e mentolado.<\/li>\n<li><strong>Pastilha el\u00e1stica de mirtilo<\/strong>: Mirtilos doces misturados com um sabor nost\u00e1lgico de pastilha el\u00e1stica.<\/li>\n<li><strong>Hortel\u00e3 baga<\/strong>: Uma mistura doce de frutos silvestres com um toque fresco de menta.<\/li>\n<li><strong>Gelo de p\u00eassego<\/strong>: P\u00eassegos suculentos combinados com um refrescante toque de mentol.<\/li>\n<li><strong>Limonada de mirtilo<\/strong>: Uma combina\u00e7\u00e3o de mirtilo e limonada picante e refrescante.<\/li>\n<li><strong>Goma de hortel\u00e3<\/strong>: Um sabor suave e fresco a pastilha el\u00e1stica de menta para um vape descontra\u00eddo.<\/li>\n<li><strong>Gelo de manga<\/strong>: Uma manga tropical com um travo mentolado crocante.<\/li>\n<li><strong>Amor m\u00edstico<\/strong>: Uma mistura secreta de frutos para uma experi\u00eancia de vaporiza\u00e7\u00e3o \u00fanica.<\/li>\n<li><strong>Gelo exuberante<\/strong>: Melancia refrescante com um toque de mentol.<\/li>\n<\/ul>\n<hr \/>\n<h2><strong>Perfeito para todos os Vapers:<\/strong><\/h2>\n<p>Quer seja um principiante ou um vaporizador experiente, o <strong>Al Fakher Vape 15000 Puff Crown Stick<\/strong> foi concebido para satisfazer as suas necessidades. A sua simplicidade e carater\u00edsticas avan\u00e7adas tornam-no adequado para todos, oferecendo sempre uma experi\u00eancia de vaporiza\u00e7\u00e3o satisfat\u00f3ria e saborosa.<\/p>\n<h4><strong>Principais vantagens:<\/strong><\/h4>\n<ul>\n<li><strong>Duradouro e pr\u00e1tico<\/strong> com 15.000 baforadas por aparelho.<\/li>\n<li><strong>Capacidade generosa de 22 ml de e-l\u00edquido<\/strong> para menos recargas.<\/li>\n<li><strong>Elegante e port\u00e1til<\/strong> design que \u00e9 f\u00e1cil de transportar e utilizar em viagem.<\/li>\n<li><strong>Op\u00e7\u00f5es de sabores premium<\/strong> para todos os gostos.<\/li>\n<li><strong>Recarreg\u00e1vel e amigo do ambiente<\/strong>, com uma porta de carregamento r\u00e1pido Tipo C.<\/li>\n<li><strong>Constru\u00e7\u00e3o de alta qualidade<\/strong> que melhora o sabor e a produ\u00e7\u00e3o de vapor.<\/li>\n<\/ul>\n<hr \/>\n<h2><strong>Encomende hoje o seu Al Fakher Vape 15000 Puff Crown Stick<\/strong><\/h2>\n<p>N\u00e3o perca a mais recente tecnologia de vaporiza\u00e7\u00e3o. Experimente um vape suave, saboroso e duradouro com o <strong>Al Fakher Vape 15000 Puff Crown Stick<\/strong>. Quer esteja \u00e0 procura de um sabor cl\u00e1ssico de fruta ou de um toque refrescante de mentol, temos algo para todos.<\/p>\n<p>Encomende agora e eleve a sua experi\u00eancia de vaporiza\u00e7\u00e3o com o melhor do mercado!<\/p>\n<p><strong>Porqu\u00ea escolher-nos?<\/strong><\/p>\n<p>Ao escolher a loja oficial de vapes descart\u00e1veis, pode desfrutar de muitos benef\u00edcios:<\/p>\n<ul>\n<li><strong>Canal de vendas oficial:<\/strong>\u00a0Garantimos produtos aut\u00eanticos e um servi\u00e7o de qualidade.<\/li>\n<li><strong>Com\u00e9rcio grossista e retalhista:<\/strong>\u00a0Oferecemos op\u00e7\u00f5es de compra flex\u00edveis para particulares e grossistas.<\/li>\n<li><strong>Garantia de qualidade:<\/strong>\u00a0Os nossos produtos s\u00e3o submetidos a rigorosos testes de qualidade para garantir a sua satisfa\u00e7\u00e3o.<\/li>\n<li><strong>Envio para todo o mundo:<\/strong>\u00a0Temos orgulho em enviar os nossos produtos para a maior parte do mundo, garantindo que pode desfrutar dos nossos produtos onde quer que esteja.<\/li>\n<li><strong>Experi\u00eancia no sector:<\/strong>\u00a0Com mais de 8 anos de experi\u00eancia no mercado, torn\u00e1mo-nos uma escolha de confian\u00e7a e de primeira qualidade.<\/li>\n<li><strong>Parcerias a longo prazo:<\/strong>\u00a0Tamb\u00e9m cooperamos com lojistas locais na Europa, o que nos permite responder rapidamente \u00e0s necessidades do mercado e manter a frescura dos nossos produtos.<\/li>\n<\/ul>\n<p>A escolha dos nossos vapes descart\u00e1veis permite-lhe n\u00e3o s\u00f3 desfrutar de uma variedade de sabores, mas tamb\u00e9m experimentar uma extraordin\u00e1ria viagem de vaporiza\u00e7\u00e3o. Para mais informa\u00e7\u00f5es, visite-nos <a href=\"http:\/\/dankstarvapes.com\" target=\"_blank\" rel=\"noopener\">dankstarvapes.com<\/a>!<\/p>","protected":false},"excerpt":{"rendered":"<p>The Al Fakher Vape 15,000 Puffs Crown Stick is your go-to disposable vape, crafted for long-lasting satisfaction and premium flavor. Whether you\u2019re new to vaping or a seasoned pro, this device offers the perfect blend of convenience, performance, and rich flavor\u2014all packed into a sleek, portable design. Why Choose Al Fakher Vape 15000 Puff Crown [&#8230;]","protected":false},"featured_media":1792,"comment_status":"open","ping_status":"closed","template":"","meta":[],"product_brand":[],"product_cat":[94,75,95,116,78,97,71,79,80,81,82,83,84,85,86,87,88,89,90,91,16,92],"product_tag":[],"class_list":{"0":"post-1781","1":"product","2":"type-product","3":"status-publish","4":"has-post-thumbnail","6":"product_cat-15000-15k-puff-vape","7":"product_cat-2-nicotine-disposable-vape","8":"product_cat-advanced-vape","9":"product_cat-al-fakhar-vape","10":"product_cat-disposable-vape-near-me","11":"product_cat-disposable-vape-with-screen","12":"product_cat-0-5-nicotine-vapes","13":"product_cat-disposable-vapes-in-austria","14":"product_cat-disposable-vapes-in-belgium","15":"product_cat-disposable-vapes-in-france","16":"product_cat-disposable-vapes-in-germany","17":"product_cat-disposable-vapes-in-ltaly","18":"product_cat-disposable-vapes-in-netherlands","19":"product_cat-disposable-vapes-in-norway","20":"product_cat-disposable-vapes-in-poland","21":"product_cat-disposable-vapes-in-portugal","22":"product_cat-disposable-vapes-in-spain","23":"product_cat-disposable-vapes-in-sweden","24":"product_cat-disposable-vapes-in-switzerland","25":"product_cat-disposable-vapes-in-united-states","26":"product_cat-uncategorized","27":"product_cat-vape-brands","29":"first","30":"instock","31":"shipping-taxable","32":"purchasable","33":"product-type-variable","34":"has-default-attributes"},"tiered_pricing_type":"fixed","tiered_pricing_fixed_rules":[],"tiered_pricing_product_settings":{"layout":"default","base_unit_name":{"singular":null,"plural":null},"default_variation":null},"tiered_pricing_minimum_quantity":null,"tiered_pricing_roles_data":[],"tiered_pricing_percentage_rules":[],"tiered_pricing_maximum_quantity":null,"tiered_pricing_quantity_step":null,"_links":{"self":[{"href":"https:\/\/vapsolovape.com\/pt\/wp-json\/wp\/v2\/product\/1781","targetHints":{"allow":["GET"]}}],"collection":[{"href":"https:\/\/vapsolovape.com\/pt\/wp-json\/wp\/v2\/product"}],"about":[{"href":"https:\/\/vapsolovape.com\/pt\/wp-json\/wp\/v2\/types\/product"}],"replies":[{"embeddable":true,"href":"https:\/\/vapsolovape.com\/pt\/wp-json\/wp\/v2\/comments?post=1781"}],"wp:featuredmedia":[{"embeddable":true,"href":"https:\/\/vapsolovape.com\/pt\/wp-json\/wp\/v2\/media\/1792"}],"wp:attachment":[{"href":"https:\/\/vapsolovape.com\/pt\/wp-json\/wp\/v2\/media?parent=1781"}],"wp:term":[{"taxonomy":"product_brand","embeddable":true,"href":"https:\/\/vapsolovape.com\/pt\/wp-json\/wp\/v2\/product_brand?post=1781"},{"taxonomy":"product_cat","embeddable":true,"href":"https:\/\/vapsolovape.com\/pt\/wp-json\/wp\/v2\/product_cat?post=1781"},{"taxonomy":"product_tag","embeddable":true,"href":"https:\/\/vapsolovape.com\/pt\/wp-json\/wp\/v2\/product_tag?post=1781"}],"curies":[{"name":"wp","href":"https:\/\/api.w.org\/{rel}","templated":true}]}}