{"id":1979,"date":"2025-02-14T18:22:25","date_gmt":"2025-02-14T10:22:25","guid":{"rendered":"https:\/\/vapsolovape.com\/?post_type=product&#038;p=1979"},"modified":"2025-02-25T15:53:04","modified_gmt":"2025-02-25T07:53:04","slug":"atvs-vape-30000-puffs-sabor-maximo-desempenho","status":"publish","type":"product","link":"https:\/\/vapsolovape.com\/pt\/produto\/atvs-vape-30000-puffs-sabor-maximo-desempenho\/","title":{"rendered":"ATVS Vape 30000 Puffs - Desempenho m\u00e1ximo e sabor inigual\u00e1vel"},"content":{"rendered":"<p>O Vape descart\u00e1vel ATVS Vape 30000 Puffs foi concebido para aqueles que procuram o m\u00e1ximo em desempenho e sabor. Com at\u00e9 30.000 baforadas, este dispositivo oferece um vapor rico e saboroso, nuvens densas e uma vida \u00fatil alargada - tudo sem o inc\u00f3modo de substitui\u00e7\u00f5es frequentes. Desfrute de uma experi\u00eancia de vaporiza\u00e7\u00e3o mais duradoura e de alta qualidade a cada tragada.<\/p>\n<figure id=\"attachment_6700\" aria-describedby=\"caption-attachment-6700\" style=\"width: 1920px\" class=\"wp-caption alignnone\"><img loading=\"lazy\" decoding=\"async\" class=\"wp-image-6700 size-full\" src=\"https:\/\/dankstarvapes.com\/wp-content\/uploads\/2024\/11\/672f129a64a91.webp\" alt=\"ATVS Vape 30000 Puffs\" width=\"1920\" height=\"851\" title=\"\"><figcaption id=\"caption-attachment-6700\" class=\"wp-caption-text\">ATVS Vape 30000 Puffs<\/figcaption><\/figure>\n<h2><strong>Carater\u00edsticas principais do ATVS Vape 30000 Puffs<\/strong><\/h2>\n<h3><strong>At\u00e9 30.000 baforadas - Longevidade sem igual<\/strong><\/h3>\n<p>Desfrute de at\u00e9 30.000 baforadas com o <strong>ATVS 30000 Puffs<\/strong>O seu design \u00e9 muito elegante, proporcionando uma experi\u00eancia de vaporiza\u00e7\u00e3o mais duradoura do que a maioria dos vapores descart\u00e1veis. Ideal para utilizadores intensivos ou para aqueles que preferem sess\u00f5es mais longas sem interrup\u00e7\u00e3o.<\/p>\n<h3><strong>Bobinas de malha dupla - Sabor rico, vapor denso<\/strong><\/h3>\n<p>O <strong>bobina de malha dupla<\/strong> garante uma experi\u00eancia de vaporiza\u00e7\u00e3o suave e consistente. As bobinas maximizam a intensidade do sabor e a produ\u00e7\u00e3o de vapor, oferecendo nuvens mais ricas e densas a cada tragada.<\/p>\n<h3><strong>Enorme capacidade de 22 ml de E-l\u00edquido - n\u00e3o necessita de recargas<\/strong><\/h3>\n<p>Com <strong>22ml<\/strong> de capacidade de e-l\u00edquido, o ATVS 30000 Puffs oferece bastante sumo de vapor para durar in\u00fameras sess\u00f5es. A grande capacidade garante que n\u00e3o ser\u00e1 necess\u00e1rio reabastecer ou substituir o dispositivo com frequ\u00eancia.<\/p>\n<h3><strong>Bateria de 1000mAh - Pot\u00eancia de longa dura\u00e7\u00e3o<\/strong><\/h3>\n<p>O <strong>Bateria de 1000mAh<\/strong> oferece uma pot\u00eancia fi\u00e1vel que suporta longas sess\u00f5es de vaporiza\u00e7\u00e3o. Concebida para uma utiliza\u00e7\u00e3o intensiva, a bateria garante que o dispositivo dura at\u00e9 \u00e0 \u00faltima baforada sem ficar sem energia.<\/p>\n<h3><strong>Variedade de sabores - \u00e0 medida do seu gosto<\/strong><\/h3>\n<p>Escolha entre uma vasta gama de sabores premium, incluindo <strong>Gelo de manga<\/strong>, <strong>Gelo de mirtilo<\/strong>, <strong>Melancia com morango<\/strong>, <strong>Gelo de lichia<\/strong>e muito mais. Quer deseje algo frutado ou mentolado, o ATVS 30000 Puffs oferece um sabor para cada prefer\u00eancia.<\/p>\n<p><strong>N\u00edvel de for\u00e7a\uff1a<\/strong> 5%<\/p>\n<figure id=\"attachment_6701\" aria-describedby=\"caption-attachment-6701\" style=\"width: 1920px\" class=\"wp-caption alignnone\"><img loading=\"lazy\" decoding=\"async\" class=\"wp-image-6701 size-full\" src=\"https:\/\/dankstarvapes.com\/wp-content\/uploads\/2024\/11\/ATVS-30000-Puffs-Disposable-Vapes1.webp\" alt=\"ATVS Vape 30000 Puffs\" width=\"1920\" height=\"850\" title=\"\"><figcaption id=\"caption-attachment-6701\" class=\"wp-caption-text\">ATVS Vape 30000 Puffs<\/figcaption><\/figure>\n<h2><strong>Porqu\u00ea escolher o ATVS Vape 30000 Puffs?<\/strong><\/h2>\n<h3><strong>ATVS Vape 30000 Puffs Desempenho alargado para utilizadores intensivos<\/strong><\/h3>\n<p>Com at\u00e9 <strong>30.000 baforadas<\/strong>Com uma bateria potente e uma enorme capacidade de e-l\u00edquido, este dispositivo \u00e9 perfeito para quem gosta de sess\u00f5es prolongadas e ininterruptas. \u00c9 o derradeiro vape descart\u00e1vel para os entusiastas que exigem o melhor desempenho.<\/p>\n<h3><strong>ATVS Vape 30000 Puffs Sabor rico e consistente<\/strong><\/h3>\n<p>O <strong>bobina de malha dupla<\/strong> garante que cada baforada est\u00e1 repleta de sabor. Pode contar com o ATVS Vape 30000 Puffs para proporcionar baforadas ricas e satisfat\u00f3rias, sess\u00e3o ap\u00f3s sess\u00e3o, sem qualquer perda de qualidade.<\/p>\n<h3><strong>ATVS Vape 30000 Puffs Design elegante e port\u00e1til<\/strong><\/h3>\n<p>O design compacto torna o ATVS Vape 30000 Puffs f\u00e1cil de transportar e utilizar onde quer que v\u00e1. Apesar da sua impressionante bateria e capacidade de e-l\u00edquido, o dispositivo \u00e9 leve e port\u00e1til, cabendo perfeitamente no seu bolso.<\/p>\n<figure id=\"attachment_6702\" aria-describedby=\"caption-attachment-6702\" style=\"width: 1920px\" class=\"wp-caption alignnone\"><img loading=\"lazy\" decoding=\"async\" class=\"wp-image-6702 size-full\" src=\"https:\/\/dankstarvapes.com\/wp-content\/uploads\/2024\/11\/ATVS-30000-Puffs-Disposable-Vapes-2.webp\" alt=\"ATVS Vape 30000 Puffs\" width=\"1920\" height=\"851\" title=\"\"><figcaption id=\"caption-attachment-6702\" class=\"wp-caption-text\">ATVS Vape 30000 Puffs<\/figcaption><\/figure>\n<h2><strong>ATVS Vape 30000 Puffs - Pronto para venda por atacado<\/strong><\/h2>\n<h3><strong>Embalagens a granel para retalhistas e distribuidores<\/strong><\/h3>\n<p>A ATVS Vape 30000 Puffs est\u00e1 dispon\u00edvel em embalagens a granel, o que a torna perfeita para retalhistas e distribuidores. Cada caixa cont\u00e9m <strong>10 unidades individuais<\/strong>e caixas de cart\u00e3o a granel com <strong>200 unidades<\/strong> est\u00e3o dispon\u00edveis para satisfazer a procura de encomendas maiores.<\/p>\n<h3><strong>Gest\u00e3o de invent\u00e1rio sem esfor\u00e7o<\/strong><\/h3>\n<ul>\n<li><strong>10 unidades por caixa<\/strong>: Compacto e f\u00e1cil de guardar.<\/li>\n<li><strong>200 unidades por caixa<\/strong>: Ideal para encomendas de grande volume.<\/li>\n<li><strong>Embalagem duradoura<\/strong>: Concebido para resistir ao transporte e ao manuseamento.<\/li>\n<\/ul>\n<h2><strong>Escolha hoje o ATVS Vape 30000 Puffs<\/strong><\/h2>\n<p>Melhore a sua experi\u00eancia de vaporiza\u00e7\u00e3o com o <strong>ATVS Vape 30000 Puffs<\/strong>. Oferecendo um desempenho de topo, um sabor rico e uma pot\u00eancia duradoura, \u00e9 a escolha perfeita para qualquer vaper que queira o melhor.<\/p>\n<p><strong>Encomendar agora<\/strong> e beneficie de envio gratuito para encomendas em grandes quantidades!<\/p>\n<p><strong>Porqu\u00ea escolher-nos?<\/strong><\/p>\n<p>Ao escolher a loja oficial de vapes descart\u00e1veis, pode desfrutar de muitos benef\u00edcios:<\/p>\n<ul>\n<li><strong>Canal de vendas oficial:<\/strong>\u00a0Garantimos produtos aut\u00eanticos e um servi\u00e7o de qualidade.<\/li>\n<li><strong>Com\u00e9rcio grossista e retalhista:<\/strong>\u00a0Oferecemos op\u00e7\u00f5es de compra flex\u00edveis para particulares e grossistas.<\/li>\n<li><strong>Garantia de qualidade:<\/strong>\u00a0Os nossos produtos s\u00e3o submetidos a rigorosos testes de qualidade para garantir a sua satisfa\u00e7\u00e3o.<\/li>\n<li><strong>Envio para todo o mundo:<\/strong>\u00a0Temos orgulho em enviar os nossos produtos para a maior parte do mundo, garantindo que pode desfrutar dos nossos produtos onde quer que esteja.<\/li>\n<li><strong>Experi\u00eancia no sector:<\/strong>\u00a0Com mais de 8 anos de experi\u00eancia no mercado, torn\u00e1mo-nos uma escolha de confian\u00e7a e de primeira qualidade.<\/li>\n<li><strong>Parcerias a longo prazo:<\/strong>\u00a0Tamb\u00e9m cooperamos com lojistas locais na Europa, o que nos permite responder rapidamente \u00e0s necessidades do mercado e manter a frescura dos nossos produtos.<\/li>\n<\/ul>\n<p>A escolha dos nossos vapes descart\u00e1veis permite-lhe n\u00e3o s\u00f3 desfrutar de uma variedade de sabores, mas tamb\u00e9m experimentar uma extraordin\u00e1ria viagem de vaporiza\u00e7\u00e3o. Para mais informa\u00e7\u00f5es, visite-nos <a href=\"http:\/\/dankstarvapes.com\" target=\"_blank\" rel=\"noopener\">dankstarvapes.com<\/a>!<\/p>","protected":false},"excerpt":{"rendered":"<p>The ATVS Vape 30000 Puffs Disposable Vape is built for those who seek the ultimate in performance and flavor. With up to 30,000 puffs, this device offers rich, flavorful vapor, dense clouds, and an extended lifespan \u2013 all without the hassle of frequent replacements. Enjoy a longer-lasting, high-quality vaping experience with every puff. Key Features [&#8230;]","protected":false},"featured_media":2005,"comment_status":"open","ping_status":"closed","template":"","meta":[],"product_brand":[],"product_cat":[77,95,118,73,100,133,78,97,71,79,80,81,82,83,84,85,86,87,88,89,90,91,92],"product_tag":[],"class_list":{"0":"post-1979","1":"product","2":"type-product","3":"status-publish","4":"has-post-thumbnail","6":"product_cat-5-nicotine-disposable-vape","7":"product_cat-advanced-vape","8":"product_cat-atvs-vape","9":"product_cat-big-puff-vapes","10":"product_cat-big-puff-vapes-30000","11":"product_cat-crystal-vape","12":"product_cat-disposable-vape-near-me","13":"product_cat-disposable-vape-with-screen","14":"product_cat-0-5-nicotine-vapes","15":"product_cat-disposable-vapes-in-austria","16":"product_cat-disposable-vapes-in-belgium","17":"product_cat-disposable-vapes-in-france","18":"product_cat-disposable-vapes-in-germany","19":"product_cat-disposable-vapes-in-ltaly","20":"product_cat-disposable-vapes-in-netherlands","21":"product_cat-disposable-vapes-in-norway","22":"product_cat-disposable-vapes-in-poland","23":"product_cat-disposable-vapes-in-portugal","24":"product_cat-disposable-vapes-in-spain","25":"product_cat-disposable-vapes-in-sweden","26":"product_cat-disposable-vapes-in-switzerland","27":"product_cat-disposable-vapes-in-united-states","28":"product_cat-vape-brands","30":"first","31":"instock","32":"shipping-taxable","33":"purchasable","34":"product-type-variable","35":"has-default-attributes"},"tiered_pricing_type":"fixed","tiered_pricing_fixed_rules":[],"tiered_pricing_product_settings":{"layout":"default","base_unit_name":{"singular":null,"plural":null},"default_variation":null},"tiered_pricing_minimum_quantity":null,"tiered_pricing_roles_data":[],"tiered_pricing_percentage_rules":[],"tiered_pricing_maximum_quantity":null,"tiered_pricing_quantity_step":null,"_links":{"self":[{"href":"https:\/\/vapsolovape.com\/pt\/wp-json\/wp\/v2\/product\/1979","targetHints":{"allow":["GET"]}}],"collection":[{"href":"https:\/\/vapsolovape.com\/pt\/wp-json\/wp\/v2\/product"}],"about":[{"href":"https:\/\/vapsolovape.com\/pt\/wp-json\/wp\/v2\/types\/product"}],"replies":[{"embeddable":true,"href":"https:\/\/vapsolovape.com\/pt\/wp-json\/wp\/v2\/comments?post=1979"}],"wp:featuredmedia":[{"embeddable":true,"href":"https:\/\/vapsolovape.com\/pt\/wp-json\/wp\/v2\/media\/2005"}],"wp:attachment":[{"href":"https:\/\/vapsolovape.com\/pt\/wp-json\/wp\/v2\/media?parent=1979"}],"wp:term":[{"taxonomy":"product_brand","embeddable":true,"href":"https:\/\/vapsolovape.com\/pt\/wp-json\/wp\/v2\/product_brand?post=1979"},{"taxonomy":"product_cat","embeddable":true,"href":"https:\/\/vapsolovape.com\/pt\/wp-json\/wp\/v2\/product_cat?post=1979"},{"taxonomy":"product_tag","embeddable":true,"href":"https:\/\/vapsolovape.com\/pt\/wp-json\/wp\/v2\/product_tag?post=1979"}],"curies":[{"name":"wp","href":"https:\/\/api.w.org\/{rel}","templated":true}]}}