{"id":2721,"date":"2025-02-14T18:26:55","date_gmt":"2025-02-14T10:26:55","guid":{"rendered":"https:\/\/vapsolovape.com\/?post_type=product&#038;p=2721"},"modified":"2025-02-24T22:14:29","modified_gmt":"2025-02-24T14:14:29","slug":"gazzbar-rocket-20000-puffs-vape-recarregavel-dual-mesh","status":"publish","type":"product","link":"https:\/\/vapsolovape.com\/pt\/produto\/gazzbar-rocket-20000-puffs-vape-recarregavel-dual-mesh\/","title":{"rendered":"Gazzbar Rocket 20000 Puffs Vape - Recarreg\u00e1vel com tecnologia de malha dupla"},"content":{"rendered":"<p data-start=\"114\" data-end=\"394\">Leve a sua experi\u00eancia de vaporiza\u00e7\u00e3o para o pr\u00f3ximo n\u00edvel com o <strong data-start=\"169\" data-end=\"204\">Gazzbar Rocket 20000 Puffs Vape<\/strong>. Concebido para <strong data-start=\"221\" data-end=\"245\">desempenho m\u00e1ximo<\/strong>, este vape descart\u00e1vel oferece uma not\u00e1vel <strong data-start=\"288\" data-end=\"304\">20.000 baforadas<\/strong>, assegurando <strong data-start=\"315\" data-end=\"344\">satisfa\u00e7\u00e3o duradoura<\/strong> tanto para principiantes como para vapers experientes.<\/p>\n<p data-start=\"396\" data-end=\"612\">Com <strong data-start=\"401\" data-end=\"430\">tecnologia de bobina de malha dupla<\/strong> e um <strong data-start=\"437\" data-end=\"461\">bateria recarreg\u00e1vel<\/strong>, o <strong data-start=\"467\" data-end=\"485\">Foguet\u00e3o Gazzbar<\/strong> entrega <strong data-start=\"495\" data-end=\"507\">mais suave<\/strong> e <strong data-start=\"512\" data-end=\"535\">hits mais saborosos<\/strong> a cada tragada, proporcionando uma experi\u00eancia vaporizadora de primeira qualidade, feita para durar.<\/p>\n<figure id=\"attachment_7547\" aria-describedby=\"caption-attachment-7547\" style=\"width: 2048px\" class=\"wp-caption alignnone\"><img loading=\"lazy\" decoding=\"async\" class=\"size-full wp-image-7547\" src=\"https:\/\/dankstarvapes.com\/wp-content\/uploads\/2024\/12\/Gazzbar-Rocket-20000-Puffs-4.webp\" alt=\"Gazzbar Rocket 20000 Puffs\" width=\"2048\" height=\"1152\" title=\"\"><figcaption id=\"caption-attachment-7547\" class=\"wp-caption-text\">Gazzbar Rocket 20000 Puffs<\/figcaption><\/figure>\n<h3><strong>Carater\u00edsticas principais:<\/strong><\/h3>\n<ul>\n<li><strong>20.000 puffs para um prazer prolongado<\/strong>: Com uma grande capacidade de e-l\u00edquido e uma bateria recarreg\u00e1vel, pode desfrutar de at\u00e9 20.000 baforadas de sabor e vapor consistentes.<\/li>\n<li><strong>Tecnologia de bobina de malha dupla<\/strong>: O avan\u00e7ado sistema de bobina de malha dupla melhora o sabor e a produ\u00e7\u00e3o de vapor para uma experi\u00eancia de vaporiza\u00e7\u00e3o mais suave e rica.<\/li>\n<li><strong>Bateria recarreg\u00e1vel<\/strong>: Alimentado por uma bateria recarreg\u00e1vel de 650mAh, pode recarregar facilmente atrav\u00e9s do indicador LED, garantindo que o seu vape est\u00e1 sempre pronto a usar.<\/li>\n<li><strong>Grande capacidade de E-l\u00edquido<\/strong>: A capacidade de 18 ml de e-l\u00edquido minimiza a necessidade de recargas frequentes, permitindo-lhe vaporizar durante mais tempo sem interrup\u00e7\u00f5es.<\/li>\n<li><strong>Op\u00e7\u00f5es vers\u00e1teis de sabores<\/strong>: Escolha entre uma variedade de deliciosos sabores, incluindo White Gummy Ice, Strawberry Kiwi, Blue Razz Ice e muito mais, garantindo que existe uma op\u00e7\u00e3o perfeita para cada vaper.<\/li>\n<li><strong>5% Intensidade da nicotina<\/strong>: Ideal para aqueles que preferem uma dose satisfat\u00f3ria de nicotina com uma experi\u00eancia equilibrada e suave.<\/li>\n<\/ul>\n<h3><strong>Sabores populares:<\/strong><\/h3>\n<ul>\n<li><strong>Gomas de gelo brancas<\/strong>: Doce rebu\u00e7ado de goma com um refrescante final de mentol.<\/li>\n<li><strong>Morango Kiwi<\/strong>: Uma mistura frutada de morangos maduros e kiwis picantes.<\/li>\n<li><strong>Gelo Blue Razz<\/strong>: Framboesas azuis doces com um toque fresco de mentol.<\/li>\n<li><strong>Banana com morango<\/strong>: Uma mistura cremosa de morangos frescos e bananas maduras.<\/li>\n<li><strong>Gelo de ma\u00e7\u00e3 azeda<\/strong>: Sabor a ma\u00e7\u00e3 picante real\u00e7ado por uma brisa refrescante de mentol.<\/li>\n<li><strong>Gelo de p\u00eassego<\/strong>: P\u00eassegos sumarentos com um final fresco e crocante.<\/li>\n<\/ul>\n<h3><strong>Porqu\u00ea escolher o Gazzbar Rocket 20000 Puffs Vape?<\/strong><\/h3>\n<ul>\n<li><strong>Duradouro e consistente<\/strong>: At\u00e9 20.000 baforadas com uma experi\u00eancia de vaporiza\u00e7\u00e3o suave do princ\u00edpio ao fim.<\/li>\n<li><strong>Bobinas de malha dupla premium<\/strong>: Optimizado para um sabor rico e um vapor suave.<\/li>\n<li><strong>Recarreg\u00e1vel e pr\u00e1tico<\/strong>: F\u00e1cil de recarregar para uma utiliza\u00e7\u00e3o cont\u00ednua, garantindo um tempo de inatividade m\u00ednimo.<\/li>\n<li><strong>Vasta sele\u00e7\u00e3o de sabores<\/strong>: M\u00faltiplos sabores para agradar a diferentes gostos, perfeito para todos os vapers.<\/li>\n<\/ul>\n<h3><strong>Op\u00e7\u00f5es de compra a granel dispon\u00edveis<\/strong><\/h3>\n<ul>\n<li><strong>Pre\u00e7os competitivos<\/strong>: Comprar a granel para obter poupan\u00e7as significativas e margens de lucro mais elevadas.<\/li>\n<li><strong>Fornecimento fi\u00e1vel<\/strong>: Mantenha o seu stock sempre cheio de sabores populares e de grande procura.<\/li>\n<li><strong>Envio r\u00e1pido e eficiente<\/strong>: Receba as suas encomendas rapidamente com op\u00e7\u00f5es de envio r\u00e1pido.<\/li>\n<\/ul>\n<h3><strong>Encomenda hoje o teu Gazzbar Rocket 20000 Puffs Vape!<\/strong><\/h3>\n<p>Leve o seu vaping para o pr\u00f3ximo n\u00edvel com o <strong>Gazzbar Rocket 20000 Puffs Vape<\/strong>. Quer esteja a abastecer a sua loja de vape ou apenas a desfrutar de uma vaporiza\u00e7\u00e3o de qualidade em casa, este dispositivo de alto desempenho oferece tudo o que precisa para uma experi\u00eancia de vaporiza\u00e7\u00e3o excecional.<\/p>\n<p><strong>Comprar agora<\/strong> para obteres o teu Gazzbar Rocket 20000 Puffs Vape e sentires uma satisfa\u00e7\u00e3o duradoura em cada tragada.<\/p>\n<p><strong>Porqu\u00ea escolher-nos?<\/strong><\/p>\n<p>Ao escolher a loja oficial de vapes descart\u00e1veis, pode desfrutar de muitos benef\u00edcios:<\/p>\n<ul>\n<li><strong>Canal de vendas oficial:<\/strong>\u00a0Garantimos produtos aut\u00eanticos e um servi\u00e7o de qualidade.<\/li>\n<li><strong>Com\u00e9rcio grossista e retalhista:<\/strong>\u00a0Oferecemos op\u00e7\u00f5es de compra flex\u00edveis para particulares e grossistas.<\/li>\n<li><strong>Garantia de qualidade:<\/strong>\u00a0Os nossos produtos s\u00e3o submetidos a rigorosos testes de qualidade para garantir a sua satisfa\u00e7\u00e3o.<\/li>\n<li><strong>Envio para todo o mundo:<\/strong>\u00a0Temos orgulho em enviar os nossos produtos para a maior parte do mundo, garantindo que pode desfrutar dos nossos produtos onde quer que esteja.<\/li>\n<li><strong>Experi\u00eancia no sector:<\/strong>\u00a0Com mais de 8 anos de experi\u00eancia no mercado, torn\u00e1mo-nos uma escolha de confian\u00e7a e de primeira qualidade.<\/li>\n<li><strong>Parcerias a longo prazo:<\/strong>\u00a0Tamb\u00e9m cooperamos com lojistas locais na Europa, o que nos permite responder rapidamente \u00e0s necessidades do mercado e manter a frescura dos nossos produtos.<\/li>\n<\/ul>\n<p>A escolha dos nossos vapes descart\u00e1veis permite-lhe n\u00e3o s\u00f3 desfrutar de uma variedade de sabores, mas tamb\u00e9m experimentar uma extraordin\u00e1ria viagem de vaporiza\u00e7\u00e3o. Para mais informa\u00e7\u00f5es, visite-nos <a href=\"https:\/\/dankstarvapes.com\/product-category\/popular-disposable-vape-brands\/\" target=\"_blank\" rel=\"noopener\">dankstarvapes.com<\/a>!<\/p>","protected":false},"excerpt":{"rendered":"<p>Take your vaping experience to the next level with the Gazzbar Rocket 20000 Puffs Vape. Engineered for ultimate performance, this disposable vape offers a remarkable 20,000 puffs, ensuring long-lasting satisfaction for both beginners and experienced vapers alike. With dual mesh coil technology and a rechargeable battery, the Gazzbar Rocket delivers smoother and more flavorful hits [&#8230;]","protected":false},"featured_media":2741,"comment_status":"open","ping_status":"closed","template":"","meta":[],"product_brand":[],"product_cat":[102,77,95,73,78,96,71,79,80,81,82,83,84,85,86,87,88,89,90,91,124,92],"product_tag":[],"class_list":{"0":"post-2721","1":"product","2":"type-product","3":"status-publish","4":"has-post-thumbnail","6":"product_cat-20000-20k-puff-vape","7":"product_cat-5-nicotine-disposable-vape","8":"product_cat-advanced-vape","9":"product_cat-big-puff-vapes","10":"product_cat-disposable-vape-near-me","11":"product_cat-disposable-vape-with-led-light","12":"product_cat-0-5-nicotine-vapes","13":"product_cat-disposable-vapes-in-austria","14":"product_cat-disposable-vapes-in-belgium","15":"product_cat-disposable-vapes-in-france","16":"product_cat-disposable-vapes-in-germany","17":"product_cat-disposable-vapes-in-ltaly","18":"product_cat-disposable-vapes-in-netherlands","19":"product_cat-disposable-vapes-in-norway","20":"product_cat-disposable-vapes-in-poland","21":"product_cat-disposable-vapes-in-portugal","22":"product_cat-disposable-vapes-in-spain","23":"product_cat-disposable-vapes-in-sweden","24":"product_cat-disposable-vapes-in-switzerland","25":"product_cat-disposable-vapes-in-united-states","26":"product_cat-gazzbar-vape","27":"product_cat-vape-brands","29":"first","30":"instock","31":"shipping-taxable","32":"purchasable","33":"product-type-variable","34":"has-default-attributes"},"tiered_pricing_type":"fixed","tiered_pricing_fixed_rules":[],"tiered_pricing_product_settings":{"layout":"default","base_unit_name":{"singular":null,"plural":null},"default_variation":null},"tiered_pricing_minimum_quantity":null,"tiered_pricing_roles_data":[],"tiered_pricing_percentage_rules":[],"tiered_pricing_maximum_quantity":null,"tiered_pricing_quantity_step":null,"_links":{"self":[{"href":"https:\/\/vapsolovape.com\/pt\/wp-json\/wp\/v2\/product\/2721","targetHints":{"allow":["GET"]}}],"collection":[{"href":"https:\/\/vapsolovape.com\/pt\/wp-json\/wp\/v2\/product"}],"about":[{"href":"https:\/\/vapsolovape.com\/pt\/wp-json\/wp\/v2\/types\/product"}],"replies":[{"embeddable":true,"href":"https:\/\/vapsolovape.com\/pt\/wp-json\/wp\/v2\/comments?post=2721"}],"wp:featuredmedia":[{"embeddable":true,"href":"https:\/\/vapsolovape.com\/pt\/wp-json\/wp\/v2\/media\/2741"}],"wp:attachment":[{"href":"https:\/\/vapsolovape.com\/pt\/wp-json\/wp\/v2\/media?parent=2721"}],"wp:term":[{"taxonomy":"product_brand","embeddable":true,"href":"https:\/\/vapsolovape.com\/pt\/wp-json\/wp\/v2\/product_brand?post=2721"},{"taxonomy":"product_cat","embeddable":true,"href":"https:\/\/vapsolovape.com\/pt\/wp-json\/wp\/v2\/product_cat?post=2721"},{"taxonomy":"product_tag","embeddable":true,"href":"https:\/\/vapsolovape.com\/pt\/wp-json\/wp\/v2\/product_tag?post=2721"}],"curies":[{"name":"wp","href":"https:\/\/api.w.org\/{rel}","templated":true}]}}