{"id":2910,"date":"2025-02-14T18:27:55","date_gmt":"2025-02-14T10:27:55","guid":{"rendered":"https:\/\/vapsolovape.com\/?post_type=product&#038;p=2910"},"modified":"2025-02-24T21:48:43","modified_gmt":"2025-02-24T13:48:43","slug":"vapen-mrs-pro-15000-puffs-vape-recarregavel-ajustavel","status":"publish","type":"product","link":"https:\/\/vapsolovape.com\/pt\/produto\/vapen-mrs-pro-15000-puffs-vape-recarregavel-ajustavel\/","title":{"rendered":"VAPEN MRS PRO 15000 Puffs Vape - Recarreg\u00e1vel e personaliz\u00e1vel com defini\u00e7\u00f5es ajust\u00e1veis"},"content":{"rendered":"<p data-start=\"144\" data-end=\"428\">Bem-vindo ao <strong data-start=\"159\" data-end=\"193\">VAPEN MRS PRO 15000 Puffs Vape<\/strong>\u00e9 a solu\u00e7\u00e3o perfeita para os vapers que desejam uma experi\u00eancia alargada, personaliz\u00e1vel e saborosa. Com um impressionante <strong data-start=\"309\" data-end=\"325\">15 000 baforadas<\/strong>Este dispositivo proporciona uma satisfa\u00e7\u00e3o duradoura sem necessidade de recargas ou substitui\u00e7\u00f5es constantes.<\/p>\n<p data-start=\"430\" data-end=\"687\">Concebida com um <strong data-start=\"446\" data-end=\"479\">potente bateria recarreg\u00e1vel<\/strong>O VAPEN MRS PRO garante que pode continuar a vaporizar sem interrup\u00e7\u00f5es. Al\u00e9m disso, com uma gama de sabores excitantes \u00e0 escolha, desfrutar\u00e1 de uma experi\u00eancia de vaporiza\u00e7\u00e3o \u00fanica e personalizada de cada vez que o pegar.<\/p>\n<figure id=\"attachment_7759\" aria-describedby=\"caption-attachment-7759\" style=\"width: 800px\" class=\"wp-caption alignnone\"><img loading=\"lazy\" decoding=\"async\" class=\"wp-image-7759 size-large\" src=\"https:\/\/dankstarvapes.com\/wp-content\/uploads\/2024\/12\/VAPEN-Mrs-Pro-15000-Puffs-Digital-Screen-19-800x800.webp\" alt=\"VAPEN Vape 15000 Puffs\" width=\"800\" height=\"800\" title=\"\"><figcaption id=\"caption-attachment-7759\" class=\"wp-caption-text\">VAPEN Vape 15000 Puffs<\/figcaption><\/figure>\n<h3><strong>Principais carater\u00edsticas do VAPEN MRS PRO 15000 Puffs Vape<\/strong><\/h3>\n<ul>\n<li><strong>At\u00e9 15.000 baforadas:<\/strong> Desfrute de uma experi\u00eancia de vaporiza\u00e7\u00e3o prolongada com um elevado n\u00famero de baforadas, ideal para quem pretende uma satisfa\u00e7\u00e3o duradoura.<\/li>\n<li><strong>Capacidade generosa de 24 ml de E-Liquid:<\/strong> Cheio com 24 ml de e-l\u00edquido de primeira qualidade, desfrutar\u00e1 de uma vaporiza\u00e7\u00e3o ininterrupta sem necessidade de recargas frequentes.<\/li>\n<li><strong>2% Intensidade da nicotina:<\/strong> Perfeito para aqueles que preferem uma experi\u00eancia de nicotina equilibrada e suave, ideal para vapers casuais e experientes.<\/li>\n<li><strong>Bateria recarreg\u00e1vel de 850mAh:<\/strong> A potente bateria recarreg\u00e1vel proporciona um desempenho consistente, garantindo que tira o m\u00e1ximo partido de cada tragada. Recarregado rapidamente atrav\u00e9s da porta de carregamento Tipo C.<\/li>\n<li><strong>N\u00facleo de \u00f3leo recarreg\u00e1vel:<\/strong> O pr\u00e1tico sistema de \u00f3leo recarreg\u00e1vel d\u00e1-lhe a flexibilidade para personalizar a sua experi\u00eancia de vaporiza\u00e7\u00e3o e reduzir o desperd\u00edcio.<\/li>\n<li><strong>Fluxo de ar ajust\u00e1vel:<\/strong> Adapte a sua tragada \u00e0s suas prefer\u00eancias com o fluxo de ar ajust\u00e1vel, permitindo-lhe desfrutar de uma tragada mais apertada ou mais solta, dependendo da sua disposi\u00e7\u00e3o.<\/li>\n<li><strong>Separa\u00e7\u00e3o de n\u00facleos de \u00f3leo:<\/strong> A tecnologia avan\u00e7ada de separa\u00e7\u00e3o do n\u00facleo de \u00f3leo assegura a utiliza\u00e7\u00e3o eficiente do e-l\u00edquido, real\u00e7ando o sabor e minimizando o desperd\u00edcio.<\/li>\n<li><strong>12 sabores excitantes:<\/strong> Escolha entre 12 perfis de sabores \u00fanicos e deliciosos, desde misturas de frutas como <strong>Melancia com morango<\/strong> para op\u00e7\u00f5es refrescantes como <strong>Gelo exuberante<\/strong>. Perfeito para todos os paladares!<\/li>\n<\/ul>\n<hr \/>\n<h3><strong>Porqu\u00ea escolher o VAPEN MRS PRO 15000 Puffs Vape?<\/strong><\/h3>\n<ul>\n<li><strong>Utiliza\u00e7\u00e3o alargada:<\/strong> Com at\u00e9 15.000 baforadas, desfruta de uma experi\u00eancia de vaporiza\u00e7\u00e3o duradoura, ideal para utilizadores que querem mais do seu vape descart\u00e1vel.<\/li>\n<li><strong>Personaliza\u00e7\u00e3o do sabor:<\/strong> Explore uma grande variedade de sabores premium, oferecendo um sabor \u00fanico em cada baforada.<\/li>\n<li><strong>Conveni\u00eancia e efici\u00eancia:<\/strong> A bateria recarreg\u00e1vel de 850 mAh e a porta de carregamento Tipo C garantem um recarregamento r\u00e1pido e uma utiliza\u00e7\u00e3o sem complica\u00e7\u00f5es. Al\u00e9m disso, o sistema de \u00f3leo recarreg\u00e1vel e a separa\u00e7\u00e3o do n\u00facleo de \u00f3leo minimizam o desperd\u00edcio e maximizam o sabor.<\/li>\n<li><strong>Fluxo de ar ajust\u00e1vel:<\/strong> Personalize a sua experi\u00eancia de vaporiza\u00e7\u00e3o ajustando o fluxo de ar, dando-lhe controlo total sobre as suas extra\u00e7\u00f5es.<\/li>\n<li><strong>Op\u00e7\u00f5es de venda por grosso e a granel:<\/strong> Ideal para retalhistas e distribuidores, o VAPEN MRS PRO 15000 Puffs Vape est\u00e1 dispon\u00edvel em embalagens a granel (10 dispositivos por caixa de exposi\u00e7\u00e3o e 200 por caixa de cart\u00e3o), oferecendo pre\u00e7os competitivos e um desempenho de alta qualidade.<\/li>\n<\/ul>\n<hr \/>\n<h3><strong>Op\u00e7\u00f5es de sabores:<\/strong><\/h3>\n<ol>\n<li><strong>Melancia com morango<\/strong><\/li>\n<li><strong>Cereja<\/strong><\/li>\n<li><strong>Kiwi Maracuj\u00e1 Goiaba<\/strong><\/li>\n<li><strong>Sr. Blue<\/strong><\/li>\n<li><strong>Gelo exuberante<\/strong><\/li>\n<li><strong>Bagas mistas<\/strong><\/li>\n<li><strong>Mirtilo Framboesa<\/strong><\/li>\n<li><strong>Drag\u00e3o negro de gelo<\/strong><\/li>\n<li><strong>Gelo de p\u00eassego<\/strong><\/li>\n<li><strong>Amor 66<\/strong><\/li>\n<li><strong>Haway<\/strong><\/li>\n<li><strong>Lady Killa<\/strong><\/li>\n<\/ol>\n<figure id=\"attachment_7760\" aria-describedby=\"caption-attachment-7760\" style=\"width: 800px\" class=\"wp-caption alignnone\"><img loading=\"lazy\" decoding=\"async\" class=\"wp-image-7760 size-large\" src=\"https:\/\/dankstarvapes.com\/wp-content\/uploads\/2024\/12\/VAPEN-Mrs-Pro-15000-Puffs-34-800x800.webp\" alt=\"VAPEN Vape 15000 Puffs\" width=\"800\" height=\"800\" title=\"\"><figcaption id=\"caption-attachment-7760\" class=\"wp-caption-text\">VAPEN Vape 15000 Puffs<\/figcaption><\/figure>\n<hr \/>\n<h3><strong>Encomende hoje o seu VAPEN MRS PRO 15000 Puffs Vape!<\/strong><\/h3>\n<p>Quer pretenda desfrutar de uma experi\u00eancia de vaporiza\u00e7\u00e3o de alta qualidade ou abastecer a sua loja, a <strong>VAPEN MRS PRO 15000 Puffs Vape<\/strong> \u00e9 a escolha perfeita. Encomende agora e experimente a conveni\u00eancia, o sabor e a satisfa\u00e7\u00e3o prolongada que s\u00f3 a VAPEN pode oferecer. Perfeito para uso pessoal ou compra a granel!<\/p>\n<hr \/>\n<p><strong>Envio r\u00e1pido e servi\u00e7o fi\u00e1vel<\/strong> Oferecemos uma entrega r\u00e1pida e segura em toda a Europa, garantindo que recebe o seu VAPEN MRS PRO 15000 Puffs Vape de forma r\u00e1pida e fi\u00e1vel.<\/p>\n<hr \/>\n<p><strong>Adquira j\u00e1 o seu - Experimente o que h\u00e1 de melhor em vaporiza\u00e7\u00e3o descart\u00e1vel!<\/strong><\/p>\n<p><strong>Porqu\u00ea escolher-nos?<\/strong><\/p>\n<p>Ao escolher a loja oficial de vapes descart\u00e1veis, pode desfrutar de muitos benef\u00edcios:<\/p>\n<ul>\n<li><strong>Canal de vendas oficial:<\/strong>\u00a0Garantimos produtos aut\u00eanticos e um servi\u00e7o de qualidade.<\/li>\n<li><strong>Com\u00e9rcio grossista e retalhista:<\/strong>\u00a0Oferecemos op\u00e7\u00f5es de compra flex\u00edveis para particulares e grossistas.<\/li>\n<li><strong>Garantia de qualidade:<\/strong>\u00a0Os nossos produtos s\u00e3o submetidos a rigorosos testes de qualidade para garantir a sua satisfa\u00e7\u00e3o.<\/li>\n<li><strong>Envio para todo o mundo:<\/strong>\u00a0Temos orgulho em enviar os nossos produtos para a maior parte do mundo, garantindo que pode desfrutar dos nossos produtos onde quer que esteja.<\/li>\n<li><strong>Experi\u00eancia no sector:<\/strong>\u00a0Com mais de 8 anos de experi\u00eancia no mercado, torn\u00e1mo-nos uma escolha de confian\u00e7a e de primeira qualidade.<\/li>\n<li><strong>Parcerias a longo prazo:<\/strong>\u00a0Tamb\u00e9m cooperamos com lojistas locais na Europa, o que nos permite responder rapidamente \u00e0s necessidades do mercado e manter a frescura dos nossos produtos.<\/li>\n<\/ul>\n<p>A escolha dos nossos vapes descart\u00e1veis permite-lhe n\u00e3o s\u00f3 desfrutar de uma variedade de sabores, mas tamb\u00e9m experimentar uma extraordin\u00e1ria viagem de vaporiza\u00e7\u00e3o. Para mais informa\u00e7\u00f5es, visite-nos <a href=\"http:\/\/dankstarvapes.com\" target=\"_blank\" rel=\"noopener\">dankstarvapes.com<\/a>!<\/p>","protected":false},"excerpt":{"rendered":"<p>Welcome to the VAPEN MRS PRO 15000 Puffs Vape, the perfect solution for vapers who crave an extended, customizable, and flavorful experience. With an impressive 15,000 puffs, this device provides long-lasting satisfaction without the need for constant refills or replacements. Designed with a powerful rechargeable battery, the VAPEN MRS PRO ensures you can keep vaping [&#8230;]","protected":false},"featured_media":2918,"comment_status":"open","ping_status":"closed","template":"","meta":[],"product_brand":[],"product_cat":[94,75,73,78,71,79,80,81,82,83,84,85,86,87,88,89,90,91,92,126],"product_tag":[],"class_list":{"0":"post-2910","1":"product","2":"type-product","3":"status-publish","4":"has-post-thumbnail","6":"product_cat-15000-15k-puff-vape","7":"product_cat-2-nicotine-disposable-vape","8":"product_cat-big-puff-vapes","9":"product_cat-disposable-vape-near-me","10":"product_cat-0-5-nicotine-vapes","11":"product_cat-disposable-vapes-in-austria","12":"product_cat-disposable-vapes-in-belgium","13":"product_cat-disposable-vapes-in-france","14":"product_cat-disposable-vapes-in-germany","15":"product_cat-disposable-vapes-in-ltaly","16":"product_cat-disposable-vapes-in-netherlands","17":"product_cat-disposable-vapes-in-norway","18":"product_cat-disposable-vapes-in-poland","19":"product_cat-disposable-vapes-in-portugal","20":"product_cat-disposable-vapes-in-spain","21":"product_cat-disposable-vapes-in-sweden","22":"product_cat-disposable-vapes-in-switzerland","23":"product_cat-disposable-vapes-in-united-states","24":"product_cat-vape-brands","25":"product_cat-vapen-vape","27":"first","28":"instock","29":"shipping-taxable","30":"purchasable","31":"product-type-variable","32":"has-default-attributes"},"tiered_pricing_type":"fixed","tiered_pricing_fixed_rules":[],"tiered_pricing_product_settings":{"layout":"default","base_unit_name":{"singular":null,"plural":null},"default_variation":null},"tiered_pricing_minimum_quantity":null,"tiered_pricing_roles_data":[],"tiered_pricing_percentage_rules":[],"tiered_pricing_maximum_quantity":null,"tiered_pricing_quantity_step":null,"_links":{"self":[{"href":"https:\/\/vapsolovape.com\/pt\/wp-json\/wp\/v2\/product\/2910","targetHints":{"allow":["GET"]}}],"collection":[{"href":"https:\/\/vapsolovape.com\/pt\/wp-json\/wp\/v2\/product"}],"about":[{"href":"https:\/\/vapsolovape.com\/pt\/wp-json\/wp\/v2\/types\/product"}],"replies":[{"embeddable":true,"href":"https:\/\/vapsolovape.com\/pt\/wp-json\/wp\/v2\/comments?post=2910"}],"wp:featuredmedia":[{"embeddable":true,"href":"https:\/\/vapsolovape.com\/pt\/wp-json\/wp\/v2\/media\/2918"}],"wp:attachment":[{"href":"https:\/\/vapsolovape.com\/pt\/wp-json\/wp\/v2\/media?parent=2910"}],"wp:term":[{"taxonomy":"product_brand","embeddable":true,"href":"https:\/\/vapsolovape.com\/pt\/wp-json\/wp\/v2\/product_brand?post=2910"},{"taxonomy":"product_cat","embeddable":true,"href":"https:\/\/vapsolovape.com\/pt\/wp-json\/wp\/v2\/product_cat?post=2910"},{"taxonomy":"product_tag","embeddable":true,"href":"https:\/\/vapsolovape.com\/pt\/wp-json\/wp\/v2\/product_tag?post=2910"}],"curies":[{"name":"wp","href":"https:\/\/api.w.org\/{rel}","templated":true}]}}