{"id":3400,"date":"2025-02-14T18:31:04","date_gmt":"2025-02-14T10:31:04","guid":{"rendered":"https:\/\/vapsolovape.com\/?post_type=product&#038;p=3400"},"modified":"2025-02-24T17:20:50","modified_gmt":"2025-02-24T09:20:50","slug":"vozol-vista-20000-puffs-2k-vape-controlo-maximo-do-sabor","status":"publish","type":"product","link":"https:\/\/vapsolovape.com\/pt\/produto\/vozol-vista-20000-puffs-2k-vape-controlo-maximo-do-sabor\/","title":{"rendered":"Vozol Vista 20000 Puffs 2K Vape - Sabor supremo, controlo melhorado e desempenho duradouro"},"content":{"rendered":"<p data-start=\"197\" data-end=\"602\">Entre numa nova era de vaporiza\u00e7\u00e3o com o Vozol Vista 20000 Puffs 2K Vape. Concebido para aqueles que exigem uma satisfa\u00e7\u00e3o duradoura, este dispositivo oferece at\u00e9 20.000 baforadas de vapor rico e suave. Com um sabor melhorado, um controlo preciso e a m\u00e1xima conveni\u00eancia, o Vozol Vista destina-se tanto a vaporizadores experientes como a principiantes. Experimente o pr\u00f3ximo n\u00edvel de vaporiza\u00e7\u00e3o e desfrute de cada baforada da sua longa viagem.<\/p>\n<figure id=\"attachment_8298\" aria-describedby=\"caption-attachment-8298\" style=\"width: 951px\" class=\"wp-caption alignnone\"><img loading=\"lazy\" decoding=\"async\" class=\"wp-image-8298\" src=\"https:\/\/dankstarvapes.com\/wp-content\/uploads\/2024\/12\/Vozol-Vista-20000-2K.webp\" alt=\"Vozol Vista 20000 Puffs \" width=\"951\" height=\"535\" title=\"\"><figcaption id=\"caption-attachment-8298\" class=\"wp-caption-text\">Vozol Vista 20000 Puffs<\/figcaption><\/figure>\n<hr \/>\n<h3><strong>Carater\u00edsticas principais:<\/strong><\/h3>\n<h4><strong>1. At\u00e9 20.000 baforadas para um prazer prolongado<\/strong><\/h4>\n<p>Desfrute das sess\u00f5es mais duradouras com o <strong>Vozol Vista 20000<\/strong>. Oferecendo uma impressionante <strong>20.000 baforadas<\/strong>O cartucho de vaporizador \u00e9 um produto de alta qualidade, que lhe permite desfrutar de dias de vaporiza\u00e7\u00e3o ininterrupta. N\u00e3o h\u00e1 necessidade de substitui\u00e7\u00f5es frequentes, o que o torna perfeito tanto para vaporizadores casuais como para os mais exigentes.<\/p>\n<h4><strong>2. Bobina de malha dupla para um sabor rico e consistente<\/strong><\/h4>\n<p>Experi\u00eancia <strong>sabor superior<\/strong> a cada baforada. O <strong>bobina de malha dupla<\/strong> assegura que o e-l\u00edquido aquece uniformemente, proporcionando um trago suave e saboroso do in\u00edcio ao fim. Quer esteja a saborear uma mistura de fruta doce ou uma menta refrescante, o sabor permanecer\u00e1 fresco e satisfat\u00f3rio.<\/p>\n<h4><strong>3. Controlo de pot\u00eancia ajust\u00e1vel de 6 n\u00edveis<\/strong><\/h4>\n<p>Personalize a sua experi\u00eancia de vaporiza\u00e7\u00e3o com o <strong>Pot\u00eancia regul\u00e1vel em 6 n\u00edveis<\/strong> defini\u00e7\u00f5es. Ajuste a pot\u00eancia de acordo com a sua intensidade preferida - quer esteja \u00e0 procura de uma tragada mais suave ou de uma batida poderosa com produ\u00e7\u00e3o de vapor densa. Est\u00e1 em controlo da sua experi\u00eancia.<\/p>\n<h4><strong>4. Ecr\u00e3 a cores vibrantes para monitoriza\u00e7\u00e3o em tempo real<\/strong><\/h4>\n<p>Fique de olho no seu <strong>dura\u00e7\u00e3o da bateria<\/strong> e <strong>defini\u00e7\u00f5es de pot\u00eancia<\/strong> com o <strong>ecr\u00e3 a cores de f\u00e1cil utiliza\u00e7\u00e3o<\/strong>. O ecr\u00e3 vibrante garante-lhe total visibilidade do estado do seu dispositivo, para que esteja sempre a par de tudo. Sem surpresas, apenas uma experi\u00eancia de vaporiza\u00e7\u00e3o sem falhas.<\/p>\n<h4><strong>5. Design compacto e port\u00e1til<\/strong><\/h4>\n<p>Concebida para ser elegante e port\u00e1til, a <strong>Vozol Vista 20000<\/strong> cabe perfeitamente na sua m\u00e3o e \u00e9 f\u00e1cil de transportar consigo em qualquer lugar. Quer esteja a sair para o dia ou a desfrutar de um momento de relaxamento, este dispositivo compacto adapta-se sem esfor\u00e7o ao seu estilo de vida.<\/p>\n<h4><strong>6. Grande variedade de op\u00e7\u00f5es de sabores<\/strong><\/h4>\n<p>Escolha entre uma excitante variedade de sabores, desde os favoritos frutados como <strong>Gelo de melancia<\/strong>, <strong>Gelo de manga<\/strong>e <strong>Manga com morango<\/strong> a misturas \u00fanicas como <strong>Vanicreme<\/strong> e <strong>Frutos do drag\u00e3o Banana Cereja<\/strong>. H\u00e1 algo para todos os gostos.<\/p>\n<figure id=\"attachment_8299\" aria-describedby=\"caption-attachment-8299\" style=\"width: 1020px\" class=\"wp-caption alignnone\"><img loading=\"lazy\" decoding=\"async\" class=\"wp-image-8299 size-large\" src=\"https:\/\/dankstarvapes.com\/wp-content\/uploads\/2024\/12\/Vozol-Vista-20000-2K-Puffs-Disposable-Vape-1400x700.webp\" alt=\"Vozol Vista 20000 Puffs \" width=\"1020\" height=\"510\" title=\"\"><figcaption id=\"caption-attachment-8299\" class=\"wp-caption-text\">Vozol Vista 20000 Puffs<\/figcaption><\/figure>\n<hr \/>\n<h3><strong>Porqu\u00ea escolher o Vozol Vista 20000 Puffs 2K Vape?<\/strong><\/h3>\n<ul>\n<li><strong>Capacidade de sopro inigual\u00e1vel<\/strong>: Com <strong>20.000 baforadas<\/strong>, o <strong>Vozol Vista<\/strong> oferece um dos vapes descart\u00e1veis mais duradouros do mercado.<\/li>\n<li><strong>Sabor refor\u00e7ado<\/strong>: O <strong>bobina de malha dupla<\/strong> garante um sabor rico, suave e consistente em todas as sess\u00f5es.<\/li>\n<li><strong>Experi\u00eancia personaliz\u00e1vel<\/strong>: Ajustar o <strong>defini\u00e7\u00f5es de pot\u00eancia<\/strong> para a sua intensidade preferida, dando-lhe controlo total sobre o seu vape.<\/li>\n<li><strong>Pr\u00e1tico e port\u00e1til<\/strong>: Com um design compacto e um visor de f\u00e1cil leitura, este vape \u00e9 perfeito para os utilizadores que querem estilo e desempenho em movimento.<\/li>\n<li><strong>F\u00e1cil de utilizar<\/strong>: O <strong>ecr\u00e3 a cores de f\u00e1cil utiliza\u00e7\u00e3o<\/strong> torna f\u00e1cil o controlo dos n\u00edveis de e-l\u00edquido, da pot\u00eancia e do estado da bateria, perfeito tanto para principiantes como para vapers experientes.<\/li>\n<\/ul>\n<hr \/>\n<h3><strong>Sabores para satisfazer todos os desejos<\/strong><\/h3>\n<p>Explore a grande variedade de sabores dispon\u00edveis com a <strong>Vozol Vista 20000<\/strong>:<\/p>\n<ul>\n<li><strong>Gelo de melancia<\/strong><\/li>\n<li><strong>Miami Mint<\/strong><\/li>\n<li><strong>Gelo de p\u00eassego<\/strong><\/li>\n<li><strong>Manga com morango<\/strong><\/li>\n<li><strong>Gelo de ma\u00e7\u00e3 azeda<\/strong><\/li>\n<li><strong>Gelo de mirtilo<\/strong><\/li>\n<li><strong>Gelo de melancia<\/strong><\/li>\n<li><strong>Lima-lim\u00e3o<\/strong><\/li>\n<li><strong>VZbull<\/strong><\/li>\n<li><strong>Melancia com framboesa<\/strong><\/li>\n<li><strong>Cola de cereja<\/strong><\/li>\n<li><strong>Baga mista<\/strong><\/li>\n<li><strong>P\u00eassego Manga Melancia<\/strong><\/li>\n<li><strong>Pastilha el\u00e1stica de melancia<\/strong><\/li>\n<li><strong>Vanicreme<\/strong><\/li>\n<li><strong>Tabaco<\/strong><\/li>\n<li><strong>Flor de sabugueiro Toranja<\/strong><\/li>\n<li><strong>Frutos do drag\u00e3o Banana Cereja<\/strong><\/li>\n<li><strong>Morango Framboesa Cereja<\/strong><\/li>\n<li><strong>Gelo de manga<\/strong><\/li>\n<\/ul>\n<hr \/>\n<h3><strong>Encomenda hoje o teu Vozol Vista 20000 Puffs 2K Vape!<\/strong><\/h3>\n<p>Pronto para elevar a sua experi\u00eancia de vaporiza\u00e7\u00e3o? Encomende o seu <strong>Vozol Vista 20000 Puffs 2K Vape<\/strong> agora e desfrute da derradeira mistura de sabor, desempenho e controlo. Quer esteja \u00e0 procura de um companheiro di\u00e1rio ou de um dispositivo que proporcione satisfa\u00e7\u00e3o a longo prazo, o <strong>Vozol Vista<\/strong> \u00e9 a sua escolha perfeita.<\/p>\n<p><strong>Porqu\u00ea escolher-nos?<\/strong><\/p>\n<p>Ao escolher a loja oficial de vapes descart\u00e1veis, pode desfrutar de muitos benef\u00edcios:<\/p>\n<ul>\n<li><strong>Canal de vendas oficial:<\/strong>\u00a0Garantimos produtos aut\u00eanticos e um servi\u00e7o de qualidade.<\/li>\n<li><strong>Com\u00e9rcio grossista e retalhista:<\/strong>\u00a0Oferecemos op\u00e7\u00f5es de compra flex\u00edveis para particulares e grossistas.<\/li>\n<li><strong>Garantia de qualidade:<\/strong>\u00a0Os nossos produtos s\u00e3o submetidos a rigorosos testes de qualidade para garantir a sua satisfa\u00e7\u00e3o.<\/li>\n<li><strong>Envio para todo o mundo:<\/strong>\u00a0Temos orgulho em enviar os nossos produtos para a maior parte do mundo, garantindo que pode desfrutar dos nossos produtos onde quer que esteja.<\/li>\n<li><strong>Experi\u00eancia no sector:<\/strong>\u00a0Com mais de 8 anos de experi\u00eancia no mercado, torn\u00e1mo-nos uma escolha de confian\u00e7a e de primeira qualidade.<\/li>\n<li><strong>Parcerias a longo prazo:<\/strong>\u00a0Tamb\u00e9m cooperamos com lojistas locais na Europa, o que nos permite responder rapidamente \u00e0s necessidades do mercado e manter a frescura dos nossos produtos.<\/li>\n<\/ul>\n<p>A escolha dos nossos vapes descart\u00e1veis permite-lhe n\u00e3o s\u00f3 desfrutar de uma variedade de sabores, mas tamb\u00e9m experimentar uma extraordin\u00e1ria viagem de vaporiza\u00e7\u00e3o. Para mais informa\u00e7\u00f5es, visite-nos <a href=\"http:\/\/dankstarvapes.com\" target=\"_blank\" rel=\"noopener\">dankstarvapes.com<\/a>!<\/p>","protected":false},"excerpt":{"rendered":"<p>Step into a new era of vaping with the Vozol Vista 20000 Puffs 2K Vape. Designed for those who demand long-lasting satisfaction, this device offers up to 20,000 puffs of rich, smooth vapor. With enhanced flavor, precise control, and ultimate convenience, the Vozol Vista caters to both seasoned vapers and beginners alike. Experience the next [&#8230;]","protected":false},"featured_media":3423,"comment_status":"open","ping_status":"closed","template":"","meta":[],"product_brand":[],"product_cat":[102,77,95,73,78,97,71,79,80,81,82,83,84,85,86,87,88,89,90,91,92,129],"product_tag":[],"class_list":{"0":"post-3400","1":"product","2":"type-product","3":"status-publish","4":"has-post-thumbnail","6":"product_cat-20000-20k-puff-vape","7":"product_cat-5-nicotine-disposable-vape","8":"product_cat-advanced-vape","9":"product_cat-big-puff-vapes","10":"product_cat-disposable-vape-near-me","11":"product_cat-disposable-vape-with-screen","12":"product_cat-0-5-nicotine-vapes","13":"product_cat-disposable-vapes-in-austria","14":"product_cat-disposable-vapes-in-belgium","15":"product_cat-disposable-vapes-in-france","16":"product_cat-disposable-vapes-in-germany","17":"product_cat-disposable-vapes-in-ltaly","18":"product_cat-disposable-vapes-in-netherlands","19":"product_cat-disposable-vapes-in-norway","20":"product_cat-disposable-vapes-in-poland","21":"product_cat-disposable-vapes-in-portugal","22":"product_cat-disposable-vapes-in-spain","23":"product_cat-disposable-vapes-in-sweden","24":"product_cat-disposable-vapes-in-switzerland","25":"product_cat-disposable-vapes-in-united-states","26":"product_cat-vape-brands","27":"product_cat-vozol-vape","29":"first","30":"instock","31":"shipping-taxable","32":"purchasable","33":"product-type-variable","34":"has-default-attributes"},"tiered_pricing_type":"fixed","tiered_pricing_fixed_rules":[],"tiered_pricing_product_settings":{"layout":"default","base_unit_name":{"singular":null,"plural":null},"default_variation":null},"tiered_pricing_minimum_quantity":null,"tiered_pricing_roles_data":[],"tiered_pricing_percentage_rules":[],"tiered_pricing_maximum_quantity":null,"tiered_pricing_quantity_step":null,"_links":{"self":[{"href":"https:\/\/vapsolovape.com\/pt\/wp-json\/wp\/v2\/product\/3400","targetHints":{"allow":["GET"]}}],"collection":[{"href":"https:\/\/vapsolovape.com\/pt\/wp-json\/wp\/v2\/product"}],"about":[{"href":"https:\/\/vapsolovape.com\/pt\/wp-json\/wp\/v2\/types\/product"}],"replies":[{"embeddable":true,"href":"https:\/\/vapsolovape.com\/pt\/wp-json\/wp\/v2\/comments?post=3400"}],"wp:featuredmedia":[{"embeddable":true,"href":"https:\/\/vapsolovape.com\/pt\/wp-json\/wp\/v2\/media\/3423"}],"wp:attachment":[{"href":"https:\/\/vapsolovape.com\/pt\/wp-json\/wp\/v2\/media?parent=3400"}],"wp:term":[{"taxonomy":"product_brand","embeddable":true,"href":"https:\/\/vapsolovape.com\/pt\/wp-json\/wp\/v2\/product_brand?post=3400"},{"taxonomy":"product_cat","embeddable":true,"href":"https:\/\/vapsolovape.com\/pt\/wp-json\/wp\/v2\/product_cat?post=3400"},{"taxonomy":"product_tag","embeddable":true,"href":"https:\/\/vapsolovape.com\/pt\/wp-json\/wp\/v2\/product_tag?post=3400"}],"curies":[{"name":"wp","href":"https:\/\/api.w.org\/{rel}","templated":true}]}}