{"id":3644,"date":"2025-02-14T18:32:21","date_gmt":"2025-02-14T10:32:21","guid":{"rendered":"https:\/\/vapsolovape.com\/?post_type=product&#038;p=3644"},"modified":"2025-02-24T16:07:13","modified_gmt":"2025-02-24T08:07:13","slug":"zooy-blaze-25000-puffs-vape-32ml-sabores-recarregaveis","status":"publish","type":"product","link":"https:\/\/vapsolovape.com\/pt\/produto\/zooy-blaze-25000-puffs-vape-32ml-sabores-recarregaveis\/","title":{"rendered":"Vape recarreg\u00e1vel Zooy Blaze 25000 Puffs - 32ml, v\u00e1rios sabores, desempenho de longa dura\u00e7\u00e3o"},"content":{"rendered":"<p>Experimente o pr\u00f3ximo n\u00edvel de vaporiza\u00e7\u00e3o com o Zooy Blaze 25000 Puffs Vape. Com 32 ml de e-l\u00edquido de primeira qualidade, este vape descart\u00e1vel recarreg\u00e1vel oferece at\u00e9 25.000 baforadas de vapor rico e suave. Com uma vasta gama de sabores \u00e0 escolha, o Zooy Blaze proporciona uma experi\u00eancia de vaporiza\u00e7\u00e3o personaliz\u00e1vel que dura mais tempo e satisfaz todas as sess\u00f5es. Quer seja um vaporizador casual ou esteja \u00e0 procura de oferecer aos seus clientes produtos de alta qualidade, o Zooy Blaze 25000 Puffs Vape \u00e9 a escolha perfeita. Compre agora e desfrute de um sabor e longevidade imbat\u00edveis em cada baforada!<\/p>\n<figure id=\"attachment_8561\" aria-describedby=\"caption-attachment-8561\" style=\"width: 976px\" class=\"wp-caption alignnone\"><img loading=\"lazy\" decoding=\"async\" class=\"wp-image-8561 size-large\" src=\"https:\/\/dankstarvapes.com\/wp-content\/uploads\/2024\/12\/Zooy-Blaze-25000-Puffs-3-976x800.webp\" alt=\"Zooy Blaze 25000 Puffs\" width=\"976\" height=\"800\" title=\"\"><figcaption id=\"caption-attachment-8561\" class=\"wp-caption-text\">Zooy Blaze 25000 Puffs<\/figcaption><\/figure>\n<h4>Porqu\u00ea escolher o Zooy Blaze 25000 Puffs Vape?<\/h4>\n<ol>\n<li><strong>Utiliza\u00e7\u00e3o prolongada com 25.000 baforadas<\/strong><br \/>\nO Zooy Blaze oferece uma impressionante <strong>25.000 baforadas<\/strong>O seu cartucho de vapor, que oferece uma longevidade que lhe permite desfrutar da vaporiza\u00e7\u00e3o sem necessidade de substitui\u00e7\u00f5es constantes. Quer esteja em movimento ou a desfrutar de uma sess\u00e3o prolongada, este vape mant\u00ea-lo-\u00e1 satisfeito.<\/li>\n<li><strong>Capacidade de 32 ml de E-l\u00edquido<\/strong><br \/>\nPr\u00e9-preenchido com uma generosa <strong>L\u00edquido eletr\u00f3nico de 32 ml<\/strong>O Zooy Blaze permite uma vaporiza\u00e7\u00e3o ininterrupta sem o inc\u00f3modo de reabastecer. Basta abrir a embalagem e est\u00e1 pronto a vaporizar!<\/li>\n<li><strong>Recarreg\u00e1vel para um prazer cont\u00ednuo<\/strong><br \/>\nEquipado com um <strong>Bateria recarreg\u00e1vel de 650mAh<\/strong> e um <strong>Porta de carregamento tipo C<\/strong>O Zooy Blaze proporciona um carregamento eficiente para um tempo de inatividade m\u00ednimo e uma pot\u00eancia duradoura. Desfrute do seu vape sem se preocupar com substitui\u00e7\u00f5es frequentes.<\/li>\n<li><strong>Grande variedade de sabores<\/strong><br \/>\nEscolha a partir de uma sele\u00e7\u00e3o interessante de <strong>sabores<\/strong> para corresponder \u00e0s suas prefer\u00eancias de gosto pessoal. Desde misturas de frutas a refrescos de menta, h\u00e1 algo para todos:<\/p>\n<ul>\n<li><strong>Gelo de melancia<\/strong>: Uma explos\u00e3o de melancia refrescante e gelada.<\/li>\n<li><strong>Gelo de mirtilo<\/strong>: Mirtilos doces e sumarentos com um final fresco de mentol.<\/li>\n<li><strong>Morango Kiwi<\/strong>: Uma combina\u00e7\u00e3o perfeita de morangos doces e kiwi picante.<\/li>\n<li><strong>Uva Lim\u00e3o<\/strong>: Uma mistura doce e picante de uvas com um toque de lim\u00e3o.<\/li>\n<li><strong>Limonada Blue Razz<\/strong>: Um sabor picante de limonada com do\u00e7ura de framboesa azul.<\/li>\n<li><strong>E mais<\/strong>: Explore outras op\u00e7\u00f5es deliciosas, como melancia com morango, bagas mistas e menta azul.<\/li>\n<\/ul>\n<\/li>\n<li><strong>Tecnologia de bobina de malha para um vapor suave<\/strong><br \/>\nApresentando <strong>tecnologia de bobinas de malha<\/strong>O Zooy Blaze assegura uma experi\u00eancia de vaporiza\u00e7\u00e3o consistente e suave com uma produ\u00e7\u00e3o de sabor melhorada. Cada tragada ser\u00e1 t\u00e3o satisfat\u00f3ria como a anterior.<\/li>\n<li><strong>Design compacto e port\u00e1til<\/strong><br \/>\nLeve e elegante, o Zooy Blaze foi concebido para caber no bolso, o que o torna perfeito para vaporizar em viagem. Leve-o consigo para onde quer que v\u00e1 e desfrute dos seus sabores favoritos a qualquer hora e em qualquer lugar.<\/li>\n<\/ol>\n<figure id=\"attachment_8562\" aria-describedby=\"caption-attachment-8562\" style=\"width: 800px\" class=\"wp-caption alignnone\"><img loading=\"lazy\" decoding=\"async\" class=\"wp-image-8562 size-large\" src=\"https:\/\/dankstarvapes.com\/wp-content\/uploads\/2024\/12\/Zooy-Blaze-25000-Puffs-2-800x800.webp\" alt=\"Zooy Blaze 25000 Puffs\" width=\"800\" height=\"800\" title=\"\"><figcaption id=\"caption-attachment-8562\" class=\"wp-caption-text\">Zooy Blaze 25000 Puffs<\/figcaption><\/figure>\n<h4>Principais carater\u00edsticas num relance<\/h4>\n<ul>\n<li><strong>Contagem de baforadas<\/strong>25 000 baforadas<\/li>\n<li><strong>Capacidade do E-l\u00edquido<\/strong>: 32ml pr\u00e9-cheios<\/li>\n<li><strong>Op\u00e7\u00f5es de dosagem de nicotina<\/strong>: 0%, 2%, 3%, 5%<\/li>\n<li><strong>Bateria<\/strong>: 650mAh recarreg\u00e1vel<\/li>\n<li><strong>Porta de carregamento<\/strong>: Tipo C para carregamento r\u00e1pido<\/li>\n<li><strong>Tipo de bobina<\/strong>: Bobina de malha para um sabor suave e rico<\/li>\n<li><strong>Embalagem<\/strong>: 10 aparelhos por caixa de exposi\u00e7\u00e3o<\/li>\n<li><strong>Encomenda m\u00ednima<\/strong>: 10 unidades por sabor<\/li>\n<\/ul>\n<h4>Perfeito para venda por grosso e a retalho<\/h4>\n<ul>\n<li><strong>Compra a granel facilitada<\/strong>: Cada caixa de exposi\u00e7\u00e3o cont\u00e9m <strong>10 dispositivos<\/strong>, tornando-o perfeito para <strong>grossista<\/strong> e <strong>retalho<\/strong> compras. Mantenha o seu stock reabastecido com facilidade e satisfa\u00e7a as necessidades dos seus clientes com uma variedade de sabores.<\/li>\n<li><strong>Pre\u00e7os acess\u00edveis<\/strong>: Com os pre\u00e7os por grosso, beneficiar\u00e1 de um excelente valor em produtos de elevada procura. Abaste\u00e7a-se e ofere\u00e7a pre\u00e7os competitivos aos seus clientes, maximizando as suas margens de lucro.<\/li>\n<li><strong>Encomendas por medida<\/strong>: Misture e combine sabores para criar a cole\u00e7\u00e3o perfeita para a sua loja. Quer pretenda concentrar-se em sabores populares ou oferecer uma gama mais vasta, temos tudo o que precisa.<\/li>\n<\/ul>\n<h4>Porqu\u00ea comprar na Elfvaping?<\/h4>\n<ul>\n<li><strong>Produtos de alta qualidade<\/strong>: Oferecemos apenas o melhor da tecnologia de vaporiza\u00e7\u00e3o, garantindo uma experi\u00eancia de excel\u00eancia a cada cliente.<\/li>\n<li><strong>Fornecimento fi\u00e1vel<\/strong>: Conte connosco para um stock consistente e uma r\u00e1pida satisfa\u00e7\u00e3o das suas encomendas.<\/li>\n<li><strong>Encomenda r\u00e1pida e f\u00e1cil<\/strong>: Basta escolher os sabores e as quantidades de que necessita, e n\u00f3s tratamos do resto.<\/li>\n<\/ul>\n<h4>Encomenda hoje o teu Zooy Blaze 25000 Puffs Vape!<\/h4>\n<p>Ponha as suas m\u00e3os no <strong>Zooy Blaze 25000 Puffs Vape<\/strong> e desfrute de uma experi\u00eancia de vaporiza\u00e7\u00e3o de primeira qualidade que perdura. Quer seja um entusiasta dos vaporizadores ou um retalhista que procura oferecer os melhores produtos aos seus clientes, o Zooy Blaze tem tudo o que precisa.<\/p>\n<p><strong>Encomende agora e experimente o futuro da vaporiza\u00e7\u00e3o com Zooy Blaze!<\/strong><\/p>\n<p><strong>Porqu\u00ea escolher-nos?<\/strong><\/p>\n<p>Ao escolher a loja oficial de vapes descart\u00e1veis, pode desfrutar de muitos benef\u00edcios:<\/p>\n<ul>\n<li><strong>Canal de vendas oficial:<\/strong>\u00a0Garantimos produtos aut\u00eanticos e um servi\u00e7o de qualidade.<\/li>\n<li><strong>Com\u00e9rcio grossista e retalhista:<\/strong>\u00a0Oferecemos op\u00e7\u00f5es de compra flex\u00edveis para particulares e grossistas.<\/li>\n<li><strong>Garantia de qualidade:<\/strong>\u00a0Os nossos produtos s\u00e3o submetidos a rigorosos testes de qualidade para garantir a sua satisfa\u00e7\u00e3o.<\/li>\n<li><strong>Envio para todo o mundo:<\/strong>\u00a0Temos orgulho em enviar os nossos produtos para a maior parte do mundo, garantindo que pode desfrutar dos nossos produtos onde quer que esteja.<\/li>\n<li><strong>Experi\u00eancia no sector:<\/strong>\u00a0Com mais de 8 anos de experi\u00eancia no mercado, torn\u00e1mo-nos uma escolha de confian\u00e7a e de primeira qualidade.<\/li>\n<li><strong>Parcerias a longo prazo:<\/strong>\u00a0Tamb\u00e9m cooperamos com lojistas locais na Europa, o que nos permite responder rapidamente \u00e0s necessidades do mercado e manter a frescura dos nossos produtos.<\/li>\n<\/ul>\n<p>A escolha dos nossos vapes descart\u00e1veis permite-lhe n\u00e3o s\u00f3 desfrutar de uma variedade de sabores, mas tamb\u00e9m experimentar uma extraordin\u00e1ria viagem de vaporiza\u00e7\u00e3o. Para mais informa\u00e7\u00f5es, visite-nos <a href=\"http:\/\/dankstarvapes.com\" target=\"_blank\" rel=\"noopener\">dankstarvapes.com<\/a>!<\/p>","protected":false},"excerpt":{"rendered":"<p>Experience the next level of vaping with the Zooy Blaze 25000 Puffs Vape. Packed with 32ml of premium e-liquid, this rechargeable disposable vape offers up to 25,000 puffs of rich, smooth vapor. With a wide range of flavors to choose from, the Zooy Blaze delivers a customizable vaping experience that lasts longer and satisfies every [&#8230;]","protected":false},"featured_media":3660,"comment_status":"open","ping_status":"closed","template":"","meta":[],"product_brand":[],"product_cat":[111,95,73,78,79,80,81,82,83,84,85,86,87,88,89,90,91,92,131],"product_tag":[],"class_list":{"0":"post-3644","1":"product","2":"type-product","3":"status-publish","4":"has-post-thumbnail","6":"product_cat-25000-25k-puff-vape","7":"product_cat-advanced-vape","8":"product_cat-big-puff-vapes","9":"product_cat-disposable-vape-near-me","10":"product_cat-disposable-vapes-in-austria","11":"product_cat-disposable-vapes-in-belgium","12":"product_cat-disposable-vapes-in-france","13":"product_cat-disposable-vapes-in-germany","14":"product_cat-disposable-vapes-in-ltaly","15":"product_cat-disposable-vapes-in-netherlands","16":"product_cat-disposable-vapes-in-norway","17":"product_cat-disposable-vapes-in-poland","18":"product_cat-disposable-vapes-in-portugal","19":"product_cat-disposable-vapes-in-spain","20":"product_cat-disposable-vapes-in-sweden","21":"product_cat-disposable-vapes-in-switzerland","22":"product_cat-disposable-vapes-in-united-states","23":"product_cat-vape-brands","24":"product_cat-zooy-vape","26":"first","27":"instock","28":"shipping-taxable","29":"purchasable","30":"product-type-variable","31":"has-default-attributes"},"tiered_pricing_type":"fixed","tiered_pricing_fixed_rules":[],"tiered_pricing_product_settings":{"layout":"default","base_unit_name":{"singular":null,"plural":null},"default_variation":null},"tiered_pricing_minimum_quantity":null,"tiered_pricing_roles_data":[],"tiered_pricing_percentage_rules":[],"tiered_pricing_maximum_quantity":null,"tiered_pricing_quantity_step":null,"_links":{"self":[{"href":"https:\/\/vapsolovape.com\/pt\/wp-json\/wp\/v2\/product\/3644","targetHints":{"allow":["GET"]}}],"collection":[{"href":"https:\/\/vapsolovape.com\/pt\/wp-json\/wp\/v2\/product"}],"about":[{"href":"https:\/\/vapsolovape.com\/pt\/wp-json\/wp\/v2\/types\/product"}],"replies":[{"embeddable":true,"href":"https:\/\/vapsolovape.com\/pt\/wp-json\/wp\/v2\/comments?post=3644"}],"wp:featuredmedia":[{"embeddable":true,"href":"https:\/\/vapsolovape.com\/pt\/wp-json\/wp\/v2\/media\/3660"}],"wp:attachment":[{"href":"https:\/\/vapsolovape.com\/pt\/wp-json\/wp\/v2\/media?parent=3644"}],"wp:term":[{"taxonomy":"product_brand","embeddable":true,"href":"https:\/\/vapsolovape.com\/pt\/wp-json\/wp\/v2\/product_brand?post=3644"},{"taxonomy":"product_cat","embeddable":true,"href":"https:\/\/vapsolovape.com\/pt\/wp-json\/wp\/v2\/product_cat?post=3644"},{"taxonomy":"product_tag","embeddable":true,"href":"https:\/\/vapsolovape.com\/pt\/wp-json\/wp\/v2\/product_tag?post=3644"}],"curies":[{"name":"wp","href":"https:\/\/api.w.org\/{rel}","templated":true}]}}