{"id":376,"date":"2025-02-14T18:15:05","date_gmt":"2025-02-14T10:15:05","guid":{"rendered":"https:\/\/vapsolovape.com\/?post_type=product&#038;p=376"},"modified":"2025-05-30T07:06:12","modified_gmt":"2025-05-29T23:06:12","slug":"elf-box-digital-12000-puff-vape-descartavel-0235-wholesaleretail","status":"publish","type":"product","link":"https:\/\/vapsolovape.com\/pt\/produto\/elf-box-digital-12000-puff-vape-descartavel-0235-wholesaleretail\/","title":{"rendered":"Elf Box Digital 12000 Puffs Vape Descart\u00e1vel - 23% Op\u00e7\u00f5es de desconto, venda por grosso e a retalho!"},"content":{"rendered":"<div id=\"tab-description\" class=\"woocommerce-Tabs-panel woocommerce-Tabs-panel--description panel entry-content active\" role=\"tabpanel\" aria-labelledby=\"tab-title-description\">\n<p data-start=\"134\" data-end=\"597\">O <strong data-start=\"138\" data-end=\"185\">Elf Box Digital 12000 Puffs Vape descart\u00e1vel<\/strong> foi concebido para ser o seu companheiro perfeito numa not\u00e1vel viagem de vaporiza\u00e7\u00e3o. Concebido para os entusiastas do sabor, este dispositivo oferece uma impressionante <strong data-start=\"327\" data-end=\"343\">12.000 baforadas<\/strong>O seu cartucho \u00e9 composto por um conjunto de pilhas de alta qualidade, garantindo que pode desfrutar de sess\u00f5es prolongadas sem o inc\u00f3modo de substitui\u00e7\u00f5es constantes. Quer seja um vaper casual ou um entusiasta dedicado, o <strong data-start=\"492\" data-end=\"503\">Caixa dos duendes<\/strong> garante satisfa\u00e7\u00e3o com cada baforada, proporcionando um sabor excecional e um prazer duradouro.<\/p>\n<figure id=\"attachment_5612\" class=\"wp-caption aligncenter\" style=\"width: 1702px;\" aria-describedby=\"caption-attachment-5612\"><figcaption id=\"caption-attachment-5612\" class=\"wp-caption-text\">\n<figure id=\"attachment_4833\" aria-describedby=\"caption-attachment-4833\" style=\"width: 1702px\" class=\"wp-caption alignnone\"><img loading=\"lazy\" decoding=\"async\" class=\"wp-image-4833 size-full\" src=\"https:\/\/dankstarvapes.com\/wp-content\/uploads\/2024\/11\/ELF-BOX-12000-puff-1_format.webp\" alt=\"Elf Box digital 12000\" width=\"1702\" height=\"1276\" title=\"\"><figcaption id=\"caption-attachment-4833\" class=\"wp-caption-text\">Elf Box digital 12000<\/figcaption><\/figure>\n<\/figcaption><\/figure>\n<h3>Carater\u00edsticas excepcionais para um prazer m\u00e1ximo<\/h3>\n<p>A ELF BOX \u00e9 fornecida com uma generosa <strong>Capacidade para 25 ml de e-l\u00edquido<\/strong>permitindo uma utiliza\u00e7\u00e3o prolongada entre recargas. Est\u00e1 dispon\u00edvel em v\u00e1rias dosagens de nicotina de <strong>0%<\/strong>, <strong>2%<\/strong>, <strong>3%<\/strong>e <strong>5%<\/strong>dando-lhe a flexibilidade para personalizar a sua experi\u00eancia. Com um poderoso <strong>Bateria recarreg\u00e1vel de 13350-500mAh<\/strong>O ecr\u00e3 de controlo da bateria, com o qual pode controlar a sua bateria, permite-lhe ter sempre energia fi\u00e1vel \u00e0 sua disposi\u00e7\u00e3o. O dispositivo tamb\u00e9m inclui um ecr\u00e3 , que permite ver claramente a dura\u00e7\u00e3o da bateria e a capacidade do e-l\u00edquido.<\/p>\n<h3>Elf Box digital 12000 Puff Modos de pot\u00eancia vers\u00e1teis<\/h3>\n<p>Este dispositivo oferece dois modos de pot\u00eancia ajust\u00e1veis para se adaptar ao seu estilo de vaporiza\u00e7\u00e3o:<\/p>\n<ul>\n<li><strong>Modo normal<\/strong>: Desfrute de uma experi\u00eancia de vaporiza\u00e7\u00e3o consistente com <strong>at\u00e9 12.000 baforadas<\/strong>.<\/li>\n<li><strong>Modo Turbo<\/strong>: Maximiza o sabor e a produ\u00e7\u00e3o de vapor enquanto desfruta de uma experi\u00eancia de vaporiza\u00e7\u00e3o robusta.<\/li>\n<\/ul>\n<p>Al\u00e9m disso, a ELF BOX inclui <strong>controlo do fluxo de ar<\/strong>permitindo-lhe personalizar o seu consumo para obter o melhor sabor e sa\u00edda de vapor. Com controlos t\u00e1cteis f\u00e1ceis de utilizar, \u00e9 muito f\u00e1cil ligar\/desligar e mudar de modo.<\/p>\n<h3>Elf Box digital 12000 Puff Um sabor para todos os paladares<\/h3>\n<p>O Vape descart\u00e1vel ELF BOX 12000 Puffs est\u00e1 dispon\u00edvel numa tentadora sele\u00e7\u00e3o de 20 deliciosos sabores, garantindo que h\u00e1 algo para todos os gostos:<\/p>\n<ol>\n<li>Gelo de morango<\/li>\n<li>Explos\u00e3o de morango<\/li>\n<li>Melancia com morango<\/li>\n<li>Frutos mistos<\/li>\n<li>Gelo Blue Razz<\/li>\n<li>Mirtilo Framboesa \u00c1cida<\/li>\n<li>Kiwi Maracuj\u00e1<\/li>\n<li>Ma\u00e7\u00e3 dupla<\/li>\n<li>Gelo de melancia<\/li>\n<li>Pastilha el\u00e1stica de melancia<\/li>\n<li>Mel\u00e3o de coco<\/li>\n<li>Cola de cereja<\/li>\n<li>Gelo de p\u00eassego<\/li>\n<li>Banana com morango<\/li>\n<li>Sr. Blue<\/li>\n<li>Gelo de amora<\/li>\n<li>Gelo de manga<\/li>\n<li>Gelo de uva<\/li>\n<li>Bagas de p\u00eassego<\/li>\n<li>Morango Kiwi<\/li>\n<\/ol>\n<figure id=\"attachment_5613\" class=\"wp-caption aligncenter\" style=\"width: 1702px;\" aria-describedby=\"caption-attachment-5613\"><figcaption id=\"caption-attachment-5613\" class=\"wp-caption-text\">\n<figure id=\"attachment_4834\" aria-describedby=\"caption-attachment-4834\" style=\"width: 2000px\" class=\"wp-caption alignnone\"><img loading=\"lazy\" decoding=\"async\" class=\"wp-image-4834 size-full\" src=\"https:\/\/dankstarvapes.com\/wp-content\/uploads\/2024\/11\/ELF-BOX-12000-puff-2_format.webp\" alt=\"Elf Box digital 12000\" width=\"2000\" height=\"1121\" title=\"\"><figcaption id=\"caption-attachment-4834\" class=\"wp-caption-text\">Elf Box digital 12000<\/figcaption><\/figure>\n<\/figcaption><\/figure>\n<h3>Elf Box digital 12000 Puff Pre\u00e7os competitivos para todos<\/h3>\n<p>O Vape descart\u00e1vel ELF BOX 12000 Puffs oferece pre\u00e7os competitivos que diminuem com a compra de grandes quantidades, com pre\u00e7os a partir de <strong>$6.40<\/strong> por unidade. Isto torna-a uma escolha acess\u00edvel para quem procura melhorar a sua experi\u00eancia de vaporiza\u00e7\u00e3o enquanto desfruta dos benef\u00edcios da compra a granel.<\/p>\n<h3>Junte-se \u00e0 fam\u00edlia ELF<\/h3>\n<p>Est\u00e1 interessado na distribui\u00e7\u00e3o? Oferecemos oportunidades de parceria interessantes que lhe permitem juntar-se \u00e0 fam\u00edlia ELF e beneficiar dos nossos produtos populares. Ao estabelecer uma parceria connosco, pode entrar num mercado de sucesso e elevar a sua carteira de neg\u00f3cios. Para saber mais sobre como pode come\u00e7ar a vender o Vape descart\u00e1vel ELF BOX, contacte-nos para obter mais informa\u00e7\u00f5es. Estamos ansiosos por o ajudar a embarcar nesta viagem gratificante!<\/p>\n<figure id=\"attachment_5614\" class=\"wp-caption aligncenter\" style=\"width: 788px;\" aria-describedby=\"caption-attachment-5614\"><figcaption id=\"caption-attachment-5614\" class=\"wp-caption-text\">Fam\u00edlia ELF BOX<\/figcaption><\/figure>\n<h3>Sobre a Elf Box digital 12000 Puffs Vape descart\u00e1vel<\/h3>\n<p>Em resumo, o Vape descart\u00e1vel ELF BOX 12000 Puffs combina carater\u00edsticas inovadoras, um desempenho impressionante e uma grande variedade de sabores para proporcionar uma experi\u00eancia de vaporiza\u00e7\u00e3o excecional. N\u00e3o perca a oportunidade de melhorar a sua viagem de vaporiza\u00e7\u00e3o com este dispositivo de alta qualidade. Pegue no seu hoje e descubra porque \u00e9 que o ELF BOX est\u00e1 a tornar-se um favorito entre os vapers!<\/p>\n<h3>Porqu\u00ea escolher-nos?<\/h3>\n<p>Ao escolher a loja oficial dos cigarros electr\u00f3nicos descart\u00e1veis, obt\u00e9m in\u00fameras vantagens:<\/p>\n<ul>\n<li><strong>Canal de vendas oficial<\/strong>: Garantimos produtos genu\u00ednos e um servi\u00e7o de qualidade.<\/li>\n<li><strong>Com\u00e9rcio grossista e retalhista<\/strong>: Op\u00e7\u00f5es de compra flex\u00edveis para particulares e grossistas.<\/li>\n<li><strong>Garantia de qualidade<\/strong>: Os nossos produtos s\u00e3o submetidos a rigorosos testes de qualidade para garantir a sua satisfa\u00e7\u00e3o.<\/li>\n<li><strong>Expedi\u00e7\u00e3o global<\/strong>: Enviamos para a maioria das regi\u00f5es do mundo, garantindo que pode desfrutar dos nossos produtos onde quer que esteja.<\/li>\n<li><strong>Experi\u00eancia no sector<\/strong>: Com mais de 8 anos no mercado, estabelecemo-nos como uma escolha de confian\u00e7a para a qualidade.<\/li>\n<li><strong>Parcerias a longo prazo<\/strong>: Colaboramos com os lojistas locais, o que nos permite responder rapidamente \u00e0s exig\u00eancias do mercado.<\/li>\n<\/ul>\n<p>Ao escolher os nossos cigarros electr\u00f3nicos descart\u00e1veis, n\u00e3o s\u00f3 ter\u00e1 acesso a uma gama de sabores diversificada, como tamb\u00e9m a uma experi\u00eancia de vaporiza\u00e7\u00e3o excecional. Para mais informa\u00e7\u00f5es, visite-nos em <a href=\"http:\/\/dankstarvapes.com\" target=\"_blank\" rel=\"noopener\">dankstarvapes.com<\/a>!<\/p>\n<\/div>","protected":false},"excerpt":{"rendered":"<p>The Elf Box Digital 12000 Puffs Disposable Vape is designed to be your perfect companion on a remarkable vaping journey. Engineered for flavor enthusiasts, this device offers an impressive 12,000 puffs, ensuring you can enjoy extended sessions without the hassle of constant replacements. Whether you\u2019re a casual vaper or a dedicated enthusiast, the Elf Box [&#8230;]","protected":false},"featured_media":406,"comment_status":"open","ping_status":"closed","template":"","meta":[],"product_brand":[],"product_cat":[72,74,75,76,77,73,78,71,79,80,81,82,83,84,85,86,87,88,89,90,91,93,16,92],"product_tag":[],"class_list":{"0":"post-376","1":"product","2":"type-product","3":"status-publish","4":"has-post-thumbnail","6":"product_cat-0-nicotine-disposable-vape","7":"product_cat-12000-12k-puff-vape","8":"product_cat-2-nicotine-disposable-vape","9":"product_cat-3-nicotine-disposable-vape","10":"product_cat-5-nicotine-disposable-vape","11":"product_cat-big-puff-vapes","12":"product_cat-disposable-vape-near-me","13":"product_cat-0-5-nicotine-vapes","14":"product_cat-disposable-vapes-in-austria","15":"product_cat-disposable-vapes-in-belgium","16":"product_cat-disposable-vapes-in-france","17":"product_cat-disposable-vapes-in-germany","18":"product_cat-disposable-vapes-in-ltaly","19":"product_cat-disposable-vapes-in-netherlands","20":"product_cat-disposable-vapes-in-norway","21":"product_cat-disposable-vapes-in-poland","22":"product_cat-disposable-vapes-in-portugal","23":"product_cat-disposable-vapes-in-spain","24":"product_cat-disposable-vapes-in-sweden","25":"product_cat-disposable-vapes-in-switzerland","26":"product_cat-disposable-vapes-in-united-states","27":"product_cat-elf-box-vapes","28":"product_cat-uncategorized","29":"product_cat-vape-brands","31":"first","32":"instock","33":"shipping-taxable","34":"purchasable","35":"product-type-variable","36":"has-default-attributes"},"tiered_pricing_type":"fixed","tiered_pricing_fixed_rules":[],"tiered_pricing_product_settings":{"layout":"default","base_unit_name":{"singular":null,"plural":null},"default_variation":null},"tiered_pricing_minimum_quantity":null,"tiered_pricing_roles_data":[],"tiered_pricing_percentage_rules":[],"tiered_pricing_maximum_quantity":null,"tiered_pricing_quantity_step":null,"_links":{"self":[{"href":"https:\/\/vapsolovape.com\/pt\/wp-json\/wp\/v2\/product\/376","targetHints":{"allow":["GET"]}}],"collection":[{"href":"https:\/\/vapsolovape.com\/pt\/wp-json\/wp\/v2\/product"}],"about":[{"href":"https:\/\/vapsolovape.com\/pt\/wp-json\/wp\/v2\/types\/product"}],"replies":[{"embeddable":true,"href":"https:\/\/vapsolovape.com\/pt\/wp-json\/wp\/v2\/comments?post=376"}],"wp:featuredmedia":[{"embeddable":true,"href":"https:\/\/vapsolovape.com\/pt\/wp-json\/wp\/v2\/media\/406"}],"wp:attachment":[{"href":"https:\/\/vapsolovape.com\/pt\/wp-json\/wp\/v2\/media?parent=376"}],"wp:term":[{"taxonomy":"product_brand","embeddable":true,"href":"https:\/\/vapsolovape.com\/pt\/wp-json\/wp\/v2\/product_brand?post=376"},{"taxonomy":"product_cat","embeddable":true,"href":"https:\/\/vapsolovape.com\/pt\/wp-json\/wp\/v2\/product_cat?post=376"},{"taxonomy":"product_tag","embeddable":true,"href":"https:\/\/vapsolovape.com\/pt\/wp-json\/wp\/v2\/product_tag?post=376"}],"curies":[{"name":"wp","href":"https:\/\/api.w.org\/{rel}","templated":true}]}}