{"id":3800,"date":"2025-02-14T18:33:15","date_gmt":"2025-02-14T10:33:15","guid":{"rendered":"https:\/\/vapsolovape.com\/?post_type=product&#038;p=3800"},"modified":"2026-04-05T08:04:26","modified_gmt":"2026-04-05T00:04:26","slug":"zooy-vape-shisha-25000-puffs-vape-longa-duracao-saborosa","status":"publish","type":"product","link":"https:\/\/vapsolovape.com\/pt\/produto\/zooy-vape-shisha-25000-puffs-vape-longa-duracao-saborosa\/","title":{"rendered":"O ZOOY VAPE SHISHA oferece 25000 Puffs Vape com uma experi\u00eancia duradoura e saborosa."},"content":{"rendered":"<p>O <strong>ZOOY Vape SHISHA 25000 Puffs<\/strong> \u00e9 um vape descart\u00e1vel de qualidade superior que proporciona uma experi\u00eancia excecional e duradoura com at\u00e9 25.000 baforadas. Com um design elegante, fluxo de ar ajust\u00e1vel e a op\u00e7\u00e3o de <strong>2%<\/strong> ou <strong>5%<\/strong> <strong>nicotina<\/strong> O seu poder de combust\u00e3o \u00e9 muito forte e proporciona uma experi\u00eancia de vaporiza\u00e7\u00e3o personaliz\u00e1vel e suave. A tampa anti-poeira mant\u00e9m o dispositivo limpo e protegido, enquanto o recurso recarreg\u00e1vel aumenta a conveni\u00eancia e a rela\u00e7\u00e3o custo-benef\u00edcio. Dispon\u00edvel numa vasta gama de sabores vibrantes, o <strong>ZOOY 25000 Puffs<\/strong> garante um sabor consistente e um vapor suave em cada tragada, tornando-o a escolha ideal para os vapers que procuram qualidade e durabilidade.<\/p>\n<figure id=\"attachment_8733\" aria-describedby=\"caption-attachment-8733\" style=\"width: 800px\" class=\"wp-caption alignnone\"><img loading=\"lazy\" decoding=\"async\" class=\"wp-image-8733 size-full\" src=\"https:\/\/dankstarvapes.com\/wp-content\/uploads\/2024\/12\/ZOOY-VAPE-SHISHA-25000-.webp\" alt=\"ZOOY VAPE SHISHA 25000 Puffs\" width=\"800\" height=\"789\" title=\"\"><figcaption id=\"caption-attachment-8733\" class=\"wp-caption-text\">ZOOY VAPE SHISHA 25000 Puffs<\/figcaption><\/figure>\n<hr \/>\n<h3>Porqu\u00ea escolher o ZOOY VAPE SHISHA 25000 Puffs?<\/h3>\n<h4><strong>1. Capacidade de sopro impressionante<\/strong><\/h4>\n<p>Com at\u00e9 <strong>25.000 baforadas<\/strong> por dispositivo, o ZOOY VAPE SHISHA dura mais tempo do que a maioria dos outros vapes descart\u00e1veis no mercado, proporcionando-lhe uma utiliza\u00e7\u00e3o prolongada sem necessidade de substitui\u00e7\u00f5es frequentes.<\/p>\n<h4><strong>2. Fornecimento de sabor superior<\/strong><\/h4>\n<p>Equipado com um <strong>Bobina de malha de 0,5\u03a9<\/strong>O SHISHA 25000 garante um vapor suave e um sabor intenso em cada tragada, tornando-o ideal para os entusiastas do sabor que exigem o melhor.<\/p>\n<h4><strong>3. Experi\u00eancia de vaporiza\u00e7\u00e3o personaliz\u00e1vel<\/strong><\/h4>\n<p>O <strong>caudal de ar regul\u00e1vel<\/strong> permite-lhe adaptar o seu desenho \u00e0 sua prefer\u00eancia pessoal, quer goste de um vape mais apertado e controlado ou de uma batida mais solta e arejada.<\/p>\n<h4><strong>4. Recarreg\u00e1vel para utiliza\u00e7\u00e3o prolongada<\/strong><\/h4>\n<p>Diga adeus \u00e0s interrup\u00e7\u00f5es. Com um <strong>Bateria recarreg\u00e1vel de 650mAh<\/strong> e um <strong>Porta de carregamento tipo C<\/strong>O SHISHA 25000 garante que pode vaporizar sem interrup\u00e7\u00f5es durante o tempo que precisar.<\/p>\n<h4><strong>5. Concebido para higiene e comodidade<\/strong><\/h4>\n<p>Um <strong>tampa anti-poeira<\/strong> protege o seu vape da sujidade e dos detritos, garantindo uma experi\u00eancia de vaporiza\u00e7\u00e3o mais limpa e segura. Al\u00e9m disso, o <strong>ecr\u00e3 animado<\/strong> fornece actualiza\u00e7\u00f5es em tempo real sobre o estado do seu dispositivo.<\/p>\n<figure id=\"attachment_8734\" aria-describedby=\"caption-attachment-8734\" style=\"width: 800px\" class=\"wp-caption alignnone\"><img loading=\"lazy\" decoding=\"async\" class=\"wp-image-8734 size-large\" src=\"https:\/\/dankstarvapes.com\/wp-content\/uploads\/2024\/12\/ZOOY-SHISHA-25000-800x800.webp\" alt=\"ZOOY VAPE SHISHA 25000 Puffs\" width=\"800\" height=\"800\" title=\"\"><figcaption id=\"caption-attachment-8734\" class=\"wp-caption-text\">ZOOY VAPE SHISHA 25000 Puffs<\/figcaption><\/figure>\n<hr \/>\n<h3><strong>ZOOY VAPE SHISHA 25000 Puffs - Especifica\u00e7\u00f5es<\/strong><\/h3>\n<table>\n<thead>\n<tr>\n<th>Carater\u00edstica<\/th>\n<th>Detalhes<\/th>\n<\/tr>\n<\/thead>\n<tbody>\n<tr>\n<td><strong>Capacidade de sopro<\/strong><\/td>\n<td>At\u00e9 <strong>25.000 baforadas<\/strong><\/td>\n<\/tr>\n<tr>\n<td><strong>Capacidade do E-l\u00edquido<\/strong><\/td>\n<td><strong>28mL pr\u00e9-cheio<\/strong><\/td>\n<\/tr>\n<tr>\n<td><strong>N\u00edveis de for\u00e7a<\/strong><\/td>\n<td>Dispon\u00edvel em <strong>2%<\/strong> e <strong>5%<\/strong> op\u00e7\u00f5es<\/td>\n<\/tr>\n<tr>\n<td><strong>Bateria<\/strong><\/td>\n<td><strong>650mAh recarreg\u00e1vel<\/strong> com <strong>Tipo C<\/strong> porta de carregamento<\/td>\n<\/tr>\n<tr>\n<td><strong>Tipo de bobina<\/strong><\/td>\n<td><strong>Bobina de malha (0,5\u03a9)<\/strong> para um vapor e sabor suaves<\/td>\n<\/tr>\n<tr>\n<td><strong>Fluxo de ar<\/strong><\/td>\n<td><strong>Fluxo de ar ajust\u00e1vel<\/strong> para um sorteio personalizado<\/td>\n<\/tr>\n<tr>\n<td><strong>Desenho da tampa<\/strong><\/td>\n<td><strong>Tampa anti-poeira<\/strong> para higiene e seguran\u00e7a<\/td>\n<\/tr>\n<tr>\n<td><strong>Ecr\u00e3<\/strong><\/td>\n<td><strong>Ecr\u00e3 animado<\/strong> para informa\u00e7\u00f5es em tempo real<\/td>\n<\/tr>\n<tr>\n<td><strong>Da boca para o pulm\u00e3o<\/strong><\/td>\n<td>Experi\u00eancia de vaporiza\u00e7\u00e3o suave e saborosa<\/td>\n<\/tr>\n<tr>\n<td><strong>Peso<\/strong><\/td>\n<td><strong>100g<\/strong> por pe\u00e7a<\/td>\n<\/tr>\n<tr>\n<td><strong>Embalagem<\/strong><\/td>\n<td><strong>10 unidades por caixa<\/strong>, <strong>200 unidades por caixa<\/strong><\/td>\n<\/tr>\n<\/tbody>\n<\/table>\n<hr \/>\n<h3><strong>Sabores dispon\u00edveis<\/strong><\/h3>\n<p>Explore uma variedade de sabores deliciosos que ir\u00e3o certamente satisfazer todos os paladares:<\/p>\n<ul>\n<li><strong>Mirtilo Hortel\u00e3<\/strong>: Uma mistura refrescante de mirtilos doces e menta.<\/li>\n<li><strong>Manga Anan\u00e1s<\/strong>: Uma mistura tropical de manga sumarenta e anan\u00e1s maduro.<\/li>\n<li><strong>Gelo de melancia<\/strong>: Uma explos\u00e3o fresca e refrescante de sabor a melancia com um final gelado.<\/li>\n<li><strong>Morango Kiwi<\/strong>: O equil\u00edbrio perfeito entre o doce dos morangos e o picante do kiwi.<\/li>\n<li><strong>P\u00eassego Manga Lim\u00e3o<\/strong>: Uma fus\u00e3o suave de p\u00eassego tropical, manga e um toque de lim\u00e3o picante.<\/li>\n<li><strong>Bagas mistas<\/strong>: Uma mistura vibrante de sabores picantes e doces de frutos silvestres.<\/li>\n<\/ul>\n<hr \/>\n<h3><strong>Por que comprar ZOOY VAPE SHISHA 25000 Puffs de n\u00f3s?<\/strong><\/h3>\n<ul>\n<li><strong>Qualidade superior<\/strong>: Oferecemos vapes da mais alta qualidade para uma experi\u00eancia consistente e satisfat\u00f3ria.<\/li>\n<li><strong>Amigo dos retalhistas a granel<\/strong>: Os pre\u00e7os por grosso e as encomendas a granel tornam-no perfeito para retalhistas e lojas de vape.<\/li>\n<li><strong>Diversas op\u00e7\u00f5es de sabor e intensidade<\/strong>: Atendendo a uma vasta gama de prefer\u00eancias, desde os perfis de sabor aos teores de nicotina.<\/li>\n<li><strong>Desempenho fi\u00e1vel<\/strong>: Com um elevado n\u00famero de baforadas e um design recarreg\u00e1vel, o SHISHA 25000 Puffs Vape proporciona um prazer ininterrupto e duradouro.<\/li>\n<\/ul>\n<hr \/>\n<h3><strong>Como encomendar<\/strong><\/h3>\n<p><strong>Disponibilidade por grosso<\/strong><br \/>\nCom <strong>200 unidades por caixa<\/strong>\u00c9 ideal para os retalhistas que pretendem armazenar um produto de grande procura.<\/p>\n<p><strong>Encomendar agora<\/strong><br \/>\nPronto para experimentar o futuro do vaping descart\u00e1vel? Fa\u00e7a a sua encomenda hoje e desfrute de um desempenho excecional, sabores de primeira qualidade e uma comodidade imbat\u00edvel com o <strong>ZOOY VAPE SHISHA 25000 Puffs Vape<\/strong>.<\/p>\n<hr \/>\n<p><em>Para encomendas em massa ou mais informa\u00e7\u00f5es, n\u00e3o hesite em contactar-nos. Estamos aqui para o ajudar a encontrar a solu\u00e7\u00e3o de vaporiza\u00e7\u00e3o perfeita para as suas necessidades.<\/em><\/p>\n<p><strong>Porqu\u00ea escolher-nos?<\/strong><\/p>\n<p>Ao escolher a loja oficial de vapes descart\u00e1veis, pode desfrutar de muitos benef\u00edcios:<\/p>\n<ul>\n<li><strong>Canal de vendas oficial:<\/strong>\u00a0Garantimos produtos aut\u00eanticos e um servi\u00e7o de qualidade.<\/li>\n<li><strong>Com\u00e9rcio grossista e retalhista:<\/strong>\u00a0Oferecemos op\u00e7\u00f5es de compra flex\u00edveis para particulares e grossistas.<\/li>\n<li><strong>Garantia de qualidade:<\/strong>\u00a0Os nossos produtos s\u00e3o submetidos a rigorosos testes de qualidade para garantir a sua satisfa\u00e7\u00e3o.<\/li>\n<li><strong>Envio para todo o mundo:<\/strong>\u00a0Temos orgulho em enviar os nossos produtos para a maior parte do mundo, garantindo que pode desfrutar dos nossos produtos onde quer que esteja.<\/li>\n<li><strong>Experi\u00eancia no sector:<\/strong>\u00a0Com mais de 8 anos de experi\u00eancia no mercado, torn\u00e1mo-nos uma escolha de confian\u00e7a e de primeira qualidade.<\/li>\n<li><strong>Parcerias a longo prazo:<\/strong>\u00a0Tamb\u00e9m cooperamos com lojistas locais na Europa, o que nos permite responder rapidamente \u00e0s necessidades do mercado e manter a frescura dos nossos produtos.<\/li>\n<\/ul>\n<p>A escolha dos nossos vapes descart\u00e1veis permite-lhe n\u00e3o s\u00f3 desfrutar de uma variedade de sabores, mas tamb\u00e9m experimentar uma extraordin\u00e1ria viagem de vaporiza\u00e7\u00e3o. Para mais informa\u00e7\u00f5es, visite-nos <a href=\"http:\/\/dankstarvapes.com\" target=\"_blank\" rel=\"noopener\">dankstarvapes.com<\/a>!<\/p>","protected":false},"excerpt":{"rendered":"<p>The ZOOY Vape SHISHA 25000 Puffs is a premium disposable vape that delivers an exceptional, long-lasting experience with up to 25,000 puffs. Featuring a sleek design, adjustable airflow, and the option of 2% or 5% nicotine strength, it provides a customizable and smooth vaping experience. The anti-dust cap keeps the device clean and protected, while [&#8230;]","protected":false},"featured_media":3830,"comment_status":"open","ping_status":"closed","template":"","meta":[],"product_brand":[],"product_cat":[75,111,77,95,73,78,96,71,79,80,81,82,83,84,85,86,87,88,89,90,91,92,131],"product_tag":[],"class_list":{"0":"post-3800","1":"product","2":"type-product","3":"status-publish","4":"has-post-thumbnail","6":"product_cat-2-nicotine-disposable-vape","7":"product_cat-25000-25k-puff-vape","8":"product_cat-5-nicotine-disposable-vape","9":"product_cat-advanced-vape","10":"product_cat-big-puff-vapes","11":"product_cat-disposable-vape-near-me","12":"product_cat-disposable-vape-with-led-light","13":"product_cat-0-5-nicotine-vapes","14":"product_cat-disposable-vapes-in-austria","15":"product_cat-disposable-vapes-in-belgium","16":"product_cat-disposable-vapes-in-france","17":"product_cat-disposable-vapes-in-germany","18":"product_cat-disposable-vapes-in-ltaly","19":"product_cat-disposable-vapes-in-netherlands","20":"product_cat-disposable-vapes-in-norway","21":"product_cat-disposable-vapes-in-poland","22":"product_cat-disposable-vapes-in-portugal","23":"product_cat-disposable-vapes-in-spain","24":"product_cat-disposable-vapes-in-sweden","25":"product_cat-disposable-vapes-in-switzerland","26":"product_cat-disposable-vapes-in-united-states","27":"product_cat-vape-brands","28":"product_cat-zooy-vape","30":"first","31":"instock","32":"shipping-taxable","33":"purchasable","34":"product-type-variable","35":"has-default-attributes"},"tiered_pricing_type":"fixed","tiered_pricing_fixed_rules":[],"tiered_pricing_product_settings":{"layout":"default","base_unit_name":{"singular":null,"plural":null},"default_variation":null},"tiered_pricing_minimum_quantity":null,"tiered_pricing_roles_data":[],"tiered_pricing_percentage_rules":[],"tiered_pricing_maximum_quantity":null,"tiered_pricing_quantity_step":null,"_links":{"self":[{"href":"https:\/\/vapsolovape.com\/pt\/wp-json\/wp\/v2\/product\/3800","targetHints":{"allow":["GET"]}}],"collection":[{"href":"https:\/\/vapsolovape.com\/pt\/wp-json\/wp\/v2\/product"}],"about":[{"href":"https:\/\/vapsolovape.com\/pt\/wp-json\/wp\/v2\/types\/product"}],"replies":[{"embeddable":true,"href":"https:\/\/vapsolovape.com\/pt\/wp-json\/wp\/v2\/comments?post=3800"}],"wp:featuredmedia":[{"embeddable":true,"href":"https:\/\/vapsolovape.com\/pt\/wp-json\/wp\/v2\/media\/3830"}],"wp:attachment":[{"href":"https:\/\/vapsolovape.com\/pt\/wp-json\/wp\/v2\/media?parent=3800"}],"wp:term":[{"taxonomy":"product_brand","embeddable":true,"href":"https:\/\/vapsolovape.com\/pt\/wp-json\/wp\/v2\/product_brand?post=3800"},{"taxonomy":"product_cat","embeddable":true,"href":"https:\/\/vapsolovape.com\/pt\/wp-json\/wp\/v2\/product_cat?post=3800"},{"taxonomy":"product_tag","embeddable":true,"href":"https:\/\/vapsolovape.com\/pt\/wp-json\/wp\/v2\/product_tag?post=3800"}],"curies":[{"name":"wp","href":"https:\/\/api.w.org\/{rel}","templated":true}]}}