{"id":465,"date":"2025-02-14T18:15:24","date_gmt":"2025-02-14T10:15:24","guid":{"rendered":"https:\/\/vapsolovape.com\/?post_type=product&#038;p=465"},"modified":"2025-02-26T16:06:36","modified_gmt":"2025-02-26T08:06:36","slug":"elf-box-ls-15000-puffs-vape-descartavel-sabor-e-longevidade-inigualaveis","status":"publish","type":"product","link":"https:\/\/vapsolovape.com\/pt\/produto\/elf-box-ls-15000-puffs-vape-descartavel-sabor-e-longevidade-inigualaveis\/","title":{"rendered":"ELF BOX LS 15000 Puffs - O Vape descart\u00e1vel com sabor e durabilidade inigual\u00e1veis!"},"content":{"rendered":"<div id=\"tab-description\" class=\"woocommerce-Tabs-panel woocommerce-Tabs-panel--description panel entry-content active\" role=\"tabpanel\" aria-labelledby=\"tab-title-description\">\n<p data-start=\"129\" data-end=\"606\">O <strong data-start=\"133\" data-end=\"175\">ELF BOX LS 15000 Puffs Vape descart\u00e1vel<\/strong> oferece uma experi\u00eancia de vaporiza\u00e7\u00e3o excecional, concebida para satisfazer tanto os utilizadores casuais como os vapers dedicados. Com um impressionante <strong data-start=\"302\" data-end=\"318\">15 000 baforadas<\/strong>Com um design elegante e uma vasta gama de sabores de fazer crescer \u00e1gua na boca, este dispositivo garante sess\u00f5es de longa dura\u00e7\u00e3o sem o inc\u00f3modo de substitui\u00e7\u00f5es frequentes. O seu design elegante, aliado a uma vasta gama de sabores de fazer crescer \u00e1gua na boca, faz com que o <strong data-start=\"494\" data-end=\"505\">CAIXA ELF<\/strong> o companheiro perfeito para a sua viagem vaporizadora, proporcionando estilo e satisfa\u00e7\u00e3o em cada tragada.<\/p>\n<figure id=\"attachment_4826\" aria-describedby=\"caption-attachment-4826\" style=\"width: 2560px\" class=\"wp-caption alignnone\"><img loading=\"lazy\" decoding=\"async\" class=\"wp-image-4826 size-full\" src=\"https:\/\/dankstarvapes.com\/wp-content\/uploads\/2024\/11\/ELF-BOX-15000-Puffs-2-scaled.webp\" alt=\"CAIXA ELF LS 15000\" width=\"2560\" height=\"2560\" title=\"\"><figcaption id=\"caption-attachment-4826\" class=\"wp-caption-text\">CAIXA ELF LS 15000<\/figcaption><\/figure>\n<h3>ELF BOX LS 15000 Puffs Carater\u00edsticas excepcionais para o m\u00e1ximo prazer<\/h3>\n<p><strong>CAIXA ELF LS 15000 <\/strong>est\u00e1 equipado com um generoso <strong>Capacidade de 26 ml de e-l\u00edquido<\/strong>permitindo-lhe saborear sess\u00f5es de vaporiza\u00e7\u00e3o mais longas. Escolha entre v\u00e1rios n\u00edveis de nicotina de <strong>0%, 2% e 5%<\/strong>para que possa personalizar a sua experi\u00eancia de acordo com as suas prefer\u00eancias. O poderoso <strong>Bateria recarreg\u00e1vel de 18250-600mAh<\/strong> garante um desempenho fi\u00e1vel, ao mesmo tempo que torna o recarregamento r\u00e1pido e pr\u00e1tico. O design leve (pesa apenas <strong>91g<\/strong>) e tamanho compacto (<strong>124,5 x 31,5 mm<\/strong>) tornam-no f\u00e1cil de transportar para onde quer que v\u00e1.<\/p>\n<h3>ELF BOX LS 15000 Desfrute de uma sele\u00e7\u00e3o vers\u00e1til de sabores<\/h3>\n<p>O Vape descart\u00e1vel ELF BOX 15000 Puffs est\u00e1 dispon\u00edvel numa tentadora sele\u00e7\u00e3o de sabores para agradar a todos os paladares:<\/p>\n<ol>\n<li>Gelo de amora<\/li>\n<li>Mirtilo no gelo<\/li>\n<li>Kiwi Maracuj\u00e1<\/li>\n<li>Morango Kiwi<\/li>\n<li>Limonada Blue Razz<\/li>\n<li>Gelo de melancia<\/li>\n<li>Melancia com morango<\/li>\n<li>Gelo de morango<\/li>\n<li>P\u00eassego Manga Anan\u00e1s<\/li>\n<li>Gelo de uva<\/li>\n<li>Manga Banana<\/li>\n<li>Bagas mistas<\/li>\n<\/ol>\n<h3>Pre\u00e7os competitivos para todos<\/h3>\n<p>O Vape descart\u00e1vel ELF BOX 15000 Puffs oferece pre\u00e7os competitivos, a partir de $6,79 por unidade. Desfrute de poupan\u00e7as ainda maiores com as op\u00e7\u00f5es de compra a granel - quanto mais comprar, mais poupa!<\/p>\n<h3>Junte-se \u00e0 fam\u00edlia ELF BOX<\/h3>\n<p>Est\u00e1 interessado na distribui\u00e7\u00e3o? Oferecemos oportunidades de ag\u00eancia interessantes, permitindo-lhe juntar-se \u00e0 fam\u00edlia ELF BOX e beneficiar dos nossos produtos mais vendidos. A parceria connosco abre portas a um mercado de sucesso e melhora a sua carteira de neg\u00f3cios. Para mais informa\u00e7\u00f5es sobre como come\u00e7ar a vender o Vape descart\u00e1vel ELF BOX, contacte-nos hoje mesmo!<\/p>\n<h3>Acerca do Vape descart\u00e1vel ELF BOX LS 15000 Puffs<\/h3>\n<p>Em resumo, o <strong>ELF BOX 15000 Puffs Vape descart\u00e1vel<\/strong> combina carater\u00edsticas inovadoras, um desempenho not\u00e1vel e uma vasta sele\u00e7\u00e3o de sabores para proporcionar uma experi\u00eancia de vaporiza\u00e7\u00e3o sem paralelo. N\u00e3o perca a oportunidade de elevar a sua viagem de vaporiza\u00e7\u00e3o com este dispositivo de alta qualidade. Pegue no seu hoje e descubra porque \u00e9 que a ELF BOX \u00e9 uma das favoritas entre os vapers!<\/p>\n<h3>Explorar mais da ELF BOX<\/h3>\n<h3>Porqu\u00ea escolher-nos?<\/h3>\n<p>Ao escolher a loja oficial dos cigarros electr\u00f3nicos descart\u00e1veis, obt\u00e9m in\u00fameras vantagens:<\/p>\n<ul>\n<li><strong>Canal de vendas oficial<\/strong>: Garantimos produtos genu\u00ednos e um servi\u00e7o de qualidade.<\/li>\n<li><strong>Com\u00e9rcio grossista e retalhista<\/strong>: Op\u00e7\u00f5es de compra flex\u00edveis para particulares e grossistas.<\/li>\n<li><strong>Garantia de qualidade<\/strong>: Os nossos produtos s\u00e3o submetidos a rigorosos testes de qualidade para garantir a sua satisfa\u00e7\u00e3o.<\/li>\n<li><strong>Expedi\u00e7\u00e3o global<\/strong>: Enviamos para a maioria das regi\u00f5es do mundo, garantindo que pode desfrutar dos nossos produtos onde quer que esteja.<\/li>\n<li><strong>Experi\u00eancia no sector<\/strong>: Com mais de 8 anos no mercado, estabelecemo-nos como uma escolha de confian\u00e7a para a qualidade.<\/li>\n<li><strong>Parcerias a longo prazo<\/strong>: Colaboramos com os lojistas locais, o que nos permite responder rapidamente \u00e0s exig\u00eancias do mercado.<\/li>\n<\/ul>\n<p>Ao escolher os nossos cigarros electr\u00f3nicos descart\u00e1veis, n\u00e3o s\u00f3 ter\u00e1 acesso a uma gama de sabores diversificada, como tamb\u00e9m a uma experi\u00eancia de vaporiza\u00e7\u00e3o excecional. Para mais informa\u00e7\u00f5es, visite-nos em <a href=\"http:\/\/dankstarvapes.com\" target=\"_blank\" rel=\"noopener\">dankstarvapes.com<\/a>!<\/p>\n<\/div>","protected":false},"excerpt":{"rendered":"<p>The ELF BOX LS 15000 Puffs Disposable Vape offers an exceptional vaping experience, designed to satisfy both casual users and dedicated vapers alike. With an impressive 15,000 puffs, this device ensures long-lasting sessions without the inconvenience of frequent replacements. Its sleek design, coupled with a wide range of mouthwatering flavors, makes the ELF BOX the [&#8230;]","protected":false},"featured_media":470,"comment_status":"open","ping_status":"closed","template":"","meta":[],"product_brand":[],"product_cat":[72,94,75,77,73,133,78,71,79,80,81,82,83,84,85,86,87,88,89,90,91,93,16,92],"product_tag":[],"class_list":{"0":"post-465","1":"product","2":"type-product","3":"status-publish","4":"has-post-thumbnail","6":"product_cat-0-nicotine-disposable-vape","7":"product_cat-15000-15k-puff-vape","8":"product_cat-2-nicotine-disposable-vape","9":"product_cat-5-nicotine-disposable-vape","10":"product_cat-big-puff-vapes","11":"product_cat-crystal-vape","12":"product_cat-disposable-vape-near-me","13":"product_cat-0-5-nicotine-vapes","14":"product_cat-disposable-vapes-in-austria","15":"product_cat-disposable-vapes-in-belgium","16":"product_cat-disposable-vapes-in-france","17":"product_cat-disposable-vapes-in-germany","18":"product_cat-disposable-vapes-in-ltaly","19":"product_cat-disposable-vapes-in-netherlands","20":"product_cat-disposable-vapes-in-norway","21":"product_cat-disposable-vapes-in-poland","22":"product_cat-disposable-vapes-in-portugal","23":"product_cat-disposable-vapes-in-spain","24":"product_cat-disposable-vapes-in-sweden","25":"product_cat-disposable-vapes-in-switzerland","26":"product_cat-disposable-vapes-in-united-states","27":"product_cat-elf-box-vapes","28":"product_cat-uncategorized","29":"product_cat-vape-brands","31":"first","32":"instock","33":"shipping-taxable","34":"purchasable","35":"product-type-variable","36":"has-default-attributes"},"tiered_pricing_type":"fixed","tiered_pricing_fixed_rules":[],"tiered_pricing_product_settings":{"layout":"default","base_unit_name":{"singular":null,"plural":null},"default_variation":null},"tiered_pricing_minimum_quantity":null,"tiered_pricing_roles_data":[],"tiered_pricing_percentage_rules":[],"tiered_pricing_maximum_quantity":null,"tiered_pricing_quantity_step":null,"_links":{"self":[{"href":"https:\/\/vapsolovape.com\/pt\/wp-json\/wp\/v2\/product\/465","targetHints":{"allow":["GET"]}}],"collection":[{"href":"https:\/\/vapsolovape.com\/pt\/wp-json\/wp\/v2\/product"}],"about":[{"href":"https:\/\/vapsolovape.com\/pt\/wp-json\/wp\/v2\/types\/product"}],"replies":[{"embeddable":true,"href":"https:\/\/vapsolovape.com\/pt\/wp-json\/wp\/v2\/comments?post=465"}],"wp:featuredmedia":[{"embeddable":true,"href":"https:\/\/vapsolovape.com\/pt\/wp-json\/wp\/v2\/media\/470"}],"wp:attachment":[{"href":"https:\/\/vapsolovape.com\/pt\/wp-json\/wp\/v2\/media?parent=465"}],"wp:term":[{"taxonomy":"product_brand","embeddable":true,"href":"https:\/\/vapsolovape.com\/pt\/wp-json\/wp\/v2\/product_brand?post=465"},{"taxonomy":"product_cat","embeddable":true,"href":"https:\/\/vapsolovape.com\/pt\/wp-json\/wp\/v2\/product_cat?post=465"},{"taxonomy":"product_tag","embeddable":true,"href":"https:\/\/vapsolovape.com\/pt\/wp-json\/wp\/v2\/product_tag?post=465"}],"curies":[{"name":"wp","href":"https:\/\/api.w.org\/{rel}","templated":true}]}}