{"id":614,"date":"2025-02-14T18:15:59","date_gmt":"2025-02-14T10:15:59","guid":{"rendered":"https:\/\/vapsolovape.com\/?post_type=product&#038;p=614"},"modified":"2025-07-14T18:55:26","modified_gmt":"2025-07-14T10:55:26","slug":"fizzy-boom-vape-13000-13k-puffs-comprar-online-retalho-grossista","status":"publish","type":"product","link":"https:\/\/vapsolovape.com\/pt\/produto\/fizzy-boom-vape-13000-13k-puffs-comprar-online-retalho-grossista\/","title":{"rendered":"Fizzy Boom Vape 13000 Puffs - Loja online, op\u00e7\u00f5es de venda a retalho e por grosso dispon\u00edveis"},"content":{"rendered":"<div id=\"tab-description\" class=\"woocommerce-Tabs-panel woocommerce-Tabs-panel--description panel entry-content active\" role=\"tabpanel\" aria-labelledby=\"tab-title-description\">\n<p data-start=\"134\" data-end=\"518\">O <strong data-start=\"138\" data-end=\"169\">Fizzy Boom Vape 13000 Puffs<\/strong> foi concebido para oferecer aos utilizadores casuais e aos vapers dedicados uma experi\u00eancia excecional. Com um impressionante <strong data-start=\"276\" data-end=\"292\">13.000 baforadas<\/strong>Este dispositivo garante o prazer ininterrupto dos seus sabores favoritos. Quer esteja a comprar para uso pessoal ou a explorar as op\u00e7\u00f5es de venda a retalho e por grosso, o <strong data-start=\"454\" data-end=\"473\">Frasco de fumo Fizzy Boom<\/strong> proporciona um valor e uma satisfa\u00e7\u00e3o excepcionais.<\/p>\n<figure id=\"attachment_4802\" aria-describedby=\"caption-attachment-4802\" style=\"width: 1120px\" class=\"wp-caption alignnone\"><img loading=\"lazy\" decoding=\"async\" class=\"size-full wp-image-4802\" src=\"https:\/\/dankstarvapes.com\/wp-content\/uploads\/2024\/11\/Fizzy-Boom-Vape-1300013k-Puffs-4.webp\" alt=\"Fizzy Boom Vape 1300013k Puffs (4)\" width=\"1120\" height=\"1380\" title=\"\"><figcaption id=\"caption-attachment-4802\" class=\"wp-caption-text\">Fizzy Boom Vape 1300013k Puffs (4)<\/figcaption><\/figure>\n<h2><strong>Fizzy Boom Vape 13000 <\/strong>Sele\u00e7\u00e3o de sabores inigual\u00e1vel<\/h2>\n<p>Uma das carater\u00edsticas mais marcantes do <strong>Fizzy Boom Vape 13000 Puffs<\/strong> \u00e9 a sua extensa gama de sabores. Com 12 deliciosas op\u00e7\u00f5es, encontrar\u00e1 algo que se adequa a todos os paladares:<\/p>\n<ol>\n<li>P\u00eassego<\/li>\n<li>Gelo de mirtilo<\/li>\n<li>Gelo de uva<\/li>\n<li>Morango<\/li>\n<li>Gelo de melancia<\/li>\n<li>Mirtilo Melancia Pastilha el\u00e1stica<\/li>\n<li>Ma\u00e7\u00e3 \u00e1cida<\/li>\n<li>Melancia Cereja<\/li>\n<li>Mel\u00e3o com mirtilo<\/li>\n<li>Gelo de bagas de kiwi<\/li>\n<li>Mirtilo Framboesa Lim\u00e3o<\/li>\n<li>Morango Melancia Rom\u00e3<\/li>\n<\/ol>\n<p>Cada sabor \u00e9 criado para proporcionar uma experi\u00eancia refrescante e satisfat\u00f3ria, garantindo que cada baforada seja uma del\u00edcia. Desde a do\u00e7ura do p\u00eassego at\u00e9 \u00e0 frescura do gelo de mirtilo, pode saborear uma variedade de sabores que mant\u00eam a sua experi\u00eancia de vaporiza\u00e7\u00e3o excitante...<\/p>\n<figure id=\"attachment_4803\" aria-describedby=\"caption-attachment-4803\" style=\"width: 2560px\" class=\"wp-caption alignnone\"><img loading=\"lazy\" decoding=\"async\" class=\"size-full wp-image-4803\" src=\"https:\/\/dankstarvapes.com\/wp-content\/uploads\/2024\/11\/Fizzy-Boom-Vape-1300013k-Puffs-3-scaled.webp\" alt=\"Fizzy Boom Vape 1300013k Puffs (3)\" width=\"2560\" height=\"2560\" title=\"\"><figcaption id=\"caption-attachment-4803\" class=\"wp-caption-text\">Fizzy Boom Vape 1300013k Puffs (3)<\/figcaption><\/figure>\n<h2>Design compacto e port\u00e1til<\/h2>\n<p>O <strong>Frasco de fumo Fizzy Boom<\/strong> foi concebido para ser pr\u00e1tico. O seu tamanho compacto facilita o transporte, permitindo-lhe lev\u00e1-lo para qualquer lado, quer esteja em viagem ou a relaxar em casa. Al\u00e9m disso, o acabamento em pintura met\u00e1lica n\u00e3o s\u00f3 melhora o seu aspeto est\u00e9tico, como tamb\u00e9m lhe confere um toque de alta qualidade, tornando-o adequado para qualquer vaper.<\/p>\n<h2><strong>Fizzy Boom Vape 13000 <\/strong>Experi\u00eancia de vaporiza\u00e7\u00e3o suave e agrad\u00e1vel<\/h2>\n<p>Equipado com uma bobina de malha, o <strong>Pum efervescente<\/strong>\u00a0garante uma experi\u00eancia de vaporiza\u00e7\u00e3o suave e agrad\u00e1vel. Esta tecnologia melhora o fornecimento de sabor, permitindo-lhe apreciar plenamente os aromas ricos e frutados em cada inala\u00e7\u00e3o. O dispositivo tem tamb\u00e9m uma generosa capacidade de 21 ml de e-l\u00edquido, minimizando a necessidade de reabastecimentos frequentes, para que se possa concentrar mais no prazer e menos na manuten\u00e7\u00e3o.<\/p>\n<h2>Carater\u00edsticas de f\u00e1cil utiliza\u00e7\u00e3o<\/h2>\n<p>Para maior comodidade, o <strong>Pum efervescente<\/strong> possui um ecr\u00e3 LCD que mostra a dura\u00e7\u00e3o da bateria e a capacidade do sumo eletr\u00f3nico, permitindo-lhe monitorizar as suas necessidades de vaporiza\u00e7\u00e3o e garantindo que est\u00e1 sempre pronto para a sua pr\u00f3xima sess\u00e3o.<\/p>\n<h2><strong>Fizzy Boom Vape 13000 <\/strong>Op\u00e7\u00f5es de nicotina personaliz\u00e1veis<\/h2>\n<p>O <strong>Frasco de fumo Fizzy Boom<\/strong> oferece concentra\u00e7\u00f5es de sal de nicotina de 2% e 5%, permitindo-lhe personalizar a sua experi\u00eancia. Quer prefira uma batida mais suave ou mais forte, pode escolher o n\u00edvel de nicotina que se adequa ao seu estilo.<\/p>\n<h2>Pre\u00e7os competitivos para todos<\/h2>\n<p>O <strong>Fizzy Boom 13000 Puffs<\/strong> tem um pre\u00e7o competitivo, o que o torna uma excelente escolha para quem procura elevar a sua experi\u00eancia de vaporiza\u00e7\u00e3o sem gastar muito. As op\u00e7\u00f5es de compra a granel est\u00e3o dispon\u00edveis para retalhistas e grossistas, permitindo-lhe maximizar os seus lucros enquanto fornece aos seus clientes produtos de primeira qualidade.<\/p>\n<h2>Junte-se hoje \u00e0 revolu\u00e7\u00e3o Fizzy<\/h2>\n<p>Pronto para experimentar o <strong>Fizzy Boom Vape 13000 Puffs<\/strong> para si? Ent\u00e3o, explore a nossa cole\u00e7\u00e3o e descubra porque \u00e9 que este dispositivo est\u00e1 a tornar-se rapidamente um favorito entre os vapers. Com o seu sabor duradouro, comodidade sem esfor\u00e7o e design elegante, \u00e9 evidente que o <strong>Pum efervescente<\/strong> \u00e9 a escolha ideal para todas as suas necessidades de vaporiza\u00e7\u00e3o. N\u00e3o perca a oportunidade de encontrar o seu vape perfeito hoje mesmo!<\/p>\n<h3>Come\u00e7ar agora<\/h3>\n<p>N\u00e3o perca a oportunidade de melhorar a sua viagem vaporizadora. Compre hoje online o <strong>Fizzy Boom 13000 Puffs<\/strong>e junte-se \u00e0 revolu\u00e7\u00e3o Fizzy. Quer esteja \u00e0 procura de um dispositivo de vaporiza\u00e7\u00e3o pessoal ou de uma adi\u00e7\u00e3o lucrativa \u00e0s suas ofertas de retalho, o Fizzy Boom \u00e9 a solu\u00e7\u00e3o perfeita.<\/p>\n<p>Experimente a diferen\u00e7a com <strong>Fizzy Boom 13000 Puffs<\/strong> e delicie-se com a derradeira satisfa\u00e7\u00e3o vaporizadora!<\/p>\n<p><strong>Porqu\u00ea escolher-nos?<\/strong><\/p>\n<p>Ao escolher a loja oficial de vapes descart\u00e1veis, pode desfrutar de muitos benef\u00edcios:<\/p>\n<ul>\n<li><strong>Canal de vendas oficial:<\/strong>\u00a0Garantimos produtos aut\u00eanticos e um servi\u00e7o de qualidade.<\/li>\n<li><strong>Com\u00e9rcio grossista e retalhista:<\/strong>\u00a0Oferecemos op\u00e7\u00f5es de compra flex\u00edveis para particulares e grossistas.<\/li>\n<li><strong>Garantia de qualidade:<\/strong>\u00a0Os nossos produtos s\u00e3o submetidos a rigorosos testes de qualidade para garantir a sua satisfa\u00e7\u00e3o.<\/li>\n<li><strong>Envio para todo o mundo:<\/strong>\u00a0Temos orgulho em enviar os nossos produtos para a maior parte do mundo, garantindo que pode desfrutar dos nossos produtos onde quer que esteja.<\/li>\n<li><strong>Experi\u00eancia no sector:<\/strong>\u00a0Com mais de 8 anos de experi\u00eancia no mercado, torn\u00e1mo-nos uma escolha de confian\u00e7a e de primeira qualidade.<\/li>\n<li><strong>Parcerias a longo prazo:<\/strong>\u00a0Tamb\u00e9m cooperamos com lojistas locais na Europa, o que nos permite responder rapidamente \u00e0s necessidades do mercado e manter a frescura dos nossos produtos.<\/li>\n<\/ul>\n<p>A escolha dos nossos vapes descart\u00e1veis permite-lhe n\u00e3o s\u00f3 desfrutar de uma variedade de sabores, mas tamb\u00e9m experimentar uma extraordin\u00e1ria viagem de vaporiza\u00e7\u00e3o. Para mais informa\u00e7\u00f5es, visite-nos <a href=\"http:\/\/dankstarvapes.com\" target=\"_blank\" rel=\"noopener\">dankstarvapes.com<\/a>!<\/p>\n<\/div>","protected":false},"excerpt":{"rendered":"<p>The Fizzy Boom Vape 13000 Puffs is designed to offer both casual users and dedicated vapers an exceptional experience. With an impressive 13,000 puffs, this device ensures uninterrupted enjoyment of your favorite flavors. Whether you\u2019re purchasing for personal use or exploring retail and wholesale options, the Fizzy Boom Vape provides exceptional value and satisfaction. Fizzy [&#8230;]","protected":false},"featured_media":631,"comment_status":"open","ping_status":"closed","template":"","meta":[],"product_brand":[],"product_cat":[74,75,77,95,73,78,97,71,79,80,81,82,83,84,85,86,87,88,89,90,91,98,16,92],"product_tag":[],"class_list":{"0":"post-614","1":"product","2":"type-product","3":"status-publish","4":"has-post-thumbnail","6":"product_cat-12000-12k-puff-vape","7":"product_cat-2-nicotine-disposable-vape","8":"product_cat-5-nicotine-disposable-vape","9":"product_cat-advanced-vape","10":"product_cat-big-puff-vapes","11":"product_cat-disposable-vape-near-me","12":"product_cat-disposable-vape-with-screen","13":"product_cat-0-5-nicotine-vapes","14":"product_cat-disposable-vapes-in-austria","15":"product_cat-disposable-vapes-in-belgium","16":"product_cat-disposable-vapes-in-france","17":"product_cat-disposable-vapes-in-germany","18":"product_cat-disposable-vapes-in-ltaly","19":"product_cat-disposable-vapes-in-netherlands","20":"product_cat-disposable-vapes-in-norway","21":"product_cat-disposable-vapes-in-poland","22":"product_cat-disposable-vapes-in-portugal","23":"product_cat-disposable-vapes-in-spain","24":"product_cat-disposable-vapes-in-sweden","25":"product_cat-disposable-vapes-in-switzerland","26":"product_cat-disposable-vapes-in-united-states","27":"product_cat-fizzy-vapes","28":"product_cat-uncategorized","29":"product_cat-vape-brands","31":"first","32":"instock","33":"shipping-taxable","34":"purchasable","35":"product-type-variable","36":"has-default-attributes"},"tiered_pricing_type":"fixed","tiered_pricing_fixed_rules":[],"tiered_pricing_product_settings":{"layout":"default","base_unit_name":{"singular":null,"plural":null},"default_variation":null},"tiered_pricing_minimum_quantity":null,"tiered_pricing_roles_data":[],"tiered_pricing_percentage_rules":[],"tiered_pricing_maximum_quantity":null,"tiered_pricing_quantity_step":null,"_links":{"self":[{"href":"https:\/\/vapsolovape.com\/pt\/wp-json\/wp\/v2\/product\/614","targetHints":{"allow":["GET"]}}],"collection":[{"href":"https:\/\/vapsolovape.com\/pt\/wp-json\/wp\/v2\/product"}],"about":[{"href":"https:\/\/vapsolovape.com\/pt\/wp-json\/wp\/v2\/types\/product"}],"replies":[{"embeddable":true,"href":"https:\/\/vapsolovape.com\/pt\/wp-json\/wp\/v2\/comments?post=614"}],"wp:featuredmedia":[{"embeddable":true,"href":"https:\/\/vapsolovape.com\/pt\/wp-json\/wp\/v2\/media\/631"}],"wp:attachment":[{"href":"https:\/\/vapsolovape.com\/pt\/wp-json\/wp\/v2\/media?parent=614"}],"wp:term":[{"taxonomy":"product_brand","embeddable":true,"href":"https:\/\/vapsolovape.com\/pt\/wp-json\/wp\/v2\/product_brand?post=614"},{"taxonomy":"product_cat","embeddable":true,"href":"https:\/\/vapsolovape.com\/pt\/wp-json\/wp\/v2\/product_cat?post=614"},{"taxonomy":"product_tag","embeddable":true,"href":"https:\/\/vapsolovape.com\/pt\/wp-json\/wp\/v2\/product_tag?post=614"}],"curies":[{"name":"wp","href":"https:\/\/api.w.org\/{rel}","templated":true}]}}