{"id":642,"date":"2025-02-14T18:16:10","date_gmt":"2025-02-14T10:16:10","guid":{"rendered":"https:\/\/vapsolovape.com\/?post_type=product&#038;p=642"},"modified":"2025-02-26T15:58:24","modified_gmt":"2025-02-26T07:58:24","slug":"vape-descartavel-efervescente-de-10000-baforadas-perfeito-para-desfrutar-em-qualquer-lugar","status":"publish","type":"product","link":"https:\/\/vapsolovape.com\/pt\/produto\/vape-descartavel-efervescente-de-10000-baforadas-perfeito-para-desfrutar-em-qualquer-lugar\/","title":{"rendered":"Fizzy Great 10000 Puffs Vape descart\u00e1vel - A escolha ideal para desfrutar em viagem!"},"content":{"rendered":"<div id=\"tab-description\" class=\"woocommerce-Tabs-panel woocommerce-Tabs-panel--description panel entry-content active\" role=\"tabpanel\" aria-labelledby=\"tab-title-description\">\n<p>O <strong data-start=\"155\" data-end=\"198\">Fizzy Great 10000 Puffs Vape descart\u00e1vel<\/strong> foi concebido para oferecer aos utilizadores casuais e aos entusiastas da vaporiza\u00e7\u00e3o uma experi\u00eancia excecional. Com um impressionante <strong data-start=\"307\" data-end=\"323\">10.000 baforadas<\/strong>Este dispositivo garante um prazer duradouro sem necessidade de substitui\u00e7\u00f5es constantes. Perfeitamente concebido para sess\u00f5es de vaporiza\u00e7\u00e3o prolongadas, o <strong data-start=\"464\" data-end=\"479\">Frisante \u00d3timo<\/strong> permite-lhe mergulhar numa aventura satisfat\u00f3ria com cada tragada.<\/p>\n<h2>FIZZY Great 10000 Puffs Selec\u00e7\u00f5es de sabores para satisfazer todos os desejos<\/h2>\n<p>O FIZZY vape est\u00e1 dispon\u00edvel numa deliciosa gama de sabores, cada um criado para elevar a sua experi\u00eancia de vaporiza\u00e7\u00e3o:<\/p>\n<ol>\n<li><strong>Melancia<\/strong><\/li>\n<li><strong>Gelo de mirtilo<\/strong><\/li>\n<li><strong>Gelo de uva<\/strong><\/li>\n<li><strong>Lichia Lim\u00e3o<\/strong><\/li>\n<li><strong>Anan\u00e1s P\u00eassego Maracuj\u00e1<\/strong><\/li>\n<li><strong>Framboesa Uva<\/strong><\/li>\n<li><strong>P\u00eassego<\/strong><\/li>\n<li><strong>Manga P\u00eassego<\/strong><\/li>\n<li><strong>Baga mista<\/strong><\/li>\n<li><strong>Limonada de melancia e morango<\/strong><\/li>\n<\/ol>\n<p>Independentemente do sabor que preferir, h\u00e1 uma op\u00e7\u00e3o FIZZY para todos!<\/p>\n<figure id=\"attachment_4797\" aria-describedby=\"caption-attachment-4797\" style=\"width: 2560px\" class=\"wp-caption alignnone\"><img loading=\"lazy\" decoding=\"async\" class=\"size-full wp-image-4797\" src=\"https:\/\/dankstarvapes.com\/wp-content\/uploads\/2024\/11\/Fizzy-Great-10000-Puffs-1-scaled.webp\" alt=\"Fizzy Great 10000 Puffs (1)\" width=\"2560\" height=\"2086\" title=\"\"><figcaption id=\"caption-attachment-4797\" class=\"wp-caption-text\">Fizzy Great 10000 Puffs (1)<\/figcaption><\/figure>\n<h2>FIZZY Great 10000 Puffs Especifica\u00e7\u00f5es extraordin\u00e1rias<\/h2>\n<p>O <strong>Vape descart\u00e1vel FIZZY Great 10000<\/strong> \u00e9 alimentado por um fi\u00e1vel <strong>Bateria de 650mAh<\/strong>o que garante um desempenho consistente durante as suas sess\u00f5es de vaporiza\u00e7\u00e3o. Al\u00e9m disso, com um generoso <strong>Capacidade para 18 ml de e-l\u00edquido<\/strong>Com a ajuda de um sistema de controlo de qualidade, pode saborear sess\u00f5es mais longas sem o inc\u00f3modo de reabastecer constantemente.<\/p>\n<p>Al\u00e9m disso, este dispositivo oferece flexibilidade na sua experi\u00eancia de vaporiza\u00e7\u00e3o, permitindo-lhe escolher entre concentra\u00e7\u00f5es de sal de nicotina de <strong>2% e 5%<\/strong>. Esta carater\u00edstica permite-lhe adaptar a sua experi\u00eancia de vaporiza\u00e7\u00e3o \u00e0s suas prefer\u00eancias pessoais, assegurando que cada baforada \u00e9 a ideal para si. Desfrute de uma viagem de vaporiza\u00e7\u00e3o perfeita e satisfat\u00f3ria com o FIZZY Great 10000!<\/p>\n<h2>FIZZY Great 10000 Puffs Compacto e Pr\u00e1tico<\/h2>\n<p>Leve e port\u00e1til, o FIZZY vape foi concebido para o seu . O seu tamanho compacto torna-o f\u00e1cil de transportar no bolso ou na mala, garantindo que pode desfrutar dos seus sabores favoritos a qualquer hora e em qualquer lugar.<\/p>\n<h2>Pre\u00e7os competitivos<\/h2>\n<p>O <strong>10000 Puffs Vape descart\u00e1vel<\/strong> oferece um valor excecional pelo seu dinheiro, tornando-o uma escolha inteligente e acess\u00edvel para quem procura elevar a sua experi\u00eancia de vaporiza\u00e7\u00e3o. Com um pre\u00e7o m\u00ednimo de <strong>$6.10 por unidade<\/strong>Este dispositivo foi concebido para fornecer n\u00e3o s\u00f3 quantidade, mas tamb\u00e9m qualidade.<\/p>\n<figure id=\"attachment_4798\" aria-describedby=\"caption-attachment-4798\" style=\"width: 1057px\" class=\"wp-caption alignnone\"><img loading=\"lazy\" decoding=\"async\" class=\"size-full wp-image-4798\" src=\"https:\/\/dankstarvapes.com\/wp-content\/uploads\/2024\/11\/Fizzy-Great-10000-Puffs-3.webp\" alt=\"Fizzy Great 10000 Puffs (3)\" width=\"1057\" height=\"1037\" title=\"\"><figcaption id=\"caption-attachment-4798\" class=\"wp-caption-text\">Fizzy Great 10000 Puffs (3)<\/figcaption><\/figure>\n<h2>Eleve a sua viagem vaporizadora<\/h2>\n<p>Experimente a satisfa\u00e7\u00e3o inigual\u00e1vel do <strong>FIZZY Great 10000 Puffs Vape descart\u00e1vel<\/strong> hoje! Quer seja um utilizador casual ou um aficionado da vaporiza\u00e7\u00e3o, este dispositivo ir\u00e1 certamente impressionar com os seus sabores e desempenho excepcionais. Pegue no seu agora e delicie-se com a experi\u00eancia FIZZY!<\/p>\n<h3>Explorar mais de <strong>FIZZY VAPE<\/strong><\/h3>\n<p>Veja os nossos outros modelos populares:<\/p>\n<ul>\n<li>FIZZY Vape 10000 Puffs<\/li>\n<li>FIZZY Vape 12000 Puffs<\/li>\n<li>FIZZY Vape 13000 Puffs<\/li>\n<li>FIZZY Vape 15000 Puffs<\/li>\n<li>FIZZY Vape 20000 Puffs<\/li>\n<\/ul>\n<p><strong>Porqu\u00ea escolher-nos?<\/strong><\/p>\n<p>Ao escolher a loja oficial de vapes descart\u00e1veis, pode desfrutar de muitos benef\u00edcios:<\/p>\n<ul>\n<li><strong>Canal de vendas oficial:<\/strong>\u00a0Garantimos produtos aut\u00eanticos e um servi\u00e7o de qualidade.<\/li>\n<li><strong>Com\u00e9rcio grossista e retalhista:<\/strong>\u00a0Oferecemos op\u00e7\u00f5es de compra flex\u00edveis para particulares e grossistas.<\/li>\n<li><strong>Garantia de qualidade:<\/strong>\u00a0Os nossos produtos s\u00e3o submetidos a rigorosos testes de qualidade para garantir a sua satisfa\u00e7\u00e3o.<\/li>\n<li><strong>Envio para todo o mundo:<\/strong>\u00a0Temos orgulho em enviar os nossos produtos para a maior parte do mundo, garantindo que pode desfrutar dos nossos produtos onde quer que esteja.<\/li>\n<li><strong>Experi\u00eancia no sector:<\/strong>\u00a0Com mais de 8 anos de experi\u00eancia no mercado, torn\u00e1mo-nos uma escolha de confian\u00e7a e de primeira qualidade.<\/li>\n<li><strong>Parcerias a longo prazo:<\/strong>\u00a0Tamb\u00e9m cooperamos com lojistas locais na Europa, o que nos permite responder rapidamente \u00e0s necessidades do mercado e manter a frescura dos nossos produtos.<\/li>\n<\/ul>\n<p>A escolha dos nossos vapes descart\u00e1veis permite-lhe n\u00e3o s\u00f3 desfrutar de uma variedade de sabores, mas tamb\u00e9m experimentar uma extraordin\u00e1ria viagem de vaporiza\u00e7\u00e3o. Para mais informa\u00e7\u00f5es, visite-nos <a href=\"http:\/\/dankstarvapes.com\" target=\"_blank\" rel=\"noopener\">dankstarvapes.com<\/a>!<\/p>\n<\/div>","protected":false},"excerpt":{"rendered":"<p>The Fizzy Great 10000 Puffs Disposable Vape is designed to offer both casual users and vaping enthusiasts an exceptional experience. With an impressive 10,000 puffs, this device ensures long-lasting enjoyment without the need for constant replacements. Perfectly crafted for extended vaping sessions, the Fizzy Great lets you dive into a satisfying adventure with every puff. [&#8230;]","protected":false},"featured_media":664,"comment_status":"open","ping_status":"closed","template":"","meta":[],"product_brand":[],"product_cat":[99,75,77,73,78,71,79,80,81,82,83,84,85,86,87,88,89,90,91,98,16,92],"product_tag":[],"class_list":{"0":"post-642","1":"product","2":"type-product","3":"status-publish","4":"has-post-thumbnail","6":"product_cat-10000-10k-puff-vape","7":"product_cat-2-nicotine-disposable-vape","8":"product_cat-5-nicotine-disposable-vape","9":"product_cat-big-puff-vapes","10":"product_cat-disposable-vape-near-me","11":"product_cat-0-5-nicotine-vapes","12":"product_cat-disposable-vapes-in-austria","13":"product_cat-disposable-vapes-in-belgium","14":"product_cat-disposable-vapes-in-france","15":"product_cat-disposable-vapes-in-germany","16":"product_cat-disposable-vapes-in-ltaly","17":"product_cat-disposable-vapes-in-netherlands","18":"product_cat-disposable-vapes-in-norway","19":"product_cat-disposable-vapes-in-poland","20":"product_cat-disposable-vapes-in-portugal","21":"product_cat-disposable-vapes-in-spain","22":"product_cat-disposable-vapes-in-sweden","23":"product_cat-disposable-vapes-in-switzerland","24":"product_cat-disposable-vapes-in-united-states","25":"product_cat-fizzy-vapes","26":"product_cat-uncategorized","27":"product_cat-vape-brands","29":"first","30":"instock","31":"shipping-taxable","32":"purchasable","33":"product-type-variable","34":"has-default-attributes"},"tiered_pricing_type":"fixed","tiered_pricing_fixed_rules":[],"tiered_pricing_product_settings":{"layout":"default","base_unit_name":{"singular":null,"plural":null},"default_variation":null},"tiered_pricing_minimum_quantity":null,"tiered_pricing_roles_data":[],"tiered_pricing_percentage_rules":[],"tiered_pricing_maximum_quantity":null,"tiered_pricing_quantity_step":null,"_links":{"self":[{"href":"https:\/\/vapsolovape.com\/pt\/wp-json\/wp\/v2\/product\/642","targetHints":{"allow":["GET"]}}],"collection":[{"href":"https:\/\/vapsolovape.com\/pt\/wp-json\/wp\/v2\/product"}],"about":[{"href":"https:\/\/vapsolovape.com\/pt\/wp-json\/wp\/v2\/types\/product"}],"replies":[{"embeddable":true,"href":"https:\/\/vapsolovape.com\/pt\/wp-json\/wp\/v2\/comments?post=642"}],"wp:featuredmedia":[{"embeddable":true,"href":"https:\/\/vapsolovape.com\/pt\/wp-json\/wp\/v2\/media\/664"}],"wp:attachment":[{"href":"https:\/\/vapsolovape.com\/pt\/wp-json\/wp\/v2\/media?parent=642"}],"wp:term":[{"taxonomy":"product_brand","embeddable":true,"href":"https:\/\/vapsolovape.com\/pt\/wp-json\/wp\/v2\/product_brand?post=642"},{"taxonomy":"product_cat","embeddable":true,"href":"https:\/\/vapsolovape.com\/pt\/wp-json\/wp\/v2\/product_cat?post=642"},{"taxonomy":"product_tag","embeddable":true,"href":"https:\/\/vapsolovape.com\/pt\/wp-json\/wp\/v2\/product_tag?post=642"}],"curies":[{"name":"wp","href":"https:\/\/api.w.org\/{rel}","templated":true}]}}