{"id":667,"date":"2025-02-14T18:16:18","date_gmt":"2025-02-14T10:16:18","guid":{"rendered":"https:\/\/vapsolovape.com\/?post_type=product&#038;p=667"},"modified":"2025-07-14T18:55:46","modified_gmt":"2025-07-14T10:55:46","slug":"fizzy-pandora-12000-kaufen-12k-vape-uma-variedade-de-estilos-disponiveis","status":"publish","type":"product","link":"https:\/\/vapsolovape.com\/pt\/produto\/fizzy-pandora-12000-kaufen-12k-vape-uma-variedade-de-estilos-disponiveis\/","title":{"rendered":"Fizzy Pandora 12000 Puffs - 12K Vape com v\u00e1rias op\u00e7\u00f5es de estilo"},"content":{"rendered":"<div id=\"tab-description\" class=\"woocommerce-Tabs-panel woocommerce-Tabs-panel--description panel entry-content active\" role=\"tabpanel\" aria-labelledby=\"tab-title-description\">\n<p data-start=\"148\" data-end=\"597\">O <strong data-start=\"152\" data-end=\"197\">Fizzy Pandora 12000 Puffs Vape descart\u00e1vel<\/strong> foi concebido para proporcionar uma experi\u00eancia de vaporiza\u00e7\u00e3o verdadeiramente satisfat\u00f3ria. Perfeito tanto para utilizadores casuais como para entusiastas dedicados da vaporiza\u00e7\u00e3o, este dispositivo inovador oferece uma impressionante <strong data-start=\"367\" data-end=\"383\">12.000 baforadas<\/strong>garantindo um prazer duradouro sem o inc\u00f3modo de substitui\u00e7\u00f5es frequentes. Com o seu design elegante e moderno, o <strong data-start=\"501\" data-end=\"518\">Pandora efervescente<\/strong> destaca-se da multid\u00e3o, combinando desempenho com uma est\u00e9tica apelativa.<\/p>\n<\/div>\n<figure class=\"wp-caption aligncenter\" style=\"width: 1120px;\" aria-describedby=\"caption-attachment-6142\"><\/figure>\n<p><img loading=\"lazy\" decoding=\"async\" class=\"alignnone size-full wp-image-4792\" src=\"https:\/\/dankstarvapes.com\/wp-content\/uploads\/2024\/11\/Fizzy-Pandora-12000-Puffs-1-scaled.webp\" alt=\"Fizzy Pandora 12000 Puffs (1)\" width=\"2560\" height=\"2560\" title=\"\"><\/p>\n<div id=\"tab-description\" class=\"woocommerce-Tabs-panel woocommerce-Tabs-panel--description panel entry-content active\" role=\"tabpanel\" aria-labelledby=\"tab-title-description\">\n<h2>Pandora 12000 Puffs Fizzy Design \u00fanico que cativa<\/h2>\n<p>Uma das carater\u00edsticas mais marcantes do <strong>Fizzy Pandora 12000 Puffs<\/strong> \u00e9 o seu design \u00fanico. Este vape foi concebido para ser visualmente apelativo e ergon\u00f3mico, tornando-o f\u00e1cil de segurar e transportar. O seu tamanho compacto garante que pode lev\u00e1-lo para qualquer lado, quer esteja a sair com os amigos ou a desfrutar de uma noite tranquila em casa. O apelo est\u00e9tico do Fizzy Pandora \u00e9 acompanhado pelo seu car\u00e1cter pr\u00e1tico, tornando-o a escolha perfeita para os vapers que valorizam tanto o estilo como a conveni\u00eancia.<\/p>\n<h2>Experi\u00eancia de vaporiza\u00e7\u00e3o suave e saborosa<\/h2>\n<p>Equipado com uma bobina de malha de alto desempenho, o <strong>Pandora efervescente <\/strong>proporciona uma experi\u00eancia de vaporiza\u00e7\u00e3o suave e satisfat\u00f3ria. O design meticuloso garante uma tra\u00e7\u00e3o suave, permitindo-lhe saborear cada nota de sabor sem qualquer aspereza. Quer escolha a refrescante melancia, a suculenta manga ou a deliciosa rom\u00e3, o sabor \u00e9 rico e matizado, proporcionando uma experi\u00eancia deliciosa em cada tragada. Esta aten\u00e7\u00e3o aos pormenores garante que as suas sess\u00f5es de vaporiza\u00e7\u00e3o n\u00e3o s\u00e3o apenas agrad\u00e1veis, mas tamb\u00e9m memor\u00e1veis.<\/p>\n<h1>Fizzy Pandora 12000 Puffs Conveniente para uma monitoriza\u00e7\u00e3o f\u00e1cil<\/h1>\n<p>Outra carater\u00edstica de destaque do <strong>Fizzy Pandora 12000 Puffs<\/strong> \u00e9 o seu ecr\u00e3 LCD integrado, que acrescenta uma camada de conveni\u00eancia \u00e0 sua experi\u00eancia de vaporiza\u00e7\u00e3o. Este ecr\u00e3 permite-lhe monitorizar facilmente a dura\u00e7\u00e3o da bateria e a capacidade do sumo eletr\u00f3nico num relance, eliminando eficazmente as suposi\u00e7\u00f5es que muitas vezes surgem com os vaporizadores descart\u00e1veis. Al\u00e9m disso, com esta funcionalidade de f\u00e1cil utiliza\u00e7\u00e3o, pode manter-se informado e preparado para a sua pr\u00f3xima sess\u00e3o de vaporiza\u00e7\u00e3o, assegurando que nunca fica sem bateria inesperadamente. Como resultado, pode desfrutar de uma experi\u00eancia de vaporiza\u00e7\u00e3o sem interrup\u00e7\u00f5es, tornando o <strong>Fizzy 12000 Puffs<\/strong> uma escolha ideal tanto para vapers casuais como para vapers dedicados.<\/p>\n<figure id=\"attachment_6143\" class=\"wp-caption aligncenter\" style=\"width: 2560px;\" aria-describedby=\"caption-attachment-6143\"><img loading=\"lazy\" decoding=\"async\" class=\"alignnone size-full wp-image-4791\" src=\"https:\/\/dankstarvapes.com\/wp-content\/uploads\/2024\/11\/Fizzy-Pandora-12000-Puffs-.webp\" alt=\"\" width=\"1120\" height=\"1260\" title=\"\"><\/figure>\n<h2>Variedade de sabores para satisfazer todos os paladares<\/h2>\n<p>O <strong>Pandora efervescente<\/strong>\u00a0oferece uma impressionante sele\u00e7\u00e3o de sabores para todos os gostos. Eis o que pode saborear:<\/p>\n<ol>\n<li>Melancia<\/li>\n<li>Manga<\/li>\n<li>Uva<\/li>\n<li>Rom\u00e3<\/li>\n<li>P\u00eassego<\/li>\n<li>Mirtilo Framboesa<\/li>\n<li>Laranja Manga Melancia<\/li>\n<li>Hortel\u00e3 gelada<\/li>\n<li>Morango Kiwi Rom\u00e3<\/li>\n<li>Mirtilo<\/li>\n<li>Morango<\/li>\n<li>Melancia Mirtilo<\/li>\n<\/ol>\n<p>Cada sabor \u00e9 habilmente criado para proporcionar uma experi\u00eancia de vaporiza\u00e7\u00e3o fresca e deliciosa. Quer lhe apete\u00e7a algo frutado ou uma menta refrescante, o <strong>Pandora efervescente <\/strong>tem um sabor que combina com os seus desejos.<\/p>\n<h2>Pot\u00eancia fi\u00e1vel para uma utiliza\u00e7\u00e3o prolongada<\/h2>\n<p>Alimentado por uma robusta bateria de 650mAh, o <strong>Pandora efervescente<\/strong>\u00a0garante-lhe a energia necess\u00e1ria para sess\u00f5es de vaporiza\u00e7\u00e3o prolongadas. Al\u00e9m disso, a generosa capacidade de 20 ml de e-l\u00edquido permite menos recargas, proporcionando-lhe mais prazer e permitindo-lhe concentrar-se no que mais gosta - vaporizar. Al\u00e9m disso, com as concentra\u00e7\u00f5es de sal de nicotina dispon\u00edveis em 2% e 5%, pode facilmente personalizar a sua experi\u00eancia para se adequar perfeitamente \u00e0s suas prefer\u00eancias. Esta combina\u00e7\u00e3o cuidadosa de pot\u00eancia e capacidade faz com que o <strong>Pandora efervescente<\/strong> uma escolha de destaque para os vapers que procuram comodidade e satisfa\u00e7\u00e3o.<\/p>\n<h2>Fizzy Pandora 12000 Puffs Pre\u00e7os competitivos para todos os Vaper<\/h2>\n<p>O <strong>Frasco de Pandora com g\u00e1s<\/strong> tem um pre\u00e7o competitivo, o que o torna uma escolha acess\u00edvel para quem procura elevar a sua experi\u00eancia de vaporiza\u00e7\u00e3o. Al\u00e9m disso, com a sua qualidade e desempenho excepcionais, este dispositivo oferece uma excelente rela\u00e7\u00e3o qualidade\/pre\u00e7o. Como resultado, pode desfrutar de uma experi\u00eancia de vaporiza\u00e7\u00e3o superior sem gastar muito, permitindo-lhe usufruir de todos os benef\u00edcios deste produto not\u00e1vel, mantendo-se dentro do seu or\u00e7amento.<\/p>\n<h2>Junte-se \u00e0 comunidade Fizzy<\/h2>\n<p>Est\u00e1 interessado em distribuir o <strong>Fizzy Pandora 12000 Puffs<\/strong>? Convidamo-lo a juntar-se \u00e0 nossa comunidade de utilizadores e parceiros satisfeitos. Ao colaborar connosco, pode ter acesso a um mercado pr\u00f3spero, repleto de produtos populares que agradam a todos os vapers. Quer seja um retalhista ou um entusiasta apaixonado por vape, juntar-se \u00e0 nossa comunidade abre portas a oportunidades interessantes.<\/p>\n<h2>Porqu\u00ea escolher Fizzy Pandora?<\/h2>\n<p>Em resumo, o <strong>Vape descart\u00e1vel Fizzy<\/strong> re\u00fane um design \u00fanico, uma vaporiza\u00e7\u00e3o suave e saborosa e funcionalidades pr\u00e1ticas para proporcionar uma experi\u00eancia inigual\u00e1vel. Com um desempenho fi\u00e1vel, uma grande variedade de sabores e um visor de f\u00e1cil utiliza\u00e7\u00e3o, este vape est\u00e1 rapidamente a tornar-se um favorito entre os vapers. N\u00e3o perca a oportunidade de elevar a sua viagem de vaporiza\u00e7\u00e3o - agarre no seu <strong>Fizzy Pandora 12000 Puffs<\/strong> hoje e descubra a diferen\u00e7a!<\/p>\n<p>Explore a nossa cole\u00e7\u00e3o e descubra porque \u00e9 que o Fizzy Pandora Vape \u00e9 a escolha ideal para as suas necessidades de vaporiza\u00e7\u00e3o. N\u00e3o s\u00f3 oferece um sabor duradouro, como tamb\u00e9m proporciona uma comodidade sem esfor\u00e7o e um design elegante que se destaca verdadeiramente. Al\u00e9m disso, ao juntar-se \u00e0 revolu\u00e7\u00e3o Fizzy, pode desfrutar da derradeira experi\u00eancia de vaporiza\u00e7\u00e3o, assegurando que cada tragada \u00e9 t\u00e3o satisfat\u00f3ria como a \u00faltima. Abrace a mudan\u00e7a e eleve a sua viagem vaporizadora hoje mesmo!<\/p>\n<p><strong>Porqu\u00ea escolher-nos?<\/strong><\/p>\n<p>Ao escolher a loja oficial de vapes descart\u00e1veis, pode desfrutar de muitos benef\u00edcios:<\/p>\n<ul>\n<li><strong>Canal de vendas oficial:<\/strong>\u00a0Garantimos produtos aut\u00eanticos e um servi\u00e7o de qualidade.<\/li>\n<li><strong>Com\u00e9rcio grossista e retalhista:<\/strong>\u00a0Oferecemos op\u00e7\u00f5es de compra flex\u00edveis para particulares e grossistas.<\/li>\n<li><strong>Garantia de qualidade:<\/strong>\u00a0Os nossos produtos s\u00e3o submetidos a rigorosos testes de qualidade para garantir a sua satisfa\u00e7\u00e3o.<\/li>\n<li><strong>Envio para todo o mundo:<\/strong>\u00a0Temos orgulho em enviar os nossos produtos para a maior parte do mundo, garantindo que pode desfrutar dos nossos produtos onde quer que esteja.<\/li>\n<li><strong>Experi\u00eancia no sector:<\/strong>\u00a0Com mais de 8 anos de experi\u00eancia no mercado, torn\u00e1mo-nos uma escolha de confian\u00e7a e de primeira qualidade.<\/li>\n<li><strong>Parcerias a longo prazo:<\/strong>\u00a0Tamb\u00e9m cooperamos com lojistas locais na Europa, o que nos permite responder rapidamente \u00e0s necessidades do mercado e manter a frescura dos nossos produtos.<\/li>\n<\/ul>\n<p>A escolha dos nossos vapes descart\u00e1veis permite-lhe n\u00e3o s\u00f3 desfrutar de uma variedade de sabores, mas tamb\u00e9m experimentar uma extraordin\u00e1ria viagem de vaporiza\u00e7\u00e3o. Para mais informa\u00e7\u00f5es, visite-nos <a href=\"http:\/\/dankstarvapes.com\" target=\"_blank\" rel=\"noopener\">dankstarvapes.com<\/a>!<\/p>\n<\/div>","protected":false},"excerpt":{"rendered":"<p>The Fizzy Pandora 12000 Puffs Disposable Vape is designed to deliver a truly satisfying vaping experience. Perfect for both casual users and dedicated vaping enthusiasts, this innovative device offers an impressive 12,000 puffs, ensuring long-lasting enjoyment without the hassle of frequent replacements. With its sleek and stylish design, the Fizzy Pandora stands out from the [&#8230;]","protected":false},"featured_media":696,"comment_status":"open","ping_status":"closed","template":"","meta":[],"product_brand":[],"product_cat":[74,75,77,95,73,78,97,71,79,80,81,82,83,84,85,86,87,88,89,90,91,98,16,92],"product_tag":[],"class_list":{"0":"post-667","1":"product","2":"type-product","3":"status-publish","4":"has-post-thumbnail","6":"product_cat-12000-12k-puff-vape","7":"product_cat-2-nicotine-disposable-vape","8":"product_cat-5-nicotine-disposable-vape","9":"product_cat-advanced-vape","10":"product_cat-big-puff-vapes","11":"product_cat-disposable-vape-near-me","12":"product_cat-disposable-vape-with-screen","13":"product_cat-0-5-nicotine-vapes","14":"product_cat-disposable-vapes-in-austria","15":"product_cat-disposable-vapes-in-belgium","16":"product_cat-disposable-vapes-in-france","17":"product_cat-disposable-vapes-in-germany","18":"product_cat-disposable-vapes-in-ltaly","19":"product_cat-disposable-vapes-in-netherlands","20":"product_cat-disposable-vapes-in-norway","21":"product_cat-disposable-vapes-in-poland","22":"product_cat-disposable-vapes-in-portugal","23":"product_cat-disposable-vapes-in-spain","24":"product_cat-disposable-vapes-in-sweden","25":"product_cat-disposable-vapes-in-switzerland","26":"product_cat-disposable-vapes-in-united-states","27":"product_cat-fizzy-vapes","28":"product_cat-uncategorized","29":"product_cat-vape-brands","31":"first","32":"instock","33":"shipping-taxable","34":"purchasable","35":"product-type-variable","36":"has-default-attributes"},"tiered_pricing_type":"fixed","tiered_pricing_fixed_rules":[],"tiered_pricing_product_settings":{"layout":"default","base_unit_name":{"singular":null,"plural":null},"default_variation":null},"tiered_pricing_minimum_quantity":null,"tiered_pricing_roles_data":[],"tiered_pricing_percentage_rules":[],"tiered_pricing_maximum_quantity":null,"tiered_pricing_quantity_step":null,"_links":{"self":[{"href":"https:\/\/vapsolovape.com\/pt\/wp-json\/wp\/v2\/product\/667","targetHints":{"allow":["GET"]}}],"collection":[{"href":"https:\/\/vapsolovape.com\/pt\/wp-json\/wp\/v2\/product"}],"about":[{"href":"https:\/\/vapsolovape.com\/pt\/wp-json\/wp\/v2\/types\/product"}],"replies":[{"embeddable":true,"href":"https:\/\/vapsolovape.com\/pt\/wp-json\/wp\/v2\/comments?post=667"}],"wp:featuredmedia":[{"embeddable":true,"href":"https:\/\/vapsolovape.com\/pt\/wp-json\/wp\/v2\/media\/696"}],"wp:attachment":[{"href":"https:\/\/vapsolovape.com\/pt\/wp-json\/wp\/v2\/media?parent=667"}],"wp:term":[{"taxonomy":"product_brand","embeddable":true,"href":"https:\/\/vapsolovape.com\/pt\/wp-json\/wp\/v2\/product_brand?post=667"},{"taxonomy":"product_cat","embeddable":true,"href":"https:\/\/vapsolovape.com\/pt\/wp-json\/wp\/v2\/product_cat?post=667"},{"taxonomy":"product_tag","embeddable":true,"href":"https:\/\/vapsolovape.com\/pt\/wp-json\/wp\/v2\/product_tag?post=667"}],"curies":[{"name":"wp","href":"https:\/\/api.w.org\/{rel}","templated":true}]}}