{"id":808,"date":"2025-02-14T18:16:48","date_gmt":"2025-02-14T10:16:48","guid":{"rendered":"https:\/\/vapsolovape.com\/?post_type=product&#038;p=808"},"modified":"2025-02-26T15:44:23","modified_gmt":"2025-02-26T07:44:23","slug":"irex-vape-20000-puff-descartavel-vape-bobina-de-malha-dupla","status":"publish","type":"product","link":"https:\/\/vapsolovape.com\/pt\/produto\/irex-vape-20000-puff-descartavel-vape-bobina-de-malha-dupla\/","title":{"rendered":"IREX Vape 20000 Puffs Descart\u00e1veis - Sabor Melhorado com Bobinas de Malha Dupla"},"content":{"rendered":"<div id=\"tab-description\" class=\"woocommerce-Tabs-panel woocommerce-Tabs-panel--description panel entry-content active\" role=\"tabpanel\" aria-labelledby=\"tab-title-description\">\n<p data-start=\"48\" data-end=\"132\"><strong data-start=\"48\" data-end=\"132\">Apresentamos o IREX Vape 20000 Puffs Descart\u00e1vel - O desempenho encontra a conveni\u00eancia<\/strong><\/p>\n<p data-start=\"134\" data-end=\"548\">O <strong data-start=\"138\" data-end=\"178\">IREX Vape 20000 Puff Vape descart\u00e1vel<\/strong> \u00e9 um dispositivo de destaque que redefine a conveni\u00eancia e eleva o desempenho no mundo da vaporiza\u00e7\u00e3o. Com uma capacidade impressionante de at\u00e9 <strong data-start=\"310\" data-end=\"326\">20.000 baforadas<\/strong>Este vape descart\u00e1vel foi concebido para proporcionar um prazer prolongado sem o inc\u00f3modo de substitui\u00e7\u00f5es frequentes. Concentre-se em saborear cada momento da sua experi\u00eancia de vaporiza\u00e7\u00e3o, enquanto o IREX Vape garante uma satisfa\u00e7\u00e3o duradoura.<\/p>\n<figure id=\"attachment_4768\" aria-describedby=\"caption-attachment-4768\" style=\"width: 1462px\" class=\"wp-caption alignnone\"><img loading=\"lazy\" decoding=\"async\" class=\"wp-image-4768 size-full\" src=\"https:\/\/dankstarvapes.com\/wp-content\/uploads\/2024\/11\/IREX-Vape-20000-puff-e1731744356986.png\" alt=\"IREX Vape 20000 puff\" width=\"1462\" height=\"1890\" title=\"\"><figcaption id=\"caption-attachment-4768\" class=\"wp-caption-text\">IREX Vape 20000 puff<\/figcaption><\/figure>\n<h2>Funcionalidades de qualidade superior para um prazer m\u00e1ximo<\/h2>\n<p>O <strong>IREX Vape 20000<\/strong> possui uma impressionante <strong>17 ml de e-l\u00edquido pr\u00e9-cheio<\/strong>dispon\u00edvel com um teor de nicotina de <strong>5% (50mg)<\/strong>. Al\u00e9m disso, o seu sistema de controlo din\u00e2mico de tr\u00eas modos permite-lhe escolher entre <strong>Eco<\/strong>, <strong>Normal<\/strong>e <strong>Modos turbo<\/strong>O sistema de controlo de qualidade do produto \u00e9 um dos mais avan\u00e7ados, garantindo uma experi\u00eancia de vaporiza\u00e7\u00e3o personalizada que vai ao encontro das suas prefer\u00eancias. Como resultado, pode personalizar facilmente as suas sess\u00f5es para obter a m\u00e1xima satisfa\u00e7\u00e3o e prazer. A tecnologia de bobina de malha dupla proporciona um sabor rico e um vapor suave em cada tragada, enquanto o fluxo de ar ajust\u00e1vel proporciona tragos personaliz\u00e1veis para satisfazer as suas prefer\u00eancias.<\/p>\n<h2>Design de f\u00e1cil utiliza\u00e7\u00e3o<\/h2>\n<p>Equipado com um ecr\u00e3 de movimento animado e um , o <strong>IREX Vape<\/strong> mant\u00e9m-no informado sobre a sua utiliza\u00e7\u00e3o e a dura\u00e7\u00e3o da bateria. Al\u00e9m disso, o <strong>Bateria recarreg\u00e1vel de 700mAh<\/strong> garante que o seu dispositivo permanece alimentado durante as suas sess\u00f5es de vaporiza\u00e7\u00e3o. Al\u00e9m disso, com o <strong>Carregamento tipo C<\/strong>O recarregamento torna-se r\u00e1pido e c\u00f3modo. Como resultado, pode passar menos tempo \u00e0 espera e mais tempo a desfrutar do seu vape. Al\u00e9m disso, a fun\u00e7\u00e3o de ativa\u00e7\u00e3o por extra\u00e7\u00e3o torna a vaporiza\u00e7\u00e3o sem esfor\u00e7o, permitindo um prazer imediato sem necessidade de bot\u00f5es.<\/p>\n<h2>IREX Vape 20000 Puff Pre\u00e7o acess\u00edvel com descontos a granel<\/h2>\n<p>O IREX Vape 20000 oferece pre\u00e7os competitivos, o que o torna uma escolha econ\u00f3mica para os vapers. Desfrute de poupan\u00e7as significativas ao comprar a granel, permitindo-lhe armazenar os seus sabores favoritos e maximizar o valor.<\/p>\n<h2>IREX Vape 20000 Variedade de sabores para satisfazer todos os paladares<\/h2>\n<p>Experimente uma gama diversificada de sabores com o IREX Vape 20000, concebido para proporcionar uma experi\u00eancia de vaporiza\u00e7\u00e3o satisfat\u00f3ria e agrad\u00e1vel. Quer deseje sabores frutados, cremosos ou cl\u00e1ssicos, este dispositivo tem algo para todos:<\/p>\n<ul>\n<li>Milkshake de mel\u00e3o<\/li>\n<li>Cereja tropical<\/li>\n<li>Salpicos de ma\u00e7\u00e3 picante<\/li>\n<li>Tabaco doce<\/li>\n<li>Refrigerador de pera e morango<\/li>\n<li>Gelo de morango e lim\u00e3o<\/li>\n<li>Explos\u00e3o de ma\u00e7\u00e3 azeda<\/li>\n<li>Golpe lento<\/li>\n<li>Torcida de framboesa<\/li>\n<li>Uva Goo Goo<\/li>\n<li>Morango Cushman<\/li>\n<li>Cushman Manga Banana<\/li>\n<li>Coco cremoso<\/li>\n<li>Hortel\u00e3 do \u00c1rtico<\/li>\n<\/ul>\n<h2>IREX Vape 20000 Puff Vape descart\u00e1vel - Ideal para os entusiastas dos cigarros electr\u00f3nicos<\/h2>\n<p>Em resumo, o IREX Vape 20000 Puff Disposable Vape destaca-se pela sua impressionante capacidade, carater\u00edsticas inovadoras e extensas op\u00e7\u00f5es de sabor. Este dispositivo combina na perfei\u00e7\u00e3o funcionalidade e prazer, tornando-o a escolha ideal para vapers de todos os n\u00edveis. Quer esteja \u00e0 procura de um vape para o dia a dia ou de algo especial para uma ocasi\u00e3o, o IREX Vape 20000 proporciona uma experi\u00eancia excecional que n\u00e3o vai querer perder.<\/p>\n<hr \/>\n<p><strong>Porqu\u00ea escolher-nos?<\/strong><\/p>\n<p>Ao escolher a loja oficial de vapes descart\u00e1veis, pode desfrutar de muitos benef\u00edcios:<\/p>\n<ul>\n<li><strong>Canal de vendas oficial:<\/strong>\u00a0Garantimos produtos aut\u00eanticos e um servi\u00e7o de qualidade.<\/li>\n<li><strong>Com\u00e9rcio grossista e retalhista:<\/strong>\u00a0Oferecemos op\u00e7\u00f5es de compra flex\u00edveis para particulares e grossistas.<\/li>\n<li><strong>Garantia de qualidade:<\/strong>\u00a0Os nossos produtos s\u00e3o submetidos a rigorosos testes de qualidade para garantir a sua satisfa\u00e7\u00e3o.<\/li>\n<li><strong>Envio para todo o mundo:<\/strong>\u00a0Temos orgulho em enviar os nossos produtos para a maior parte do mundo, garantindo que pode desfrutar dos nossos produtos onde quer que esteja.<\/li>\n<li><strong>Experi\u00eancia no sector:<\/strong>\u00a0Com mais de 8 anos de experi\u00eancia no mercado, torn\u00e1mo-nos uma escolha de confian\u00e7a e de primeira qualidade.<\/li>\n<li><strong>Parcerias a longo prazo:<\/strong>\u00a0Tamb\u00e9m cooperamos com lojistas locais na Europa, o que nos permite responder rapidamente \u00e0s necessidades do mercado e manter a frescura dos nossos produtos.<\/li>\n<\/ul>\n<p>A escolha dos nossos vapes descart\u00e1veis permite-lhe n\u00e3o s\u00f3 desfrutar de uma variedade de sabores, mas tamb\u00e9m experimentar uma extraordin\u00e1ria viagem de vaporiza\u00e7\u00e3o. Para mais informa\u00e7\u00f5es, visite-nos <a href=\"http:\/\/dankstarvapes.com\" target=\"_blank\" rel=\"noopener\">dankstarvapes.com<\/a>!<\/p>\n<\/div>","protected":false},"excerpt":{"rendered":"<p>Introducing the IREX Vape 20000 Puffs Disposable \u2013 Performance Meets Convenience The IREX Vape 20000 Puff Disposable Vape is a standout device that redefines convenience and elevates performance in the vaping world. With an impressive capacity of up to 20,000 puffs, this disposable vape is engineered to offer extended enjoyment without the hassle of frequent [&#8230;]","protected":false},"featured_media":825,"comment_status":"open","ping_status":"closed","template":"","meta":[],"product_brand":[],"product_cat":[75,102,77,95,73,78,97,71,79,80,81,82,83,84,85,86,87,88,89,90,91,101,16,92],"product_tag":[],"class_list":{"0":"post-808","1":"product","2":"type-product","3":"status-publish","4":"has-post-thumbnail","6":"product_cat-2-nicotine-disposable-vape","7":"product_cat-20000-20k-puff-vape","8":"product_cat-5-nicotine-disposable-vape","9":"product_cat-advanced-vape","10":"product_cat-big-puff-vapes","11":"product_cat-disposable-vape-near-me","12":"product_cat-disposable-vape-with-screen","13":"product_cat-0-5-nicotine-vapes","14":"product_cat-disposable-vapes-in-austria","15":"product_cat-disposable-vapes-in-belgium","16":"product_cat-disposable-vapes-in-france","17":"product_cat-disposable-vapes-in-germany","18":"product_cat-disposable-vapes-in-ltaly","19":"product_cat-disposable-vapes-in-netherlands","20":"product_cat-disposable-vapes-in-norway","21":"product_cat-disposable-vapes-in-poland","22":"product_cat-disposable-vapes-in-portugal","23":"product_cat-disposable-vapes-in-spain","24":"product_cat-disposable-vapes-in-sweden","25":"product_cat-disposable-vapes-in-switzerland","26":"product_cat-disposable-vapes-in-united-states","27":"product_cat-irex-vape","28":"product_cat-uncategorized","29":"product_cat-vape-brands","31":"first","32":"instock","33":"shipping-taxable","34":"purchasable","35":"product-type-variable","36":"has-default-attributes"},"tiered_pricing_type":"fixed","tiered_pricing_fixed_rules":[],"tiered_pricing_product_settings":{"layout":"default","base_unit_name":{"singular":null,"plural":null},"default_variation":null},"tiered_pricing_minimum_quantity":null,"tiered_pricing_roles_data":[],"tiered_pricing_percentage_rules":[],"tiered_pricing_maximum_quantity":null,"tiered_pricing_quantity_step":null,"_links":{"self":[{"href":"https:\/\/vapsolovape.com\/pt\/wp-json\/wp\/v2\/product\/808","targetHints":{"allow":["GET"]}}],"collection":[{"href":"https:\/\/vapsolovape.com\/pt\/wp-json\/wp\/v2\/product"}],"about":[{"href":"https:\/\/vapsolovape.com\/pt\/wp-json\/wp\/v2\/types\/product"}],"replies":[{"embeddable":true,"href":"https:\/\/vapsolovape.com\/pt\/wp-json\/wp\/v2\/comments?post=808"}],"wp:featuredmedia":[{"embeddable":true,"href":"https:\/\/vapsolovape.com\/pt\/wp-json\/wp\/v2\/media\/825"}],"wp:attachment":[{"href":"https:\/\/vapsolovape.com\/pt\/wp-json\/wp\/v2\/media?parent=808"}],"wp:term":[{"taxonomy":"product_brand","embeddable":true,"href":"https:\/\/vapsolovape.com\/pt\/wp-json\/wp\/v2\/product_brand?post=808"},{"taxonomy":"product_cat","embeddable":true,"href":"https:\/\/vapsolovape.com\/pt\/wp-json\/wp\/v2\/product_cat?post=808"},{"taxonomy":"product_tag","embeddable":true,"href":"https:\/\/vapsolovape.com\/pt\/wp-json\/wp\/v2\/product_tag?post=808"}],"curies":[{"name":"wp","href":"https:\/\/api.w.org\/{rel}","templated":true}]}}