{"id":841,"date":"2025-02-14T18:16:58","date_gmt":"2025-02-14T10:16:58","guid":{"rendered":"https:\/\/vapsolovape.com\/?post_type=product&#038;p=841"},"modified":"2025-02-26T15:32:59","modified_gmt":"2025-02-26T07:32:59","slug":"irex-vape-32000-puffs-vape-descartavel-super-grande-capacidade","status":"publish","type":"product","link":"https:\/\/vapsolovape.com\/pt\/produto\/irex-vape-32000-puffs-vape-descartavel-super-grande-capacidade\/","title":{"rendered":"IREX Vape 32000 Puffs - Super capacidade m\u00e1xima para um prazer duradouro"},"content":{"rendered":"<div id=\"tab-description\" class=\"woocommerce-Tabs-panel woocommerce-Tabs-panel--description panel entry-content active\" role=\"tabpanel\" aria-labelledby=\"tab-title-description\">\n<p data-start=\"134\" data-end=\"468\">O <strong data-start=\"138\" data-end=\"179\">IREX VAPE 32000 Puffs Vape descart\u00e1vel<\/strong> \u00e9 um dispositivo revolucion\u00e1rio concebido para os utilizadores que exigem qualidade e comodidade. Com um impressionante <strong data-start=\"286\" data-end=\"301\">32000 puffs<\/strong>A sua capacidade \u00e9 uma das maiores do mercado, permitindo-lhe desfrutar dos seus sabores favoritos durante um longo per\u00edodo de tempo sem necessidade de substitui\u00e7\u00f5es frequentes.<\/p>\n<p data-start=\"470\" data-end=\"848\">Constru\u00edda com uma bateria potente e um generoso reservat\u00f3rio de e-l\u00edquido, a <strong data-start=\"539\" data-end=\"552\">IREX VAPE<\/strong> garante um desempenho duradouro e um sabor rico e consistente. O seu design elegante e moderno aumenta a portabilidade, tornando-o a escolha perfeita para os vapers em movimento. Quer prefira sabores frutados, mentolados ou cl\u00e1ssicos de tabaco, o <strong data-start=\"793\" data-end=\"806\">IREX VAPE<\/strong> oferece algo para satisfazer todos os paladares.<\/p>\n<p data-start=\"850\" data-end=\"997\">Experimente o pr\u00f3ximo n\u00edvel de vaporiza\u00e7\u00e3o com o <strong data-start=\"895\" data-end=\"936\">IREX VAPE 32000 Puffs Vape descart\u00e1vel<\/strong> - onde a capacidade excecional se alia a um desempenho sem paralelo!<\/p>\n<figure id=\"attachment_4764\" aria-describedby=\"caption-attachment-4764\" style=\"width: 1600px\" class=\"wp-caption alignnone\"><img loading=\"lazy\" decoding=\"async\" class=\"wp-image-4764 size-full\" src=\"https:\/\/dankstarvapes.com\/wp-content\/uploads\/2024\/11\/IREX-VAPE-32000-puffs-2.webp\" alt=\"IREX VAPE 32000 baforadas\" width=\"1600\" height=\"1200\" title=\"\"><figcaption id=\"caption-attachment-4764\" class=\"wp-caption-text\">IREX VAPE 32000 baforadas<\/figcaption><\/figure>\n<h2>O IREX VAPE 32000 Puffs proporciona-lhe uma experi\u00eancia de vape inigual\u00e1vel<\/h2>\n<p>O Vape descart\u00e1vel de 32000 baforadas \u00e9 uma adi\u00e7\u00e3o excecional \u00e0 ind\u00fastria da vaporiza\u00e7\u00e3o, concebido para proporcionar uma experi\u00eancia de vaporiza\u00e7\u00e3o not\u00e1vel e prolongada. Com uma capacidade impressionante de at\u00e9 32.000 baforadas, este vape descart\u00e1vel garante que os utilizadores podem desfrutar de sess\u00f5es prolongadas sem o inc\u00f3modo de substitui\u00e7\u00f5es frequentes.<\/p>\n<p>Este dispositivo est\u00e1 cheio de e-l\u00edquido de alta qualidade, oferecendo um vapor suave e saboroso em cada inala\u00e7\u00e3o. O IREX VAPE 32000 combina um design elegante e moderno que \u00e9 visualmente atrativo e pr\u00e1tico. O seu corpo transparente permite aos utilizadores monitorizar facilmente o n\u00edvel de e-l\u00edquido, enquanto a sua forma garante uma ader\u00eancia confort\u00e1vel.<\/p>\n<h2>Carater\u00edsticas avan\u00e7adas para conveni\u00eancia do utilizador<\/h2>\n<p>Equipado com um visor digital, o IREX VAPE fornece informa\u00e7\u00f5es em tempo real sobre a contagem de baforadas e a dura\u00e7\u00e3o da bateria, acrescentando uma camada extra de conveni\u00eancia. O seu tamanho compacto torna-o f\u00e1cil de transportar, cabendo confortavelmente em bolsos ou sacos. O exterior elegante e vibrante foi concebido para atrair os entusiastas da vaporiza\u00e7\u00e3o de todas as esferas da vida.<\/p>\n<p>O IREX VAPE foi concebido para ser f\u00e1cil de utilizar, apresentando um mecanismo ativado por tra\u00e7\u00e3o que elimina a necessidade de bot\u00f5es. Isto torna-o perfeito tanto para principiantes como para vapers experientes. O dispositivo suporta a vaporiza\u00e7\u00e3o boca a pulm\u00e3o (MTL), proporcionando uma extra\u00e7\u00e3o satisfat\u00f3ria e suave, gra\u00e7as \u00e0 sua tecnologia de bobina de malha. O seu design leve aumenta a portabilidade, tornando-o ideal para a vaporiza\u00e7\u00e3o em movimento.<\/p>\n<h2>32000 Puffs Pre\u00e7o acess\u00edvel com poupan\u00e7as a granel<\/h2>\n<p>O IREX VAPE 32000 oferece um pre\u00e7o acess\u00edvel, tornando-o uma escolha econ\u00f3mica para os vapers. Quanto mais comprar, mais poupa! Com as atractivas op\u00e7\u00f5es de compra a granel dispon\u00edveis, pode abastecer-se do seu dispositivo favorito enquanto desfruta de poupan\u00e7as significativas.<\/p>\n<h2>Sabores IREX VAPE 32000<\/h2>\n<p>O IREX VAPE 32000 est\u00e1 dispon\u00edvel numa sele\u00e7\u00e3o diversificada de dez deliciosos sabores para satisfazer v\u00e1rias prefer\u00eancias. Cada sabor foi concebido para proporcionar uma experi\u00eancia de vaporiza\u00e7\u00e3o rica e satisfat\u00f3ria, garantindo que h\u00e1 algo para todos. Quer goste de sabores frutados, refrescantes ou cl\u00e1ssicos, este vape tem tudo o que precisa.<\/p>\n<h2>Sobre o IREX VAPE 32000 Puffs<\/h2>\n<p>Em resumo, o Vape descart\u00e1vel 32000 Puffs destaca-se pela sua impressionante capacidade, carater\u00edsticas f\u00e1ceis de utilizar e vasta gama de sabores. Este dispositivo combina na perfei\u00e7\u00e3o comodidade e desempenho, tornando-o a escolha perfeita para qualquer ocasi\u00e3o de vaporiza\u00e7\u00e3o. Quer seja um principiante ou um vaporizador experiente, o IREX VAPE 32000 oferece uma experi\u00eancia de vaporiza\u00e7\u00e3o agrad\u00e1vel e fi\u00e1vel que n\u00e3o vai querer perder.<\/p>\n<hr \/>\n<p><strong>Porqu\u00ea escolher-nos?<\/strong><\/p>\n<p>Ao escolher a loja oficial de vapes descart\u00e1veis, pode desfrutar de muitos benef\u00edcios:<\/p>\n<ul>\n<li><strong>Canal de vendas oficial:<\/strong>\u00a0Garantimos produtos aut\u00eanticos e um servi\u00e7o de qualidade.<\/li>\n<li><strong>Com\u00e9rcio grossista e retalhista:<\/strong>\u00a0Oferecemos op\u00e7\u00f5es de compra flex\u00edveis para particulares e grossistas.<\/li>\n<li><strong>Garantia de qualidade:<\/strong>\u00a0Os nossos produtos s\u00e3o submetidos a rigorosos testes de qualidade para garantir a sua satisfa\u00e7\u00e3o.<\/li>\n<li><strong>Envio para todo o mundo:<\/strong>\u00a0Temos orgulho em enviar os nossos produtos para a maior parte do mundo, garantindo que pode desfrutar dos nossos produtos onde quer que esteja.<\/li>\n<li><strong>Experi\u00eancia no sector:<\/strong>\u00a0Com mais de 8 anos de experi\u00eancia no mercado, torn\u00e1mo-nos uma escolha de confian\u00e7a e de primeira qualidade.<\/li>\n<li><strong>Parcerias a longo prazo:<\/strong>\u00a0Tamb\u00e9m cooperamos com lojistas locais na Europa, o que nos permite responder rapidamente \u00e0s necessidades do mercado e manter a frescura dos nossos produtos.<\/li>\n<\/ul>\n<p>A escolha dos nossos vapes descart\u00e1veis permite-lhe n\u00e3o s\u00f3 desfrutar de uma variedade de sabores, mas tamb\u00e9m experimentar uma extraordin\u00e1ria viagem de vaporiza\u00e7\u00e3o. Para mais informa\u00e7\u00f5es, visite-nos <a href=\"http:\/\/dankstarvapes.com\" target=\"_blank\" rel=\"noopener\">dankstarvapes.com<\/a>!<\/p>\n<\/div>","protected":false},"excerpt":{"rendered":"<p>The IREX VAPE 32000 Puffs Disposable Vape is a revolutionary device designed for vapers who demand both quality and convenience. With an impressive 32000 puffs, it boasts one of the largest capacities on the market, allowing you to enjoy your favorite flavors for an extended period without the need for frequent replacements. Built with a [&#8230;]","protected":false},"featured_media":857,"comment_status":"open","ping_status":"closed","template":"","meta":[],"product_brand":[],"product_cat":[75,77,73,100,78,97,71,79,80,81,82,83,84,85,86,87,88,89,90,91,101,16,92],"product_tag":[],"class_list":{"0":"post-841","1":"product","2":"type-product","3":"status-publish","4":"has-post-thumbnail","6":"product_cat-2-nicotine-disposable-vape","7":"product_cat-5-nicotine-disposable-vape","8":"product_cat-big-puff-vapes","9":"product_cat-big-puff-vapes-30000","10":"product_cat-disposable-vape-near-me","11":"product_cat-disposable-vape-with-screen","12":"product_cat-0-5-nicotine-vapes","13":"product_cat-disposable-vapes-in-austria","14":"product_cat-disposable-vapes-in-belgium","15":"product_cat-disposable-vapes-in-france","16":"product_cat-disposable-vapes-in-germany","17":"product_cat-disposable-vapes-in-ltaly","18":"product_cat-disposable-vapes-in-netherlands","19":"product_cat-disposable-vapes-in-norway","20":"product_cat-disposable-vapes-in-poland","21":"product_cat-disposable-vapes-in-portugal","22":"product_cat-disposable-vapes-in-spain","23":"product_cat-disposable-vapes-in-sweden","24":"product_cat-disposable-vapes-in-switzerland","25":"product_cat-disposable-vapes-in-united-states","26":"product_cat-irex-vape","27":"product_cat-uncategorized","28":"product_cat-vape-brands","30":"first","31":"instock","32":"shipping-taxable","33":"purchasable","34":"product-type-variable","35":"has-default-attributes"},"tiered_pricing_type":"fixed","tiered_pricing_fixed_rules":[],"tiered_pricing_product_settings":{"layout":"default","base_unit_name":{"singular":null,"plural":null},"default_variation":null},"tiered_pricing_minimum_quantity":null,"tiered_pricing_roles_data":[],"tiered_pricing_percentage_rules":[],"tiered_pricing_maximum_quantity":null,"tiered_pricing_quantity_step":null,"_links":{"self":[{"href":"https:\/\/vapsolovape.com\/pt\/wp-json\/wp\/v2\/product\/841","targetHints":{"allow":["GET"]}}],"collection":[{"href":"https:\/\/vapsolovape.com\/pt\/wp-json\/wp\/v2\/product"}],"about":[{"href":"https:\/\/vapsolovape.com\/pt\/wp-json\/wp\/v2\/types\/product"}],"replies":[{"embeddable":true,"href":"https:\/\/vapsolovape.com\/pt\/wp-json\/wp\/v2\/comments?post=841"}],"wp:featuredmedia":[{"embeddable":true,"href":"https:\/\/vapsolovape.com\/pt\/wp-json\/wp\/v2\/media\/857"}],"wp:attachment":[{"href":"https:\/\/vapsolovape.com\/pt\/wp-json\/wp\/v2\/media?parent=841"}],"wp:term":[{"taxonomy":"product_brand","embeddable":true,"href":"https:\/\/vapsolovape.com\/pt\/wp-json\/wp\/v2\/product_brand?post=841"},{"taxonomy":"product_cat","embeddable":true,"href":"https:\/\/vapsolovape.com\/pt\/wp-json\/wp\/v2\/product_cat?post=841"},{"taxonomy":"product_tag","embeddable":true,"href":"https:\/\/vapsolovape.com\/pt\/wp-json\/wp\/v2\/product_tag?post=841"}],"curies":[{"name":"wp","href":"https:\/\/api.w.org\/{rel}","templated":true}]}}