{"id":901,"date":"2025-02-14T18:17:14","date_gmt":"2025-02-14T10:17:14","guid":{"rendered":"https:\/\/vapsolovape.com\/?post_type=product&#038;p=901"},"modified":"2025-07-18T19:12:21","modified_gmt":"2025-07-18T11:12:21","slug":"randm-tornado-7000-puffs-50-sabores-vape-descartavel","status":"publish","type":"product","link":"https:\/\/vapsolovape.com\/pt\/produto\/randm-tornado-7000-puffs-50-sabores-vape-descartavel\/","title":{"rendered":"RandM Tornado 7000 Puffs - Mais de 50 sabores, o derradeiro Vape descart\u00e1vel"},"content":{"rendered":"<div id=\"tab-description\" class=\"woocommerce-Tabs-panel woocommerce-Tabs-panel--description panel entry-content active\" role=\"tabpanel\" aria-labelledby=\"tab-title-description\">\n<p data-start=\"52\" data-end=\"437\">O <strong data-start=\"56\" data-end=\"84\">RandM Tornado 7000 Puffs<\/strong> oferece aos utilizadores um volume de fumo rico e uma experi\u00eancia de vaporiza\u00e7\u00e3o excecional. Um produto da famosa <strong data-start=\"182\" data-end=\"197\">Marca RandM<\/strong>Conhecido pela sua elevada qualidade e excelente desempenho, este vape descart\u00e1vel \u00e9 perfeito para vapers novatos e experientes. O seu design compacto torna-o port\u00e1til e f\u00e1cil de transportar, para que possa desfrutar da sua experi\u00eancia de vaporiza\u00e7\u00e3o em qualquer altura e em qualquer lugar.<\/p>\n<p data-start=\"439\" data-end=\"730\">Com tecnologia avan\u00e7ada e uma gama diversificada de sabores, o <strong data-start=\"500\" data-end=\"528\">RandM Tornado 7000 Puffs<\/strong> \u00e9 para todos os gostos, garantindo que h\u00e1 algo para todos. Quer esteja \u00e0 procura de uma nova experi\u00eancia de vaporiza\u00e7\u00e3o ou de uma solu\u00e7\u00e3o c\u00f3moda para levar consigo, o <strong data-start=\"682\" data-end=\"710\">RandM Tornado 7000 Puffs<\/strong> \u00e9 uma escolha ideal.<\/p>\n<figure id=\"attachment_4755\" aria-describedby=\"caption-attachment-4755\" style=\"width: 800px\" class=\"wp-caption alignnone\"><img loading=\"lazy\" decoding=\"async\" class=\"size-full wp-image-4755\" src=\"https:\/\/dankstarvapes.com\/wp-content\/uploads\/2024\/11\/RandM-Tornado-7000-Puffs-1.webp\" alt=\"RandM Tornado 7000 Puffs\" width=\"800\" height=\"800\" title=\"\"><figcaption id=\"caption-attachment-4755\" class=\"wp-caption-text\">RandM Tornado 7000 Puffs<\/figcaption><\/figure>\n<h2>---------------------------------------------------------<br \/>\nRandM Tornado 7000 Carater\u00edsticas e especifica\u00e7\u00f5es do<\/h2>\n<p>O <strong>RandM Tornado 7000<\/strong> destaca-se pelas suas especifica\u00e7\u00f5es impressionantes e funcionalidades f\u00e1ceis de utilizar. A sua potente bateria de 850mAh garante uma utiliza\u00e7\u00e3o duradoura, permitindo sess\u00f5es de vaporiza\u00e7\u00e3o prolongadas sem recargas frequentes - ideal tanto para utilizadores casuais como para utilizadores intensivos.<\/p>\n<p>Para al\u00e9m da sua bateria duradoura, o <strong>RandM Tornado 7000<\/strong> incorpora uma porta de carregamento Tipo C. Esta moderna solu\u00e7\u00e3o de carregamento permite recargas r\u00e1pidas, reduzindo significativamente o tempo de inatividade entre as sess\u00f5es de vaporiza\u00e7\u00e3o. A conveni\u00eancia da liga\u00e7\u00e3o Tipo C n\u00e3o pode ser subestimada, uma vez que proporciona aos utilizadores uma forma simples e eficiente de carregar o seu dispositivo, garantindo que podem manter os seus h\u00e1bitos de vaporiza\u00e7\u00e3o sem interrup\u00e7\u00f5es. Esta combina\u00e7\u00e3o de dura\u00e7\u00e3o da bateria e velocidade de carregamento melhora a experi\u00eancia geral do utilizador.<\/p>\n<h2>RandM Tornado 7000 Puffs Vape descart\u00e1vel Op\u00e7\u00f5es de sabor, variedade e pot\u00eancia dispon\u00edveis<\/h2>\n<p>O <strong>RandM Tornado 7000 Puffs<\/strong> O Disposable Vape destaca-se no mercado competitivo, principalmente devido \u00e0 sua impressionante variedade de sabores. Com mais de 50 op\u00e7\u00f5es \u00fanicas dispon\u00edveis, este dispositivo garante que cada utilizador encontra um sabor que corresponde \u00e0s suas prefer\u00eancias. Para aqueles que gostam do familiar, o RandM Tornado oferece op\u00e7\u00f5es cl\u00e1ssicas como tabaco e mentol refrescante. Entretanto, para os que procuram uma experi\u00eancia mais aventureira, o dispositivo oferece uma excitante variedade de misturas de frutas ex\u00f3ticas e , tornando-o perfeito para os vapers ansiosos por explorar perfis de sabor novos e \u00fanicos.<\/p>\n<p>Um aspeto not\u00e1vel da oferta de sabores da Tornado \u00e9 a qualidade e a autenticidade de cada op\u00e7\u00e3o. Cada baforada proporciona uma experi\u00eancia rica e satisfat\u00f3ria, com sabores que oferecem uma representa\u00e7\u00e3o fiel \u00e0 realidade. Quer os utilizadores prefiram sabores tradicionais ou misturas de frutas complexas, a RandM cria cuidadosamente cada op\u00e7\u00e3o para aumentar o prazer.<\/p>\n<p>O <strong>Tornado RandM<\/strong> atende \u00e0s diferentes prefer\u00eancias dos utilizadores com as suas op\u00e7\u00f5es de intensidade 2% e 5%. A intensidade 2% \u00e9 ideal para os novos utilizadores que est\u00e3o a fazer a transi\u00e7\u00e3o dos cigarros tradicionais, enquanto a 5% proporciona uma experi\u00eancia mais intensa aos vapers experientes. Esta flexibilidade torna o RandM Tornado uma escolha vers\u00e1til para uma vasta gama de utilizadores.<\/p>\n<p><strong>Veja mais da nossa s\u00e9rie RandM Tornado:<\/strong><\/p>\n<p class=\"product-title product_title entry-title\">RandM Tornado 7000<\/p>\n<p class=\"product-title product_title entry-title\">RandM Tornado 9000<\/p>\n<p class=\"product-title product_title entry-title\">RandM Tornado 12000<\/p>\n<p class=\"product-title product_title entry-title\">RandM Tornado 15000<\/p>\n<p class=\"product-title product_title entry-title\">RandM Tornado 20000<\/p>\n<p class=\"product-title product_title entry-title\">RandM Tornado 25000<\/p>\n<p class=\"product-title product_title entry-title\">RandM Tornado 30000<\/p>\n<hr \/>\n<p><strong>Porqu\u00ea escolher-nos?<\/strong><\/p>\n<p>Ao escolher a loja oficial de vapes descart\u00e1veis, pode desfrutar de muitos benef\u00edcios:<\/p>\n<ul>\n<li><strong>Canal de vendas oficial:<\/strong>\u00a0Garantimos produtos aut\u00eanticos e um servi\u00e7o de qualidade.<\/li>\n<li><strong>Com\u00e9rcio grossista e retalhista:<\/strong>\u00a0Oferecemos op\u00e7\u00f5es de compra flex\u00edveis para particulares e grossistas.<\/li>\n<li><strong>Garantia de qualidade:<\/strong>\u00a0Os nossos produtos s\u00e3o submetidos a rigorosos testes de qualidade para garantir a sua satisfa\u00e7\u00e3o.<\/li>\n<li><strong>Envio para todo o mundo:<\/strong>\u00a0Temos orgulho em enviar os nossos produtos para a maior parte do mundo, garantindo que pode desfrutar dos nossos produtos onde quer que esteja.<\/li>\n<li><strong>Experi\u00eancia no sector:<\/strong>\u00a0Com mais de 8 anos de experi\u00eancia no mercado, torn\u00e1mo-nos uma escolha de confian\u00e7a e de primeira qualidade.<\/li>\n<li><strong>Parcerias a longo prazo:<\/strong>\u00a0Tamb\u00e9m cooperamos com lojistas locais na Europa, o que nos permite responder rapidamente \u00e0s necessidades do mercado e manter a frescura dos nossos produtos.<\/li>\n<\/ul>\n<p>A escolha dos nossos vapes descart\u00e1veis permite-lhe n\u00e3o s\u00f3 desfrutar de uma variedade de sabores, mas tamb\u00e9m experimentar uma extraordin\u00e1ria viagem de vaporiza\u00e7\u00e3o. Para mais informa\u00e7\u00f5es, visite-nos <a href=\"http:\/\/dankstarvapes.com\" target=\"_blank\" rel=\"noopener\">dankstarvapes.com<\/a>!<\/p>\n<\/div>","protected":false},"excerpt":{"rendered":"<p>The RandM Tornado 7000 Puffs offers users a rich smoke volume and an exceptional vaping experience. A product of the renowned RandM brand, known for its high quality and excellent performance, this disposable vape is perfect for both novice and seasoned vapers. Its compact design makes it portable and easy to carry, so you can [&#8230;]","protected":false},"featured_media":925,"comment_status":"open","ping_status":"closed","template":"","meta":[],"product_brand":[],"product_cat":[75,77,103,73,78,71,79,80,81,82,83,84,85,86,87,88,89,90,91,105,104,134,16,92],"product_tag":[],"class_list":{"0":"post-901","1":"product","2":"type-product","3":"status-publish","4":"has-post-thumbnail","6":"product_cat-2-nicotine-disposable-vape","7":"product_cat-5-nicotine-disposable-vape","8":"product_cat-7000-puff-vape","9":"product_cat-big-puff-vapes","10":"product_cat-disposable-vape-near-me","11":"product_cat-0-5-nicotine-vapes","12":"product_cat-disposable-vapes-in-austria","13":"product_cat-disposable-vapes-in-belgium","14":"product_cat-disposable-vapes-in-france","15":"product_cat-disposable-vapes-in-germany","16":"product_cat-disposable-vapes-in-ltaly","17":"product_cat-disposable-vapes-in-netherlands","18":"product_cat-disposable-vapes-in-norway","19":"product_cat-disposable-vapes-in-poland","20":"product_cat-disposable-vapes-in-portugal","21":"product_cat-disposable-vapes-in-spain","22":"product_cat-disposable-vapes-in-sweden","23":"product_cat-disposable-vapes-in-switzerland","24":"product_cat-disposable-vapes-in-united-states","25":"product_cat-randm-tornado-7000","26":"product_cat-randm-tornado-vape","27":"product_cat-tornado-vape","28":"product_cat-uncategorized","29":"product_cat-vape-brands","31":"first","32":"instock","33":"sale","34":"shipping-taxable","35":"purchasable","36":"product-type-variable","37":"has-default-attributes"},"tiered_pricing_type":"fixed","tiered_pricing_fixed_rules":[],"tiered_pricing_product_settings":{"layout":"default","base_unit_name":{"singular":null,"plural":null},"default_variation":null},"tiered_pricing_minimum_quantity":null,"tiered_pricing_roles_data":[],"tiered_pricing_percentage_rules":[],"tiered_pricing_maximum_quantity":null,"tiered_pricing_quantity_step":null,"_links":{"self":[{"href":"https:\/\/vapsolovape.com\/pt\/wp-json\/wp\/v2\/product\/901","targetHints":{"allow":["GET"]}}],"collection":[{"href":"https:\/\/vapsolovape.com\/pt\/wp-json\/wp\/v2\/product"}],"about":[{"href":"https:\/\/vapsolovape.com\/pt\/wp-json\/wp\/v2\/types\/product"}],"replies":[{"embeddable":true,"href":"https:\/\/vapsolovape.com\/pt\/wp-json\/wp\/v2\/comments?post=901"}],"wp:featuredmedia":[{"embeddable":true,"href":"https:\/\/vapsolovape.com\/pt\/wp-json\/wp\/v2\/media\/925"}],"wp:attachment":[{"href":"https:\/\/vapsolovape.com\/pt\/wp-json\/wp\/v2\/media?parent=901"}],"wp:term":[{"taxonomy":"product_brand","embeddable":true,"href":"https:\/\/vapsolovape.com\/pt\/wp-json\/wp\/v2\/product_brand?post=901"},{"taxonomy":"product_cat","embeddable":true,"href":"https:\/\/vapsolovape.com\/pt\/wp-json\/wp\/v2\/product_cat?post=901"},{"taxonomy":"product_tag","embeddable":true,"href":"https:\/\/vapsolovape.com\/pt\/wp-json\/wp\/v2\/product_tag?post=901"}],"curies":[{"name":"wp","href":"https:\/\/api.w.org\/{rel}","templated":true}]}}